{"id":17831,"date":"2025-05-08T10:59:04","date_gmt":"2025-05-08T07:59:04","guid":{"rendered":"https:\/\/www.orakcimakina.com\/?page_id=17831"},"modified":"2025-09-09T13:56:05","modified_gmt":"2025-09-09T10:56:05","slug":"kvkk","status":"publish","type":"page","link":"https:\/\/www.orakcimakina.com\/es\/kvkk\/","title":{"rendered":"KVKK"},"content":{"rendered":"<div data-elementor-type=\"wp-page\" data-elementor-id=\"17831\" class=\"elementor elementor-17831\">\n\t\t\t\t<div class=\"elementor-element elementor-element-3fe77926 e-flex e-con-boxed wd-section-disabled e-con e-parent\" data-id=\"3fe77926\" data-element_type=\"container\" data-e-type=\"container\">\n\t\t\t\t\t<div class=\"e-con-inner\">\n\t\t\t\t<div class=\"elementor-element elementor-element-3c02383e color-scheme-inherit text-left elementor-widget elementor-widget-text-editor\" data-id=\"3c02383e\" data-element_type=\"widget\" data-e-type=\"widget\" data-widget_type=\"text-editor.default\">\n\t\t\t\t<div class=\"elementor-widget-container\">\n\t\t\t\t\t\t\t\t\t<p><\/p>\n<h2>Protecci\u00f3n de datos personales<\/h2>\n<p><\/p>\n<p>Orak\u00e7\u0131 Makina A.\u015e olarak ki\u015fisel verilerinizin g\u00fcvenli\u011fi hususuna azami hassasiyet g\u00f6stermekteyiz. Bu bilin\u00e7le, Orak\u00e7\u0131 Makina A.\u015e olarak, Orak\u00e7\u0131 Makina A.\u015e ile ili\u015fkili t\u00fcm \u015fah\u0131slara ait her t\u00fcrl\u00fc ki\u015fisel verilerin 6698 say\u0131l\u0131 Ki\u015fisel Verilerin Korunmas\u0131 Kanunu (\u201cKVK Kanunu\u201d)\u2019na uygun olarak i\u015flenerek, muhafaza edilmesine b\u00fcy\u00fck \u00f6nem atfetmekteyiz. Bu sorumlulu\u011fumuzun tam idraki ile KVK Kanunu kapsam\u0131nda tan\u0131ml\u0131 \u201cVeri Sorumlusu\u201d s\u0131fat\u0131yla, ki\u015fisel verilerinizi a\u015fa\u011f\u0131da izah edildi\u011fi surette ve mevzuat taraf\u0131ndan emredilen s\u0131n\u0131rlar \u00e7er\u00e7evesinde i\u015flemekteyiz.<\/p>\n<p><\/p>\n<p><a href=\"https:\/\/www.orakcimakina.com\/wp-content\/uploads\/2025\/09\/6698-Kisisel-Verilerin-Korunmasi-Kanunu.pdf\" target=\"_blank\" rel=\"noopener\">6698 Ki\u015fisel Verilerin Korunmas\u0131 Kanunu<\/a> <br \/><a href=\"https:\/\/www.orakcimakina.com\/wp-content\/uploads\/2025\/09\/Aydinlatma-Yukumlulugunun-Yerine-Getirilmesinde-Uyulacak-Usul-ve-Esaslar-Hakkinda-Teblig.pdf\" target=\"_blank\" rel=\"noopener\">Ayd\u0131nlatma Y\u00fck\u00fcml\u00fcl\u00fc\u011f\u00fcn\u00fcn Yerine Getirilmesinde Uyulacak Usul ve Esaslar Hakk\u0131nda Tebli\u011f<\/a> <br \/><a href=\"https:\/\/www.orakcimakina.com\/wp-content\/uploads\/2025\/09\/KVK-Mevzuati-Uyarinca-Ilgili-Kisinin-Haklarinin-Kullandirilmasi.pdf\" target=\"_blank\" rel=\"noopener\">KVK Mevzuat\u0131 Uyar\u0131nca \u0130lgili Ki\u015finin Haklar\u0131n\u0131n Kulland\u0131r\u0131lmas\u0131<\/a><br \/><a href=\"https:\/\/www.orakcimakina.com\/wp-content\/uploads\/2025\/09\/KVKK-001-KISISEL-VERILERIN-KORUNMASI-VE-ISLENMESI-POLITIKASI.pdf\" target=\"_blank\" rel=\"noopener\">KVKK-001 &#8211; Ki\u015fisel Verilerin Korunmas\u0131 ve \u0130\u015flenmesi Politikas\u0131<\/a><br \/><a href=\"https:\/\/www.orakcimakina.com\/wp-content\/uploads\/2025\/09\/KVKK-002-KVK-Kanunu-Ilgili-Kisi-Basvuru-Formu.pdf\" target=\"_blank\" rel=\"noopener\">KVKK-002 &#8211; KVK Kanunu \u0130lgili Ki\u015fi Ba\u015fvuru Formu<\/a><br \/><a href=\"https:\/\/www.orakcimakina.com\/wp-content\/uploads\/2025\/09\/Veri-Sorumlusuna-Basvuru-Usul-ve-Esaslari-Hakkinda-Teblig.pdf\" target=\"_blank\" rel=\"noopener\">Veri Sorumlusuna Ba\u015fvuru Usul ve Esaslar\u0131 Hakk\u0131nda Tebli\u011f<\/a><\/p>\n<p><\/p>\t\t\t\t\t\t\t\t<\/div>\n\t\t\t\t<\/div>\n\t\t\t\t\t<\/div>\n\t\t\t\t<\/div>\n\t\t\t\t<\/div>","protected":false},"excerpt":{"rendered":"<p>Ki\u015fisel Verilerin Korunmas\u0131 Orak\u00e7\u0131 Makina A.\u015e olarak ki\u015fisel verilerinizin g\u00fcvenli\u011fi hususuna azami hassasiyet g\u00f6stermekteyiz. Bu bilin\u00e7le, Orak\u00e7\u0131 Makina A.\u015e olarak,<\/p>","protected":false},"author":10,"featured_media":0,"parent":0,"menu_order":0,"comment_status":"closed","ping_status":"closed","template":"elementor_header_footer","meta":{"footnotes":""},"class_list":["post-17831","page","type-page","status-publish","hentry"],"_links":{"self":[{"href":"https:\/\/www.orakcimakina.com\/es\/wp-json\/wp\/v2\/pages\/17831","targetHints":{"allow":["GET"]}}],"collection":[{"href":"https:\/\/www.orakcimakina.com\/es\/wp-json\/wp\/v2\/pages"}],"about":[{"href":"https:\/\/www.orakcimakina.com\/es\/wp-json\/wp\/v2\/types\/page"}],"author":[{"embeddable":true,"href":"https:\/\/www.orakcimakina.com\/es\/wp-json\/wp\/v2\/users\/10"}],"replies":[{"embeddable":true,"href":"https:\/\/www.orakcimakina.com\/es\/wp-json\/wp\/v2\/comments?post=17831"}],"version-history":[{"count":0,"href":"https:\/\/www.orakcimakina.com\/es\/wp-json\/wp\/v2\/pages\/17831\/revisions"}],"wp:attachment":[{"href":"https:\/\/www.orakcimakina.com\/es\/wp-json\/wp\/v2\/media?parent=17831"}],"curies":[{"name":"wp","href":"https:\/\/api.w.org\/{rel}","templated":true}]}}