{"id":17772,"date":"2024-12-09T14:07:18","date_gmt":"2024-12-09T11:07:18","guid":{"rendered":"https:\/\/www.orakcimakina.com\/?page_id=17772"},"modified":"2025-07-24T09:48:39","modified_gmt":"2025-07-24T06:48:39","slug":"epto","status":"publish","type":"page","link":"https:\/\/www.orakcimakina.com\/es\/epto\/","title":{"rendered":"EPTO"},"content":{"rendered":"<p><img decoding=\"async\" width=\"151\" height=\"81\" src=\"https:\/\/www.orakcimakina.com\/wp-content\/uploads\/2024\/12\/Icon-1.png\" alt=\"\" srcset=\"https:\/\/www.orakcimakina.com\/wp-content\/uploads\/2024\/12\/Icon-1.png 151w, https:\/\/www.orakcimakina.com\/wp-content\/uploads\/2024\/12\/Icon-1-18x10.png 18w\" sizes=\"(max-width: 151px) 100vw, 151px\" title=\"\">\t\t\t\t\t\t\t\t\t\t\t\t\t\t\t<\/p>\n<h1><a href=\"https:\/\/www.orakcimakina.com\/es\/yenilikci-urunler\/\">Innovative Solutions \u00bb  EPTO<\/a><\/h1>\n<h1>E-PTO<\/h1>\n<p>Turnkey Electric Powering Solution for\non board hydraulic system<\/p>\n<p>\u00c7\u00f6p toplama ara\u00e7lar\u0131 ve crone&#8217;lar gibi a\u011f\u0131r ara\u00e7lardaki yerle\u015fik hidrolik sistemlere dizel g\u00fc\u00e7 yerine Orak\u00e7\u0131 E-PTO&#8217;dan ( Elektrikli \u00c7\u00f6p Kasas\u0131 ), (OEM) elektrik g\u00fcc\u00fc kullanarak g\u00fc\u00e7 sa\u011flay\u0131n.<\/p>\n<p>\t\t\t\t\t\t\t\t<img width=\"52\" height=\"61\" src=\"https:\/\/www.orakcimakina.com\/wp-content\/uploads\/2024\/01\/Vector-Smart-Object-3.png-52x61.webp\" alt=\"\" decoding=\"async\" srcset=\"https:\/\/www.orakcimakina.com\/wp-content\/uploads\/2024\/01\/Vector-Smart-Object-3.png-52x61.webp 52w, https:\/\/www.orakcimakina.com\/wp-content\/uploads\/2024\/01\/Vector-Smart-Object-3.png.webp 91w\" sizes=\"(max-width: 52px) 100vw, 52px\" title=\"\">\t\t\t\t\t<\/p>\n<h2>\nCaracter\u00edsticas est\u00e1ndar<\/h2>\n<ul>\n<li>Zero CO2 emission<\/li>\n<li>Up to energy saving by on-board hydraulic system.<\/li>\n<li>10-15 lt\/day of diesel saving for a typical refuse vehicle.<\/li>\n<li>Silent operation.<\/li>\n<\/ul>\n<p>\t\t\t\t\t\t\t\t<img width=\"52\" height=\"61\" src=\"https:\/\/www.orakcimakina.com\/wp-content\/uploads\/2024\/01\/Vector-Smart-Object-2-1.png-52x61.webp\" alt=\"\" decoding=\"async\" title=\"\">\t\t\t\t\t<\/p>\n<h2>Ver folleto t\u00e9cnico<\/h2>\n<p>\t\t\t\t\t<a href=\"https:\/\/www.orakcimakina.com\/wp-content\/uploads\/2024\/12\/epto_en.pdf\">EPTO PDF<\/a><\/p>","protected":false},"excerpt":{"rendered":"<p>Yenilik\u00e7i \u00dcr\u00fcnler \u00bb EPTO E-PTO G\u00f6vde \u00fcreticileri i\u00e7in anahtar teslim \u00e7\u00f6z\u00fcmler \u00c7\u00f6p toplama ara\u00e7lar\u0131 ve crone&#8217;lar gibi a\u011f\u0131r ara\u00e7lardaki yerle\u015fik<\/p>","protected":false},"author":10,"featured_media":0,"parent":0,"menu_order":0,"comment_status":"closed","ping_status":"closed","template":"elementor_header_footer","meta":{"footnotes":""},"class_list":["post-17772","page","type-page","status-publish","hentry"],"_links":{"self":[{"href":"https:\/\/www.orakcimakina.com\/es\/wp-json\/wp\/v2\/pages\/17772","targetHints":{"allow":["GET"]}}],"collection":[{"href":"https:\/\/www.orakcimakina.com\/es\/wp-json\/wp\/v2\/pages"}],"about":[{"href":"https:\/\/www.orakcimakina.com\/es\/wp-json\/wp\/v2\/types\/page"}],"author":[{"embeddable":true,"href":"https:\/\/www.orakcimakina.com\/es\/wp-json\/wp\/v2\/users\/10"}],"replies":[{"embeddable":true,"href":"https:\/\/www.orakcimakina.com\/es\/wp-json\/wp\/v2\/comments?post=17772"}],"version-history":[{"count":0,"href":"https:\/\/www.orakcimakina.com\/es\/wp-json\/wp\/v2\/pages\/17772\/revisions"}],"wp:attachment":[{"href":"https:\/\/www.orakcimakina.com\/es\/wp-json\/wp\/v2\/media?parent=17772"}],"curies":[{"name":"wp","href":"https:\/\/api.w.org\/{rel}","templated":true}]}}