{"id":16630,"date":"2024-03-06T17:03:35","date_gmt":"2024-03-06T14:03:35","guid":{"rendered":"https:\/\/www.orakcimakina.com\/?page_id=16630"},"modified":"2024-03-06T17:24:02","modified_gmt":"2024-03-06T14:24:02","slug":"politica-de-perez","status":"publish","type":"page","link":"https:\/\/www.orakcimakina.com\/es\/cerez-politikasi\/","title":{"rendered":"Pol\u00edtica de cookies"},"content":{"rendered":"<div data-elementor-type=\"wp-page\" data-elementor-id=\"16630\" class=\"elementor elementor-16630\">\n\t\t\t\t<div class=\"elementor-element elementor-element-f763d81 e-flex e-con-boxed wd-section-disabled e-con e-parent\" data-id=\"f763d81\" data-element_type=\"container\" data-e-type=\"container\">\n\t\t\t\t\t<div class=\"e-con-inner\">\n\t\t\t\t<div class=\"elementor-element elementor-element-17bf681 elementor-widget elementor-widget-wd_title\" data-id=\"17bf681\" data-element_type=\"widget\" data-e-type=\"widget\" data-widget_type=\"wd_title.default\">\n\t\t\t\t<div class=\"elementor-widget-container\">\n\t\t\t\t\t\t\t\t<link rel=\"stylesheet\" id=\"wd-section-title-css\" href=\"https:\/\/www.orakcimakina.com\/wp-content\/themes\/woodmart\/css\/parts\/el-section-title.min.css?ver=7.3.4\" type=\"text\/css\" media=\"all\" \/> \t\t\t\t\t<div class=\"title-wrapper set-mb-s reset-last-child wd-title-color-default wd-title-style-default wd-title-size-default text-left\">\n\n\t\t\t\n\t\t\t<div class=\"liner-continer\">\n\t\t\t\t<h4 class=\"woodmart-title-container title wd-fontsize-l\">Pol\u00edtica de cookies<\/h4> \n\t\t\t\t\t\t\t<\/div>\n\n\t\t\t\t\t\t\t<div class=\"title-after_title set-cont-mb-s reset-last-child wd-fontsize-xs\">\n\t\t\t\t\t<p>Esta pol\u00edtica de privacidad establece los t\u00e9rminos y condiciones de confidencialidad y protecci\u00f3n de toda la informaci\u00f3n (correo electr\u00f3nico, tel\u00e9fono, direcci\u00f3n, nombre, etc...) que los usuarios facilitan al sitio web https:\/\/www.orakcimakina.com\/.<\/p><p>La protecci\u00f3n y confidencialidad de la informaci\u00f3n confidencial mencionada se encuentra entre las prioridades de https:\/\/www.orakcimakina.com\/. Si los usuarios prefieren no compartir su informaci\u00f3n personal, no ser\u00e1 posible beneficiarse de los servicios prestados por https:\/\/www.orakcimakina.com\/.<\/p><p>La informaci\u00f3n facilitada por los usuarios no se utilizar\u00e1 para fines distintos de los especificados en el acuerdo de usuario y acuerdos relacionados, y no se compartir\u00e1 con terceros salvo excepciones. Si esta informaci\u00f3n es solicitada por las autoridades legales, https:\/\/www.orakcimakina.com\/ est\u00e1 obligado a compartir esta informaci\u00f3n actuando de acuerdo con los requisitos legales.<\/p><p>https:\/\/www.orakcimakina.com\/ almacena autom\u00e1ticamente informaci\u00f3n como la direcci\u00f3n IP, el tipo de navegador, la fecha y la hora de la visita y utiliza esta informaci\u00f3n para determinar las solicitudes de los usuarios, sus preferencias y las tendencias de los usuarios. https:\/\/www.orakcimakina.com\/ tiene derecho a detectar la direcci\u00f3n IP del usuario y realizar la intervenci\u00f3n necesaria en caso necesario.<\/p><p>Las obligaciones derivadas del presente Protocolo sobrevivir\u00e1n a la rescisi\u00f3n del Acuerdo de Usuario, cualquiera que sea la forma en que se produzca.<\/p><p>https:\/\/www.orakcimakina.com\/ se reserva el derecho a realizar cambios en la pol\u00edtica de privacidad. Los cambios entrar\u00e1n en vigor en el momento de su publicaci\u00f3n en el sitio web https:\/\/www.orakcimakina.com\/.<\/p><p><strong>\u00bfQu\u00e9 es una galleta?<\/strong><\/p><p>Las cookies son peque\u00f1os archivos de texto que los sitios web que visita colocan en su navegador. Estos archivos se utilizan para recopilar informaci\u00f3n sobre los visitantes del sitio web y utilizarla en visitas posteriores.<\/p><p><strong>Uso de cookies<\/strong><\/p><p>Las cookies se utilizan para controlar el rendimiento de nuestro sitio web, personalizar el contenido, mostrar anuncios y mejorar la experiencia del usuario. Tambi\u00e9n se utilizan para recordar las preferencias de los visitantes y permitirles utilizar nuestro sitio de forma eficaz.<\/p><p><strong>Tipos de cookies<\/strong><\/p><ol><li><p><strong>Cookies obligatorias:<\/strong>\u00a0Es esencial para la funcionalidad b\u00e1sica de nuestro sitio web y permite al usuario navegar por el sitio y acceder a funciones clave.<\/p><\/li><li><p><strong>Cookies funcionales y de rendimiento:<\/strong>\u00a0Se utiliza para recordar las preferencias del usuario y mejorar el rendimiento del sitio web.<\/p><\/li><li><p><strong>Cookies publicitarias y de segmentaci\u00f3n:<\/strong>\u00a0Se utiliza para garantizar que se muestren anuncios adecuados a los intereses de los usuarios.<\/p><\/li><\/ol><p><strong>Controlar y desactivar las cookies<\/strong><\/p><p>Puede controlar o rechazar la aceptaci\u00f3n de cookies modificando la configuraci\u00f3n de su navegador. Para m\u00e1s informaci\u00f3n sobre c\u00f3mo gestionar las cookies, consulte la documentaci\u00f3n de ayuda de su navegador.<\/p><p><strong>Cambios y actualizaciones<\/strong><\/p><p>Es posible que actualicemos nuestra pol\u00edtica de cookies de vez en cuando. Es posible que no le avisemos de dichos cambios, por lo que le recomendamos que consulte nuestra pol\u00edtica con regularidad.<\/p><p>Si tiene alguna pregunta sobre esta pol\u00edtica de cookies, p\u00f3ngase en contacto con nosotros a trav\u00e9s de info@orakcimakina.com.<\/p>\t\t\t\t<\/div>\n\t\t\t\t\t<\/div>\n\t\t\t\t\t\t<\/div>\n\t\t\t\t<\/div>\n\t\t\t\t\t<\/div>\n\t\t\t\t<\/div>\n\t\t\t\t<\/div>","protected":false},"excerpt":{"rendered":"<p>\u00c7erez Politikas\u0131 \u0130\u015fbu gizlilik politikas\u0131 kullan\u0131c\u0131lar\u0131n https:\/\/www.orakcimakina.com\/\u00a0internet sitesine vermi\u015f oldu\u011fu t\u00fcm bilgilerin (e-posta, telefon, adres, isim vb\u2026) gizli tutulmas\u0131 ve<\/p>","protected":false},"author":3,"featured_media":0,"parent":0,"menu_order":0,"comment_status":"closed","ping_status":"closed","template":"elementor_header_footer","meta":{"footnotes":""},"class_list":["post-16630","page","type-page","status-publish","hentry"],"_links":{"self":[{"href":"https:\/\/www.orakcimakina.com\/es\/wp-json\/wp\/v2\/pages\/16630","targetHints":{"allow":["GET"]}}],"collection":[{"href":"https:\/\/www.orakcimakina.com\/es\/wp-json\/wp\/v2\/pages"}],"about":[{"href":"https:\/\/www.orakcimakina.com\/es\/wp-json\/wp\/v2\/types\/page"}],"author":[{"embeddable":true,"href":"https:\/\/www.orakcimakina.com\/es\/wp-json\/wp\/v2\/users\/3"}],"replies":[{"embeddable":true,"href":"https:\/\/www.orakcimakina.com\/es\/wp-json\/wp\/v2\/comments?post=16630"}],"version-history":[{"count":0,"href":"https:\/\/www.orakcimakina.com\/es\/wp-json\/wp\/v2\/pages\/16630\/revisions"}],"wp:attachment":[{"href":"https:\/\/www.orakcimakina.com\/es\/wp-json\/wp\/v2\/media?parent=16630"}],"curies":[{"name":"wp","href":"https:\/\/api.w.org\/{rel}","templated":true}]}}