{"id":16613,"date":"2024-03-06T16:41:50","date_gmt":"2024-03-06T13:41:50","guid":{"rendered":"https:\/\/www.orakcimakina.com\/?page_id=16613"},"modified":"2024-03-06T17:01:54","modified_gmt":"2024-03-06T14:01:54","slug":"proteccion-de-datos-personales","status":"publish","type":"page","link":"https:\/\/www.orakcimakina.com\/es\/kisisel-verilerin-korunmasi\/","title":{"rendered":"Protecci\u00f3n de datos personales"},"content":{"rendered":"<div data-elementor-type=\"wp-page\" data-elementor-id=\"16613\" class=\"elementor elementor-16613\">\n\t\t\t\t<div class=\"elementor-element elementor-element-ddbb523 wd-section-stretch e-flex e-con-boxed e-con e-parent\" data-id=\"ddbb523\" data-element_type=\"container\" data-e-type=\"container\">\n\t\t\t\t\t<div class=\"e-con-inner\">\n\t\t\t\t<div class=\"elementor-element elementor-element-d972e63 elementor-widget elementor-widget-image\" data-id=\"d972e63\" data-element_type=\"widget\" data-e-type=\"widget\" data-widget_type=\"image.default\">\n\t\t\t\t<div class=\"elementor-widget-container\">\n\t\t\t\t\t\t\t\t\t\t\t\t\t\t\t<img fetchpriority=\"high\" decoding=\"async\" width=\"2560\" height=\"1075\" src=\"https:\/\/www.orakcimakina.com\/wp-content\/themes\/woodmart\/images\/lazy.png\" class=\"attachment-full size-full wp-image-16615 wd-lazy-load wd-lazy-none\" alt=\"\" srcset=\"\" sizes=\"(max-width: 2560px) 100vw, 2560px\" data-wood-src=\"https:\/\/www.orakcimakina.com\/wp-content\/uploads\/2024\/03\/Genel_OR-scaled-1.jpg\" data-srcset=\"https:\/\/www.orakcimakina.com\/wp-content\/uploads\/2024\/03\/Genel_OR-scaled-1.jpg.webp 2560w, https:\/\/www.orakcimakina.com\/wp-content\/uploads\/2024\/03\/Genel_OR-scaled-1-400x168.jpg.webp 400w, https:\/\/www.orakcimakina.com\/wp-content\/uploads\/2024\/03\/Genel_OR-scaled-1-1300x546.jpg.webp 1300w, https:\/\/www.orakcimakina.com\/wp-content\/uploads\/2024\/03\/Genel_OR-scaled-1-768x323.jpg.webp 768w, https:\/\/www.orakcimakina.com\/wp-content\/uploads\/2024\/03\/Genel_OR-scaled-1-1536x645.jpg.webp 1536w, https:\/\/www.orakcimakina.com\/wp-content\/uploads\/2024\/03\/Genel_OR-scaled-1-2048x860.jpg.webp 2048w\" title=\"\">\t\t\t\t\t\t\t\t\t\t\t\t\t\t\t<\/div>\n\t\t\t\t<\/div>\n\t\t\t\t\t<\/div>\n\t\t\t\t<\/div>\n\t\t<div class=\"elementor-element elementor-element-9f8fd6e e-flex e-con-boxed wd-section-disabled e-con e-parent\" data-id=\"9f8fd6e\" data-element_type=\"container\" data-e-type=\"container\">\n\t\t\t\t\t<div class=\"e-con-inner\">\n\t\t\t\t<div class=\"elementor-element elementor-element-4ee6a54 color-scheme-inherit text-left elementor-widget elementor-widget-text-editor\" data-id=\"4ee6a54\" data-element_type=\"widget\" data-e-type=\"widget\" data-widget_type=\"text-editor.default\">\n\t\t\t\t<div class=\"elementor-widget-container\">\n\t\t\t\t\t\t\t\t\t<p>Como Orak\u00e7\u0131 Group of Companies, mostramos la m\u00e1xima sensibilidad hacia la seguridad de sus datos personales. Con esta conciencia, como Grupo de Empresas Orak\u00e7\u0131, concedemos gran importancia al tratamiento y almacenamiento de todo tipo de datos personales pertenecientes a todas las personas asociadas con el Grupo de Empresas Orak\u00e7\u0131 de conformidad con la Ley de Protecci\u00f3n de Datos Personales n\u00ba 6698 (\"Ley KVK\"). Con la plena realizaci\u00f3n de esta responsabilidad, procesamos sus datos personales en calidad de \"Controlador de Datos\" definido en virtud de la Ley PDP como se explica a continuaci\u00f3n y dentro de los l\u00edmites prescritos por la legislaci\u00f3n.<\/p>\t\t\t\t\t\t\t\t<\/div>\n\t\t\t\t<\/div>\n\t\t\t\t\t<\/div>\n\t\t\t\t<\/div>\n\t\t<div class=\"elementor-element elementor-element-f571288 e-flex e-con-boxed wd-section-disabled e-con e-parent\" data-id=\"f571288\" data-element_type=\"container\" data-e-type=\"container\">\n\t\t\t\t\t<div class=\"e-con-inner\">\n\t\t\t\t<div class=\"elementor-element elementor-element-e104214 elementor-widget elementor-widget-heading\" data-id=\"e104214\" data-element_type=\"widget\" data-e-type=\"widget\" data-widget_type=\"heading.default\">\n\t\t\t\t<div class=\"elementor-widget-container\">\n\t\t\t\t\t<h2 class=\"elementor-heading-title elementor-size-default\"><a href=\"https:\/\/www.orakcimakina.com\/wp-content\/uploads\/2024\/03\/KVK-Basvuru-Formu.pdf\" target=\"_blank\" rel=\"nofollow\">Formulario de solicitud KVK<\/a><\/h2>\t\t\t\t<\/div>\n\t\t\t\t<\/div>\n\t\t\t\t<div class=\"elementor-element elementor-element-99cf188 elementor-widget elementor-widget-heading\" data-id=\"99cf188\" data-element_type=\"widget\" data-e-type=\"widget\" data-widget_type=\"heading.default\">\n\t\t\t\t<div class=\"elementor-widget-container\">\n\t\t\t\t\t<h2 class=\"elementor-heading-title elementor-size-default\"><a href=\"https:\/\/www.orakcimakina.com\/wp-content\/uploads\/2024\/03\/Orakci-Makina-Imalat-Ithalat-Ihracat-Sanayi-Ve-Ticaret-Anonim-Sirketi-Aydinlatma-Metni.pdf\" target=\"_blank\" rel=\"nofollow\">Texto aclaratorio de Orak\u00e7\u0131 Makina<\/a><\/h2>\t\t\t\t<\/div>\n\t\t\t\t<\/div>\n\t\t\t\t<div class=\"elementor-element elementor-element-2eeff12 elementor-widget elementor-widget-heading\" data-id=\"2eeff12\" data-element_type=\"widget\" data-e-type=\"widget\" data-widget_type=\"heading.default\">\n\t\t\t\t<div class=\"elementor-widget-container\">\n\t\t\t\t\t<h2 class=\"elementor-heading-title elementor-size-default\"><a href=\"https:\/\/www.orakcimakina.com\/wp-content\/uploads\/2024\/03\/Orakci-Makina-Imalat-Ithalat-Ihracat-Sanayi-Ve-Ticaret-Anonim-Sirketi-KVKK-Politikasi.pdf\" target=\"_blank\" rel=\"nofollow\">Pol\u00edtica de Orakci Makina KVK<\/a><\/h2>\t\t\t\t<\/div>\n\t\t\t\t<\/div>\n\t\t\t\t\t<\/div>\n\t\t\t\t<\/div>\n\t\t\t\t<\/div>","protected":false},"excerpt":{"rendered":"<p>Orak\u00e7\u0131 \u015eirketler Grubu olarak ki\u015fisel verilerinizin g\u00fcvenli\u011fi hususuna azami hassasiyet g\u00f6stermekteyiz. Bu bilin\u00e7le, Orak\u00e7\u0131 \u015eirketler Grubu olarak, Orak\u00e7\u0131 \u015eirketler Grubu<\/p>","protected":false},"author":3,"featured_media":0,"parent":0,"menu_order":0,"comment_status":"closed","ping_status":"closed","template":"elementor_header_footer","meta":{"footnotes":""},"class_list":["post-16613","page","type-page","status-publish","hentry"],"_links":{"self":[{"href":"https:\/\/www.orakcimakina.com\/es\/wp-json\/wp\/v2\/pages\/16613","targetHints":{"allow":["GET"]}}],"collection":[{"href":"https:\/\/www.orakcimakina.com\/es\/wp-json\/wp\/v2\/pages"}],"about":[{"href":"https:\/\/www.orakcimakina.com\/es\/wp-json\/wp\/v2\/types\/page"}],"author":[{"embeddable":true,"href":"https:\/\/www.orakcimakina.com\/es\/wp-json\/wp\/v2\/users\/3"}],"replies":[{"embeddable":true,"href":"https:\/\/www.orakcimakina.com\/es\/wp-json\/wp\/v2\/comments?post=16613"}],"version-history":[{"count":0,"href":"https:\/\/www.orakcimakina.com\/es\/wp-json\/wp\/v2\/pages\/16613\/revisions"}],"wp:attachment":[{"href":"https:\/\/www.orakcimakina.com\/es\/wp-json\/wp\/v2\/media?parent=16613"}],"curies":[{"name":"wp","href":"https:\/\/api.w.org\/{rel}","templated":true}]}}