{"id":16403,"date":"2024-03-04T11:57:53","date_gmt":"2024-03-04T08:57:53","guid":{"rendered":"https:\/\/www.orakcimakina.com\/?page_id=16403"},"modified":"2026-02-24T11:40:52","modified_gmt":"2026-02-24T08:40:52","slug":"productos","status":"publish","type":"page","link":"https:\/\/www.orakcimakina.com\/es\/urunler\/","title":{"rendered":"Productos"},"content":{"rendered":"<div data-elementor-type=\"wp-page\" data-elementor-id=\"16403\" class=\"elementor elementor-16403\">\n\t\t\t\t<div class=\"elementor-element elementor-element-529a319 wd-section-stretch e-flex e-con-boxed e-con e-parent\" data-id=\"529a319\" data-element_type=\"container\" data-e-type=\"container\" data-settings=\"{&quot;background_background&quot;:&quot;classic&quot;}\">\n\t\t\t\t\t<div class=\"e-con-inner\">\n\t\t\t\t<div class=\"elementor-element elementor-element-6fc1210 elementor-widget elementor-widget-heading\" data-id=\"6fc1210\" data-element_type=\"widget\" data-e-type=\"widget\" data-widget_type=\"heading.default\">\n\t\t\t\t<div class=\"elementor-widget-container\">\n\t\t\t\t\t<h2 class=\"elementor-heading-title elementor-size-default\"><a href=\"https:\/\/www.orakcimakina.com\/es\/\"><a>P\u00e1gina de inicio<\/a> \"Productos<\/a><\/h2>\t\t\t\t<\/div>\n\t\t\t\t<\/div>\n\t\t\t\t\t<\/div>\n\t\t\t\t<\/div>\n\t\t<div class=\"elementor-element elementor-element-2733bd6 e-flex e-con-boxed wd-section-disabled e-con e-parent\" data-id=\"2733bd6\" data-element_type=\"container\" data-e-type=\"container\">\n\t\t\t\t\t<div class=\"e-con-inner\">\n\t\t\t\t<div class=\"elementor-element elementor-element-27e1e02 elementor-widget elementor-widget-heading\" data-id=\"27e1e02\" data-element_type=\"widget\" data-e-type=\"widget\" data-widget_type=\"heading.default\">\n\t\t\t\t<div class=\"elementor-widget-container\">\n\t\t\t\t\t<h2 class=\"elementor-heading-title elementor-size-default\">NUESTROS PRODUCTOS  <\/h2>\t\t\t\t<\/div>\n\t\t\t\t<\/div>\n\t\t<div class=\"elementor-element elementor-element-a06993a e-flex e-con-boxed wd-section-disabled e-con e-child\" data-id=\"a06993a\" data-element_type=\"container\" data-e-type=\"container\">\n\t\t\t\t\t<div class=\"e-con-inner\">\n\t\t<div class=\"elementor-element elementor-element-0f4476a e-con-full e-flex wd-section-disabled e-con e-child\" data-id=\"0f4476a\" data-element_type=\"container\" data-e-type=\"container\" data-settings=\"{&quot;background_background&quot;:&quot;classic&quot;}\">\n\t\t\t\t<div class=\"elementor-element elementor-element-ddab730 elementor-widget elementor-widget-image\" data-id=\"ddab730\" data-element_type=\"widget\" data-e-type=\"widget\" data-widget_type=\"image.default\">\n\t\t\t\t<div class=\"elementor-widget-container\">\n\t\t\t\t\t\t\t\t\t\t\t\t\t\t\t<img fetchpriority=\"high\" decoding=\"async\" width=\"1317\" height=\"907\" src=\"https:\/\/www.orakcimakina.com\/wp-content\/themes\/woodmart\/images\/lazy.png\" class=\"attachment-full size-full wp-image-15904 wd-lazy-load wd-lazy-none\" alt=\"\" srcset=\"\" sizes=\"(max-width: 1317px) 100vw, 1317px\" data-wood-src=\"https:\/\/www.orakcimakina.com\/wp-content\/uploads\/2024\/01\/IMG_9556-1-1.png.webp\" data-srcset=\"https:\/\/www.orakcimakina.com\/wp-content\/uploads\/2024\/01\/IMG_9556-1-1.png.webp 1317w, https:\/\/www.orakcimakina.com\/wp-content\/uploads\/2024\/01\/IMG_9556-1-1.png-400x275.webp 400w, https:\/\/www.orakcimakina.com\/wp-content\/uploads\/2024\/01\/IMG_9556-1-1.png-1162x800.webp 1162w, https:\/\/www.orakcimakina.com\/wp-content\/uploads\/2024\/01\/IMG_9556-1-1.png-768x529.webp 768w\" title=\"\">\t\t\t\t\t\t\t\t\t\t\t\t\t\t\t<\/div>\n\t\t\t\t<\/div>\n\t\t\t\t<div class=\"elementor-element elementor-element-b3b884e elementor-widget elementor-widget-heading\" data-id=\"b3b884e\" data-element_type=\"widget\" data-e-type=\"widget\" data-widget_type=\"heading.default\">\n\t\t\t\t<div class=\"elementor-widget-container\">\n\t\t\t\t\t<div class=\"elementor-heading-title elementor-size-default\">Cajas de basura de compresi\u00f3n hidr\u00e1ulica<\/div>\t\t\t\t<\/div>\n\t\t\t\t<\/div>\n\t\t\t\t<div class=\"elementor-element elementor-element-d4caf69 elementor-widget elementor-widget-wd_button\" data-id=\"d4caf69\" data-element_type=\"widget\" data-e-type=\"widget\" data-widget_type=\"wd_button.default\">\n\t\t\t\t<div class=\"elementor-widget-container\">\n\t\t\t\t\t\t\t<div class=\"wd-button-wrapper text-center\" >\n\t\t\t<a class=\"btn btn-style-bordered btn-style-rectangle btn-size-large btn-scheme-light btn-scheme-hover-inherit btn-icon-pos-right\"  href=\"https:\/\/www.orakcimakina.com\/es\/cubos-de-basura-hidraulicos-ciclados\/\">\n\t\t\t\t<span class=\"wd-btn-text\" data-elementor-setting-key=\"text\">\n\t\t\t\t\tDESCUBRIMIENTO\t\t\t\t<\/span>\n\n\t\t\t\t\t\t\t<\/a>\n\t\t<\/div>\n\t\t\t\t\t\t<\/div>\n\t\t\t\t<\/div>\n\t\t\t\t<\/div>\n\t\t<div class=\"elementor-element elementor-element-e92a2e4 e-con-full e-flex wd-section-disabled e-con e-child\" data-id=\"e92a2e4\" data-element_type=\"container\" data-e-type=\"container\" data-settings=\"{&quot;background_background&quot;:&quot;classic&quot;}\">\n\t\t\t\t<div class=\"elementor-element elementor-element-3b4c656 elementor-widget elementor-widget-image\" data-id=\"3b4c656\" data-element_type=\"widget\" data-e-type=\"widget\" data-widget_type=\"image.default\">\n\t\t\t\t<div class=\"elementor-widget-container\">\n\t\t\t\t\t\t\t\t\t\t\t\t\t\t\t<img decoding=\"async\" width=\"1317\" height=\"907\" src=\"https:\/\/www.orakcimakina.com\/wp-content\/themes\/woodmart\/images\/lazy.png\" class=\"attachment-full size-full wp-image-16407 wd-lazy-load wd-lazy-none\" alt=\"\" srcset=\"\" sizes=\"(max-width: 1317px) 100vw, 1317px\" data-wood-src=\"https:\/\/www.orakcimakina.com\/wp-content\/uploads\/2024\/03\/Layer-24-1.png\" data-srcset=\"https:\/\/www.orakcimakina.com\/wp-content\/uploads\/2024\/03\/Layer-24-1.png.webp 1317w, https:\/\/www.orakcimakina.com\/wp-content\/uploads\/2024\/03\/Layer-24-1-400x275.png.webp 400w, https:\/\/www.orakcimakina.com\/wp-content\/uploads\/2024\/03\/Layer-24-1-1162x800.png.webp 1162w, https:\/\/www.orakcimakina.com\/wp-content\/uploads\/2024\/03\/Layer-24-1-768x529.png.webp 768w\" title=\"\">\t\t\t\t\t\t\t\t\t\t\t\t\t\t\t<\/div>\n\t\t\t\t<\/div>\n\t\t\t\t<div class=\"elementor-element elementor-element-2d29b9f elementor-widget elementor-widget-heading\" data-id=\"2d29b9f\" data-element_type=\"widget\" data-e-type=\"widget\" data-widget_type=\"heading.default\">\n\t\t\t\t<div class=\"elementor-widget-container\">\n\t\t\t\t\t<div class=\"elementor-heading-title elementor-size-default\">Monobloque <br>\nCompactadores<\/div>\t\t\t\t<\/div>\n\t\t\t\t<\/div>\n\t\t\t\t<div class=\"elementor-element elementor-element-0839790 elementor-widget elementor-widget-wd_button\" data-id=\"0839790\" data-element_type=\"widget\" data-e-type=\"widget\" data-widget_type=\"wd_button.default\">\n\t\t\t\t<div class=\"elementor-widget-container\">\n\t\t\t\t\t\t\t<div class=\"wd-button-wrapper text-center\" >\n\t\t\t<a class=\"btn btn-style-bordered btn-style-rectangle btn-size-large btn-scheme-light btn-scheme-hover-inherit btn-icon-pos-right\"  href=\"https:\/\/www.orakcimakina.com\/es\/compactadores-monobloque\/\">\n\t\t\t\t<span class=\"wd-btn-text\" data-elementor-setting-key=\"text\">\n\t\t\t\t\tDESCUBRIMIENTO\t\t\t\t<\/span>\n\n\t\t\t\t\t\t\t<\/a>\n\t\t<\/div>\n\t\t\t\t\t\t<\/div>\n\t\t\t\t<\/div>\n\t\t\t\t<\/div>\n\t\t<div class=\"elementor-element elementor-element-c5c4a59 e-con-full e-flex wd-section-disabled e-con e-child\" data-id=\"c5c4a59\" data-element_type=\"container\" data-e-type=\"container\" data-settings=\"{&quot;background_background&quot;:&quot;classic&quot;}\">\n\t\t\t\t<div class=\"elementor-element elementor-element-13a0ab4 elementor-widget elementor-widget-image\" data-id=\"13a0ab4\" data-element_type=\"widget\" data-e-type=\"widget\" data-widget_type=\"image.default\">\n\t\t\t\t<div class=\"elementor-widget-container\">\n\t\t\t\t\t\t\t\t\t\t\t\t\t\t\t<img decoding=\"async\" width=\"1317\" height=\"907\" src=\"https:\/\/www.orakcimakina.com\/wp-content\/themes\/woodmart\/images\/lazy.png\" class=\"attachment-full size-full wp-image-16408 wd-lazy-load wd-lazy-none\" alt=\"\" srcset=\"\" sizes=\"(max-width: 1317px) 100vw, 1317px\" data-wood-src=\"https:\/\/www.orakcimakina.com\/wp-content\/uploads\/2024\/03\/Layer-8-2.png\" data-srcset=\"https:\/\/www.orakcimakina.com\/wp-content\/uploads\/2024\/03\/Layer-8-2.png.webp 1317w, https:\/\/www.orakcimakina.com\/wp-content\/uploads\/2024\/03\/Layer-8-2-400x275.png.webp 400w, https:\/\/www.orakcimakina.com\/wp-content\/uploads\/2024\/03\/Layer-8-2-1162x800.png.webp 1162w, https:\/\/www.orakcimakina.com\/wp-content\/uploads\/2024\/03\/Layer-8-2-768x529.png.webp 768w\" title=\"\">\t\t\t\t\t\t\t\t\t\t\t\t\t\t\t<\/div>\n\t\t\t\t<\/div>\n\t\t\t\t<div class=\"elementor-element elementor-element-0c4131b elementor-widget elementor-widget-heading\" data-id=\"0c4131b\" data-element_type=\"widget\" data-e-type=\"widget\" data-widget_type=\"heading.default\">\n\t\t\t\t<div class=\"elementor-widget-container\">\n\t\t\t\t\t<div class=\"elementor-heading-title elementor-size-default\">Mini Damper <br> \nCubos de basura<\/div>\t\t\t\t<\/div>\n\t\t\t\t<\/div>\n\t\t\t\t<div class=\"elementor-element elementor-element-1d32e0f elementor-widget elementor-widget-wd_button\" data-id=\"1d32e0f\" data-element_type=\"widget\" data-e-type=\"widget\" data-widget_type=\"wd_button.default\">\n\t\t\t\t<div class=\"elementor-widget-container\">\n\t\t\t\t\t\t\t<div class=\"wd-button-wrapper text-center\" >\n\t\t\t<a class=\"btn btn-style-bordered btn-style-rectangle btn-size-large btn-scheme-light btn-scheme-hover-inherit btn-icon-pos-right\"  href=\"https:\/\/www.orakcimakina.com\/es\/mini-amortiguador-omd\/\">\n\t\t\t\t<span class=\"wd-btn-text\" data-elementor-setting-key=\"text\">\n\t\t\t\t\tDESCUBRIMIENTO\t\t\t\t<\/span>\n\n\t\t\t\t\t\t\t<\/a>\n\t\t<\/div>\n\t\t\t\t\t\t<\/div>\n\t\t\t\t<\/div>\n\t\t\t\t<\/div>\n\t\t\t\t\t<\/div>\n\t\t\t\t<\/div>\n\t\t<div class=\"elementor-element elementor-element-2ddb2aa e-flex e-con-boxed wd-section-disabled e-con e-child\" data-id=\"2ddb2aa\" data-element_type=\"container\" data-e-type=\"container\">\n\t\t\t\t\t<div class=\"e-con-inner\">\n\t\t<div class=\"elementor-element elementor-element-128dbc1 e-con-full e-flex wd-section-disabled e-con e-child\" data-id=\"128dbc1\" data-element_type=\"container\" data-e-type=\"container\" data-settings=\"{&quot;background_background&quot;:&quot;classic&quot;}\">\n\t\t\t\t<div class=\"elementor-element elementor-element-a4e2233 elementor-widget elementor-widget-image\" data-id=\"a4e2233\" data-element_type=\"widget\" data-e-type=\"widget\" data-widget_type=\"image.default\">\n\t\t\t\t<div class=\"elementor-widget-container\">\n\t\t\t\t\t\t\t\t\t\t\t\t\t\t\t<img loading=\"lazy\" decoding=\"async\" width=\"1317\" height=\"907\" src=\"https:\/\/www.orakcimakina.com\/wp-content\/themes\/woodmart\/images\/lazy.png\" class=\"attachment-full size-full wp-image-16409 wd-lazy-load wd-lazy-none\" alt=\"\" srcset=\"\" sizes=\"(max-width: 1317px) 100vw, 1317px\" data-wood-src=\"https:\/\/www.orakcimakina.com\/wp-content\/uploads\/2024\/03\/DSC_0050.png\" data-srcset=\"https:\/\/www.orakcimakina.com\/wp-content\/uploads\/2024\/03\/DSC_0050.png 1317w, https:\/\/www.orakcimakina.com\/wp-content\/uploads\/2024\/03\/DSC_0050-400x275.png.webp 400w, https:\/\/www.orakcimakina.com\/wp-content\/uploads\/2024\/03\/DSC_0050-1162x800.png.webp 1162w, https:\/\/www.orakcimakina.com\/wp-content\/uploads\/2024\/03\/DSC_0050-768x529.png.webp 768w\" title=\"\">\t\t\t\t\t\t\t\t\t\t\t\t\t\t\t<\/div>\n\t\t\t\t<\/div>\n\t\t\t\t<div class=\"elementor-element elementor-element-44fec1e elementor-widget elementor-widget-heading\" data-id=\"44fec1e\" data-element_type=\"widget\" data-e-type=\"widget\" data-widget_type=\"heading.default\">\n\t\t\t\t<div class=\"elementor-widget-container\">\n\t\t\t\t\t<div class=\"elementor-heading-title elementor-size-default\">Cargadores<\/div>\t\t\t\t<\/div>\n\t\t\t\t<\/div>\n\t\t\t\t<div class=\"elementor-element elementor-element-c7b6964 elementor-widget elementor-widget-wd_button\" data-id=\"c7b6964\" data-element_type=\"widget\" data-e-type=\"widget\" data-widget_type=\"wd_button.default\">\n\t\t\t\t<div class=\"elementor-widget-container\">\n\t\t\t\t\t\t\t<div class=\"wd-button-wrapper text-center\" >\n\t\t\t<a class=\"btn btn-style-bordered btn-style-rectangle btn-size-large btn-scheme-light btn-scheme-hover-inherit btn-icon-pos-right\"  href=\"https:\/\/www.orakcimakina.com\/es\/actualizadores\/\">\n\t\t\t\t<span class=\"wd-btn-text\" data-elementor-setting-key=\"text\">\n\t\t\t\t\tDESCUBRIMIENTO\t\t\t\t<\/span>\n\n\t\t\t\t\t\t\t<\/a>\n\t\t<\/div>\n\t\t\t\t\t\t<\/div>\n\t\t\t\t<\/div>\n\t\t\t\t<\/div>\n\t\t<div class=\"elementor-element elementor-element-a1b74a4 e-con-full e-flex wd-section-disabled e-con e-child\" data-id=\"a1b74a4\" data-element_type=\"container\" data-e-type=\"container\" data-settings=\"{&quot;background_background&quot;:&quot;classic&quot;}\">\n\t\t\t\t<div class=\"elementor-element elementor-element-695bd61 elementor-widget elementor-widget-image\" data-id=\"695bd61\" data-element_type=\"widget\" data-e-type=\"widget\" data-widget_type=\"image.default\">\n\t\t\t\t<div class=\"elementor-widget-container\">\n\t\t\t\t\t\t\t\t\t\t\t\t\t\t\t<img loading=\"lazy\" decoding=\"async\" width=\"1317\" height=\"907\" src=\"https:\/\/www.orakcimakina.com\/wp-content\/themes\/woodmart\/images\/lazy.png\" class=\"attachment-full size-full wp-image-16298 wd-lazy-load wd-lazy-none\" alt=\"\" srcset=\"\" sizes=\"(max-width: 1317px) 100vw, 1317px\" data-wood-src=\"https:\/\/www.orakcimakina.com\/wp-content\/uploads\/2024\/03\/IMG_3037.png\" data-srcset=\"https:\/\/www.orakcimakina.com\/wp-content\/uploads\/2024\/03\/IMG_3037.png.webp 1317w, https:\/\/www.orakcimakina.com\/wp-content\/uploads\/2024\/03\/IMG_3037-400x275.png.webp 400w, https:\/\/www.orakcimakina.com\/wp-content\/uploads\/2024\/03\/IMG_3037-1162x800.png.webp 1162w, https:\/\/www.orakcimakina.com\/wp-content\/uploads\/2024\/03\/IMG_3037-768x529.png.webp 768w\" title=\"\">\t\t\t\t\t\t\t\t\t\t\t\t\t\t\t<\/div>\n\t\t\t\t<\/div>\n\t\t\t\t<div class=\"elementor-element elementor-element-fdc66a6 elementor-widget elementor-widget-heading\" data-id=\"fdc66a6\" data-element_type=\"widget\" data-e-type=\"widget\" data-widget_type=\"heading.default\">\n\t\t\t\t<div class=\"elementor-widget-container\">\n\t\t\t\t\t<div class=\"elementor-heading-title elementor-size-default\">Barredoras viales<\/div>\t\t\t\t<\/div>\n\t\t\t\t<\/div>\n\t\t\t\t<div class=\"elementor-element elementor-element-2d2c517 elementor-widget elementor-widget-wd_button\" data-id=\"2d2c517\" data-element_type=\"widget\" data-e-type=\"widget\" data-widget_type=\"wd_button.default\">\n\t\t\t\t<div class=\"elementor-widget-container\">\n\t\t\t\t\t\t\t<div class=\"wd-button-wrapper text-center\" >\n\t\t\t<a class=\"btn btn-style-bordered btn-style-rectangle btn-size-large btn-scheme-light btn-scheme-hover-inherit btn-icon-pos-right\"  href=\"https:\/\/www.orakcimakina.com\/es\/supresores-viales\/\">\n\t\t\t\t<span class=\"wd-btn-text\" data-elementor-setting-key=\"text\">\n\t\t\t\t\tDESCUBRIMIENTO\t\t\t\t<\/span>\n\n\t\t\t\t\t\t\t<\/a>\n\t\t<\/div>\n\t\t\t\t\t\t<\/div>\n\t\t\t\t<\/div>\n\t\t\t\t<\/div>\n\t\t<div class=\"elementor-element elementor-element-0b7175b e-con-full e-flex wd-section-disabled e-con e-child\" data-id=\"0b7175b\" data-element_type=\"container\" data-e-type=\"container\" data-settings=\"{&quot;background_background&quot;:&quot;classic&quot;}\">\n\t\t\t\t<div class=\"elementor-element elementor-element-584762f elementor-widget elementor-widget-image\" data-id=\"584762f\" data-element_type=\"widget\" data-e-type=\"widget\" data-widget_type=\"image.default\">\n\t\t\t\t<div class=\"elementor-widget-container\">\n\t\t\t\t\t\t\t\t\t\t\t\t\t\t\t<img loading=\"lazy\" decoding=\"async\" width=\"1317\" height=\"907\" src=\"https:\/\/www.orakcimakina.com\/wp-content\/themes\/woodmart\/images\/lazy.png\" class=\"attachment-full size-full wp-image-16015 wd-lazy-load wd-lazy-none\" alt=\"\" srcset=\"\" sizes=\"(max-width: 1317px) 100vw, 1317px\" data-wood-src=\"https:\/\/www.orakcimakina.com\/wp-content\/uploads\/2024\/01\/Layer-24-2.png\" data-srcset=\"https:\/\/www.orakcimakina.com\/wp-content\/uploads\/2024\/01\/Layer-24-2.png.webp 1317w, https:\/\/www.orakcimakina.com\/wp-content\/uploads\/2024\/01\/Layer-24-2-400x275.png.webp 400w, https:\/\/www.orakcimakina.com\/wp-content\/uploads\/2024\/01\/Layer-24-2-1162x800.png.webp 1162w, https:\/\/www.orakcimakina.com\/wp-content\/uploads\/2024\/01\/Layer-24-2-768x529.png.webp 768w\" title=\"\">\t\t\t\t\t\t\t\t\t\t\t\t\t\t\t<\/div>\n\t\t\t\t<\/div>\n\t\t\t\t<div class=\"elementor-element elementor-element-3c5a90d elementor-widget elementor-widget-heading\" data-id=\"3c5a90d\" data-element_type=\"widget\" data-e-type=\"widget\" data-widget_type=\"heading.default\">\n\t\t\t\t<div class=\"elementor-widget-container\">\n\t\t\t\t\t<div class=\"elementor-heading-title elementor-size-default\">Auto-rescatadores<\/div>\t\t\t\t<\/div>\n\t\t\t\t<\/div>\n\t\t\t\t<div class=\"elementor-element elementor-element-9d6c21f elementor-widget elementor-widget-wd_button\" data-id=\"9d6c21f\" data-element_type=\"widget\" data-e-type=\"widget\" data-widget_type=\"wd_button.default\">\n\t\t\t\t<div class=\"elementor-widget-container\">\n\t\t\t\t\t\t\t<div class=\"wd-button-wrapper text-center\" >\n\t\t\t<a class=\"btn btn-style-bordered btn-style-rectangle btn-size-large btn-scheme-light btn-scheme-hover-inherit btn-icon-pos-right\"  href=\"https:\/\/www.orakcimakina.com\/es\/auto-rescatadores\/\">\n\t\t\t\t<span class=\"wd-btn-text\" data-elementor-setting-key=\"text\">\n\t\t\t\t\tDESCUBRIMIENTO\t\t\t\t<\/span>\n\n\t\t\t\t\t\t\t<\/a>\n\t\t<\/div>\n\t\t\t\t\t\t<\/div>\n\t\t\t\t<\/div>\n\t\t\t\t<\/div>\n\t\t\t\t\t<\/div>\n\t\t\t\t<\/div>\n\t\t<div class=\"elementor-element elementor-element-6fee48f e-flex e-con-boxed wd-section-disabled e-con e-child\" data-id=\"6fee48f\" data-element_type=\"container\" data-e-type=\"container\">\n\t\t\t\t\t<div class=\"e-con-inner\">\n\t\t<div class=\"elementor-element elementor-element-6781769 e-con-full e-flex wd-section-disabled e-con e-child\" data-id=\"6781769\" data-element_type=\"container\" data-e-type=\"container\" data-settings=\"{&quot;background_background&quot;:&quot;classic&quot;}\">\n\t\t\t\t<div class=\"elementor-element elementor-element-d118d5b elementor-widget elementor-widget-image\" data-id=\"d118d5b\" data-element_type=\"widget\" data-e-type=\"widget\" data-widget_type=\"image.default\">\n\t\t\t\t<div class=\"elementor-widget-container\">\n\t\t\t\t\t\t\t\t\t\t\t\t\t\t\t<img loading=\"lazy\" decoding=\"async\" width=\"1317\" height=\"907\" src=\"https:\/\/www.orakcimakina.com\/wp-content\/themes\/woodmart\/images\/lazy.png\" class=\"attachment-full size-full wp-image-16410 wd-lazy-load wd-lazy-none\" alt=\"\" srcset=\"\" sizes=\"(max-width: 1317px) 100vw, 1317px\" data-wood-src=\"https:\/\/www.orakcimakina.com\/wp-content\/uploads\/2024\/03\/Layer-13-1.png\" data-srcset=\"https:\/\/www.orakcimakina.com\/wp-content\/uploads\/2024\/03\/Layer-13-1.png.webp 1317w, https:\/\/www.orakcimakina.com\/wp-content\/uploads\/2024\/03\/Layer-13-1-400x275.png.webp 400w, https:\/\/www.orakcimakina.com\/wp-content\/uploads\/2024\/03\/Layer-13-1-1162x800.png.webp 1162w, https:\/\/www.orakcimakina.com\/wp-content\/uploads\/2024\/03\/Layer-13-1-768x529.png.webp 768w\" title=\"\">\t\t\t\t\t\t\t\t\t\t\t\t\t\t\t<\/div>\n\t\t\t\t<\/div>\n\t\t\t\t<div class=\"elementor-element elementor-element-eaa9a4b elementor-widget elementor-widget-heading\" data-id=\"eaa9a4b\" data-element_type=\"widget\" data-e-type=\"widget\" data-widget_type=\"heading.default\">\n\t\t\t\t<div class=\"elementor-widget-container\">\n\t\t\t\t\t<div class=\"elementor-heading-title elementor-size-default\">Trabajo en altura <br>\nPlataformas<\/div>\t\t\t\t<\/div>\n\t\t\t\t<\/div>\n\t\t\t\t<div class=\"elementor-element elementor-element-9b47d14 elementor-widget elementor-widget-wd_button\" data-id=\"9b47d14\" data-element_type=\"widget\" data-e-type=\"widget\" data-widget_type=\"wd_button.default\">\n\t\t\t\t<div class=\"elementor-widget-container\">\n\t\t\t\t\t\t\t<div class=\"wd-button-wrapper text-center\" >\n\t\t\t<a class=\"btn btn-style-bordered btn-style-rectangle btn-size-large btn-scheme-light btn-scheme-hover-inherit btn-icon-pos-right\"  href=\"https:\/\/www.orakcimakina.com\/es\/plataformas-de-trabajo-en-altura\/\">\n\t\t\t\t<span class=\"wd-btn-text\" data-elementor-setting-key=\"text\">\n\t\t\t\t\tDESCUBRIMIENTO\t\t\t\t<\/span>\n\n\t\t\t\t\t\t\t<\/a>\n\t\t<\/div>\n\t\t\t\t\t\t<\/div>\n\t\t\t\t<\/div>\n\t\t\t\t<\/div>\n\t\t<div class=\"elementor-element elementor-element-9d22820 e-con-full e-flex wd-section-disabled e-con e-child\" data-id=\"9d22820\" data-element_type=\"container\" data-e-type=\"container\" data-settings=\"{&quot;background_background&quot;:&quot;classic&quot;}\">\n\t\t\t\t<div class=\"elementor-element elementor-element-132197d elementor-widget elementor-widget-image\" data-id=\"132197d\" data-element_type=\"widget\" data-e-type=\"widget\" data-widget_type=\"image.default\">\n\t\t\t\t<div class=\"elementor-widget-container\">\n\t\t\t\t\t\t\t\t\t\t\t\t\t\t\t<img loading=\"lazy\" decoding=\"async\" width=\"1317\" height=\"907\" src=\"https:\/\/www.orakcimakina.com\/wp-content\/themes\/woodmart\/images\/lazy.png\" class=\"attachment-full size-full wp-image-17791 wd-lazy-load wd-lazy-none\" alt=\"\" srcset=\"\" sizes=\"(max-width: 1317px) 100vw, 1317px\" data-wood-src=\"https:\/\/www.orakcimakina.com\/wp-content\/uploads\/2024\/12\/E-PTO-min.jpg\" data-srcset=\"https:\/\/www.orakcimakina.com\/wp-content\/uploads\/2024\/12\/E-PTO-min.jpg.webp 1317w, https:\/\/www.orakcimakina.com\/wp-content\/uploads\/2024\/12\/E-PTO-min-400x275.jpg.webp 400w, https:\/\/www.orakcimakina.com\/wp-content\/uploads\/2024\/12\/E-PTO-min-1162x800.jpg.webp 1162w, https:\/\/www.orakcimakina.com\/wp-content\/uploads\/2024\/12\/E-PTO-min-768x529.jpg.webp 768w, https:\/\/www.orakcimakina.com\/wp-content\/uploads\/2024\/12\/E-PTO-min-18x12.jpg.webp 18w\" title=\"\">\t\t\t\t\t\t\t\t\t\t\t\t\t\t\t<\/div>\n\t\t\t\t<\/div>\n\t\t\t\t<div class=\"elementor-element elementor-element-15e6b53 elementor-widget elementor-widget-heading\" data-id=\"15e6b53\" data-element_type=\"widget\" data-e-type=\"widget\" data-widget_type=\"heading.default\">\n\t\t\t\t<div class=\"elementor-widget-container\">\n\t\t\t\t\t<div class=\"elementor-heading-title elementor-size-default\"><p>Innovative Solutions <span><\/span><\/p><\/div>\t\t\t\t<\/div>\n\t\t\t\t<\/div>\n\t\t\t\t<div class=\"elementor-element elementor-element-73c6e6e elementor-widget elementor-widget-wd_button\" data-id=\"73c6e6e\" data-element_type=\"widget\" data-e-type=\"widget\" data-widget_type=\"wd_button.default\">\n\t\t\t\t<div class=\"elementor-widget-container\">\n\t\t\t\t\t\t\t<div class=\"wd-button-wrapper text-center\" >\n\t\t\t<a class=\"btn btn-style-bordered btn-style-rectangle btn-size-large btn-scheme-light btn-scheme-hover-inherit btn-icon-pos-right\"  href=\"https:\/\/www.orakcimakina.com\/es\/yenilikci-urunler\/\">\n\t\t\t\t<span class=\"wd-btn-text\" data-elementor-setting-key=\"text\">\n\t\t\t\t\tDESCUBRIMIENTO\t\t\t\t<\/span>\n\n\t\t\t\t\t\t\t<\/a>\n\t\t<\/div>\n\t\t\t\t\t\t<\/div>\n\t\t\t\t<\/div>\n\t\t\t\t<\/div>\n\t\t\t\t\t<\/div>\n\t\t\t\t<\/div>\n\t\t\t\t\t<\/div>\n\t\t\t\t<\/div>\n\t\t\t\t<\/div>","protected":false},"excerpt":{"rendered":"<p>Anasayfa \u00bb \u00dcr\u00fcnler \u00dcR\u00dcNLER\u0130M\u0130Z Hidrolik S\u0131k\u0131\u015ft\u0131rmal\u0131 \u00c7\u00f6p Kasalar\u0131 KE\u015eFET Monoblok Kompakt\u00f6rler KE\u015eFET Mini Damper \u00c7\u00f6p Kasalar\u0131 KE\u015eFET Y\u00fckleyiciler KE\u015eFET Yol<\/p>","protected":false},"author":3,"featured_media":0,"parent":0,"menu_order":0,"comment_status":"closed","ping_status":"closed","template":"elementor_header_footer","meta":{"footnotes":""},"class_list":["post-16403","page","type-page","status-publish","hentry"],"_links":{"self":[{"href":"https:\/\/www.orakcimakina.com\/es\/wp-json\/wp\/v2\/pages\/16403","targetHints":{"allow":["GET"]}}],"collection":[{"href":"https:\/\/www.orakcimakina.com\/es\/wp-json\/wp\/v2\/pages"}],"about":[{"href":"https:\/\/www.orakcimakina.com\/es\/wp-json\/wp\/v2\/types\/page"}],"author":[{"embeddable":true,"href":"https:\/\/www.orakcimakina.com\/es\/wp-json\/wp\/v2\/users\/3"}],"replies":[{"embeddable":true,"href":"https:\/\/www.orakcimakina.com\/es\/wp-json\/wp\/v2\/comments?post=16403"}],"version-history":[{"count":7,"href":"https:\/\/www.orakcimakina.com\/es\/wp-json\/wp\/v2\/pages\/16403\/revisions"}],"predecessor-version":[{"id":18205,"href":"https:\/\/www.orakcimakina.com\/es\/wp-json\/wp\/v2\/pages\/16403\/revisions\/18205"}],"wp:attachment":[{"href":"https:\/\/www.orakcimakina.com\/es\/wp-json\/wp\/v2\/media?parent=16403"}],"curies":[{"name":"wp","href":"https:\/\/api.w.org\/{rel}","templated":true}]}}