{"id":16111,"date":"2024-02-15T16:59:28","date_gmt":"2024-02-15T13:59:28","guid":{"rendered":"https:\/\/www.orakcimakina.com\/?page_id=16111"},"modified":"2024-03-14T11:30:52","modified_gmt":"2024-03-14T08:30:52","slug":"servicio-postventa","status":"publish","type":"page","link":"https:\/\/www.orakcimakina.com\/es\/satis-sonrasi-hizmet\/","title":{"rendered":"Servicio posventa"},"content":{"rendered":"<div data-elementor-type=\"wp-page\" data-elementor-id=\"16111\" class=\"elementor elementor-16111\">\n\t\t\t\t<div class=\"elementor-element elementor-element-3b00842 e-con-full wd-section-stretch-content e-flex e-con e-parent\" data-id=\"3b00842\" data-element_type=\"container\" data-e-type=\"container\" data-settings=\"{&quot;background_background&quot;:&quot;classic&quot;}\">\n\t\t\t\t<div class=\"elementor-element elementor-element-43f7dac elementor-widget elementor-widget-heading\" data-id=\"43f7dac\" data-element_type=\"widget\" data-e-type=\"widget\" data-widget_type=\"heading.default\">\n\t\t\t\t<div class=\"elementor-widget-container\">\n\t\t\t\t\t<h1 class=\"elementor-heading-title elementor-size-default\">Posventa<br>\n<b>Servicio<\/b><br>\n<div>\n<\/h1>\t\t\t\t<\/div>\n\t\t\t\t<\/div>\n\t\t\t\t<\/div>\n\t\t<div class=\"elementor-element elementor-element-f8b6e64 e-flex e-con-boxed wd-section-disabled e-con e-parent\" data-id=\"f8b6e64\" data-element_type=\"container\" data-e-type=\"container\" data-settings=\"{&quot;background_background&quot;:&quot;classic&quot;}\">\n\t\t\t\t\t<div class=\"e-con-inner\">\n\t\t\t\t<div class=\"elementor-element elementor-element-69673dd elementor-widget elementor-widget-menu-anchor\" data-id=\"69673dd\" data-element_type=\"widget\" data-e-type=\"widget\" data-widget_type=\"menu-anchor.default\">\n\t\t\t\t<div class=\"elementor-widget-container\">\n\t\t\t\t\t\t\t<div class=\"elementor-menu-anchor\" id=\"satis-sonrasi-hizmet\"><\/div>\n\t\t\t\t\t\t<\/div>\n\t\t\t\t<\/div>\n\t\t\t\t\t<\/div>\n\t\t\t\t<\/div>\n\t\t<div class=\"elementor-element elementor-element-253e3de e-flex e-con-boxed wd-section-disabled e-con e-parent\" data-id=\"253e3de\" data-element_type=\"container\" data-e-type=\"container\">\n\t\t\t\t\t<div class=\"e-con-inner\">\n\t\t<div class=\"elementor-element elementor-element-5133553 e-con-full e-flex wd-section-disabled e-con e-child\" data-id=\"5133553\" data-element_type=\"container\" data-e-type=\"container\">\n\t\t\t\t<div class=\"elementor-element elementor-element-933937c elementor-widget elementor-widget-heading\" data-id=\"933937c\" data-element_type=\"widget\" data-e-type=\"widget\" data-widget_type=\"heading.default\">\n\t\t\t\t<div class=\"elementor-widget-container\">\n\t\t\t\t\t<div class=\"elementor-heading-title elementor-size-default\">\"Para convertirnos en una marca fuerte en los mercados mundiales, siempre estamos al lado del usuario final a trav\u00e9s de nuestros socios comerciales\".<\/div>\t\t\t\t<\/div>\n\t\t\t\t<\/div>\n\t\t\t\t<\/div>\n\t\t<div class=\"elementor-element elementor-element-321525e e-con-full e-flex wd-section-disabled e-con e-child\" data-id=\"321525e\" data-element_type=\"container\" data-e-type=\"container\">\n\t\t\t\t<div class=\"elementor-element elementor-element-a1e8080 color-scheme-inherit text-left elementor-widget elementor-widget-text-editor\" data-id=\"a1e8080\" data-element_type=\"widget\" data-e-type=\"widget\" data-widget_type=\"text-editor.default\">\n\t\t\t\t<div class=\"elementor-widget-container\">\n\t\t\t\t\t\t\t\t\t<p>Gracias a nuestro equipo t\u00e9cnico, de ventas y posventa con experiencia internacional, gestionamos los servicios posventa de forma coordinada y hol\u00edstica y prestamos asistencia a nuestros clientes 24 horas al d\u00eda, 7 d\u00edas a la semana. Para que nuestro equipo pueda atender mejor a nuestros clientes, les formamos peri\u00f3dicamente y les preparamos para hacer frente a las elevadas expectativas de los clientes y del mercado en un mundo en desarrollo y cambiante. Aunque trabajamos en 26 pa\u00edses, estamos tan cerca de nuestros clientes como los proveedores y socios comerciales locales.<\/p>\t\t\t\t\t\t\t\t<\/div>\n\t\t\t\t<\/div>\n\t\t\t\t<\/div>\n\t\t\t\t\t<\/div>\n\t\t\t\t<\/div>\n\t\t<div class=\"elementor-element elementor-element-b0c3af6 e-flex e-con-boxed wd-section-disabled e-con e-parent\" data-id=\"b0c3af6\" data-element_type=\"container\" data-e-type=\"container\" id=\"servis\">\n\t\t\t\t\t<div class=\"e-con-inner\">\n\t\t\t\t<div class=\"elementor-element elementor-element-6b2415d elementor-widget elementor-widget-menu-anchor\" data-id=\"6b2415d\" data-element_type=\"widget\" data-e-type=\"widget\" data-widget_type=\"menu-anchor.default\">\n\t\t\t\t<div class=\"elementor-widget-container\">\n\t\t\t\t\t\t\t<div class=\"elementor-menu-anchor\" id=\"servis\"><\/div>\n\t\t\t\t\t\t<\/div>\n\t\t\t\t<\/div>\n\t\t\t\t<div class=\"elementor-element elementor-element-efa4c2f elementor-widget elementor-widget-heading\" data-id=\"efa4c2f\" data-element_type=\"widget\" data-e-type=\"widget\" data-widget_type=\"heading.default\">\n\t\t\t\t<div class=\"elementor-widget-container\">\n\t\t\t\t\t<h2 class=\"elementor-heading-title elementor-size-default\">Servicio<\/h2>\t\t\t\t<\/div>\n\t\t\t\t<\/div>\n\t\t\t\t<div class=\"elementor-element elementor-element-63df09f elementor-widget elementor-widget-image\" data-id=\"63df09f\" data-element_type=\"widget\" data-e-type=\"widget\" data-widget_type=\"image.default\">\n\t\t\t\t<div class=\"elementor-widget-container\">\n\t\t\t\t\t\t\t\t\t\t\t\t\t\t\t<img fetchpriority=\"high\" decoding=\"async\" width=\"1672\" height=\"787\" src=\"https:\/\/www.orakcimakina.com\/wp-content\/themes\/woodmart\/images\/lazy.png\" class=\"attachment-full size-full wp-image-16116 wd-lazy-load wd-lazy-none\" alt=\"\" srcset=\"\" sizes=\"(max-width: 1672px) 100vw, 1672px\" data-wood-src=\"https:\/\/www.orakcimakina.com\/wp-content\/uploads\/2024\/02\/Servis-1.png.webp\" data-srcset=\"https:\/\/www.orakcimakina.com\/wp-content\/uploads\/2024\/02\/Servis-1.png.webp 1672w, https:\/\/www.orakcimakina.com\/wp-content\/uploads\/2024\/02\/Servis-1.png-400x188.webp 400w, https:\/\/www.orakcimakina.com\/wp-content\/uploads\/2024\/02\/Servis-1.png-1300x612.webp 1300w, https:\/\/www.orakcimakina.com\/wp-content\/uploads\/2024\/02\/Servis-1.png-768x361.webp 768w, https:\/\/www.orakcimakina.com\/wp-content\/uploads\/2024\/02\/Servis-1.png-1536x723.webp 1536w\" title=\"\">\t\t\t\t\t\t\t\t\t\t\t\t\t\t\t<\/div>\n\t\t\t\t<\/div>\n\t\t\t\t\t<\/div>\n\t\t\t\t<\/div>\n\t\t<div class=\"elementor-element elementor-element-a6b7225 e-flex e-con-boxed wd-section-disabled e-con e-parent\" data-id=\"a6b7225\" data-element_type=\"container\" data-e-type=\"container\">\n\t\t\t\t\t<div class=\"e-con-inner\">\n\t\t<div class=\"elementor-element elementor-element-ee8b20b e-con-full e-flex wd-section-disabled e-con e-child\" data-id=\"ee8b20b\" data-element_type=\"container\" data-e-type=\"container\">\n\t\t\t\t<\/div>\n\t\t<div class=\"elementor-element elementor-element-278fa69 e-con-full e-flex wd-section-disabled e-con e-child\" data-id=\"278fa69\" data-element_type=\"container\" data-e-type=\"container\">\n\t\t\t\t<div class=\"elementor-element elementor-element-eaa9009 color-scheme-inherit text-left elementor-widget elementor-widget-text-editor\" data-id=\"eaa9009\" data-element_type=\"widget\" data-e-type=\"widget\" data-widget_type=\"text-editor.default\">\n\t\t\t\t<div class=\"elementor-widget-container\">\n\t\t\t\t\t\t\t\t\t<p>Orak\u00e7\u0131 Makina presta servicio a distancia o in situ en todas las materias como mantenimiento, detecci\u00f3n de aver\u00edas, resoluci\u00f3n de problemas, soluci\u00f3n de aver\u00edas, instalaci\u00f3n de equipos en funci\u00f3n de las necesidades y demandas de sus clientes y\/o usuarios finales. Ofrece un servicio 24\/7 con asistencia t\u00e9cnica a distancia, acceso remoto a circuitos electr\u00f3nicos, suministro y entrega r\u00e1pida de piezas de repuesto.<\/p>\t\t\t\t\t\t\t\t<\/div>\n\t\t\t\t<\/div>\n\t\t\t\t<\/div>\n\t\t\t\t\t<\/div>\n\t\t\t\t<\/div>\n\t\t<div class=\"elementor-element elementor-element-59c5e0b e-flex e-con-boxed wd-section-disabled e-con e-parent\" data-id=\"59c5e0b\" data-element_type=\"container\" data-e-type=\"container\" data-settings=\"{&quot;background_background&quot;:&quot;classic&quot;}\">\n\t\t\t\t\t<div class=\"e-con-inner\">\n\t\t\t\t<div class=\"elementor-element elementor-element-c781571 elementor-widget elementor-widget-image\" data-id=\"c781571\" data-element_type=\"widget\" data-e-type=\"widget\" data-widget_type=\"image.default\">\n\t\t\t\t<div class=\"elementor-widget-container\">\n\t\t\t\t\t\t\t\t\t\t\t\t\t\t\t<img decoding=\"async\" width=\"600\" height=\"524\" src=\"https:\/\/www.orakcimakina.com\/wp-content\/themes\/woodmart\/images\/lazy.png\" class=\"attachment-full size-full wp-image-16115 wd-lazy-load wd-lazy-none\" alt=\"\" srcset=\"\" sizes=\"(max-width: 600px) 100vw, 600px\" data-wood-src=\"https:\/\/www.orakcimakina.com\/wp-content\/uploads\/2024\/02\/Orakci-M_6.png.webp\" data-srcset=\"https:\/\/www.orakcimakina.com\/wp-content\/uploads\/2024\/02\/Orakci-M_6.png.webp 600w, https:\/\/www.orakcimakina.com\/wp-content\/uploads\/2024\/02\/Orakci-M_6.png-344x300.webp 344w\" title=\"\">\t\t\t\t\t\t\t\t\t\t\t\t\t\t\t<\/div>\n\t\t\t\t<\/div>\n\t\t<div class=\"elementor-element elementor-element-adeca86 e-flex e-con-boxed wd-section-disabled e-con e-child\" data-id=\"adeca86\" data-element_type=\"container\" data-e-type=\"container\">\n\t\t\t\t\t<div class=\"e-con-inner\">\n\t\t<div class=\"elementor-element elementor-element-aeb9838 e-flex e-con-boxed wd-section-disabled e-con e-child\" data-id=\"aeb9838\" data-element_type=\"container\" data-e-type=\"container\">\n\t\t\t\t\t<div class=\"e-con-inner\">\n\t\t\t\t<div class=\"elementor-element elementor-element-6dd658d elementor-widget elementor-widget-heading\" data-id=\"6dd658d\" data-element_type=\"widget\" data-e-type=\"widget\" data-widget_type=\"heading.default\">\n\t\t\t\t<div class=\"elementor-widget-container\">\n\t\t\t\t\t<div class=\"elementor-heading-title elementor-size-default\">ADEM SEL\u00c7UKER<\/div>\t\t\t\t<\/div>\n\t\t\t\t<\/div>\n\t\t\t\t<div class=\"elementor-element elementor-element-9fd334b elementor-widget elementor-widget-heading\" data-id=\"9fd334b\" data-element_type=\"widget\" data-e-type=\"widget\" data-widget_type=\"heading.default\">\n\t\t\t\t<div class=\"elementor-widget-container\">\n\t\t\t\t\t<div class=\"elementor-heading-title elementor-size-default\">Especialista en servicio posventa<\/div>\t\t\t\t<\/div>\n\t\t\t\t<\/div>\n\t\t\t\t\t<\/div>\n\t\t\t\t<\/div>\n\t\t<div class=\"elementor-element elementor-element-40fddf6 e-flex e-con-boxed wd-section-disabled e-con e-child\" data-id=\"40fddf6\" data-element_type=\"container\" data-e-type=\"container\">\n\t\t\t\t\t<div class=\"e-con-inner\">\n\t\t\t\t<div class=\"elementor-element elementor-element-48f6ed2 elementor-widget elementor-widget-heading\" data-id=\"48f6ed2\" data-element_type=\"widget\" data-e-type=\"widget\" data-widget_type=\"heading.default\">\n\t\t\t\t<div class=\"elementor-widget-container\">\n\t\t\t\t\t<div class=\"elementor-heading-title elementor-size-default\">Idioma:\n<\/div>\t\t\t\t<\/div>\n\t\t\t\t<\/div>\n\t\t<div class=\"elementor-element elementor-element-e0a31fd e-flex e-con-boxed wd-section-disabled e-con e-child\" data-id=\"e0a31fd\" data-element_type=\"container\" data-e-type=\"container\">\n\t\t\t\t\t<div class=\"e-con-inner\">\n\t\t\t\t<div class=\"elementor-element elementor-element-dc527ee elementor-widget elementor-widget-image\" data-id=\"dc527ee\" data-element_type=\"widget\" data-e-type=\"widget\" data-widget_type=\"image.default\">\n\t\t\t\t<div class=\"elementor-widget-container\">\n\t\t\t\t\t\t\t\t\t\t\t\t\t\t\t<img decoding=\"async\" width=\"93\" height=\"50\" src=\"https:\/\/www.orakcimakina.com\/wp-content\/themes\/woodmart\/images\/lazy.png\" class=\"attachment-full size-full wp-image-16044 wd-lazy-load wd-lazy-none\" alt=\"\" data-wood-src=\"https:\/\/www.orakcimakina.com\/wp-content\/uploads\/2024\/01\/TR.png.webp\" srcset=\"\" title=\"\">\t\t\t\t\t\t\t\t\t\t\t\t\t\t\t<\/div>\n\t\t\t\t<\/div>\n\t\t\t\t<div class=\"elementor-element elementor-element-73c29c9 elementor-widget elementor-widget-image\" data-id=\"73c29c9\" data-element_type=\"widget\" data-e-type=\"widget\" data-widget_type=\"image.default\">\n\t\t\t\t<div class=\"elementor-widget-container\">\n\t\t\t\t\t\t\t\t\t\t\t\t\t\t\t<img loading=\"lazy\" decoding=\"async\" width=\"93\" height=\"50\" src=\"https:\/\/www.orakcimakina.com\/wp-content\/themes\/woodmart\/images\/lazy.png\" class=\"attachment-full size-full wp-image-16043 wd-lazy-load wd-lazy-none\" alt=\"\" data-wood-src=\"https:\/\/www.orakcimakina.com\/wp-content\/uploads\/2024\/01\/EN.png.webp\" srcset=\"\" title=\"\">\t\t\t\t\t\t\t\t\t\t\t\t\t\t\t<\/div>\n\t\t\t\t<\/div>\n\t\t\t\t\t<\/div>\n\t\t\t\t<\/div>\n\t\t\t\t\t<\/div>\n\t\t\t\t<\/div>\n\t\t<div class=\"elementor-element elementor-element-1914356 e-flex e-con-boxed wd-section-disabled e-con e-child\" data-id=\"1914356\" data-element_type=\"container\" data-e-type=\"container\">\n\t\t\t\t\t<div class=\"e-con-inner\">\n\t\t\t\t<div class=\"elementor-element elementor-element-2c285e8 elementor-widget elementor-widget-heading\" data-id=\"2c285e8\" data-element_type=\"widget\" data-e-type=\"widget\" data-widget_type=\"heading.default\">\n\t\t\t\t<div class=\"elementor-widget-container\">\n\t\t\t\t\t<div class=\"elementor-heading-title elementor-size-default\">M\u00f3vil :+90 (533) 160 30 36<\/div>\t\t\t\t<\/div>\n\t\t\t\t<\/div>\n\t\t\t\t<div class=\"elementor-element elementor-element-b1ec250 elementor-widget elementor-widget-heading\" data-id=\"b1ec250\" data-element_type=\"widget\" data-e-type=\"widget\" data-widget_type=\"heading.default\">\n\t\t\t\t<div class=\"elementor-widget-container\">\n\t\t\t\t\t<div class=\"elementor-heading-title elementor-size-default\">ademselcuker@orakcimakina.com<\/div>\t\t\t\t<\/div>\n\t\t\t\t<\/div>\n\t\t\t\t\t<\/div>\n\t\t\t\t<\/div>\n\t\t\t\t\t<\/div>\n\t\t\t\t<\/div>\n\t\t\t\t\t<\/div>\n\t\t\t\t<\/div>\n\t\t<div class=\"elementor-element elementor-element-360f280 e-flex e-con-boxed wd-section-disabled e-con e-parent\" data-id=\"360f280\" data-element_type=\"container\" data-e-type=\"container\" id=\"yedek-parca-temini-ve-urun-garantisi\">\n\t\t\t\t\t<div class=\"e-con-inner\">\n\t\t\t\t<div class=\"elementor-element elementor-element-ff2eced elementor-widget elementor-widget-heading\" data-id=\"ff2eced\" data-element_type=\"widget\" data-e-type=\"widget\" data-widget_type=\"heading.default\">\n\t\t\t\t<div class=\"elementor-widget-container\">\n\t\t\t\t\t<h2 class=\"elementor-heading-title elementor-size-default\">Suministro de piezas de repuesto y garant\u00eda del producto<\/h2>\t\t\t\t<\/div>\n\t\t\t\t<\/div>\n\t\t\t\t<div class=\"elementor-element elementor-element-80925a4 elementor-widget elementor-widget-image\" data-id=\"80925a4\" data-element_type=\"widget\" data-e-type=\"widget\" data-widget_type=\"image.default\">\n\t\t\t\t<div class=\"elementor-widget-container\">\n\t\t\t\t\t\t\t\t\t\t\t\t\t\t\t<img loading=\"lazy\" decoding=\"async\" width=\"1300\" height=\"612\" src=\"https:\/\/www.orakcimakina.com\/wp-content\/themes\/woodmart\/images\/lazy.png\" class=\"attachment-large size-large wp-image-16117 wd-lazy-load wd-lazy-none\" alt=\"\" srcset=\"\" sizes=\"(max-width: 1300px) 100vw, 1300px\" data-wood-src=\"https:\/\/www.orakcimakina.com\/wp-content\/uploads\/2024\/02\/Layer-11-1.png-1300x612.webp\" data-srcset=\"https:\/\/www.orakcimakina.com\/wp-content\/uploads\/2024\/02\/Layer-11-1.png-1300x612.webp 1300w, https:\/\/www.orakcimakina.com\/wp-content\/uploads\/2024\/02\/Layer-11-1.png-400x188.webp 400w, https:\/\/www.orakcimakina.com\/wp-content\/uploads\/2024\/02\/Layer-11-1.png-768x361.webp 768w, https:\/\/www.orakcimakina.com\/wp-content\/uploads\/2024\/02\/Layer-11-1.png-1536x723.webp 1536w, https:\/\/www.orakcimakina.com\/wp-content\/uploads\/2024\/02\/Layer-11-1.png.webp 1672w\" title=\"\">\t\t\t\t\t\t\t\t\t\t\t\t\t\t\t<\/div>\n\t\t\t\t<\/div>\n\t\t\t\t\t<\/div>\n\t\t\t\t<\/div>\n\t\t<div class=\"elementor-element elementor-element-3370e3c e-flex e-con-boxed wd-section-disabled e-con e-parent\" data-id=\"3370e3c\" data-element_type=\"container\" data-e-type=\"container\">\n\t\t\t\t\t<div class=\"e-con-inner\">\n\t\t<div class=\"elementor-element elementor-element-aa60ff4 e-con-full e-flex wd-section-disabled e-con e-child\" data-id=\"aa60ff4\" data-element_type=\"container\" data-e-type=\"container\">\n\t\t\t\t<\/div>\n\t\t<div class=\"elementor-element elementor-element-7483914 e-con-full e-flex wd-section-disabled e-con e-child\" data-id=\"7483914\" data-element_type=\"container\" data-e-type=\"container\">\n\t\t\t\t<div class=\"elementor-element elementor-element-9e73ed2 color-scheme-inherit text-left elementor-widget elementor-widget-text-editor\" data-id=\"9e73ed2\" data-element_type=\"widget\" data-e-type=\"widget\" data-widget_type=\"text-editor.default\">\n\t\t\t\t<div class=\"elementor-widget-container\">\n\t\t\t\t\t\t\t\t\t<p>Orak\u00e7\u0131 Makina proporciona a sus clientes un manual de usuario, un folleto de mantenimiento y piezas de repuesto y un certificado de garant\u00eda con cada producto en las entregas de productos. En la secci\u00f3n \"Piezas de repuesto\" de estos folletos, se definen los c\u00f3digos de las piezas de repuesto y las piezas de repuesto relacionadas con el producto.<\/p><p>Se ofrece una garant\u00eda de 10 a\u00f1os en el suministro de piezas de repuesto para cada producto fabricado. Se ofrece un a\u00f1o de garant\u00eda para los productos contra las no conformidades derivadas de la fabricaci\u00f3n y el montaje, salvo los errores de uso de los clientes.<\/p>\t\t\t\t\t\t\t\t<\/div>\n\t\t\t\t<\/div>\n\t\t\t\t<\/div>\n\t\t\t\t\t<\/div>\n\t\t\t\t<\/div>\n\t\t<div class=\"elementor-element elementor-element-d89a046 e-flex e-con-boxed wd-section-disabled e-con e-parent\" data-id=\"d89a046\" data-element_type=\"container\" data-e-type=\"container\" id=\"egitim\">\n\t\t\t\t\t<div class=\"e-con-inner\">\n\t\t\t\t<div class=\"elementor-element elementor-element-3ce0499 elementor-widget elementor-widget-heading\" data-id=\"3ce0499\" data-element_type=\"widget\" data-e-type=\"widget\" data-widget_type=\"heading.default\">\n\t\t\t\t<div class=\"elementor-widget-container\">\n\t\t\t\t\t<h2 class=\"elementor-heading-title elementor-size-default\">Educaci\u00f3n<\/h2>\t\t\t\t<\/div>\n\t\t\t\t<\/div>\n\t\t\t\t<div class=\"elementor-element elementor-element-5c713bf elementor-widget elementor-widget-image\" data-id=\"5c713bf\" data-element_type=\"widget\" data-e-type=\"widget\" data-widget_type=\"image.default\">\n\t\t\t\t<div class=\"elementor-widget-container\">\n\t\t\t\t\t\t\t\t\t\t\t\t\t\t\t<img loading=\"lazy\" decoding=\"async\" width=\"1300\" height=\"612\" src=\"https:\/\/www.orakcimakina.com\/wp-content\/themes\/woodmart\/images\/lazy.png\" class=\"attachment-large size-large wp-image-16118 wd-lazy-load wd-lazy-none\" alt=\"\" srcset=\"\" sizes=\"(max-width: 1300px) 100vw, 1300px\" data-wood-src=\"https:\/\/www.orakcimakina.com\/wp-content\/uploads\/2024\/02\/Egitim-II-1.png-1300x612.webp\" data-srcset=\"https:\/\/www.orakcimakina.com\/wp-content\/uploads\/2024\/02\/Egitim-II-1.png-1300x612.webp 1300w, https:\/\/www.orakcimakina.com\/wp-content\/uploads\/2024\/02\/Egitim-II-1.png-400x188.webp 400w, https:\/\/www.orakcimakina.com\/wp-content\/uploads\/2024\/02\/Egitim-II-1.png-768x361.webp 768w, https:\/\/www.orakcimakina.com\/wp-content\/uploads\/2024\/02\/Egitim-II-1.png-1536x723.webp 1536w, https:\/\/www.orakcimakina.com\/wp-content\/uploads\/2024\/02\/Egitim-II-1.png.webp 1672w\" title=\"\">\t\t\t\t\t\t\t\t\t\t\t\t\t\t\t<\/div>\n\t\t\t\t<\/div>\n\t\t\t\t\t<\/div>\n\t\t\t\t<\/div>\n\t\t<div class=\"elementor-element elementor-element-94322a7 e-flex e-con-boxed wd-section-disabled e-con e-parent\" data-id=\"94322a7\" data-element_type=\"container\" data-e-type=\"container\">\n\t\t\t\t\t<div class=\"e-con-inner\">\n\t\t<div class=\"elementor-element elementor-element-0c33712 e-con-full e-flex wd-section-disabled e-con e-child\" data-id=\"0c33712\" data-element_type=\"container\" data-e-type=\"container\">\n\t\t\t\t<\/div>\n\t\t<div class=\"elementor-element elementor-element-32eb995 e-con-full e-flex wd-section-disabled e-con e-child\" data-id=\"32eb995\" data-element_type=\"container\" data-e-type=\"container\">\n\t\t\t\t<div class=\"elementor-element elementor-element-3555cb2 color-scheme-inherit text-left elementor-widget elementor-widget-text-editor\" data-id=\"3555cb2\" data-element_type=\"widget\" data-e-type=\"widget\" data-widget_type=\"text-editor.default\">\n\t\t\t\t<div class=\"elementor-widget-container\">\n\t\t\t\t\t\t\t\t\t<p>Orak\u00e7\u0131 Makina contin\u00faa su apoyo postventa impartiendo las formaciones te\u00f3ricas y pr\u00e1cticas necesarias con la participaci\u00f3n de su experimentado equipo t\u00e9cnico a los socios comerciales con los que trabaja en el extranjero para el primer montaje, la puesta en marcha y el uso correcto de los productos que ha fabricado en diferentes especificaciones, acabados o desmontados, para diferentes regiones del mundo. Todos los formadores son seleccionados entre los empleados que han trabajado con equipos Orak\u00e7\u0131 durante mucho tiempo y tienen un alto conocimiento de los productos y habilidades pr\u00e1cticas. El objetivo de la formaci\u00f3n es garantizar que los empleados de los clientes tengan las habilidades, el conocimiento y la confianza para llevar a cabo trabajos de servicio, reparaci\u00f3n, diagn\u00f3stico y mantenimiento de los equipos Orak\u00e7\u0131.<\/p>\t\t\t\t\t\t\t\t<\/div>\n\t\t\t\t<\/div>\n\t\t\t\t<\/div>\n\t\t\t\t\t<\/div>\n\t\t\t\t<\/div>\n\t\t\t\t<\/div>","protected":false},"excerpt":{"rendered":"<p>Sat\u0131\u015f Sonras\u0131 Hizmet &#8220;Global pazarlarda g\u00fc\u00e7l\u00fc bir marka olmak i\u00e7in, i\u015f ortaklar\u0131m\u0131z arac\u0131l\u0131\u011f\u0131 ile her daim, son kullan\u0131c\u0131n\u0131n yan\u0131nday\u0131z.&#8221; Uluslararas\u0131<\/p>","protected":false},"author":3,"featured_media":0,"parent":0,"menu_order":0,"comment_status":"closed","ping_status":"closed","template":"elementor_header_footer","meta":{"footnotes":""},"class_list":["post-16111","page","type-page","status-publish","hentry"],"_links":{"self":[{"href":"https:\/\/www.orakcimakina.com\/es\/wp-json\/wp\/v2\/pages\/16111","targetHints":{"allow":["GET"]}}],"collection":[{"href":"https:\/\/www.orakcimakina.com\/es\/wp-json\/wp\/v2\/pages"}],"about":[{"href":"https:\/\/www.orakcimakina.com\/es\/wp-json\/wp\/v2\/types\/page"}],"author":[{"embeddable":true,"href":"https:\/\/www.orakcimakina.com\/es\/wp-json\/wp\/v2\/users\/3"}],"replies":[{"embeddable":true,"href":"https:\/\/www.orakcimakina.com\/es\/wp-json\/wp\/v2\/comments?post=16111"}],"version-history":[{"count":0,"href":"https:\/\/www.orakcimakina.com\/es\/wp-json\/wp\/v2\/pages\/16111\/revisions"}],"wp:attachment":[{"href":"https:\/\/www.orakcimakina.com\/es\/wp-json\/wp\/v2\/media?parent=16111"}],"curies":[{"name":"wp","href":"https:\/\/api.w.org\/{rel}","templated":true}]}}