{"id":16064,"date":"2024-01-04T18:48:00","date_gmt":"2024-01-04T15:48:00","guid":{"rendered":"https:\/\/www.orakcimakina.com\/?page_id=16064"},"modified":"2025-05-27T09:26:16","modified_gmt":"2025-05-27T06:26:16","slug":"por-que-la-parca","status":"publish","type":"page","link":"https:\/\/www.orakcimakina.com\/es\/neden-orakci\/","title":{"rendered":"Por qu\u00e9 Orak\u00e7\u0131"},"content":{"rendered":"<div data-elementor-type=\"wp-page\" data-elementor-id=\"16064\" class=\"elementor elementor-16064\">\n\t\t\t\t<div class=\"elementor-element elementor-element-3b00842 e-con-full wd-section-stretch-content e-flex e-con e-parent\" data-id=\"3b00842\" data-element_type=\"container\" data-e-type=\"container\" data-settings=\"{&quot;background_background&quot;:&quot;classic&quot;}\">\n\t\t\t\t<div class=\"elementor-element elementor-element-43f7dac elementor-widget elementor-widget-heading\" data-id=\"43f7dac\" data-element_type=\"widget\" data-e-type=\"widget\" data-widget_type=\"heading.default\">\n\t\t\t\t<div class=\"elementor-widget-container\">\n\t\t\t\t\t<h1 class=\"elementor-heading-title elementor-size-default\">\u00bfPor qu\u00e9?<br>\n\u00bfOrak\u00e7\u0131?<\/h1>\t\t\t\t<\/div>\n\t\t\t\t<\/div>\n\t\t\t\t<\/div>\n\t\t<div class=\"elementor-element elementor-element-f8b6e64 e-flex e-con-boxed wd-section-disabled e-con e-parent\" data-id=\"f8b6e64\" data-element_type=\"container\" data-e-type=\"container\" id=\"esnek-tasar\u0131m-ve-uretim-yetenegi\" data-settings=\"{&quot;background_background&quot;:&quot;classic&quot;}\">\n\t\t\t\t\t<div class=\"e-con-inner\">\n\t\t\t\t<div class=\"elementor-element elementor-element-69673dd elementor-widget elementor-widget-menu-anchor\" data-id=\"69673dd\" data-element_type=\"widget\" data-e-type=\"widget\" data-widget_type=\"menu-anchor.default\">\n\t\t\t\t<div class=\"elementor-widget-container\">\n\t\t\t\t\t\t\t<div class=\"elementor-menu-anchor\" id=\"esnek-tasarim\"><\/div>\n\t\t\t\t\t\t<\/div>\n\t\t\t\t<\/div>\n\t\t\t\t<div class=\"elementor-element elementor-element-65344ec elementor-widget elementor-widget-heading\" data-id=\"65344ec\" data-element_type=\"widget\" data-e-type=\"widget\" data-widget_type=\"heading.default\">\n\t\t\t\t<div class=\"elementor-widget-container\">\n\t\t\t\t\t<h2 class=\"elementor-heading-title elementor-size-default\">Neden Orak\u00e7\u0131 Makina? <br>Cevap; Esnek Tasar\u0131m ve \u00dcretim Yetene\u011fi<\/h2>\t\t\t\t<\/div>\n\t\t\t\t<\/div>\n\t\t\t\t<div class=\"elementor-element elementor-element-23cdd49 elementor-widget elementor-widget-image\" data-id=\"23cdd49\" data-element_type=\"widget\" data-e-type=\"widget\" data-widget_type=\"image.default\">\n\t\t\t\t<div class=\"elementor-widget-container\">\n\t\t\t\t\t\t\t\t\t\t\t\t\t\t\t<img fetchpriority=\"high\" decoding=\"async\" width=\"1672\" height=\"787\" src=\"https:\/\/www.orakcimakina.com\/wp-content\/themes\/woodmart\/images\/lazy.png\" class=\"attachment-full size-full wp-image-16067 wd-lazy-load wd-lazy-none\" alt=\"\" srcset=\"\" sizes=\"(max-width: 1672px) 100vw, 1672px\" data-wood-src=\"https:\/\/www.orakcimakina.com\/wp-content\/uploads\/2024\/01\/neden-orakci-page-1.png.webp\" data-srcset=\"https:\/\/www.orakcimakina.com\/wp-content\/uploads\/2024\/01\/neden-orakci-page-1.png.webp 1672w, https:\/\/www.orakcimakina.com\/wp-content\/uploads\/2024\/01\/neden-orakci-page-1.png-400x188.webp 400w, https:\/\/www.orakcimakina.com\/wp-content\/uploads\/2024\/01\/neden-orakci-page-1.png-1300x612.webp 1300w, https:\/\/www.orakcimakina.com\/wp-content\/uploads\/2024\/01\/neden-orakci-page-1.png-768x361.webp 768w, https:\/\/www.orakcimakina.com\/wp-content\/uploads\/2024\/01\/neden-orakci-page-1.png-1536x723.webp 1536w\" title=\"\">\t\t\t\t\t\t\t\t\t\t\t\t\t\t\t<\/div>\n\t\t\t\t<\/div>\n\t\t\t\t\t<\/div>\n\t\t\t\t<\/div>\n\t\t<div class=\"elementor-element elementor-element-253e3de e-flex e-con-boxed wd-section-disabled e-con e-parent\" data-id=\"253e3de\" data-element_type=\"container\" data-e-type=\"container\">\n\t\t\t\t\t<div class=\"e-con-inner\">\n\t\t<div class=\"elementor-element elementor-element-5133553 e-con-full e-flex wd-section-disabled e-con e-child\" data-id=\"5133553\" data-element_type=\"container\" data-e-type=\"container\">\n\t\t\t\t<div class=\"elementor-element elementor-element-933937c elementor-widget elementor-widget-heading\" data-id=\"933937c\" data-element_type=\"widget\" data-e-type=\"widget\" data-widget_type=\"heading.default\">\n\t\t\t\t<div class=\"elementor-widget-container\">\n\t\t\t\t\t<div class=\"elementor-heading-title elementor-size-default\">\"Dise\u00f1emos juntos los productos que necesita\".<\/div>\t\t\t\t<\/div>\n\t\t\t\t<\/div>\n\t\t\t\t<\/div>\n\t\t<div class=\"elementor-element elementor-element-321525e e-con-full e-flex wd-section-disabled e-con e-child\" data-id=\"321525e\" data-element_type=\"container\" data-e-type=\"container\">\n\t\t\t\t<div class=\"elementor-element elementor-element-a1e8080 color-scheme-inherit text-left elementor-widget elementor-widget-text-editor\" data-id=\"a1e8080\" data-element_type=\"widget\" data-e-type=\"widget\" data-widget_type=\"text-editor.default\">\n\t\t\t\t<div class=\"elementor-widget-container\">\n\t\t\t\t\t\t\t\t\t<p><span style=\"font-size: 16px; background-color: var(--wd-main-bgcolor);\">Adem\u00e1s de nuestros productos est\u00e1ndar, desarrollamos nuevos productos aptos para distintas condiciones ambientales y clim\u00e1ticas en consonancia con las expectativas, necesidades y demandas de su mercado actual o al que se dirigen. Creamos colaboraciones s\u00f3lidas, competitivas y a largo plazo con m\u00e9todos de trabajo diferentes y flexibles, como productos acabados, productos desmontados o suministro de equipos con veh\u00edculos, y crecemos y nos desarrollamos junto con nuestros clientes. Esta estructura flexible, que nos permite ofrecer equipos de dise\u00f1o exclusivo personalizados seg\u00fan las condiciones locales de los mercados a los que servimos, contribuye tambi\u00e9n a aumentar el poder de mercado de los clientes con los que colaboramos. Garantizamos esta flexibilidad con nuestro experto equipo de proyectos, que puede llevar a cabo diferentes proyectos de forma conjunta, nuestro experimentado personal de producci\u00f3n y asistencia, y la potencia que nos proporciona nuestra infraestructura tecnol\u00f3gica.<\/span><\/p>\t\t\t\t\t\t\t\t<\/div>\n\t\t\t\t<\/div>\n\t\t\t\t<\/div>\n\t\t\t\t\t<\/div>\n\t\t\t\t<\/div>\n\t\t<div class=\"elementor-element elementor-element-b0c3af6 e-flex e-con-boxed wd-section-disabled e-con e-parent\" data-id=\"b0c3af6\" data-element_type=\"container\" data-e-type=\"container\" id=\"dijital-donusum\">\n\t\t\t\t\t<div class=\"e-con-inner\">\n\t\t\t\t<div class=\"elementor-element elementor-element-6b2415d elementor-widget elementor-widget-menu-anchor\" data-id=\"6b2415d\" data-element_type=\"widget\" data-e-type=\"widget\" data-widget_type=\"menu-anchor.default\">\n\t\t\t\t<div class=\"elementor-widget-container\">\n\t\t\t\t\t\t\t<div class=\"elementor-menu-anchor\" id=\"dijital-donusum\"><\/div>\n\t\t\t\t\t\t<\/div>\n\t\t\t\t<\/div>\n\t\t\t\t<div class=\"elementor-element elementor-element-efa4c2f elementor-widget elementor-widget-heading\" data-id=\"efa4c2f\" data-element_type=\"widget\" data-e-type=\"widget\" data-widget_type=\"heading.default\">\n\t\t\t\t<div class=\"elementor-widget-container\">\n\t\t\t\t\t<h2 class=\"elementor-heading-title elementor-size-default\">Transformaci\u00f3n digital\n<\/h2>\t\t\t\t<\/div>\n\t\t\t\t<\/div>\n\t\t\t\t<div class=\"elementor-element elementor-element-63df09f elementor-widget elementor-widget-image\" data-id=\"63df09f\" data-element_type=\"widget\" data-e-type=\"widget\" data-widget_type=\"image.default\">\n\t\t\t\t<div class=\"elementor-widget-container\">\n\t\t\t\t\t\t\t\t\t\t\t\t\t\t\t<img decoding=\"async\" width=\"1676\" height=\"785\" src=\"https:\/\/www.orakcimakina.com\/wp-content\/themes\/woodmart\/images\/lazy.png\" class=\"attachment-full size-full wp-image-16069 wd-lazy-load wd-lazy-none\" alt=\"\" srcset=\"\" sizes=\"(max-width: 1676px) 100vw, 1676px\" data-wood-src=\"https:\/\/www.orakcimakina.com\/wp-content\/uploads\/2024\/01\/Dijital-Donusum-1.png.webp\" data-srcset=\"https:\/\/www.orakcimakina.com\/wp-content\/uploads\/2024\/01\/Dijital-Donusum-1.png.webp 1676w, https:\/\/www.orakcimakina.com\/wp-content\/uploads\/2024\/01\/Dijital-Donusum-1.png-400x187.webp 400w, https:\/\/www.orakcimakina.com\/wp-content\/uploads\/2024\/01\/Dijital-Donusum-1.png-1300x609.webp 1300w, https:\/\/www.orakcimakina.com\/wp-content\/uploads\/2024\/01\/Dijital-Donusum-1.png-768x360.webp 768w, https:\/\/www.orakcimakina.com\/wp-content\/uploads\/2024\/01\/Dijital-Donusum-1.png-1536x719.webp 1536w\" title=\"\">\t\t\t\t\t\t\t\t\t\t\t\t\t\t\t<\/div>\n\t\t\t\t<\/div>\n\t\t\t\t\t<\/div>\n\t\t\t\t<\/div>\n\t\t<div class=\"elementor-element elementor-element-a6b7225 e-flex e-con-boxed wd-section-disabled e-con e-parent\" data-id=\"a6b7225\" data-element_type=\"container\" data-e-type=\"container\">\n\t\t\t\t\t<div class=\"e-con-inner\">\n\t\t<div class=\"elementor-element elementor-element-ee8b20b e-con-full e-flex wd-section-disabled e-con e-child\" data-id=\"ee8b20b\" data-element_type=\"container\" data-e-type=\"container\">\n\t\t\t\t<div class=\"elementor-element elementor-element-8330839 elementor-widget elementor-widget-heading\" data-id=\"8330839\" data-element_type=\"widget\" data-e-type=\"widget\" data-widget_type=\"heading.default\">\n\t\t\t\t<div class=\"elementor-widget-container\">\n\t\t\t\t\t<div class=\"elementor-heading-title elementor-size-default\">\"Nuestra calidad est\u00e1 bajo control con la infraestructura integrada de gesti\u00f3n de procesos digitales\".<\/div>\t\t\t\t<\/div>\n\t\t\t\t<\/div>\n\t\t\t\t<\/div>\n\t\t<div class=\"elementor-element elementor-element-278fa69 e-con-full e-flex wd-section-disabled e-con e-child\" data-id=\"278fa69\" data-element_type=\"container\" data-e-type=\"container\">\n\t\t\t\t<div class=\"elementor-element elementor-element-eaa9009 color-scheme-inherit text-left elementor-widget elementor-widget-text-editor\" data-id=\"eaa9009\" data-element_type=\"widget\" data-e-type=\"widget\" data-widget_type=\"text-editor.default\">\n\t\t\t\t<div class=\"elementor-widget-container\">\n\t\t\t\t\t\t\t\t\t<p>Hemos asegurado nuestra calidad mediante la estandarizaci\u00f3n de nuestros productos y procesos. Entendiendo la \"Gesti\u00f3n por Procesos\", hemos iniciado el proceso de \"Transformaci\u00f3n Digital\" para trabajar de forma eficaz y eficiente bas\u00e1ndonos en los datos y lo mejoramos d\u00eda a d\u00eda. Adem\u00e1s de aumentar el uso de programas ya preparados que han demostrado su \u00e9xito para llevar a cabo los procesos de nuestro sistema de gesti\u00f3n de forma correcta y saludable, utilizamos todos nuestros procesos de gesti\u00f3n de forma m\u00e1s eficaz con IFS ERP. Seguimos desarrollando nuestra infraestructura en funci\u00f3n de nuestras necesidades cambiantes de cada d\u00eda.  Gestionamos nuestros procesos de dise\u00f1o (Autodesk Inventor, Autodesk Vault), an\u00e1lisis (ANSYS), control y verificaci\u00f3n equilibrados (Recurdyn), gesti\u00f3n de la documentaci\u00f3n de calidad (QDMS), gesti\u00f3n de las relaciones con los clientes (CRM), planificaci\u00f3n de la producci\u00f3n, seguimiento de la producci\u00f3n, control de calidad, gesti\u00f3n del inventario (IFS ERP) con infraestructura digital y garantizamos nuestra calidad.<\/p>\t\t\t\t\t\t\t\t<\/div>\n\t\t\t\t<\/div>\n\t\t\t\t<\/div>\n\t\t\t\t\t<\/div>\n\t\t\t\t<\/div>\n\t\t<div class=\"elementor-element elementor-element-360f280 e-flex e-con-boxed wd-section-disabled e-con e-parent\" data-id=\"360f280\" data-element_type=\"container\" data-e-type=\"container\" id=\"once-biz-deniyoruz\">\n\t\t\t\t\t<div class=\"e-con-inner\">\n\t\t\t\t<div class=\"elementor-element elementor-element-89d372c elementor-widget elementor-widget-menu-anchor\" data-id=\"89d372c\" data-element_type=\"widget\" data-e-type=\"widget\" data-widget_type=\"menu-anchor.default\">\n\t\t\t\t<div class=\"elementor-widget-container\">\n\t\t\t\t\t\t\t<div class=\"elementor-menu-anchor\" id=\"once-biz-deniyoruz\"><\/div>\n\t\t\t\t\t\t<\/div>\n\t\t\t\t<\/div>\n\t\t\t\t<div class=\"elementor-element elementor-element-ff2eced elementor-widget elementor-widget-heading\" data-id=\"ff2eced\" data-element_type=\"widget\" data-e-type=\"widget\" data-widget_type=\"heading.default\">\n\t\t\t\t<div class=\"elementor-widget-container\">\n\t\t\t\t\t<h2 class=\"elementor-heading-title elementor-size-default\">Probamos primero<\/h2>\t\t\t\t<\/div>\n\t\t\t\t<\/div>\n\t\t\t\t<div class=\"elementor-element elementor-element-80925a4 elementor-widget elementor-widget-image\" data-id=\"80925a4\" data-element_type=\"widget\" data-e-type=\"widget\" data-widget_type=\"image.default\">\n\t\t\t\t<div class=\"elementor-widget-container\">\n\t\t\t\t\t\t\t\t\t\t\t\t\t\t\t<img decoding=\"async\" width=\"1300\" height=\"612\" src=\"https:\/\/www.orakcimakina.com\/wp-content\/themes\/woodmart\/images\/lazy.png\" class=\"attachment-large size-large wp-image-16070 wd-lazy-load wd-lazy-none\" alt=\"\" srcset=\"\" sizes=\"(max-width: 1300px) 100vw, 1300px\" data-wood-src=\"https:\/\/www.orakcimakina.com\/wp-content\/uploads\/2024\/01\/Once-Biz-Deniyoruz-1.png-1300x612.webp\" data-srcset=\"https:\/\/www.orakcimakina.com\/wp-content\/uploads\/2024\/01\/Once-Biz-Deniyoruz-1.png-1300x612.webp 1300w, https:\/\/www.orakcimakina.com\/wp-content\/uploads\/2024\/01\/Once-Biz-Deniyoruz-1.png-400x188.webp 400w, https:\/\/www.orakcimakina.com\/wp-content\/uploads\/2024\/01\/Once-Biz-Deniyoruz-1.png-768x361.webp 768w, https:\/\/www.orakcimakina.com\/wp-content\/uploads\/2024\/01\/Once-Biz-Deniyoruz-1.png-1536x723.webp 1536w, https:\/\/www.orakcimakina.com\/wp-content\/uploads\/2024\/01\/Once-Biz-Deniyoruz-1.png.webp 1672w\" title=\"\">\t\t\t\t\t\t\t\t\t\t\t\t\t\t\t<\/div>\n\t\t\t\t<\/div>\n\t\t\t\t\t<\/div>\n\t\t\t\t<\/div>\n\t\t<div class=\"elementor-element elementor-element-3370e3c e-flex e-con-boxed wd-section-disabled e-con e-parent\" data-id=\"3370e3c\" data-element_type=\"container\" data-e-type=\"container\">\n\t\t\t\t\t<div class=\"e-con-inner\">\n\t\t<div class=\"elementor-element elementor-element-aa60ff4 e-con-full e-flex wd-section-disabled e-con e-child\" data-id=\"aa60ff4\" data-element_type=\"container\" data-e-type=\"container\">\n\t\t\t\t<div class=\"elementor-element elementor-element-7870a5c elementor-widget elementor-widget-heading\" data-id=\"7870a5c\" data-element_type=\"widget\" data-e-type=\"widget\" data-widget_type=\"heading.default\">\n\t\t\t\t<div class=\"elementor-widget-container\">\n\t\t\t\t\t<div class=\"elementor-heading-title elementor-size-default\">\"Hicimos de nuestra experiencia de usuario la fuente de aportaci\u00f3n al dise\u00f1o\".<\/div>\t\t\t\t<\/div>\n\t\t\t\t<\/div>\n\t\t\t\t<\/div>\n\t\t<div class=\"elementor-element elementor-element-7483914 e-con-full e-flex wd-section-disabled e-con e-child\" data-id=\"7483914\" data-element_type=\"container\" data-e-type=\"container\">\n\t\t\t\t<div class=\"elementor-element elementor-element-9e73ed2 color-scheme-inherit text-left elementor-widget elementor-widget-text-editor\" data-id=\"9e73ed2\" data-element_type=\"widget\" data-e-type=\"widget\" data-widget_type=\"text-editor.default\">\n\t\t\t\t<div class=\"elementor-widget-container\">\n\t\t\t\t\t\t\t\t\t<p>Nuestro mayor apoyo en las fases de prueba es nuestra empresa hermana y cliente ORTEM, que opera en el sector de la recogida de residuos y la limpieza urbana. Junto con ORTEM, nos aseguramos de que nuestros equipos se prueben en condiciones reales y podamos determinar las necesidades de los usuarios sobre los equipos de forma concreta. Sometemos los primeros prototipos de nuestros equipos dise\u00f1ados a pruebas de campo en condiciones reales durante un m\u00ednimo de 6 meses. Dentro del \u00e1mbito de la prueba de campo, comprobamos nuestros equipos semanal y mensualmente a intervalos de frecuencia variable y obtenemos los desarrollos que deseamos observar en detalle con el alcance completo. La presencia de ORTEM proporciona un apoyo \u00fanico en t\u00e9rminos de aportaciones al dise\u00f1o durante la fase de desarrollo del producto, y resulta muy eficaz para ganar tiempo y nuevas perspectivas a la hora de determinar el an\u00e1lisis de los efectos estructurales en los productos que se van a dise\u00f1ar.<\/p>\t\t\t\t\t\t\t\t<\/div>\n\t\t\t\t<\/div>\n\t\t\t\t<\/div>\n\t\t\t\t\t<\/div>\n\t\t\t\t<\/div>\n\t\t<div class=\"elementor-element elementor-element-d89a046 e-flex e-con-boxed wd-section-disabled e-con e-parent\" data-id=\"d89a046\" data-element_type=\"container\" data-e-type=\"container\" id=\"guclu-satis-sonrasi-destek\">\n\t\t\t\t\t<div class=\"e-con-inner\">\n\t\t\t\t<div class=\"elementor-element elementor-element-675dd50 elementor-widget elementor-widget-menu-anchor\" data-id=\"675dd50\" data-element_type=\"widget\" data-e-type=\"widget\" data-widget_type=\"menu-anchor.default\">\n\t\t\t\t<div class=\"elementor-widget-container\">\n\t\t\t\t\t\t\t<div class=\"elementor-menu-anchor\" id=\"guclu-satis\"><\/div>\n\t\t\t\t\t\t<\/div>\n\t\t\t\t<\/div>\n\t\t\t\t<div class=\"elementor-element elementor-element-3ce0499 elementor-widget elementor-widget-heading\" data-id=\"3ce0499\" data-element_type=\"widget\" data-e-type=\"widget\" data-widget_type=\"heading.default\">\n\t\t\t\t<div class=\"elementor-widget-container\">\n\t\t\t\t\t<h2 class=\"elementor-heading-title elementor-size-default\">Fuerte apoyo posventa<\/h2>\t\t\t\t<\/div>\n\t\t\t\t<\/div>\n\t\t\t\t<div class=\"elementor-element elementor-element-5c713bf elementor-widget elementor-widget-image\" data-id=\"5c713bf\" data-element_type=\"widget\" data-e-type=\"widget\" data-widget_type=\"image.default\">\n\t\t\t\t<div class=\"elementor-widget-container\">\n\t\t\t\t\t\t\t\t\t\t\t\t\t\t\t<img loading=\"lazy\" decoding=\"async\" width=\"1300\" height=\"612\" src=\"https:\/\/www.orakcimakina.com\/wp-content\/themes\/woodmart\/images\/lazy.png\" class=\"attachment-large size-large wp-image-16071 wd-lazy-load wd-lazy-none\" alt=\"\" srcset=\"\" sizes=\"(max-width: 1300px) 100vw, 1300px\" data-wood-src=\"https:\/\/www.orakcimakina.com\/wp-content\/uploads\/2024\/01\/Guclu-Satis-Sonrasi-Destek-1.png-1300x612.webp\" data-srcset=\"https:\/\/www.orakcimakina.com\/wp-content\/uploads\/2024\/01\/Guclu-Satis-Sonrasi-Destek-1.png-1300x612.webp 1300w, https:\/\/www.orakcimakina.com\/wp-content\/uploads\/2024\/01\/Guclu-Satis-Sonrasi-Destek-1.png-400x188.webp 400w, https:\/\/www.orakcimakina.com\/wp-content\/uploads\/2024\/01\/Guclu-Satis-Sonrasi-Destek-1.png-768x361.webp 768w, https:\/\/www.orakcimakina.com\/wp-content\/uploads\/2024\/01\/Guclu-Satis-Sonrasi-Destek-1.png-1536x723.webp 1536w, https:\/\/www.orakcimakina.com\/wp-content\/uploads\/2024\/01\/Guclu-Satis-Sonrasi-Destek-1.png.webp 1672w\" title=\"\">\t\t\t\t\t\t\t\t\t\t\t\t\t\t\t<\/div>\n\t\t\t\t<\/div>\n\t\t\t\t\t<\/div>\n\t\t\t\t<\/div>\n\t\t<div class=\"elementor-element elementor-element-94322a7 e-flex e-con-boxed wd-section-disabled e-con e-parent\" data-id=\"94322a7\" data-element_type=\"container\" data-e-type=\"container\">\n\t\t\t\t\t<div class=\"e-con-inner\">\n\t\t<div class=\"elementor-element elementor-element-0c33712 e-con-full e-flex wd-section-disabled e-con e-child\" data-id=\"0c33712\" data-element_type=\"container\" data-e-type=\"container\">\n\t\t\t\t<div class=\"elementor-element elementor-element-95d0b61 elementor-widget elementor-widget-heading\" data-id=\"95d0b61\" data-element_type=\"widget\" data-e-type=\"widget\" data-widget_type=\"heading.default\">\n\t\t\t\t<div class=\"elementor-widget-container\">\n\t\t\t\t\t<div class=\"elementor-heading-title elementor-size-default\">\"Est\u00e1 ah\u00ed para ti en cualquier situaci\u00f3n en que lo necesites\".<\/div>\t\t\t\t<\/div>\n\t\t\t\t<\/div>\n\t\t\t\t<\/div>\n\t\t<div class=\"elementor-element elementor-element-32eb995 e-con-full e-flex wd-section-disabled e-con e-child\" data-id=\"32eb995\" data-element_type=\"container\" data-e-type=\"container\">\n\t\t\t\t<div class=\"elementor-element elementor-element-3555cb2 color-scheme-inherit text-left elementor-widget elementor-widget-text-editor\" data-id=\"3555cb2\" data-element_type=\"widget\" data-e-type=\"widget\" data-widget_type=\"text-editor.default\">\n\t\t\t\t<div class=\"elementor-widget-container\">\n\t\t\t\t\t\t\t\t\t<p>Prestamos servicios de asistencia, servicio y formaci\u00f3n a distancia o in situ al personal de nuestros clientes y\/o usuarios finales en todos los temas que puedan necesitar, como uso, mantenimiento, detecci\u00f3n de aver\u00edas, soluci\u00f3n de problemas, montaje de equipos, suministro de piezas de repuesto. Nuestra capacidad para intervenir inmediatamente en posibles problemas, el acceso remoto a los circuitos electr\u00f3nicos y el r\u00e1pido suministro y entrega de piezas de repuesto son la raz\u00f3n principal de la cooperaci\u00f3n a largo plazo que hemos establecido con nuestros clientes.<\/p>\t\t\t\t\t\t\t\t<\/div>\n\t\t\t\t<\/div>\n\t\t\t\t<\/div>\n\t\t\t\t\t<\/div>\n\t\t\t\t<\/div>\n\t\t<div class=\"elementor-element elementor-element-d59025a e-flex e-con-boxed wd-section-disabled e-con e-parent\" data-id=\"d59025a\" data-element_type=\"container\" data-e-type=\"container\" id=\"kullanici-dostu-cozumler\">\n\t\t\t\t\t<div class=\"e-con-inner\">\n\t\t\t\t<div class=\"elementor-element elementor-element-3ff1fcb elementor-widget elementor-widget-menu-anchor\" data-id=\"3ff1fcb\" data-element_type=\"widget\" data-e-type=\"widget\" data-widget_type=\"menu-anchor.default\">\n\t\t\t\t<div class=\"elementor-widget-container\">\n\t\t\t\t\t\t\t<div class=\"elementor-menu-anchor\" id=\"kullanici-dostu-cozumler\"><\/div>\n\t\t\t\t\t\t<\/div>\n\t\t\t\t<\/div>\n\t\t\t\t<div class=\"elementor-element elementor-element-5a88de8 elementor-widget elementor-widget-heading\" data-id=\"5a88de8\" data-element_type=\"widget\" data-e-type=\"widget\" data-widget_type=\"heading.default\">\n\t\t\t\t<div class=\"elementor-widget-container\">\n\t\t\t\t\t<h2 class=\"elementor-heading-title elementor-size-default\">Soluciones f\u00e1ciles de usar\n<\/h2>\t\t\t\t<\/div>\n\t\t\t\t<\/div>\n\t\t\t\t\t<\/div>\n\t\t\t\t<\/div>\n\t\t<div class=\"elementor-element elementor-element-3bdfe95 e-flex e-con-boxed wd-section-disabled e-con e-parent\" data-id=\"3bdfe95\" data-element_type=\"container\" data-e-type=\"container\">\n\t\t\t\t\t<div class=\"e-con-inner\">\n\t\t\t\t<div class=\"elementor-element elementor-element-46bb5b4 elementor-widget elementor-widget-image\" data-id=\"46bb5b4\" data-element_type=\"widget\" data-e-type=\"widget\" data-widget_type=\"image.default\">\n\t\t\t\t<div class=\"elementor-widget-container\">\n\t\t\t\t\t\t\t\t\t\t\t\t\t\t\t<img loading=\"lazy\" decoding=\"async\" width=\"1300\" height=\"612\" src=\"https:\/\/www.orakcimakina.com\/wp-content\/themes\/woodmart\/images\/lazy.png\" class=\"attachment-large size-large wp-image-16072 wd-lazy-load wd-lazy-none\" alt=\"\" srcset=\"\" sizes=\"(max-width: 1300px) 100vw, 1300px\" data-wood-src=\"https:\/\/www.orakcimakina.com\/wp-content\/uploads\/2024\/01\/Kullanici-Dostu-Cozumler-1.png-1300x612.webp\" data-srcset=\"https:\/\/www.orakcimakina.com\/wp-content\/uploads\/2024\/01\/Kullanici-Dostu-Cozumler-1.png-1300x612.webp 1300w, https:\/\/www.orakcimakina.com\/wp-content\/uploads\/2024\/01\/Kullanici-Dostu-Cozumler-1.png-400x188.webp 400w, https:\/\/www.orakcimakina.com\/wp-content\/uploads\/2024\/01\/Kullanici-Dostu-Cozumler-1.png-768x361.webp 768w, https:\/\/www.orakcimakina.com\/wp-content\/uploads\/2024\/01\/Kullanici-Dostu-Cozumler-1.png-1536x723.webp 1536w, https:\/\/www.orakcimakina.com\/wp-content\/uploads\/2024\/01\/Kullanici-Dostu-Cozumler-1.png.webp 1672w\" title=\"\">\t\t\t\t\t\t\t\t\t\t\t\t\t\t\t<\/div>\n\t\t\t\t<\/div>\n\t\t\t\t\t<\/div>\n\t\t\t\t<\/div>\n\t\t<div class=\"elementor-element elementor-element-6955f0b e-flex e-con-boxed wd-section-disabled e-con e-parent\" data-id=\"6955f0b\" data-element_type=\"container\" data-e-type=\"container\">\n\t\t\t\t\t<div class=\"e-con-inner\">\n\t\t<div class=\"elementor-element elementor-element-20fdd1e e-con-full e-flex wd-section-disabled e-con e-child\" data-id=\"20fdd1e\" data-element_type=\"container\" data-e-type=\"container\">\n\t\t\t\t<div class=\"elementor-element elementor-element-59027c2 elementor-widget elementor-widget-heading\" data-id=\"59027c2\" data-element_type=\"widget\" data-e-type=\"widget\" data-widget_type=\"heading.default\">\n\t\t\t\t<div class=\"elementor-widget-container\">\n\t\t\t\t\t<div class=\"elementor-heading-title elementor-size-default\">\"Productos seguros, econ\u00f3micos y f\u00e1ciles de usar\".<\/div>\t\t\t\t<\/div>\n\t\t\t\t<\/div>\n\t\t\t\t<\/div>\n\t\t<div class=\"elementor-element elementor-element-7d1eac0 e-con-full e-flex wd-section-disabled e-con e-child\" data-id=\"7d1eac0\" data-element_type=\"container\" data-e-type=\"container\">\n\t\t\t\t<div class=\"elementor-element elementor-element-8ac39d5 color-scheme-inherit text-left elementor-widget elementor-widget-text-editor\" data-id=\"8ac39d5\" data-element_type=\"widget\" data-e-type=\"widget\" data-widget_type=\"text-editor.default\">\n\t\t\t\t<div class=\"elementor-widget-container\">\n\t\t\t\t\t\t\t\t\t<p>Nuestros productos son f\u00e1ciles de usar, producimos y desarrollamos dise\u00f1os que cumplen las normas mundiales de seguridad laboral y dan prioridad a la facilidad de uso. Tambi\u00e9n ofrecemos soluciones opcionales adecuadas a las condiciones ambientales locales y a los estilos de trabajo de los mercados a los que servimos. La facilidad de mantenimiento y los bajos costes de mantenimiento y uso de nuestros productos son algunas de nuestras prioridades de dise\u00f1o.<\/p>\t\t\t\t\t\t\t\t<\/div>\n\t\t\t\t<\/div>\n\t\t\t\t<\/div>\n\t\t\t\t\t<\/div>\n\t\t\t\t<\/div>\n\t\t\t\t<\/div>","protected":false},"excerpt":{"rendered":"<p>Neden Orak\u00e7\u0131? Neden Orak\u00e7\u0131 Makina? Cevap; Esnek Tasar\u0131m ve \u00dcretim Yetene\u011fi \u201c\u0130htiyac\u0131n\u0131z olan \u00fcr\u00fcnleri birlikte tasarlayal\u0131m.\u201d Standart \u00fcr\u00fcnlerimizin yan\u0131 s\u0131ra,<\/p>","protected":false},"author":3,"featured_media":0,"parent":0,"menu_order":0,"comment_status":"closed","ping_status":"closed","template":"elementor_header_footer","meta":{"footnotes":""},"class_list":["post-16064","page","type-page","status-publish","hentry"],"_links":{"self":[{"href":"https:\/\/www.orakcimakina.com\/es\/wp-json\/wp\/v2\/pages\/16064","targetHints":{"allow":["GET"]}}],"collection":[{"href":"https:\/\/www.orakcimakina.com\/es\/wp-json\/wp\/v2\/pages"}],"about":[{"href":"https:\/\/www.orakcimakina.com\/es\/wp-json\/wp\/v2\/types\/page"}],"author":[{"embeddable":true,"href":"https:\/\/www.orakcimakina.com\/es\/wp-json\/wp\/v2\/users\/3"}],"replies":[{"embeddable":true,"href":"https:\/\/www.orakcimakina.com\/es\/wp-json\/wp\/v2\/comments?post=16064"}],"version-history":[{"count":0,"href":"https:\/\/www.orakcimakina.com\/es\/wp-json\/wp\/v2\/pages\/16064\/revisions"}],"wp:attachment":[{"href":"https:\/\/www.orakcimakina.com\/es\/wp-json\/wp\/v2\/media?parent=16064"}],"curies":[{"name":"wp","href":"https:\/\/api.w.org\/{rel}","templated":true}]}}