{"id":15967,"date":"2024-01-04T17:56:14","date_gmt":"2024-01-04T14:56:14","guid":{"rendered":"https:\/\/www.orakcimakina.com\/?page_id=15967"},"modified":"2025-05-27T09:20:38","modified_gmt":"2025-05-27T06:20:38","slug":"plataforma-telescopica-otp","status":"publish","type":"page","link":"https:\/\/www.orakcimakina.com\/es\/yuksekte-calisma-platformlari\/otp-teleskopik-platform\/","title":{"rendered":"Plataforma telesc\u00f3pica OTP"},"content":{"rendered":"<div data-elementor-type=\"wp-page\" data-elementor-id=\"15967\" class=\"elementor elementor-15967\">\n\t\t\t\t<div class=\"elementor-element elementor-element-6d89c81 wd-section-stretch e-flex e-con-boxed e-con e-parent\" data-id=\"6d89c81\" data-element_type=\"container\" data-e-type=\"container\" data-settings=\"{&quot;background_background&quot;:&quot;classic&quot;}\">\n\t\t\t\t\t<div class=\"e-con-inner\">\n\t\t\t\t<div class=\"elementor-element elementor-element-208e0a5 elementor-widget elementor-widget-image\" data-id=\"208e0a5\" data-element_type=\"widget\" data-e-type=\"widget\" data-widget_type=\"image.default\">\n\t\t\t\t<div class=\"elementor-widget-container\">\n\t\t\t\t\t\t\t\t\t\t\t\t\t\t\t<img decoding=\"async\" width=\"126\" height=\"91\" src=\"https:\/\/www.orakcimakina.com\/wp-content\/themes\/woodmart\/images\/lazy.png\" class=\"attachment-full size-full wp-image-15961 wd-lazy-load wd-lazy-none\" alt=\"\" data-wood-src=\"https:\/\/www.orakcimakina.com\/wp-content\/uploads\/2024\/01\/YUKSEKTE-CALISMA-PLATFORMLARI.png.webp\" srcset=\"\" title=\"\">\t\t\t\t\t\t\t\t\t\t\t\t\t\t\t<\/div>\n\t\t\t\t<\/div>\n\t\t\t\t<div class=\"elementor-element elementor-element-64ff13a elementor-widget elementor-widget-heading\" data-id=\"64ff13a\" data-element_type=\"widget\" data-e-type=\"widget\" data-widget_type=\"heading.default\">\n\t\t\t\t<div class=\"elementor-widget-container\">\n\t\t\t\t\t<h1 class=\"elementor-heading-title elementor-size-default\"><a href=\"https:\/\/www.orakcimakina.com\/es\/plataformas-de-trabajo-en-altura\/\">Plataformas de trabajo en altura \" Plataforma telesc\u00f3pica OTP<\/a><\/h1>\t\t\t\t<\/div>\n\t\t\t\t<\/div>\n\t\t\t\t\t<\/div>\n\t\t\t\t<\/div>\n\t\t<div class=\"elementor-element elementor-element-b86dc8e e-con-full wd-section-stretch-content e-flex e-con e-parent\" data-id=\"b86dc8e\" data-element_type=\"container\" data-e-type=\"container\" data-settings=\"{&quot;background_background&quot;:&quot;classic&quot;}\">\n\t\t\t\t<div class=\"elementor-element elementor-element-549a708 elementor-widget elementor-widget-heading\" data-id=\"549a708\" data-element_type=\"widget\" data-e-type=\"widget\" data-widget_type=\"heading.default\">\n\t\t\t\t<div class=\"elementor-widget-container\">\n\t\t\t\t\t<h1 class=\"elementor-heading-title elementor-size-default\">OTP Telesc\u00f3pico<br>\n<span style=\"font-size: 20px,\">Plataforma<\/span><\/h1>\t\t\t\t<\/div>\n\t\t\t\t<\/div>\n\t\t\t\t<\/div>\n\t\t<div class=\"elementor-element elementor-element-a7f9193 e-flex e-con-boxed wd-section-disabled e-con e-parent\" data-id=\"a7f9193\" data-element_type=\"container\" data-e-type=\"container\">\n\t\t\t\t\t<div class=\"e-con-inner\">\n\t\t<div class=\"elementor-element elementor-element-01196ee e-con-full e-flex wd-section-disabled e-con e-child\" data-id=\"01196ee\" data-element_type=\"container\" data-e-type=\"container\">\n\t\t\t\t<div class=\"elementor-element elementor-element-6139bf6 color-scheme-inherit text-left elementor-widget elementor-widget-text-editor\" data-id=\"6139bf6\" data-element_type=\"widget\" data-e-type=\"widget\" data-widget_type=\"text-editor.default\">\n\t\t\t\t<div class=\"elementor-widget-container\">\n\t\t\t\t\t\t\t\t\t<p>Las plataformas telesc\u00f3picas auxiliares (OTP) son parte integrante de trabajos exigentes para un funcionamiento c\u00f3modo y seguro en trabajos de altura. Las plataformas telesc\u00f3picas (OTP) est\u00e1n dise\u00f1adas para zonas m\u00e1s altas y de m\u00e1s dif\u00edcil acceso que las plataformas articuladas (OKP). Estas plataformas no son t\u00e9cnicamente aptas para el transporte de cargas. Se utilizan en diferentes \u00e1reas como mantenimiento, reparaci\u00f3n, pintura, trabajos el\u00e9ctricos, limpieza de cristales, poda de \u00e1rboles en altura.<\/p>\t\t\t\t\t\t\t\t<\/div>\n\t\t\t\t<\/div>\n\t\t\t\t<\/div>\n\t\t\t\t\t<\/div>\n\t\t\t\t<\/div>\n\t\t<div class=\"elementor-element elementor-element-7c82d9c e-flex e-con-boxed wd-section-disabled e-con e-parent\" data-id=\"7c82d9c\" data-element_type=\"container\" data-e-type=\"container\">\n\t\t\t\t\t<div class=\"e-con-inner\">\n\t\t\t\t<div class=\"elementor-element elementor-element-79aa6b0 elementor-widget elementor-widget-video\" data-id=\"79aa6b0\" data-element_type=\"widget\" data-e-type=\"widget\" data-settings=\"{&quot;youtube_url&quot;:&quot;https:\\\/\\\/www.youtube.com\\\/watch?v=nwUzqmuZkXc&quot;,&quot;video_type&quot;:&quot;youtube&quot;,&quot;controls&quot;:&quot;yes&quot;}\" data-widget_type=\"video.default\">\n\t\t\t\t<div class=\"elementor-widget-container\">\n\t\t\t\t\t\t\t<div class=\"elementor-wrapper elementor-open-inline\">\n\t\t\t<div class=\"elementor-video\"><\/div>\t\t<\/div>\n\t\t\t\t\t\t<\/div>\n\t\t\t\t<\/div>\n\t\t\t\t\t<\/div>\n\t\t\t\t<\/div>\n\t\t<div class=\"elementor-element elementor-element-34ffd78 e-flex e-con-boxed wd-section-disabled e-con e-parent\" data-id=\"34ffd78\" data-element_type=\"container\" data-e-type=\"container\">\n\t\t\t\t\t<div class=\"e-con-inner\">\n\t\t\t\t<div class=\"elementor-element elementor-element-1249396 color-scheme-inherit text-left elementor-widget elementor-widget-text-editor\" data-id=\"1249396\" data-element_type=\"widget\" data-e-type=\"widget\" data-widget_type=\"text-editor.default\">\n\t\t\t\t<div class=\"elementor-widget-container\">\n\t\t\t\t\t\t\t\t\t<div class=\"fusion-text fusion-text-2\"><p>Los cuatro estabilizadores se controlan independientemente entre s\u00ed y la linealidad de la superficie se garantiza con el indicador de equilibrio. En todas las plataformas telesc\u00f3picas se incluyen paneles de control que pueden controlarse independientemente unos de otros en la torre y la cesta. En los usos algor\u00edtmicos autom\u00e1ticos, se puede proporcionar un uso sensible gracias al joystick y a la estructura proporcional, y se consigue la m\u00e1xima seguridad en el aislamiento el\u00e9ctrico con la cesta de transporte de personal de material compuesto.<\/p><\/div>\t\t\t\t\t\t\t\t<\/div>\n\t\t\t\t<\/div>\n\t\t\t\t\t<\/div>\n\t\t\t\t<\/div>\n\t\t<div class=\"elementor-element elementor-element-94d570c e-flex e-con-boxed wd-section-disabled e-con e-parent\" data-id=\"94d570c\" data-element_type=\"container\" data-e-type=\"container\">\n\t\t\t\t\t<div class=\"e-con-inner\">\n\t\t\t\t<div class=\"elementor-element elementor-element-c8fd2cf elementor-arrows-position-inside elementor-pagination-position-outside elementor-widget elementor-widget-image-carousel\" data-id=\"c8fd2cf\" data-element_type=\"widget\" data-e-type=\"widget\" data-settings=\"{&quot;slides_to_show&quot;:&quot;1&quot;,&quot;navigation&quot;:&quot;both&quot;,&quot;autoplay&quot;:&quot;yes&quot;,&quot;pause_on_hover&quot;:&quot;yes&quot;,&quot;pause_on_interaction&quot;:&quot;yes&quot;,&quot;autoplay_speed&quot;:5000,&quot;infinite&quot;:&quot;yes&quot;,&quot;effect&quot;:&quot;slide&quot;,&quot;speed&quot;:500}\" data-widget_type=\"image-carousel.default\">\n\t\t\t\t<div class=\"elementor-widget-container\">\n\t\t\t\t\t\t\t<div class=\"elementor-image-carousel-wrapper swiper\" role=\"region\" aria-roledescription=\"carousel\" aria-label=\"Carrusel de im\u00e1genes\" dir=\"ltr\">\n\t\t\t<div class=\"elementor-image-carousel swiper-wrapper\" aria-live=\"off\">\n\t\t\t\t\t\t\t\t<div class=\"swiper-slide\" role=\"group\" aria-roledescription=\"slide\" aria-label=\"1 de 2\" data-no-translation-aria-label=\"\"><figure class=\"swiper-slide-inner\"><img decoding=\"async\" class=\"swiper-slide-image\" src=\"https:\/\/www.orakcimakina.com\/wp-content\/uploads\/2024\/01\/IMG_2852.png.webp\" alt=\"IMG_2852.png\" title=\"\"><\/figure><\/div><div class=\"swiper-slide\" role=\"group\" aria-roledescription=\"slide\" aria-label=\"2 de 2\" data-no-translation-aria-label=\"\"><figure class=\"swiper-slide-inner\"><img decoding=\"async\" class=\"swiper-slide-image\" src=\"https:\/\/www.orakcimakina.com\/wp-content\/uploads\/2024\/01\/IMG_2844.png.webp\" alt=\"IMG_2844.png\" title=\"\"><\/figure><\/div>\t\t\t<\/div>\n\t\t\t\t\t\t\t\t\t\t\t\t<div class=\"elementor-swiper-button elementor-swiper-button-prev\" role=\"button\" tabindex=\"0\">\n\t\t\t\t\t\t<svg aria-hidden=\"true\" class=\"e-font-icon-svg e-eicon-chevron-left\" viewbox=\"0 0 1000 1000\" xmlns=\"http:\/\/www.w3.org\/2000\/svg\"><path d=\"M646 125C629 125 613 133 604 142L308 442C296 454 292 471 292 487 292 504 296 521 308 533L604 854C617 867 629 875 646 875 663 875 679 871 692 858 704 846 713 829 713 812 713 796 708 779 692 767L438 487 692 225C700 217 708 204 708 187 708 171 704 154 692 142 675 129 663 125 646 125Z\"><\/path><\/svg>\t\t\t\t\t<\/div>\n\t\t\t\t\t<div class=\"elementor-swiper-button elementor-swiper-button-next\" role=\"button\" tabindex=\"0\">\n\t\t\t\t\t\t<svg aria-hidden=\"true\" class=\"e-font-icon-svg e-eicon-chevron-right\" viewbox=\"0 0 1000 1000\" xmlns=\"http:\/\/www.w3.org\/2000\/svg\"><path d=\"M696 533C708 521 713 504 713 487 713 471 708 454 696 446L400 146C388 133 375 125 354 125 338 125 325 129 313 142 300 154 292 171 292 187 292 204 296 221 308 233L563 492 304 771C292 783 288 800 288 817 288 833 296 850 308 863 321 871 338 875 354 875 371 875 388 867 400 854L696 533Z\"><\/path><\/svg>\t\t\t\t\t<\/div>\n\t\t\t\t\n\t\t\t\t\t\t\t\t\t<div class=\"swiper-pagination\"><\/div>\n\t\t\t\t\t\t\t\t\t<\/div>\n\t\t\t\t\t\t<\/div>\n\t\t\t\t<\/div>\n\t\t\t\t\t<\/div>\n\t\t\t\t<\/div>\n\t\t<div class=\"elementor-element elementor-element-b9c5793 wd-section-stretch e-flex e-con-boxed e-con e-parent\" data-id=\"b9c5793\" data-element_type=\"container\" data-e-type=\"container\" data-settings=\"{&quot;background_background&quot;:&quot;classic&quot;}\">\n\t\t\t\t\t<div class=\"e-con-inner\">\n\t\t\t\t<div class=\"elementor-element elementor-element-51ef105 elementor-widget elementor-widget-wd_image_or_svg\" data-id=\"51ef105\" data-element_type=\"widget\" data-e-type=\"widget\" data-widget_type=\"wd_image_or_svg.default\">\n\t\t\t\t<div class=\"elementor-widget-container\">\n\t\t\t\t\t\n\t\t<div class=\"wd-image text-left\">\n\t\t\t\t\t\t\t\t<img decoding=\"async\" width=\"52\" height=\"61\" src=\"https:\/\/www.orakcimakina.com\/wp-content\/themes\/woodmart\/images\/lazy.png\" class=\"attachment-52x61 size-52x61 wd-lazy-load wd-lazy-none\" alt=\"\" srcset=\"\" sizes=\"(max-width: 52px) 100vw, 52px\" data-wood-src=\"https:\/\/www.orakcimakina.com\/wp-content\/uploads\/2024\/01\/Vector-Smart-Object-3.png-52x61.webp\" data-srcset=\"https:\/\/www.orakcimakina.com\/wp-content\/uploads\/2024\/01\/Vector-Smart-Object-3.png-52x61.webp 52w, https:\/\/www.orakcimakina.com\/wp-content\/uploads\/2024\/01\/Vector-Smart-Object-3.png.webp 91w\" title=\"\">\t\t\t\t\t<\/div>\n\n\t\t\t\t\t\t<\/div>\n\t\t\t\t<\/div>\n\t\t\t\t<div class=\"elementor-element elementor-element-25a5fd2 elementor-widget elementor-widget-heading\" data-id=\"25a5fd2\" data-element_type=\"widget\" data-e-type=\"widget\" data-widget_type=\"heading.default\">\n\t\t\t\t<div class=\"elementor-widget-container\">\n\t\t\t\t\t<h2 class=\"elementor-heading-title elementor-size-default\">\nCaracter\u00edsticas est\u00e1ndar<\/h2>\t\t\t\t<\/div>\n\t\t\t\t<\/div>\n\t\t\t\t\t<\/div>\n\t\t\t\t<\/div>\n\t\t<div class=\"elementor-element elementor-element-8f94ed8 e-flex e-con-boxed wd-section-disabled e-con e-parent\" data-id=\"8f94ed8\" data-element_type=\"container\" data-e-type=\"container\">\n\t\t\t\t\t<div class=\"e-con-inner\">\n\t\t\t\t<div class=\"elementor-element elementor-element-682fdaa color-scheme-inherit text-left elementor-widget elementor-widget-text-editor\" data-id=\"682fdaa\" data-element_type=\"widget\" data-e-type=\"widget\" data-widget_type=\"text-editor.default\">\n\t\t\t\t<div class=\"elementor-widget-container\">\n\t\t\t\t\t\t\t\t\t<p>- Altura de trabajo entre 12-27 m<br \/>- Panel de control m\u00f3vil en la cesta y la torre<br \/>- Bot\u00f3n de parada de emergencia<br \/>- Sistemas de aviso de veh\u00edculos<br \/>- Sistema autom\u00e1tico de equilibrado de cestas<br \/>- Bot\u00f3n Start-Stop del veh\u00edculo en el panel de control<br \/>- Balancines controlables individualmente<br \/>- Cesta compuesta (capacidad de carga de 200 kg y 250 kg)<br \/>- Cesta aislada de 5.000 V<br \/>- Bomba manual de emergencia<br \/>- Producci\u00f3n conforme a la norma TS EN 280 + A1<br \/>- Sistemas de control de la estabilidad<\/p>\t\t\t\t\t\t\t\t<\/div>\n\t\t\t\t<\/div>\n\t\t\t\t\t<\/div>\n\t\t\t\t<\/div>\n\t\t<div class=\"elementor-element elementor-element-84c22d7 wd-section-stretch e-flex e-con-boxed e-con e-parent\" data-id=\"84c22d7\" data-element_type=\"container\" data-e-type=\"container\" data-settings=\"{&quot;background_background&quot;:&quot;classic&quot;}\">\n\t\t\t\t\t<div class=\"e-con-inner\">\n\t\t\t\t<div class=\"elementor-element elementor-element-136c418 elementor-widget elementor-widget-wd_image_or_svg\" data-id=\"136c418\" data-element_type=\"widget\" data-e-type=\"widget\" data-widget_type=\"wd_image_or_svg.default\">\n\t\t\t\t<div class=\"elementor-widget-container\">\n\t\t\t\t\t\n\t\t<div class=\"wd-image text-left\">\n\t\t\t\t\t\t\t\t<img decoding=\"async\" width=\"52\" height=\"61\" src=\"https:\/\/www.orakcimakina.com\/wp-content\/themes\/woodmart\/images\/lazy.png\" class=\"attachment-52x61 size-52x61 wd-lazy-load wd-lazy-none\" alt=\"\" data-wood-src=\"https:\/\/www.orakcimakina.com\/wp-content\/uploads\/2024\/01\/Vector-Smart-Object-1-1.png-52x61.webp\" srcset=\"\" title=\"\">\t\t\t\t\t<\/div>\n\n\t\t\t\t\t\t<\/div>\n\t\t\t\t<\/div>\n\t\t\t\t<div class=\"elementor-element elementor-element-047b4b2 elementor-widget elementor-widget-heading\" data-id=\"047b4b2\" data-element_type=\"widget\" data-e-type=\"widget\" data-widget_type=\"heading.default\">\n\t\t\t\t<div class=\"elementor-widget-container\">\n\t\t\t\t\t<h2 class=\"elementor-heading-title elementor-size-default\">Caracter\u00edsticas opcionales<\/h2>\t\t\t\t<\/div>\n\t\t\t\t<\/div>\n\t\t\t\t\t<\/div>\n\t\t\t\t<\/div>\n\t\t<div class=\"elementor-element elementor-element-f65f147 e-flex e-con-boxed wd-section-disabled e-con e-parent\" data-id=\"f65f147\" data-element_type=\"container\" data-e-type=\"container\">\n\t\t\t\t\t<div class=\"e-con-inner\">\n\t\t\t\t<div class=\"elementor-element elementor-element-7323735 color-scheme-inherit text-left elementor-widget elementor-widget-text-editor\" data-id=\"7323735\" data-element_type=\"widget\" data-e-type=\"widget\" data-widget_type=\"text-editor.default\">\n\t\t\t\t<div class=\"elementor-widget-container\">\n\t\t\t\t\t\t\t\t\t<p>- Rotaci\u00f3n de torre de 360<br \/>- \u00b190 Rotaci\u00f3n de la cesta<br \/>- Armario portaherramientas y portaequipos<br \/>- Cesta de aluminio (capacidad de carga de 200 kg y 250 kg)<br \/>- Cesta de electricidad de 220 V<br \/>- Sensor de viento<br \/>- Ventilador del enfriador de aceite hidr\u00e1ulico<\/p>\t\t\t\t\t\t\t\t<\/div>\n\t\t\t\t<\/div>\n\t\t\t\t\t<\/div>\n\t\t\t\t<\/div>\n\t\t<div class=\"elementor-element elementor-element-21c8fb7 wd-section-stretch e-flex e-con-boxed e-con e-parent\" data-id=\"21c8fb7\" data-element_type=\"container\" data-e-type=\"container\" data-settings=\"{&quot;background_background&quot;:&quot;classic&quot;}\">\n\t\t\t\t\t<div class=\"e-con-inner\">\n\t\t\t\t<div class=\"elementor-element elementor-element-99e7569 elementor-widget elementor-widget-wd_image_or_svg\" data-id=\"99e7569\" data-element_type=\"widget\" data-e-type=\"widget\" data-widget_type=\"wd_image_or_svg.default\">\n\t\t\t\t<div class=\"elementor-widget-container\">\n\t\t\t\t\t\n\t\t<div class=\"wd-image text-left\">\n\t\t\t\t\t\t\t\t<img loading=\"lazy\" decoding=\"async\" width=\"52\" height=\"61\" src=\"https:\/\/www.orakcimakina.com\/wp-content\/themes\/woodmart\/images\/lazy.png\" class=\"attachment-52x61 size-52x61 wd-lazy-load wd-lazy-none\" alt=\"\" data-wood-src=\"https:\/\/www.orakcimakina.com\/wp-content\/uploads\/2024\/01\/Vector-Smart-Object-2-1.png-52x61.webp\" srcset=\"\" title=\"\">\t\t\t\t\t<\/div>\n\n\t\t\t\t\t\t<\/div>\n\t\t\t\t<\/div>\n\t\t<div class=\"elementor-element elementor-element-0a8a716 e-flex e-con-boxed wd-section-disabled e-con e-child\" data-id=\"0a8a716\" data-element_type=\"container\" data-e-type=\"container\">\n\t\t\t\t\t<div class=\"e-con-inner\">\n\t\t\t\t<div class=\"elementor-element elementor-element-18d3c31 elementor-widget elementor-widget-heading\" data-id=\"18d3c31\" data-element_type=\"widget\" data-e-type=\"widget\" data-widget_type=\"heading.default\">\n\t\t\t\t<div class=\"elementor-widget-container\">\n\t\t\t\t\t<h2 class=\"elementor-heading-title elementor-size-default\">Ver folleto t\u00e9cnico<\/h2>\t\t\t\t<\/div>\n\t\t\t\t<\/div>\n\t\t\t\t<div class=\"elementor-element elementor-element-6081f8e elementor-widget elementor-widget-heading\" data-id=\"6081f8e\" data-element_type=\"widget\" data-e-type=\"widget\" data-widget_type=\"heading.default\">\n\t\t\t\t<div class=\"elementor-widget-container\">\n\t\t\t\t\t<div class=\"elementor-heading-title elementor-size-default\"><a href=\"https:\/\/www.orakcimakina.com\/wp-content\/uploads\/2024\/05\/otp.pdf\">Plataforma telesc\u00f3pica OTP PDF<\/a><\/div>\t\t\t\t<\/div>\n\t\t\t\t<\/div>\n\t\t\t\t\t<\/div>\n\t\t\t\t<\/div>\n\t\t\t\t\t<\/div>\n\t\t\t\t<\/div>\n\t\t\t\t<\/div>","protected":false},"excerpt":{"rendered":"<p>Y\u00fcksekte \u00c7al\u0131\u015fma Platformlar\u0131 \u00bb OTP Teleskopik Platform OTP Teleskopik Platform Y\u00fcksek saha \u00e7al\u0131\u015fmalar\u0131nda rahat ve g\u00fcvenli \u00e7al\u0131\u015fma i\u00e7in yard\u0131mc\u0131 teleskopik<\/p>","protected":false},"author":3,"featured_media":0,"parent":15958,"menu_order":0,"comment_status":"closed","ping_status":"closed","template":"elementor_header_footer","meta":{"footnotes":""},"class_list":["post-15967","page","type-page","status-publish","hentry"],"_links":{"self":[{"href":"https:\/\/www.orakcimakina.com\/es\/wp-json\/wp\/v2\/pages\/15967","targetHints":{"allow":["GET"]}}],"collection":[{"href":"https:\/\/www.orakcimakina.com\/es\/wp-json\/wp\/v2\/pages"}],"about":[{"href":"https:\/\/www.orakcimakina.com\/es\/wp-json\/wp\/v2\/types\/page"}],"author":[{"embeddable":true,"href":"https:\/\/www.orakcimakina.com\/es\/wp-json\/wp\/v2\/users\/3"}],"replies":[{"embeddable":true,"href":"https:\/\/www.orakcimakina.com\/es\/wp-json\/wp\/v2\/comments?post=15967"}],"version-history":[{"count":0,"href":"https:\/\/www.orakcimakina.com\/es\/wp-json\/wp\/v2\/pages\/15967\/revisions"}],"up":[{"embeddable":true,"href":"https:\/\/www.orakcimakina.com\/es\/wp-json\/wp\/v2\/pages\/15958"}],"wp:attachment":[{"href":"https:\/\/www.orakcimakina.com\/es\/wp-json\/wp\/v2\/media?parent=15967"}],"curies":[{"name":"wp","href":"https:\/\/api.w.org\/{rel}","templated":true}]}}