{"id":15951,"date":"2024-01-04T17:48:33","date_gmt":"2024-01-04T14:48:33","guid":{"rendered":"https:\/\/www.orakcimakina.com\/?page_id=15951"},"modified":"2025-05-27T09:24:58","modified_gmt":"2025-05-27T06:24:58","slug":"mini-amortiguador-omd","status":"publish","type":"page","link":"https:\/\/www.orakcimakina.com\/es\/omd-mini-damper\/","title":{"rendered":"Mini amortiguador OMD"},"content":{"rendered":"<div data-elementor-type=\"wp-page\" data-elementor-id=\"15951\" class=\"elementor elementor-15951\">\n\t\t\t\t<div class=\"elementor-element elementor-element-6d89c81 wd-section-stretch e-flex e-con-boxed e-con e-parent\" data-id=\"6d89c81\" data-element_type=\"container\" data-e-type=\"container\" data-settings=\"{&quot;background_background&quot;:&quot;classic&quot;}\">\n\t\t\t\t\t<div class=\"e-con-inner\">\n\t\t\t\t<div class=\"elementor-element elementor-element-208e0a5 elementor-widget elementor-widget-image\" data-id=\"208e0a5\" data-element_type=\"widget\" data-e-type=\"widget\" data-widget_type=\"image.default\">\n\t\t\t\t<div class=\"elementor-widget-container\">\n\t\t\t\t\t\t\t\t\t\t\t\t\t\t\t<img decoding=\"async\" width=\"123\" height=\"67\" src=\"https:\/\/www.orakcimakina.com\/wp-content\/themes\/woodmart\/images\/lazy.png\" class=\"attachment-full size-full wp-image-15954 wd-lazy-load wd-lazy-none\" alt=\"\" data-wood-src=\"https:\/\/www.orakcimakina.com\/wp-content\/uploads\/2024\/01\/MINI-DAMPER-COP-KASALARI.png.webp\" srcset=\"\" title=\"\">\t\t\t\t\t\t\t\t\t\t\t\t\t\t\t<\/div>\n\t\t\t\t<\/div>\n\t\t\t\t<div class=\"elementor-element elementor-element-64ff13a elementor-widget elementor-widget-heading\" data-id=\"64ff13a\" data-element_type=\"widget\" data-e-type=\"widget\" data-widget_type=\"heading.default\">\n\t\t\t\t<div class=\"elementor-widget-container\">\n\t\t\t\t\t<h1 class=\"elementor-heading-title elementor-size-default\"><a href=\"https:\/\/www.orakcimakina.com\/es\/\">P\u00e1gina de inicio<\/a> \u00bb <a href=\"https:\/\/www.orakcimakina.com\/es\/productos\/\">Productos<\/a> \" Mini Dumper Cajas de basura<\/h1>\t\t\t\t<\/div>\n\t\t\t\t<\/div>\n\t\t\t\t\t<\/div>\n\t\t\t\t<\/div>\n\t\t<div class=\"elementor-element elementor-element-b86dc8e e-con-full wd-section-stretch-content e-flex e-con e-parent\" data-id=\"b86dc8e\" data-element_type=\"container\" data-e-type=\"container\" data-settings=\"{&quot;background_background&quot;:&quot;classic&quot;}\">\n\t\t\t\t<div class=\"elementor-element elementor-element-549a708 elementor-widget elementor-widget-heading\" data-id=\"549a708\" data-element_type=\"widget\" data-e-type=\"widget\" data-widget_type=\"heading.default\">\n\t\t\t\t<div class=\"elementor-widget-container\">\n\t\t\t\t\t<h1 class=\"elementor-heading-title elementor-size-default\">OMD<br>\n<span style=\"font-size: 20px,\">Mini Damper<\/span><\/h1>\t\t\t\t<\/div>\n\t\t\t\t<\/div>\n\t\t\t\t<\/div>\n\t\t<div class=\"elementor-element elementor-element-a7f9193 e-flex e-con-boxed wd-section-disabled e-con e-parent\" data-id=\"a7f9193\" data-element_type=\"container\" data-e-type=\"container\">\n\t\t\t\t\t<div class=\"e-con-inner\">\n\t\t<div class=\"elementor-element elementor-element-01196ee e-con-full e-flex wd-section-disabled e-con e-child\" data-id=\"01196ee\" data-element_type=\"container\" data-e-type=\"container\">\n\t\t\t\t<div class=\"elementor-element elementor-element-6139bf6 color-scheme-inherit text-left elementor-widget elementor-widget-text-editor\" data-id=\"6139bf6\" data-element_type=\"widget\" data-e-type=\"widget\" data-widget_type=\"text-editor.default\">\n\t\t\t\t<div class=\"elementor-widget-container\">\n\t\t\t\t\t\t\t\t\t<p>Contenedor de basura tipo Dumper, tambi\u00e9n definido como Mini Dumper; Ofrece la oportunidad de moverse r\u00e1pidamente en zonas estrechas donde girar es dif\u00edcil.<\/p>\t\t\t\t\t\t\t\t<\/div>\n\t\t\t\t<\/div>\n\t\t\t\t<div class=\"elementor-element elementor-element-3a7d72c color-scheme-inherit text-left elementor-widget elementor-widget-text-editor\" data-id=\"3a7d72c\" data-element_type=\"widget\" data-e-type=\"widget\" data-widget_type=\"text-editor.default\">\n\t\t\t\t<div class=\"elementor-widget-container\">\n\t\t\t\t\t\t\t\t\t<p>La serie ORV maximiza la eficiencia de trabajo en la regi\u00f3n descargando sin desplazarse al vertedero gracias a su funci\u00f3n de transferencia a equipos hidr\u00e1ulicos de compactaci\u00f3n de basura. Proporciona una transferencia pr\u00e1ctica, r\u00e1pida y segura sin bajarse del veh\u00edculo con control en cabina.<\/p>\t\t\t\t\t\t\t\t<\/div>\n\t\t\t\t<\/div>\n\t\t\t\t<\/div>\n\t\t\t\t\t<\/div>\n\t\t\t\t<\/div>\n\t\t<div class=\"elementor-element elementor-element-b9c5793 wd-section-stretch e-flex e-con-boxed e-con e-parent\" data-id=\"b9c5793\" data-element_type=\"container\" data-e-type=\"container\" data-settings=\"{&quot;background_background&quot;:&quot;classic&quot;}\">\n\t\t\t\t\t<div class=\"e-con-inner\">\n\t\t\t\t<div class=\"elementor-element elementor-element-51ef105 elementor-widget elementor-widget-wd_image_or_svg\" data-id=\"51ef105\" data-element_type=\"widget\" data-e-type=\"widget\" data-widget_type=\"wd_image_or_svg.default\">\n\t\t\t\t<div class=\"elementor-widget-container\">\n\t\t\t\t\t\n\t\t<div class=\"wd-image text-left\">\n\t\t\t\t\t\t\t\t<img decoding=\"async\" width=\"52\" height=\"61\" src=\"https:\/\/www.orakcimakina.com\/wp-content\/themes\/woodmart\/images\/lazy.png\" class=\"attachment-52x61 size-52x61 wd-lazy-load wd-lazy-none\" alt=\"\" srcset=\"\" sizes=\"(max-width: 52px) 100vw, 52px\" data-wood-src=\"https:\/\/www.orakcimakina.com\/wp-content\/uploads\/2024\/01\/Vector-Smart-Object-3.png-52x61.webp\" data-srcset=\"https:\/\/www.orakcimakina.com\/wp-content\/uploads\/2024\/01\/Vector-Smart-Object-3.png-52x61.webp 52w, https:\/\/www.orakcimakina.com\/wp-content\/uploads\/2024\/01\/Vector-Smart-Object-3.png.webp 91w\" title=\"\">\t\t\t\t\t<\/div>\n\n\t\t\t\t\t\t<\/div>\n\t\t\t\t<\/div>\n\t\t\t\t<div class=\"elementor-element elementor-element-25a5fd2 elementor-widget elementor-widget-heading\" data-id=\"25a5fd2\" data-element_type=\"widget\" data-e-type=\"widget\" data-widget_type=\"heading.default\">\n\t\t\t\t<div class=\"elementor-widget-container\">\n\t\t\t\t\t<h2 class=\"elementor-heading-title elementor-size-default\">\nCaracter\u00edsticas est\u00e1ndar<\/h2>\t\t\t\t<\/div>\n\t\t\t\t<\/div>\n\t\t\t\t\t<\/div>\n\t\t\t\t<\/div>\n\t\t<div class=\"elementor-element elementor-element-8f94ed8 e-flex e-con-boxed wd-section-disabled e-con e-parent\" data-id=\"8f94ed8\" data-element_type=\"container\" data-e-type=\"container\">\n\t\t\t\t\t<div class=\"e-con-inner\">\n\t\t\t\t<div class=\"elementor-element elementor-element-682fdaa color-scheme-inherit text-left elementor-widget elementor-widget-text-editor\" data-id=\"682fdaa\" data-element_type=\"widget\" data-e-type=\"widget\" data-widget_type=\"text-editor.default\">\n\t\t\t\t<div class=\"elementor-widget-container\">\n\t\t\t\t\t\t\t\t\t<p><br \/>- Volumen de la caja; 1,5 m\u00b3 - 5 m\u00b3<br \/>- Posibilidad de pasar a la serie ORV<br \/>- \u00c1ngulo de descarga de 90\u00b0 - Tensi\u00f3n de funcionamiento 12\/ 24 V<br \/>- 1.300 mm - 1.600 mm carga de basura<br \/>- Mando hidromec\u00e1nico o pulsador<br \/>- Apto para carga manual<br \/>- Luz de se\u00f1alizaci\u00f3n rotativa<br \/>- Aplicaci\u00f3n de pintura al horno<\/p>\t\t\t\t\t\t\t\t<\/div>\n\t\t\t\t<\/div>\n\t\t\t\t\t<\/div>\n\t\t\t\t<\/div>\n\t\t<div class=\"elementor-element elementor-element-84c22d7 wd-section-stretch e-flex e-con-boxed e-con e-parent\" data-id=\"84c22d7\" data-element_type=\"container\" data-e-type=\"container\" data-settings=\"{&quot;background_background&quot;:&quot;classic&quot;}\">\n\t\t\t\t\t<div class=\"e-con-inner\">\n\t\t\t\t<div class=\"elementor-element elementor-element-136c418 elementor-widget elementor-widget-wd_image_or_svg\" data-id=\"136c418\" data-element_type=\"widget\" data-e-type=\"widget\" data-widget_type=\"wd_image_or_svg.default\">\n\t\t\t\t<div class=\"elementor-widget-container\">\n\t\t\t\t\t\n\t\t<div class=\"wd-image text-left\">\n\t\t\t\t\t\t\t\t<img decoding=\"async\" width=\"52\" height=\"61\" src=\"https:\/\/www.orakcimakina.com\/wp-content\/themes\/woodmart\/images\/lazy.png\" class=\"attachment-52x61 size-52x61 wd-lazy-load wd-lazy-none\" alt=\"\" data-wood-src=\"https:\/\/www.orakcimakina.com\/wp-content\/uploads\/2024\/01\/Vector-Smart-Object-1-1.png-52x61.webp\" srcset=\"\" title=\"\">\t\t\t\t\t<\/div>\n\n\t\t\t\t\t\t<\/div>\n\t\t\t\t<\/div>\n\t\t\t\t<div class=\"elementor-element elementor-element-047b4b2 elementor-widget elementor-widget-heading\" data-id=\"047b4b2\" data-element_type=\"widget\" data-e-type=\"widget\" data-widget_type=\"heading.default\">\n\t\t\t\t<div class=\"elementor-widget-container\">\n\t\t\t\t\t<h2 class=\"elementor-heading-title elementor-size-default\">Caracter\u00edsticas opcionales<\/h2>\t\t\t\t<\/div>\n\t\t\t\t<\/div>\n\t\t\t\t\t<\/div>\n\t\t\t\t<\/div>\n\t\t<div class=\"elementor-element elementor-element-f65f147 e-flex e-con-boxed wd-section-disabled e-con e-parent\" data-id=\"f65f147\" data-element_type=\"container\" data-e-type=\"container\">\n\t\t\t\t\t<div class=\"e-con-inner\">\n\t\t\t\t<div class=\"elementor-element elementor-element-7323735 color-scheme-inherit text-left elementor-widget elementor-widget-text-editor\" data-id=\"7323735\" data-element_type=\"widget\" data-e-type=\"widget\" data-widget_type=\"text-editor.default\">\n\t\t\t\t<div class=\"elementor-widget-container\">\n\t\t\t\t\t\t\t\t\t<p>- Sistema de c\u00e1maras<br \/>- Sistema de lona<br \/>- Sistema de control por pulsador en cabina<br \/>- Sistema de cabina controlado por ECU con pantalla de 4'' o 7''<br \/>- Sistema de cabina controlado por PLC con pantalla de 4'' o 7''<br \/>- Sistema escalonado<\/p>\t\t\t\t\t\t\t\t<\/div>\n\t\t\t\t<\/div>\n\t\t\t\t\t<\/div>\n\t\t\t\t<\/div>\n\t\t<div class=\"elementor-element elementor-element-9e27dbf wd-section-stretch e-flex e-con-boxed e-con e-parent\" data-id=\"9e27dbf\" data-element_type=\"container\" data-e-type=\"container\" data-settings=\"{&quot;background_background&quot;:&quot;classic&quot;}\">\n\t\t\t\t\t<div class=\"e-con-inner\">\n\t\t\t\t<div class=\"elementor-element elementor-element-f56e4f6 elementor-widget elementor-widget-wd_image_or_svg\" data-id=\"f56e4f6\" data-element_type=\"widget\" data-e-type=\"widget\" data-widget_type=\"wd_image_or_svg.default\">\n\t\t\t\t<div class=\"elementor-widget-container\">\n\t\t\t\t\t\n\t\t<div class=\"wd-image text-left\">\n\t\t\t\t\t\t\t\t<img loading=\"lazy\" decoding=\"async\" width=\"52\" height=\"61\" src=\"https:\/\/www.orakcimakina.com\/wp-content\/themes\/woodmart\/images\/lazy.png\" class=\"attachment-52x61 size-52x61 wd-lazy-load wd-lazy-none\" alt=\"\" data-wood-src=\"https:\/\/www.orakcimakina.com\/wp-content\/uploads\/2024\/01\/Vector-Smart-Object-2-1.png-52x61.webp\" srcset=\"\" title=\"\">\t\t\t\t\t<\/div>\n\n\t\t\t\t\t\t<\/div>\n\t\t\t\t<\/div>\n\t\t<div class=\"elementor-element elementor-element-8fc99dc e-flex e-con-boxed wd-section-disabled e-con e-child\" data-id=\"8fc99dc\" data-element_type=\"container\" data-e-type=\"container\">\n\t\t\t\t\t<div class=\"e-con-inner\">\n\t\t\t\t<div class=\"elementor-element elementor-element-14bf96d elementor-widget elementor-widget-heading\" data-id=\"14bf96d\" data-element_type=\"widget\" data-e-type=\"widget\" data-widget_type=\"heading.default\">\n\t\t\t\t<div class=\"elementor-widget-container\">\n\t\t\t\t\t<h2 class=\"elementor-heading-title elementor-size-default\">Ver folleto t\u00e9cnico<\/h2>\t\t\t\t<\/div>\n\t\t\t\t<\/div>\n\t\t\t\t<div class=\"elementor-element elementor-element-26cadb7 elementor-widget elementor-widget-heading\" data-id=\"26cadb7\" data-element_type=\"widget\" data-e-type=\"widget\" data-widget_type=\"heading.default\">\n\t\t\t\t<div class=\"elementor-widget-container\">\n\t\t\t\t\t<div class=\"elementor-heading-title elementor-size-default\"><a href=\"https:\/\/www.orakcimakina.com\/wp-content\/uploads\/2024\/05\/OMD.pdf\">OMD PDF<\/a><\/div>\t\t\t\t<\/div>\n\t\t\t\t<\/div>\n\t\t\t\t\t<\/div>\n\t\t\t\t<\/div>\n\t\t\t\t\t<\/div>\n\t\t\t\t<\/div>\n\t\t\t\t<\/div>","protected":false},"excerpt":{"rendered":"<p>Anasayfa \u00bb \u00dcr\u00fcnler \u00bb Mini Damper \u00c7\u00f6p Kasalar\u0131 OMD Mini Damper Mini Damper olarak da tan\u0131mlanan damper tip \u00e7\u00f6p kasalar\u0131;<\/p>","protected":false},"author":3,"featured_media":0,"parent":0,"menu_order":0,"comment_status":"closed","ping_status":"closed","template":"elementor_header_footer","meta":{"footnotes":""},"class_list":["post-15951","page","type-page","status-publish","hentry"],"_links":{"self":[{"href":"https:\/\/www.orakcimakina.com\/es\/wp-json\/wp\/v2\/pages\/15951","targetHints":{"allow":["GET"]}}],"collection":[{"href":"https:\/\/www.orakcimakina.com\/es\/wp-json\/wp\/v2\/pages"}],"about":[{"href":"https:\/\/www.orakcimakina.com\/es\/wp-json\/wp\/v2\/types\/page"}],"author":[{"embeddable":true,"href":"https:\/\/www.orakcimakina.com\/es\/wp-json\/wp\/v2\/users\/3"}],"replies":[{"embeddable":true,"href":"https:\/\/www.orakcimakina.com\/es\/wp-json\/wp\/v2\/comments?post=15951"}],"version-history":[{"count":0,"href":"https:\/\/www.orakcimakina.com\/es\/wp-json\/wp\/v2\/pages\/15951\/revisions"}],"wp:attachment":[{"href":"https:\/\/www.orakcimakina.com\/es\/wp-json\/wp\/v2\/media?parent=15951"}],"curies":[{"name":"wp","href":"https:\/\/api.w.org\/{rel}","templated":true}]}}