{"id":15910,"date":"2024-01-04T17:22:02","date_gmt":"2024-01-04T14:22:02","guid":{"rendered":"https:\/\/www.orakcimakina.com\/?page_id=15910"},"modified":"2025-05-26T19:00:46","modified_gmt":"2025-05-26T16:00:46","slug":"orakci-bin-washer-refuse-vehicle","status":"publish","type":"page","link":"https:\/\/www.orakcimakina.com\/es\/hidrolik-sikistirmali-cop-kasalari\/obw-yikamali-hidrolik-cop-kasasi\/","title":{"rendered":"OBW Cubo de basura con lavadora"},"content":{"rendered":"<div data-elementor-type=\"wp-page\" data-elementor-id=\"15910\" class=\"elementor elementor-15910\">\n\t\t\t\t<div class=\"elementor-element elementor-element-6d89c81 wd-section-stretch e-flex e-con-boxed e-con e-parent\" data-id=\"6d89c81\" data-element_type=\"container\" data-e-type=\"container\" data-settings=\"{&quot;background_background&quot;:&quot;classic&quot;}\">\n\t\t\t\t\t<div class=\"e-con-inner\">\n\t\t\t\t<div class=\"elementor-element elementor-element-208e0a5 elementor-widget elementor-widget-image\" data-id=\"208e0a5\" data-element_type=\"widget\" data-e-type=\"widget\" data-widget_type=\"image.default\">\n\t\t\t\t<div class=\"elementor-widget-container\">\n\t\t\t\t\t\t\t\t\t\t\t\t\t\t\t<img decoding=\"async\" width=\"163\" height=\"72\" src=\"https:\/\/www.orakcimakina.com\/wp-content\/themes\/woodmart\/images\/lazy.png\" class=\"attachment-full size-full wp-image-15837 wd-lazy-load wd-lazy-none\" alt=\"\" data-wood-src=\"https:\/\/www.orakcimakina.com\/wp-content\/uploads\/2024\/01\/HIDROLIK-SIKISTIRMALI-COP-KASALARI.png.webp\" srcset=\"\" title=\"\">\t\t\t\t\t\t\t\t\t\t\t\t\t\t\t<\/div>\n\t\t\t\t<\/div>\n\t\t\t\t<div class=\"elementor-element elementor-element-64ff13a elementor-widget elementor-widget-heading\" data-id=\"64ff13a\" data-element_type=\"widget\" data-e-type=\"widget\" data-widget_type=\"heading.default\">\n\t\t\t\t<div class=\"elementor-widget-container\">\n\t\t\t\t\t<h1 class=\"elementor-heading-title elementor-size-default\"><a href=\"https:\/\/www.orakcimakina.com\/es\/cubos-de-basura-hidraulicos-ciclados\/\">Cubos de basura de compresi\u00f3n hidr\u00e1ulica \" OBW Cubo de basura con arandela<\/a><\/h1>\t\t\t\t<\/div>\n\t\t\t\t<\/div>\n\t\t\t\t\t<\/div>\n\t\t\t\t<\/div>\n\t\t<div class=\"elementor-element elementor-element-b86dc8e e-con-full wd-section-stretch-content e-flex e-con e-parent\" data-id=\"b86dc8e\" data-element_type=\"container\" data-e-type=\"container\" data-settings=\"{&quot;background_background&quot;:&quot;classic&quot;}\">\n\t\t\t\t<div class=\"elementor-element elementor-element-549a708 elementor-widget elementor-widget-heading\" data-id=\"549a708\" data-element_type=\"widget\" data-e-type=\"widget\" data-widget_type=\"heading.default\">\n\t\t\t\t<div class=\"elementor-widget-container\">\n\t\t\t\t\t<h1 class=\"elementor-heading-title elementor-size-default\">SERIE OBW<br>\n<span>Y\u0131kamal\u0131 Hidrolik \u00c7\u00f6p Kasas\u0131<\/span><\/h1>\t\t\t\t<\/div>\n\t\t\t\t<\/div>\n\t\t\t\t<\/div>\n\t\t<div class=\"elementor-element elementor-element-a7f9193 e-flex e-con-boxed wd-section-disabled e-con e-parent\" data-id=\"a7f9193\" data-element_type=\"container\" data-e-type=\"container\">\n\t\t\t\t\t<div class=\"e-con-inner\">\n\t\t<div class=\"elementor-element elementor-element-01196ee e-con-full e-flex wd-section-disabled e-con e-child\" data-id=\"01196ee\" data-element_type=\"container\" data-e-type=\"container\">\n\t\t\t\t<div class=\"elementor-element elementor-element-6139bf6 color-scheme-inherit text-left elementor-widget elementor-widget-text-editor\" data-id=\"6139bf6\" data-element_type=\"widget\" data-e-type=\"widget\" data-widget_type=\"text-editor.default\">\n\t\t\t\t<div class=\"elementor-widget-container\">\n\t\t\t\t\t\t\t\t\t<p>Konteyner Y\u0131kamal\u0131 Hidrolik \u00c7\u00f6p Kasas\u0131; arkadan y\u00fcklemeli hidrolik s\u0131k\u0131\u015ft\u0131rmal\u0131 \u00e7\u00f6p ekipman\u0131 ile konteyner y\u0131kama ekipman\u0131n birle\u015fimden olu\u015fan kompleks bir ekipmand\u0131r. Verimlili\u011fi esas alm\u0131\u015f \u00e7al\u0131\u015fma prensibine sahip olup, \u00e7\u00f6p toplama ve y\u0131kama i\u015flemini ayn\u0131 anda yapabilmektedir.<\/p>\t\t\t\t\t\t\t\t<\/div>\n\t\t\t\t<\/div>\n\t\t\t\t<div class=\"elementor-element elementor-element-84bd5e5 color-scheme-inherit text-left elementor-widget elementor-widget-text-editor\" data-id=\"84bd5e5\" data-element_type=\"widget\" data-e-type=\"widget\" data-widget_type=\"text-editor.default\">\n\t\t\t\t<div class=\"elementor-widget-container\">\n\t\t\t\t\t\t\t\t\t<p>El Equipo de Lavado de Contenedores de Residuos (OBW) ofrece una soluci\u00f3n innovadora al eliminar la necesidad de invertir en veh\u00edculos adicionales, el transporte de contenedores y la necesidad de realizar m\u00e1s viajes. La pistola de lavado del veh\u00edculo proporciona el soporte de equipamiento necesario para el proceso de lavado en las zonas a limpiar.<\/p>\t\t\t\t\t\t\t\t<\/div>\n\t\t\t\t<\/div>\n\t\t\t\t<\/div>\n\t\t\t\t\t<\/div>\n\t\t\t\t<\/div>\n\t\t<div class=\"elementor-element elementor-element-94d570c e-flex e-con-boxed wd-section-disabled e-con e-parent\" data-id=\"94d570c\" data-element_type=\"container\" data-e-type=\"container\">\n\t\t\t\t\t<div class=\"e-con-inner\">\n\t\t\t\t<div class=\"elementor-element elementor-element-c8fd2cf elementor-arrows-position-inside elementor-pagination-position-outside elementor-widget elementor-widget-image-carousel\" data-id=\"c8fd2cf\" data-element_type=\"widget\" data-e-type=\"widget\" data-settings=\"{&quot;slides_to_show&quot;:&quot;1&quot;,&quot;navigation&quot;:&quot;both&quot;,&quot;autoplay&quot;:&quot;yes&quot;,&quot;pause_on_hover&quot;:&quot;yes&quot;,&quot;pause_on_interaction&quot;:&quot;yes&quot;,&quot;autoplay_speed&quot;:5000,&quot;infinite&quot;:&quot;yes&quot;,&quot;effect&quot;:&quot;slide&quot;,&quot;speed&quot;:500}\" data-widget_type=\"image-carousel.default\">\n\t\t\t\t<div class=\"elementor-widget-container\">\n\t\t\t\t\t\t\t<div class=\"elementor-image-carousel-wrapper swiper\" role=\"region\" aria-roledescription=\"carousel\" aria-label=\"Resim D\u00f6ng\u00fcs\u00fc\" dir=\"ltr\">\n\t\t\t<div class=\"elementor-image-carousel swiper-wrapper\" aria-live=\"off\">\n\t\t\t\t\t\t\t\t<div class=\"swiper-slide\" role=\"group\" aria-roledescription=\"slide\" aria-label=\"1 de 2\" data-no-translation-aria-label=\"\"><figure class=\"swiper-slide-inner\"><img decoding=\"async\" class=\"swiper-slide-image\" src=\"https:\/\/www.orakcimakina.com\/wp-content\/uploads\/2024\/01\/IMG_4200.png.webp\" alt=\"IMG_4200.png\" title=\"\"><\/figure><\/div><div class=\"swiper-slide\" role=\"group\" aria-roledescription=\"slide\" aria-label=\"2 de 2\" data-no-translation-aria-label=\"\"><figure class=\"swiper-slide-inner\"><img decoding=\"async\" class=\"swiper-slide-image\" src=\"https:\/\/www.orakcimakina.com\/wp-content\/uploads\/2024\/01\/IMG_4198-copy.png.webp\" alt=\"IMG_4198-copia.png\" title=\"\"><\/figure><\/div>\t\t\t<\/div>\n\t\t\t\t\t\t\t\t\t\t\t\t<div class=\"elementor-swiper-button elementor-swiper-button-prev\" role=\"button\" tabindex=\"0\">\n\t\t\t\t\t\t<svg aria-hidden=\"true\" class=\"e-font-icon-svg e-eicon-chevron-left\" viewbox=\"0 0 1000 1000\" xmlns=\"http:\/\/www.w3.org\/2000\/svg\"><path d=\"M646 125C629 125 613 133 604 142L308 442C296 454 292 471 292 487 292 504 296 521 308 533L604 854C617 867 629 875 646 875 663 875 679 871 692 858 704 846 713 829 713 812 713 796 708 779 692 767L438 487 692 225C700 217 708 204 708 187 708 171 704 154 692 142 675 129 663 125 646 125Z\"><\/path><\/svg>\t\t\t\t\t<\/div>\n\t\t\t\t\t<div class=\"elementor-swiper-button elementor-swiper-button-next\" role=\"button\" tabindex=\"0\">\n\t\t\t\t\t\t<svg aria-hidden=\"true\" class=\"e-font-icon-svg e-eicon-chevron-right\" viewbox=\"0 0 1000 1000\" xmlns=\"http:\/\/www.w3.org\/2000\/svg\"><path d=\"M696 533C708 521 713 504 713 487 713 471 708 454 696 446L400 146C388 133 375 125 354 125 338 125 325 129 313 142 300 154 292 171 292 187 292 204 296 221 308 233L563 492 304 771C292 783 288 800 288 817 288 833 296 850 308 863 321 871 338 875 354 875 371 875 388 867 400 854L696 533Z\"><\/path><\/svg>\t\t\t\t\t<\/div>\n\t\t\t\t\n\t\t\t\t\t\t\t\t\t<div class=\"swiper-pagination\"><\/div>\n\t\t\t\t\t\t\t\t\t<\/div>\n\t\t\t\t\t\t<\/div>\n\t\t\t\t<\/div>\n\t\t\t\t\t<\/div>\n\t\t\t\t<\/div>\n\t\t<div class=\"elementor-element elementor-element-b9c5793 wd-section-stretch e-flex e-con-boxed e-con e-parent\" data-id=\"b9c5793\" data-element_type=\"container\" data-e-type=\"container\" data-settings=\"{&quot;background_background&quot;:&quot;classic&quot;}\">\n\t\t\t\t\t<div class=\"e-con-inner\">\n\t\t\t\t<div class=\"elementor-element elementor-element-51ef105 elementor-widget elementor-widget-wd_image_or_svg\" data-id=\"51ef105\" data-element_type=\"widget\" data-e-type=\"widget\" data-widget_type=\"wd_image_or_svg.default\">\n\t\t\t\t<div class=\"elementor-widget-container\">\n\t\t\t\t\t\n\t\t<div class=\"wd-image text-left\">\n\t\t\t\t\t\t\t\t<img decoding=\"async\" width=\"52\" height=\"61\" src=\"https:\/\/www.orakcimakina.com\/wp-content\/themes\/woodmart\/images\/lazy.png\" class=\"attachment-52x61 size-52x61 wd-lazy-load wd-lazy-none\" alt=\"\" srcset=\"\" sizes=\"(max-width: 52px) 100vw, 52px\" data-wood-src=\"https:\/\/www.orakcimakina.com\/wp-content\/uploads\/2024\/01\/Vector-Smart-Object-3.png-52x61.webp\" data-srcset=\"https:\/\/www.orakcimakina.com\/wp-content\/uploads\/2024\/01\/Vector-Smart-Object-3.png-52x61.webp 52w, https:\/\/www.orakcimakina.com\/wp-content\/uploads\/2024\/01\/Vector-Smart-Object-3.png.webp 91w\" title=\"\">\t\t\t\t\t<\/div>\n\n\t\t\t\t\t\t<\/div>\n\t\t\t\t<\/div>\n\t\t\t\t<div class=\"elementor-element elementor-element-25a5fd2 elementor-widget elementor-widget-heading\" data-id=\"25a5fd2\" data-element_type=\"widget\" data-e-type=\"widget\" data-widget_type=\"heading.default\">\n\t\t\t\t<div class=\"elementor-widget-container\">\n\t\t\t\t\t<h2 class=\"elementor-heading-title elementor-size-default\">\nCaracter\u00edsticas est\u00e1ndar<\/h2>\t\t\t\t<\/div>\n\t\t\t\t<\/div>\n\t\t\t\t\t<\/div>\n\t\t\t\t<\/div>\n\t\t<div class=\"elementor-element elementor-element-8f94ed8 e-flex e-con-boxed wd-section-disabled e-con e-parent\" data-id=\"8f94ed8\" data-element_type=\"container\" data-e-type=\"container\">\n\t\t\t\t\t<div class=\"e-con-inner\">\n\t\t\t\t<div class=\"elementor-element elementor-element-682fdaa color-scheme-inherit text-left elementor-widget elementor-widget-text-editor\" data-id=\"682fdaa\" data-element_type=\"widget\" data-e-type=\"widget\" data-widget_type=\"text-editor.default\">\n\t\t\t\t<div class=\"elementor-widget-container\">\n\t\t\t\t\t\t\t\t\t<p>- Diferentes opciones de volumen de caja de 12 m\u00b3 a 17 m\u00b3<br \/>- 2 m\u00b3 de volumen de la tolva de la cubierta trasera<br \/>- 3000 lt de capacidad total, dep\u00f3sitos de aguas limpias y residuales. (Puede variar en funci\u00f3n de la capacidad del veh\u00edculo).<br \/>-45-50 lt\/min Bomba de agua de alta presi\u00f3n<br \/>-Hidr\u00e1ulico 140 bar, 50 lt\/min Boquillas de lavado especiales<br \/>-Pistola de lavado a presi\u00f3n<br \/>-4-15 segundos de lavado<br \/>- Aparato elevador de contenedores conforme a la norma EN 840<br \/>Relaci\u00f3n de compresi\u00f3n hasta -1:6<br \/>- Cubierta lateral de mantenimiento con sistema de seguridad<br \/>- Bot\u00f3n de parada de emergencia en caso de peligro (control por pulsador)<br \/>- Contraportada Retenci\u00f3n de seguridad<br \/>- Hamaca de trabajo nocturna<br \/>- Luz de se\u00f1alizaci\u00f3n rotativa<br \/>- Aplicaci\u00f3n de pintura al horno<br \/>- Cubierta de actualizaci\u00f3n<br \/>- Producci\u00f3n conforme a las normas EN 1501-1<br \/>- Sistema de seguridad entre la tapa trasera y la pala interior<br \/>- Uso de \"bomba de engranajes\" resistente a altas presiones<br \/>- Presi\u00f3n de trabajo del sistema; 180 bar<br \/>- Barrera ciclista<br \/>- Guardabarros - Escalones de transporte de personal<br \/>- 12\/ 24 V tensi\u00f3n de servicio - 955 mm - 1.410 mm altura de carga de la camada<br \/>- Sistema de alerta al conductor<br \/>- Luces de freno<br \/>- L\u00e1mpara de mechero lateral<br \/>- Iluminaci\u00f3n de la tolva (funcionamiento nocturno) L\u00e1mpara<br \/>- L\u00e1mpara de techo giratoria<br \/>- Sistema de control manual del equipo<br \/>- El sistema de control del equipo puede montarse en el lado derecho o izquierdo<\/p>\t\t\t\t\t\t\t\t<\/div>\n\t\t\t\t<\/div>\n\t\t\t\t\t<\/div>\n\t\t\t\t<\/div>\n\t\t<div class=\"elementor-element elementor-element-84c22d7 wd-section-stretch e-flex e-con-boxed e-con e-parent\" data-id=\"84c22d7\" data-element_type=\"container\" data-e-type=\"container\" data-settings=\"{&quot;background_background&quot;:&quot;classic&quot;}\">\n\t\t\t\t\t<div class=\"e-con-inner\">\n\t\t\t\t<div class=\"elementor-element elementor-element-136c418 elementor-widget elementor-widget-wd_image_or_svg\" data-id=\"136c418\" data-element_type=\"widget\" data-e-type=\"widget\" data-widget_type=\"wd_image_or_svg.default\">\n\t\t\t\t<div class=\"elementor-widget-container\">\n\t\t\t\t\t\n\t\t<div class=\"wd-image text-left\">\n\t\t\t\t\t\t\t\t<img decoding=\"async\" width=\"52\" height=\"61\" src=\"https:\/\/www.orakcimakina.com\/wp-content\/themes\/woodmart\/images\/lazy.png\" class=\"attachment-52x61 size-52x61 wd-lazy-load wd-lazy-none\" alt=\"\" data-wood-src=\"https:\/\/www.orakcimakina.com\/wp-content\/uploads\/2024\/01\/Vector-Smart-Object-1-1.png-52x61.webp\" srcset=\"\" title=\"\">\t\t\t\t\t<\/div>\n\n\t\t\t\t\t\t<\/div>\n\t\t\t\t<\/div>\n\t\t\t\t<div class=\"elementor-element elementor-element-047b4b2 elementor-widget elementor-widget-heading\" data-id=\"047b4b2\" data-element_type=\"widget\" data-e-type=\"widget\" data-widget_type=\"heading.default\">\n\t\t\t\t<div class=\"elementor-widget-container\">\n\t\t\t\t\t<h2 class=\"elementor-heading-title elementor-size-default\">Caracter\u00edsticas opcionales<\/h2>\t\t\t\t<\/div>\n\t\t\t\t<\/div>\n\t\t\t\t\t<\/div>\n\t\t\t\t<\/div>\n\t\t<div class=\"elementor-element elementor-element-f65f147 e-flex e-con-boxed wd-section-disabled e-con e-parent\" data-id=\"f65f147\" data-element_type=\"container\" data-e-type=\"container\">\n\t\t\t\t\t<div class=\"e-con-inner\">\n\t\t\t\t<div class=\"elementor-element elementor-element-7323735 color-scheme-inherit text-left elementor-widget elementor-widget-text-editor\" data-id=\"7323735\" data-element_type=\"widget\" data-e-type=\"widget\" data-widget_type=\"text-editor.default\">\n\t\t\t\t<div class=\"elementor-widget-container\">\n\t\t\t\t\t\t\t\t\t<p>- Sistema de funcionamiento hidr\u00e1ulico manual, semiautom\u00e1tico y autom\u00e1tico<br \/>- Bot\u00f3n de control (ciclo de compresi\u00f3n autom\u00e1tico)<br \/>- Cambio de grosor y calidad de la chapa en las zonas deseadas del equipo<br \/>- Opciones de bomba de paletas, pist\u00f3n o t\u00e1ndem<br \/>- Barandilla de seguridad<br \/>- L\u00e1mparas laterales Gabari<br \/>- Producci\u00f3n de aparatos contenedores conforme a las normas del cliente<br \/>- Funcionamiento simult\u00e1neo del sistema de envasado y del sistema de carga (bomba en t\u00e1ndem)<br \/>- Control de crucero a 30 km\/h<br \/>- Sistema de timbre trasero<br \/>- Sistema de c\u00e1maras<br \/>- Sistema de cabina controlado por ECU con pantalla de 4'' o 7''<br \/>- Sistema de cabina controlado por PLC con pantalla de 4'' o 7''<br \/>- Sistema CAN-BUS<br \/>- Contador de tiempo de funcionamiento del veh\u00edculo<br \/>- Contador de tiempo de funcionamiento de la TDF<br \/>- Recepci\u00f3n de informaci\u00f3n de transferencia de veh\u00edculos<br \/>- Recepci\u00f3n de informaci\u00f3n sobre la temperatura del veh\u00edculo<br \/>- Obtenci\u00f3n de informaci\u00f3n sobre la temperatura del aceite del equipo<br \/>- Informaci\u00f3n sobre la ocupaci\u00f3n de los equipos<br \/>- Lectura de la informaci\u00f3n de funcionamiento del equipo desde el interior de la cabina<br \/>- Sistema de pesaje por peso<br \/>- Sistema de di\u00e1logo por voz entre el conductor y el operador<br \/>- Sistema de lubricaci\u00f3n autom\u00e1tica<br \/>- Opciones ling\u00fc\u00edsticas por pa\u00eds<br \/>- Caja de extintor<\/p>\t\t\t\t\t\t\t\t<\/div>\n\t\t\t\t<\/div>\n\t\t\t\t\t<\/div>\n\t\t\t\t<\/div>\n\t\t<div class=\"elementor-element elementor-element-70e7f4f wd-section-stretch e-flex e-con-boxed e-con e-parent\" data-id=\"70e7f4f\" data-element_type=\"container\" data-e-type=\"container\" data-settings=\"{&quot;background_background&quot;:&quot;classic&quot;}\">\n\t\t\t\t\t<div class=\"e-con-inner\">\n\t\t\t\t<div class=\"elementor-element elementor-element-b32716e elementor-widget elementor-widget-wd_image_or_svg\" data-id=\"b32716e\" data-element_type=\"widget\" data-e-type=\"widget\" data-widget_type=\"wd_image_or_svg.default\">\n\t\t\t\t<div class=\"elementor-widget-container\">\n\t\t\t\t\t\n\t\t<div class=\"wd-image text-left\">\n\t\t\t\t\t\t\t\t<img loading=\"lazy\" decoding=\"async\" width=\"52\" height=\"61\" src=\"https:\/\/www.orakcimakina.com\/wp-content\/themes\/woodmart\/images\/lazy.png\" class=\"attachment-52x61 size-52x61 wd-lazy-load wd-lazy-none\" alt=\"\" data-wood-src=\"https:\/\/www.orakcimakina.com\/wp-content\/uploads\/2024\/01\/Vector-Smart-Object-2-1.png-52x61.webp\" srcset=\"\" title=\"\">\t\t\t\t\t<\/div>\n\n\t\t\t\t\t\t<\/div>\n\t\t\t\t<\/div>\n\t\t<div class=\"elementor-element elementor-element-0fa3d39 e-flex e-con-boxed wd-section-disabled e-con e-child\" data-id=\"0fa3d39\" data-element_type=\"container\" data-e-type=\"container\">\n\t\t\t\t\t<div class=\"e-con-inner\">\n\t\t\t\t<div class=\"elementor-element elementor-element-2c3adb2 elementor-widget elementor-widget-heading\" data-id=\"2c3adb2\" data-element_type=\"widget\" data-e-type=\"widget\" data-widget_type=\"heading.default\">\n\t\t\t\t<div class=\"elementor-widget-container\">\n\t\t\t\t\t<h2 class=\"elementor-heading-title elementor-size-default\">Ver folleto t\u00e9cnico<\/h2>\t\t\t\t<\/div>\n\t\t\t\t<\/div>\n\t\t\t\t<div class=\"elementor-element elementor-element-c532cdc elementor-widget elementor-widget-heading\" data-id=\"c532cdc\" data-element_type=\"widget\" data-e-type=\"widget\" data-widget_type=\"heading.default\">\n\t\t\t\t<div class=\"elementor-widget-container\">\n\t\t\t\t\t<div class=\"elementor-heading-title elementor-size-default\"><a href=\"https:\/\/www.orakcimakina.com\/wp-content\/uploads\/2024\/05\/obw.pdf\">OBW PDF<\/a><\/div>\t\t\t\t<\/div>\n\t\t\t\t<\/div>\n\t\t\t\t\t<\/div>\n\t\t\t\t<\/div>\n\t\t\t\t\t<\/div>\n\t\t\t\t<\/div>\n\t\t\t\t<\/div>","protected":false},"excerpt":{"rendered":"<p>Hidrolik S\u0131k\u0131\u015ft\u0131rmal\u0131 \u00c7\u00f6p Kasalar\u0131 \u00bb OBW Y\u0131kamal\u0131 \u00c7\u00f6p Kasas\u0131 OBW SER\u0130S\u0130 Y\u0131kamal\u0131 Hidrolik \u00c7\u00f6p Kasas\u0131 Konteyner Y\u0131kamal\u0131 Hidrolik \u00c7\u00f6p Kasas\u0131;<\/p>","protected":false},"author":3,"featured_media":0,"parent":15835,"menu_order":0,"comment_status":"closed","ping_status":"closed","template":"elementor_header_footer","meta":{"footnotes":""},"class_list":["post-15910","page","type-page","status-publish","hentry"],"_links":{"self":[{"href":"https:\/\/www.orakcimakina.com\/es\/wp-json\/wp\/v2\/pages\/15910","targetHints":{"allow":["GET"]}}],"collection":[{"href":"https:\/\/www.orakcimakina.com\/es\/wp-json\/wp\/v2\/pages"}],"about":[{"href":"https:\/\/www.orakcimakina.com\/es\/wp-json\/wp\/v2\/types\/page"}],"author":[{"embeddable":true,"href":"https:\/\/www.orakcimakina.com\/es\/wp-json\/wp\/v2\/users\/3"}],"replies":[{"embeddable":true,"href":"https:\/\/www.orakcimakina.com\/es\/wp-json\/wp\/v2\/comments?post=15910"}],"version-history":[{"count":0,"href":"https:\/\/www.orakcimakina.com\/es\/wp-json\/wp\/v2\/pages\/15910\/revisions"}],"up":[{"embeddable":true,"href":"https:\/\/www.orakcimakina.com\/es\/wp-json\/wp\/v2\/pages\/15835"}],"wp:attachment":[{"href":"https:\/\/www.orakcimakina.com\/es\/wp-json\/wp\/v2\/media?parent=15910"}],"curies":[{"name":"wp","href":"https:\/\/api.w.org\/{rel}","templated":true}]}}