{"id":15798,"date":"2024-01-04T15:33:19","date_gmt":"2024-01-04T12:33:19","guid":{"rendered":"https:\/\/www.orakcimakina.com\/?page_id=15798"},"modified":"2025-05-27T09:27:56","modified_gmt":"2025-05-27T06:27:56","slug":"politica-cultura","status":"publish","type":"page","link":"https:\/\/www.orakcimakina.com\/es\/politika-kultur\/","title":{"rendered":"Politika &#038; K\u00fclt\u00fcr"},"content":{"rendered":"<div data-elementor-type=\"wp-page\" data-elementor-id=\"15798\" class=\"elementor elementor-15798\">\n\t\t\t\t<div class=\"elementor-element elementor-element-3b00842 e-con-full wd-section-stretch-content e-flex e-con e-parent\" data-id=\"3b00842\" data-element_type=\"container\" data-e-type=\"container\" data-settings=\"{&quot;background_background&quot;:&quot;classic&quot;}\">\n\t\t\t\t<div class=\"elementor-element elementor-element-43f7dac elementor-widget elementor-widget-heading\" data-id=\"43f7dac\" data-element_type=\"widget\" data-e-type=\"widget\" data-widget_type=\"heading.default\">\n\t\t\t\t<div class=\"elementor-widget-container\">\n\t\t\t\t\t<h1 class=\"elementor-heading-title elementor-size-default\"><b>Humano<\/b><br>\nFuentes<\/h1>\t\t\t\t<\/div>\n\t\t\t\t<\/div>\n\t\t\t\t<\/div>\n\t\t<div class=\"elementor-element elementor-element-f8b6e64 e-flex e-con-boxed wd-section-disabled e-con e-parent\" data-id=\"f8b6e64\" data-element_type=\"container\" data-e-type=\"container\">\n\t\t\t\t\t<div class=\"e-con-inner\">\n\t\t<div class=\"elementor-element elementor-element-581509c e-con-full e-flex wd-section-disabled e-con e-child\" data-id=\"581509c\" data-element_type=\"container\" data-e-type=\"container\">\n\t\t\t\t<div class=\"elementor-element elementor-element-44c03a3 elementor-widget elementor-widget-heading\" data-id=\"44c03a3\" data-element_type=\"widget\" data-e-type=\"widget\" data-widget_type=\"heading.default\">\n\t\t\t\t<div class=\"elementor-widget-container\">\n\t\t\t\t\t<div class=\"elementor-heading-title elementor-size-default\">Desde el primer d\u00eda hasta hoy, nunca hemos olvidado lo valiosa que es cada piedra que cada persona que trabaja en nuestra empresa ha puesto en nuestro camino como miembro de esta familia.<\/div>\t\t\t\t<\/div>\n\t\t\t\t<\/div>\n\t\t\t\t<\/div>\n\t\t<div class=\"elementor-element elementor-element-c54bf4c e-con-full e-flex wd-section-disabled e-con e-child\" data-id=\"c54bf4c\" data-element_type=\"container\" data-e-type=\"container\">\n\t\t\t\t<div class=\"elementor-element elementor-element-cee03db color-scheme-inherit text-left elementor-widget elementor-widget-text-editor\" data-id=\"cee03db\" data-element_type=\"widget\" data-e-type=\"widget\" data-widget_type=\"text-editor.default\">\n\t\t\t\t<div class=\"elementor-widget-container\">\n\t\t\t\t\t\t\t\t\t<p>Nuestra familia ha crecido estos d\u00edas. Seguimos nuestro camino con cientos de empleados y una s\u00f3lida infraestructura en cuatro sectores principales. Cumplimos los objetivos que nos fijamos uno a uno y a\u00f1adimos otros nuevos delante de nosotros. Hemos creado un sistema que aprende y se renueva constantemente y somos conscientes de su valor.<\/p><p>Quiero hacer extensivo mi agradecimiento infinito a mis colegas y a todas nuestras partes interesadas que son miembros de esta familia y que trabajan sinceramente para alcanzar los objetivos que nos hemos fijado juntos.\"<\/p>\t\t\t\t\t\t\t\t<\/div>\n\t\t\t\t<\/div>\n\t\t\t\t<div class=\"elementor-element elementor-element-5830e9b elementor-widget elementor-widget-heading\" data-id=\"5830e9b\" data-element_type=\"widget\" data-e-type=\"widget\" data-widget_type=\"heading.default\">\n\t\t\t\t<div class=\"elementor-widget-container\">\n\t\t\t\t\t<div class=\"elementor-heading-title elementor-size-default\">Ozgur Orakci<\/div>\t\t\t\t<\/div>\n\t\t\t\t<\/div>\n\t\t\t\t<div class=\"elementor-element elementor-element-627fd4c elementor-widget elementor-widget-heading\" data-id=\"627fd4c\" data-element_type=\"widget\" data-e-type=\"widget\" data-widget_type=\"heading.default\">\n\t\t\t\t<div class=\"elementor-widget-container\">\n\t\t\t\t\t<div class=\"elementor-heading-title elementor-size-default\">Presidente del Consejo de Administraci\u00f3n<\/div>\t\t\t\t<\/div>\n\t\t\t\t<\/div>\n\t\t\t\t<\/div>\n\t\t\t\t\t<\/div>\n\t\t\t\t<\/div>\n\t\t<div class=\"elementor-element elementor-element-c3b98b2 e-flex e-con-boxed wd-section-disabled e-con e-parent\" data-id=\"c3b98b2\" data-element_type=\"container\" data-e-type=\"container\">\n\t\t\t\t\t<div class=\"e-con-inner\">\n\t\t\t\t<div class=\"elementor-element elementor-element-e7bfc42 elementor-widget elementor-widget-image\" data-id=\"e7bfc42\" data-element_type=\"widget\" data-e-type=\"widget\" data-widget_type=\"image.default\">\n\t\t\t\t<div class=\"elementor-widget-container\">\n\t\t\t\t\t\t\t\t\t\t\t\t\t\t\t<img fetchpriority=\"high\" decoding=\"async\" width=\"1200\" height=\"597\" src=\"https:\/\/www.orakcimakina.com\/wp-content\/themes\/woodmart\/images\/lazy.png\" class=\"attachment-full size-full wp-image-15801 wd-lazy-load wd-lazy-none\" alt=\"\" srcset=\"\" sizes=\"(max-width: 1200px) 100vw, 1200px\" data-wood-src=\"https:\/\/www.orakcimakina.com\/wp-content\/uploads\/2024\/01\/Insan-Kaynaklari-1200x597.png.webp\" data-srcset=\"https:\/\/www.orakcimakina.com\/wp-content\/uploads\/2024\/01\/Insan-Kaynaklari-1200x597.png.webp 1200w, https:\/\/www.orakcimakina.com\/wp-content\/uploads\/2024\/01\/Insan-Kaynaklari-1200x597.png-400x199.webp 400w, https:\/\/www.orakcimakina.com\/wp-content\/uploads\/2024\/01\/Insan-Kaynaklari-1200x597.png-768x382.webp 768w\" title=\"\">\t\t\t\t\t\t\t\t\t\t\t\t\t\t\t<\/div>\n\t\t\t\t<\/div>\n\t\t\t\t\t<\/div>\n\t\t\t\t<\/div>\n\t\t<div class=\"elementor-element elementor-element-528e2c5 e-flex e-con-boxed wd-section-disabled e-con e-parent\" data-id=\"528e2c5\" data-element_type=\"container\" data-e-type=\"container\">\n\t\t\t\t\t<div class=\"e-con-inner\">\n\t\t<div class=\"elementor-element elementor-element-11ba0ed e-con-full e-flex wd-section-disabled e-con e-child\" data-id=\"11ba0ed\" data-element_type=\"container\" data-e-type=\"container\">\n\t\t\t\t<div class=\"elementor-element elementor-element-f73b2f2 elementor-widget elementor-widget-heading\" data-id=\"f73b2f2\" data-element_type=\"widget\" data-e-type=\"widget\" data-widget_type=\"heading.default\">\n\t\t\t\t<div class=\"elementor-widget-container\">\n\t\t\t\t\t<div class=\"elementor-heading-title elementor-size-default\">Trabajar en Orak\u00e7\u0131 no es s\u00f3lo tener un trabajo. Trabajamos con la ilusi\u00f3n de aprender juntos, desarrollarnos juntos y progresar juntos.<\/div>\t\t\t\t<\/div>\n\t\t\t\t<\/div>\n\t\t\t\t<\/div>\n\t\t<div class=\"elementor-element elementor-element-dcf5d62 e-con-full e-flex wd-section-disabled e-con e-child\" data-id=\"dcf5d62\" data-element_type=\"container\" data-e-type=\"container\">\n\t\t\t\t<div class=\"elementor-element elementor-element-5d69bab color-scheme-inherit text-left elementor-widget elementor-widget-text-editor\" data-id=\"5d69bab\" data-element_type=\"widget\" data-e-type=\"widget\" data-widget_type=\"text-editor.default\">\n\t\t\t\t<div class=\"elementor-widget-container\">\n\t\t\t\t\t\t\t\t\t<p>Creemos en la importancia de un entorno en el que prevalezcan el respeto mutuo, la solidaridad, la igualdad y la compasi\u00f3n. Sabemos que el camino hacia el crecimiento econ\u00f3mico y el desarrollo pasa por empleados felices y abiertos al desarrollo y la cooperaci\u00f3n en lugares de trabajo donde haya igualdad de oportunidades y se compartan los conocimientos.<\/p><p>Nuestra fuerza m\u00e1s importante en el camino hacia el \u00e9xito son nuestros empleados. Consideramos que unos empleados altamente motivados y competentes son el valor m\u00e1s importante para alcanzar nuestros objetivos.<\/p><p>En Orak\u00e7\u0131 Makina nos esforzamos por contribuir al desarrollo de los conocimientos de nuestros empleados en materia de salud y seguridad en el trabajo, la concienciaci\u00f3n sobre la producci\u00f3n y la calidad, las competencias personales y de gesti\u00f3n y las competencias profesionales mediante la creaci\u00f3n de una cultura corporativa com\u00fan a trav\u00e9s de programas de formaci\u00f3n y estudios de mejora continua que asignamos y aplicamos peri\u00f3dicamente.<\/p><p>Seguiremos trabajando y desarroll\u00e1ndonos con un enfoque innovador e integrado de los recursos humanos a trav\u00e9s de la transformaci\u00f3n que hemos realizado poniendo a las personas en el centro.<\/p>\t\t\t\t\t\t\t\t<\/div>\n\t\t\t\t<\/div>\n\t\t\t\t<\/div>\n\t\t\t\t\t<\/div>\n\t\t\t\t<\/div>\n\t\t<div class=\"elementor-element elementor-element-15b58bc e-flex e-con-boxed wd-section-disabled e-con e-parent\" data-id=\"15b58bc\" data-element_type=\"container\" data-e-type=\"container\" data-settings=\"{&quot;background_background&quot;:&quot;classic&quot;}\">\n\t\t\t\t\t<div class=\"e-con-inner\">\n\t\t<div class=\"elementor-element elementor-element-d09161c e-flex e-con-boxed wd-section-disabled e-con e-child\" data-id=\"d09161c\" data-element_type=\"container\" data-e-type=\"container\">\n\t\t\t\t\t<div class=\"e-con-inner\">\n\t\t\t\t<div class=\"elementor-element elementor-element-79bf3a0 elementor-widget elementor-widget-image\" data-id=\"79bf3a0\" data-element_type=\"widget\" data-e-type=\"widget\" data-widget_type=\"image.default\">\n\t\t\t\t<div class=\"elementor-widget-container\">\n\t\t\t\t\t\t\t\t\t\t\t\t\t\t\t<img decoding=\"async\" width=\"135\" height=\"135\" src=\"https:\/\/www.orakcimakina.com\/wp-content\/themes\/woodmart\/images\/lazy.png\" class=\"attachment-full size-full wp-image-15802 wd-lazy-load wd-lazy-none\" alt=\"\" data-wood-src=\"https:\/\/www.orakcimakina.com\/wp-content\/uploads\/2024\/01\/Bize-Katilin.png.webp\" srcset=\"\" title=\"\">\t\t\t\t\t\t\t\t\t\t\t\t\t\t\t<\/div>\n\t\t\t\t<\/div>\n\t\t\t\t<div class=\"elementor-element elementor-element-d9d0da7 elementor-widget elementor-widget-heading\" data-id=\"d9d0da7\" data-element_type=\"widget\" data-e-type=\"widget\" data-widget_type=\"heading.default\">\n\t\t\t\t<div class=\"elementor-widget-container\">\n\t\t\t\t\t<h2 class=\"elementor-heading-title elementor-size-default\">\u00danete a nosotros\n<\/h2>\t\t\t\t<\/div>\n\t\t\t\t<\/div>\n\t\t\t\t\t<\/div>\n\t\t\t\t<\/div>\n\t\t<div class=\"elementor-element elementor-element-12ece08 e-flex e-con-boxed wd-section-disabled e-con e-child\" data-id=\"12ece08\" data-element_type=\"container\" data-e-type=\"container\">\n\t\t\t\t\t<div class=\"e-con-inner\">\n\t\t\t\t<div class=\"elementor-element elementor-element-0a66e1c elementor-widget elementor-widget-wd_button\" data-id=\"0a66e1c\" data-element_type=\"widget\" data-e-type=\"widget\" data-widget_type=\"wd_button.default\">\n\t\t\t\t<div class=\"elementor-widget-container\">\n\t\t\t\t\t\t\t<div class=\"wd-button-wrapper text-center\" >\n\t\t\t<a class=\"btn btn-style-bordered btn-style-rectangle btn-size-default btn-color-white btn-icon-pos-right\"  href=\"https:\/\/www.orakcimakina.com\/es\/solicitud-de-practicas\/\">\n\t\t\t\t<span class=\"wd-btn-text\" data-elementor-setting-key=\"text\">\n\t\t\t\t\tSolicitud de empleo y pr\u00e1cticas\t\t\t\t<\/span>\n\n\t\t\t\t\t\t\t<\/a>\n\t\t<\/div>\n\t\t\t\t\t\t<\/div>\n\t\t\t\t<\/div>\n\t\t\t\t\t<\/div>\n\t\t\t\t<\/div>\n\t\t\t\t\t<\/div>\n\t\t\t\t<\/div>\n\t\t\t\t<\/div>","protected":false},"excerpt":{"rendered":"<p>\u0130nsan Kaynaklar\u0131 \u0130lk g\u00fcnden g\u00fcn\u00fcm\u00fcze kadar \u015firketimizde \u00e7al\u0131\u015fan her bir bireyin bu ailenin bir \u00fcyesi olarak yolumuza yerle\u015ftirdi\u011fi her bir<\/p>","protected":false},"author":3,"featured_media":0,"parent":0,"menu_order":0,"comment_status":"closed","ping_status":"closed","template":"elementor_header_footer","meta":{"footnotes":""},"class_list":["post-15798","page","type-page","status-publish","hentry"],"_links":{"self":[{"href":"https:\/\/www.orakcimakina.com\/es\/wp-json\/wp\/v2\/pages\/15798","targetHints":{"allow":["GET"]}}],"collection":[{"href":"https:\/\/www.orakcimakina.com\/es\/wp-json\/wp\/v2\/pages"}],"about":[{"href":"https:\/\/www.orakcimakina.com\/es\/wp-json\/wp\/v2\/types\/page"}],"author":[{"embeddable":true,"href":"https:\/\/www.orakcimakina.com\/es\/wp-json\/wp\/v2\/users\/3"}],"replies":[{"embeddable":true,"href":"https:\/\/www.orakcimakina.com\/es\/wp-json\/wp\/v2\/comments?post=15798"}],"version-history":[{"count":0,"href":"https:\/\/www.orakcimakina.com\/es\/wp-json\/wp\/v2\/pages\/15798\/revisions"}],"wp:attachment":[{"href":"https:\/\/www.orakcimakina.com\/es\/wp-json\/wp\/v2\/media?parent=15798"}],"curies":[{"name":"wp","href":"https:\/\/api.w.org\/{rel}","templated":true}]}}