{"id":16630,"date":"2024-03-06T17:03:35","date_gmt":"2024-03-06T14:03:35","guid":{"rendered":"https:\/\/www.orakcimakina.com\/?page_id=16630"},"modified":"2024-03-06T17:24:02","modified_gmt":"2024-03-06T14:24:02","slug":"perez-policy","status":"publish","type":"page","link":"https:\/\/www.orakcimakina.com\/en\/cerez-politikasi\/","title":{"rendered":"Cookie Policy"},"content":{"rendered":"<div data-elementor-type=\"wp-page\" data-elementor-id=\"16630\" class=\"elementor elementor-16630\">\n\t\t\t\t<div class=\"elementor-element elementor-element-f763d81 e-flex e-con-boxed wd-section-disabled e-con e-parent\" data-id=\"f763d81\" data-element_type=\"container\" data-e-type=\"container\">\n\t\t\t\t\t<div class=\"e-con-inner\">\n\t\t\t\t<div class=\"elementor-element elementor-element-17bf681 elementor-widget elementor-widget-wd_title\" data-id=\"17bf681\" data-element_type=\"widget\" data-e-type=\"widget\" data-widget_type=\"wd_title.default\">\n\t\t\t\t<div class=\"elementor-widget-container\">\n\t\t\t\t\t\t\t\t<link rel=\"stylesheet\" id=\"wd-section-title-css\" href=\"https:\/\/www.orakcimakina.com\/wp-content\/themes\/woodmart\/css\/parts\/el-section-title.min.css?ver=7.3.4\" type=\"text\/css\" media=\"all\" \/> \t\t\t\t\t<div class=\"title-wrapper set-mb-s reset-last-child wd-title-color-default wd-title-style-default wd-title-size-default text-left\">\n\n\t\t\t\n\t\t\t<div class=\"liner-continer\">\n\t\t\t\t<h4 class=\"woodmart-title-container title wd-fontsize-l\">Cookie Policy<\/h4> \n\t\t\t\t\t\t\t<\/div>\n\n\t\t\t\t\t\t\t<div class=\"title-after_title set-cont-mb-s reset-last-child wd-fontsize-xs\">\n\t\t\t\t\t<p>This privacy policy sets out the terms and conditions for the confidentiality and protection of all information (e-mail, telephone, address, name, etc...) that users provide to the https:\/\/www.orakcimakina.com\/ website.<\/p><p>Protection and confidentiality of the aforementioned confidential information is among the priorities of https:\/\/www.orakcimakina.com\/. If users choose not to share their personal information, they will not be able to benefit from the services provided by https:\/\/www.orakcimakina.com\/.<\/p><p>The information provided by users will not be used for purposes other than those specified in the user agreement and related agreements, and will not be shared with third parties, except for exceptions. In case this information is requested by legal authorities, https:\/\/www.orakcimakina.com\/ is obliged to share this information by acting in accordance with legal requirements.<\/p><p>https:\/\/www.orakcimakina.com\/ automatically stores information such as IP address, browser type, date and time of visit and uses this information to determine users' requests, preferences and user trends. https:\/\/www.orakcimakina.com\/ has the right to detect the user's IP address and take necessary intervention if necessary.<\/p><p>The obligations arising under this Protocol shall survive the termination of the User Agreement, howsoever arising.<\/p><p>https:\/\/www.orakcimakina.com\/ has the right to make changes regarding the privacy policy. Changes will become effective upon publication on https:\/\/www.orakcimakina.com\/ website.<\/p><p><strong>What is a Cookie?<\/strong><\/p><p>Cookies are small text files placed in your browser by websites you visit. These files are used to collect information about the website's visitors and to use this information on subsequent visits.<\/p><p><strong>Use of Cookies<\/strong><\/p><p>Cookies are used to monitor the performance of our website, customize content, display advertisements and improve the user experience. They are also used to remember visitors' preferences and enable them to use our site effectively.<\/p><p><strong>Cookie Types<\/strong><\/p><ol><li><p><strong>Mandatory Cookies:<\/strong>\u00a0It is essential for the basic functionality of our website and enables the user to navigate the site and access key features.<\/p><\/li><li><p><strong>Functional and Performance Cookies:<\/strong>\u00a0It is used to remember user preferences and improve the performance of the website.<\/p><\/li><li><p><strong>Advertising and Targeting Cookies:<\/strong>\u00a0It is used to ensure that ads that match users' interests are displayed.<\/p><\/li><\/ol><p><strong>Controlling and Turning off Cookies<\/strong><\/p><p>You can control or refuse to accept cookies by changing your browser settings. For more information on how to manage cookies, consult your browser's help documentation.<\/p><p><strong>Changes and Updates<\/strong><\/p><p>We may update our cookie policy from time to time. We may not provide notice of such changes, so we encourage you to check our policy regularly.<\/p><p>If you have any questions about this cookie policy, please contact us via info@orakcimakina.com.<\/p>\t\t\t\t<\/div>\n\t\t\t\t\t<\/div>\n\t\t\t\t\t\t<\/div>\n\t\t\t\t<\/div>\n\t\t\t\t\t<\/div>\n\t\t\t\t<\/div>\n\t\t\t\t<\/div>","protected":false},"excerpt":{"rendered":"<p>\u00c7erez Politikas\u0131 \u0130\u015fbu gizlilik politikas\u0131 kullan\u0131c\u0131lar\u0131n https:\/\/www.orakcimakina.com\/\u00a0internet sitesine vermi\u015f oldu\u011fu t\u00fcm bilgilerin (e-posta, telefon, adres, isim vb\u2026) gizli tutulmas\u0131 ve<\/p>","protected":false},"author":3,"featured_media":0,"parent":0,"menu_order":0,"comment_status":"closed","ping_status":"closed","template":"elementor_header_footer","meta":{"footnotes":""},"class_list":["post-16630","page","type-page","status-publish","hentry"],"_links":{"self":[{"href":"https:\/\/www.orakcimakina.com\/en\/wp-json\/wp\/v2\/pages\/16630","targetHints":{"allow":["GET"]}}],"collection":[{"href":"https:\/\/www.orakcimakina.com\/en\/wp-json\/wp\/v2\/pages"}],"about":[{"href":"https:\/\/www.orakcimakina.com\/en\/wp-json\/wp\/v2\/types\/page"}],"author":[{"embeddable":true,"href":"https:\/\/www.orakcimakina.com\/en\/wp-json\/wp\/v2\/users\/3"}],"replies":[{"embeddable":true,"href":"https:\/\/www.orakcimakina.com\/en\/wp-json\/wp\/v2\/comments?post=16630"}],"version-history":[{"count":0,"href":"https:\/\/www.orakcimakina.com\/en\/wp-json\/wp\/v2\/pages\/16630\/revisions"}],"wp:attachment":[{"href":"https:\/\/www.orakcimakina.com\/en\/wp-json\/wp\/v2\/media?parent=16630"}],"curies":[{"name":"wp","href":"https:\/\/api.w.org\/{rel}","templated":true}]}}