{"id":16064,"date":"2024-01-04T18:48:00","date_gmt":"2024-01-04T15:48:00","guid":{"rendered":"https:\/\/www.orakcimakina.com\/?page_id=16064"},"modified":"2025-05-27T09:26:16","modified_gmt":"2025-05-27T06:26:16","slug":"why-orakci","status":"publish","type":"page","link":"https:\/\/www.orakcimakina.com\/en\/neden-orakci\/","title":{"rendered":"Why Orak\u00e7\u0131"},"content":{"rendered":"<div data-elementor-type=\"wp-page\" data-elementor-id=\"16064\" class=\"elementor elementor-16064\">\n\t\t\t\t<div class=\"elementor-element elementor-element-3b00842 e-con-full wd-section-stretch-content e-flex e-con e-parent\" data-id=\"3b00842\" data-element_type=\"container\" data-e-type=\"container\" data-settings=\"{&quot;background_background&quot;:&quot;classic&quot;}\">\n\t\t\t\t<div class=\"elementor-element elementor-element-43f7dac elementor-widget elementor-widget-heading\" data-id=\"43f7dac\" data-element_type=\"widget\" data-e-type=\"widget\" data-widget_type=\"heading.default\">\n\t\t\t\t<div class=\"elementor-widget-container\">\n\t\t\t\t\t<h1 class=\"elementor-heading-title elementor-size-default\">Why?<br>\nOrak\u00e7\u0131?<\/h1>\t\t\t\t<\/div>\n\t\t\t\t<\/div>\n\t\t\t\t<\/div>\n\t\t<div class=\"elementor-element elementor-element-f8b6e64 e-flex e-con-boxed wd-section-disabled e-con e-parent\" data-id=\"f8b6e64\" data-element_type=\"container\" data-e-type=\"container\" id=\"esnek-tasar\u0131m-ve-uretim-yetenegi\" data-settings=\"{&quot;background_background&quot;:&quot;classic&quot;}\">\n\t\t\t\t\t<div class=\"e-con-inner\">\n\t\t\t\t<div class=\"elementor-element elementor-element-69673dd elementor-widget elementor-widget-menu-anchor\" data-id=\"69673dd\" data-element_type=\"widget\" data-e-type=\"widget\" data-widget_type=\"menu-anchor.default\">\n\t\t\t\t<div class=\"elementor-widget-container\">\n\t\t\t\t\t\t\t<div class=\"elementor-menu-anchor\" id=\"esnek-tasarim\"><\/div>\n\t\t\t\t\t\t<\/div>\n\t\t\t\t<\/div>\n\t\t\t\t<div class=\"elementor-element elementor-element-65344ec elementor-widget elementor-widget-heading\" data-id=\"65344ec\" data-element_type=\"widget\" data-e-type=\"widget\" data-widget_type=\"heading.default\">\n\t\t\t\t<div class=\"elementor-widget-container\">\n\t\t\t\t\t<h2 class=\"elementor-heading-title elementor-size-default\">Neden Orak\u00e7\u0131 Makina? <br>Cevap; Esnek Tasar\u0131m ve \u00dcretim Yetene\u011fi<\/h2>\t\t\t\t<\/div>\n\t\t\t\t<\/div>\n\t\t\t\t<div class=\"elementor-element elementor-element-23cdd49 elementor-widget elementor-widget-image\" data-id=\"23cdd49\" data-element_type=\"widget\" data-e-type=\"widget\" data-widget_type=\"image.default\">\n\t\t\t\t<div class=\"elementor-widget-container\">\n\t\t\t\t\t\t\t\t\t\t\t\t\t\t\t<img fetchpriority=\"high\" decoding=\"async\" width=\"1672\" height=\"787\" src=\"https:\/\/www.orakcimakina.com\/wp-content\/themes\/woodmart\/images\/lazy.png\" class=\"attachment-full size-full wp-image-16067 wd-lazy-load wd-lazy-none\" alt=\"\" srcset=\"\" sizes=\"(max-width: 1672px) 100vw, 1672px\" data-wood-src=\"https:\/\/www.orakcimakina.com\/wp-content\/uploads\/2024\/01\/neden-orakci-page-1.png.webp\" data-srcset=\"https:\/\/www.orakcimakina.com\/wp-content\/uploads\/2024\/01\/neden-orakci-page-1.png.webp 1672w, https:\/\/www.orakcimakina.com\/wp-content\/uploads\/2024\/01\/neden-orakci-page-1.png-400x188.webp 400w, https:\/\/www.orakcimakina.com\/wp-content\/uploads\/2024\/01\/neden-orakci-page-1.png-1300x612.webp 1300w, https:\/\/www.orakcimakina.com\/wp-content\/uploads\/2024\/01\/neden-orakci-page-1.png-768x361.webp 768w, https:\/\/www.orakcimakina.com\/wp-content\/uploads\/2024\/01\/neden-orakci-page-1.png-1536x723.webp 1536w\" title=\"\">\t\t\t\t\t\t\t\t\t\t\t\t\t\t\t<\/div>\n\t\t\t\t<\/div>\n\t\t\t\t\t<\/div>\n\t\t\t\t<\/div>\n\t\t<div class=\"elementor-element elementor-element-253e3de e-flex e-con-boxed wd-section-disabled e-con e-parent\" data-id=\"253e3de\" data-element_type=\"container\" data-e-type=\"container\">\n\t\t\t\t\t<div class=\"e-con-inner\">\n\t\t<div class=\"elementor-element elementor-element-5133553 e-con-full e-flex wd-section-disabled e-con e-child\" data-id=\"5133553\" data-element_type=\"container\" data-e-type=\"container\">\n\t\t\t\t<div class=\"elementor-element elementor-element-933937c elementor-widget elementor-widget-heading\" data-id=\"933937c\" data-element_type=\"widget\" data-e-type=\"widget\" data-widget_type=\"heading.default\">\n\t\t\t\t<div class=\"elementor-widget-container\">\n\t\t\t\t\t<div class=\"elementor-heading-title elementor-size-default\">\"Let's design the products you need together.\"<\/div>\t\t\t\t<\/div>\n\t\t\t\t<\/div>\n\t\t\t\t<\/div>\n\t\t<div class=\"elementor-element elementor-element-321525e e-con-full e-flex wd-section-disabled e-con e-child\" data-id=\"321525e\" data-element_type=\"container\" data-e-type=\"container\">\n\t\t\t\t<div class=\"elementor-element elementor-element-a1e8080 color-scheme-inherit text-left elementor-widget elementor-widget-text-editor\" data-id=\"a1e8080\" data-element_type=\"widget\" data-e-type=\"widget\" data-widget_type=\"text-editor.default\">\n\t\t\t\t<div class=\"elementor-widget-container\">\n\t\t\t\t\t\t\t\t\t<p><span style=\"font-size: 16px; background-color: var(--wd-main-bgcolor);\">In addition to our standard products, we develop new products suitable for different environmental and climatic conditions in line with the expectations, needs and demands of their current or targeted market. We create strong, competitive and long-term collaborations with different and flexible working methods such as finished products, disassembled products or equipment supply with vehicles, and we grow and develop together with our customers. This flexible structure, which enables us to offer uniquely designed equipment customized in accordance with the local conditions of the markets we serve, also contributes to increasing the market power of our customers with whom we cooperate. We ensure this flexibility with our expert project team that can carry out different projects together, our experienced production and support staff, and the power we receive from our technological infrastructure.<\/span><\/p>\t\t\t\t\t\t\t\t<\/div>\n\t\t\t\t<\/div>\n\t\t\t\t<\/div>\n\t\t\t\t\t<\/div>\n\t\t\t\t<\/div>\n\t\t<div class=\"elementor-element elementor-element-b0c3af6 e-flex e-con-boxed wd-section-disabled e-con e-parent\" data-id=\"b0c3af6\" data-element_type=\"container\" data-e-type=\"container\" id=\"dijital-donusum\">\n\t\t\t\t\t<div class=\"e-con-inner\">\n\t\t\t\t<div class=\"elementor-element elementor-element-6b2415d elementor-widget elementor-widget-menu-anchor\" data-id=\"6b2415d\" data-element_type=\"widget\" data-e-type=\"widget\" data-widget_type=\"menu-anchor.default\">\n\t\t\t\t<div class=\"elementor-widget-container\">\n\t\t\t\t\t\t\t<div class=\"elementor-menu-anchor\" id=\"dijital-donusum\"><\/div>\n\t\t\t\t\t\t<\/div>\n\t\t\t\t<\/div>\n\t\t\t\t<div class=\"elementor-element elementor-element-efa4c2f elementor-widget elementor-widget-heading\" data-id=\"efa4c2f\" data-element_type=\"widget\" data-e-type=\"widget\" data-widget_type=\"heading.default\">\n\t\t\t\t<div class=\"elementor-widget-container\">\n\t\t\t\t\t<h2 class=\"elementor-heading-title elementor-size-default\">Digital Transformation\n<\/h2>\t\t\t\t<\/div>\n\t\t\t\t<\/div>\n\t\t\t\t<div class=\"elementor-element elementor-element-63df09f elementor-widget elementor-widget-image\" data-id=\"63df09f\" data-element_type=\"widget\" data-e-type=\"widget\" data-widget_type=\"image.default\">\n\t\t\t\t<div class=\"elementor-widget-container\">\n\t\t\t\t\t\t\t\t\t\t\t\t\t\t\t<img decoding=\"async\" width=\"1676\" height=\"785\" src=\"https:\/\/www.orakcimakina.com\/wp-content\/themes\/woodmart\/images\/lazy.png\" class=\"attachment-full size-full wp-image-16069 wd-lazy-load wd-lazy-none\" alt=\"\" srcset=\"\" sizes=\"(max-width: 1676px) 100vw, 1676px\" data-wood-src=\"https:\/\/www.orakcimakina.com\/wp-content\/uploads\/2024\/01\/Dijital-Donusum-1.png.webp\" data-srcset=\"https:\/\/www.orakcimakina.com\/wp-content\/uploads\/2024\/01\/Dijital-Donusum-1.png.webp 1676w, https:\/\/www.orakcimakina.com\/wp-content\/uploads\/2024\/01\/Dijital-Donusum-1.png-400x187.webp 400w, https:\/\/www.orakcimakina.com\/wp-content\/uploads\/2024\/01\/Dijital-Donusum-1.png-1300x609.webp 1300w, https:\/\/www.orakcimakina.com\/wp-content\/uploads\/2024\/01\/Dijital-Donusum-1.png-768x360.webp 768w, https:\/\/www.orakcimakina.com\/wp-content\/uploads\/2024\/01\/Dijital-Donusum-1.png-1536x719.webp 1536w\" title=\"\">\t\t\t\t\t\t\t\t\t\t\t\t\t\t\t<\/div>\n\t\t\t\t<\/div>\n\t\t\t\t\t<\/div>\n\t\t\t\t<\/div>\n\t\t<div class=\"elementor-element elementor-element-a6b7225 e-flex e-con-boxed wd-section-disabled e-con e-parent\" data-id=\"a6b7225\" data-element_type=\"container\" data-e-type=\"container\">\n\t\t\t\t\t<div class=\"e-con-inner\">\n\t\t<div class=\"elementor-element elementor-element-ee8b20b e-con-full e-flex wd-section-disabled e-con e-child\" data-id=\"ee8b20b\" data-element_type=\"container\" data-e-type=\"container\">\n\t\t\t\t<div class=\"elementor-element elementor-element-8330839 elementor-widget elementor-widget-heading\" data-id=\"8330839\" data-element_type=\"widget\" data-e-type=\"widget\" data-widget_type=\"heading.default\">\n\t\t\t\t<div class=\"elementor-widget-container\">\n\t\t\t\t\t<div class=\"elementor-heading-title elementor-size-default\">\"Our quality is under control with an integrated digital process management infrastructure.\"<\/div>\t\t\t\t<\/div>\n\t\t\t\t<\/div>\n\t\t\t\t<\/div>\n\t\t<div class=\"elementor-element elementor-element-278fa69 e-con-full e-flex wd-section-disabled e-con e-child\" data-id=\"278fa69\" data-element_type=\"container\" data-e-type=\"container\">\n\t\t\t\t<div class=\"elementor-element elementor-element-eaa9009 color-scheme-inherit text-left elementor-widget elementor-widget-text-editor\" data-id=\"eaa9009\" data-element_type=\"widget\" data-e-type=\"widget\" data-widget_type=\"text-editor.default\">\n\t\t\t\t<div class=\"elementor-widget-container\">\n\t\t\t\t\t\t\t\t\t<p>We have ensured our quality by standardizing our products and processes. With the understanding of \"Management by Processes\", we have initiated the \"Digital Transformation\" process to work effectively and efficiently based on data and we are improving it every day. In addition to increasing the use of ready-made programs that have proven their success in order to carry out our management system processes correctly and healthily, we use all our administrative processes more effectively with IFS ERP. We continue to develop our infrastructure according to our changing needs every day.  We manage our design (Autodesk Inventor, Autodesk Vault), analysis (ANSYS), stability control and verification (Recurdyn), quality documentation management (QDMS), customer relationship management (CRM), production planning, production tracking, quality control, inventory management (IFS ERP) processes with digital infrastructure and ensure our quality.<\/p>\t\t\t\t\t\t\t\t<\/div>\n\t\t\t\t<\/div>\n\t\t\t\t<\/div>\n\t\t\t\t\t<\/div>\n\t\t\t\t<\/div>\n\t\t<div class=\"elementor-element elementor-element-360f280 e-flex e-con-boxed wd-section-disabled e-con e-parent\" data-id=\"360f280\" data-element_type=\"container\" data-e-type=\"container\" id=\"once-biz-deniyoruz\">\n\t\t\t\t\t<div class=\"e-con-inner\">\n\t\t\t\t<div class=\"elementor-element elementor-element-89d372c elementor-widget elementor-widget-menu-anchor\" data-id=\"89d372c\" data-element_type=\"widget\" data-e-type=\"widget\" data-widget_type=\"menu-anchor.default\">\n\t\t\t\t<div class=\"elementor-widget-container\">\n\t\t\t\t\t\t\t<div class=\"elementor-menu-anchor\" id=\"once-biz-deniyoruz\"><\/div>\n\t\t\t\t\t\t<\/div>\n\t\t\t\t<\/div>\n\t\t\t\t<div class=\"elementor-element elementor-element-ff2eced elementor-widget elementor-widget-heading\" data-id=\"ff2eced\" data-element_type=\"widget\" data-e-type=\"widget\" data-widget_type=\"heading.default\">\n\t\t\t\t<div class=\"elementor-widget-container\">\n\t\t\t\t\t<h2 class=\"elementor-heading-title elementor-size-default\">We Try First<\/h2>\t\t\t\t<\/div>\n\t\t\t\t<\/div>\n\t\t\t\t<div class=\"elementor-element elementor-element-80925a4 elementor-widget elementor-widget-image\" data-id=\"80925a4\" data-element_type=\"widget\" data-e-type=\"widget\" data-widget_type=\"image.default\">\n\t\t\t\t<div class=\"elementor-widget-container\">\n\t\t\t\t\t\t\t\t\t\t\t\t\t\t\t<img decoding=\"async\" width=\"1300\" height=\"612\" src=\"https:\/\/www.orakcimakina.com\/wp-content\/themes\/woodmart\/images\/lazy.png\" class=\"attachment-large size-large wp-image-16070 wd-lazy-load wd-lazy-none\" alt=\"\" srcset=\"\" sizes=\"(max-width: 1300px) 100vw, 1300px\" data-wood-src=\"https:\/\/www.orakcimakina.com\/wp-content\/uploads\/2024\/01\/Once-Biz-Deniyoruz-1.png-1300x612.webp\" data-srcset=\"https:\/\/www.orakcimakina.com\/wp-content\/uploads\/2024\/01\/Once-Biz-Deniyoruz-1.png-1300x612.webp 1300w, https:\/\/www.orakcimakina.com\/wp-content\/uploads\/2024\/01\/Once-Biz-Deniyoruz-1.png-400x188.webp 400w, https:\/\/www.orakcimakina.com\/wp-content\/uploads\/2024\/01\/Once-Biz-Deniyoruz-1.png-768x361.webp 768w, https:\/\/www.orakcimakina.com\/wp-content\/uploads\/2024\/01\/Once-Biz-Deniyoruz-1.png-1536x723.webp 1536w, https:\/\/www.orakcimakina.com\/wp-content\/uploads\/2024\/01\/Once-Biz-Deniyoruz-1.png.webp 1672w\" title=\"\">\t\t\t\t\t\t\t\t\t\t\t\t\t\t\t<\/div>\n\t\t\t\t<\/div>\n\t\t\t\t\t<\/div>\n\t\t\t\t<\/div>\n\t\t<div class=\"elementor-element elementor-element-3370e3c e-flex e-con-boxed wd-section-disabled e-con e-parent\" data-id=\"3370e3c\" data-element_type=\"container\" data-e-type=\"container\">\n\t\t\t\t\t<div class=\"e-con-inner\">\n\t\t<div class=\"elementor-element elementor-element-aa60ff4 e-con-full e-flex wd-section-disabled e-con e-child\" data-id=\"aa60ff4\" data-element_type=\"container\" data-e-type=\"container\">\n\t\t\t\t<div class=\"elementor-element elementor-element-7870a5c elementor-widget elementor-widget-heading\" data-id=\"7870a5c\" data-element_type=\"widget\" data-e-type=\"widget\" data-widget_type=\"heading.default\">\n\t\t\t\t<div class=\"elementor-widget-container\">\n\t\t\t\t\t<div class=\"elementor-heading-title elementor-size-default\">\"We made our user experience the source of design input.\"<\/div>\t\t\t\t<\/div>\n\t\t\t\t<\/div>\n\t\t\t\t<\/div>\n\t\t<div class=\"elementor-element elementor-element-7483914 e-con-full e-flex wd-section-disabled e-con e-child\" data-id=\"7483914\" data-element_type=\"container\" data-e-type=\"container\">\n\t\t\t\t<div class=\"elementor-element elementor-element-9e73ed2 color-scheme-inherit text-left elementor-widget elementor-widget-text-editor\" data-id=\"9e73ed2\" data-element_type=\"widget\" data-e-type=\"widget\" data-widget_type=\"text-editor.default\">\n\t\t\t\t<div class=\"elementor-widget-container\">\n\t\t\t\t\t\t\t\t\t<p>Our strongest supporter during the testing phases is ORTEM, our sister company and customer operating in the waste collection and urban cleaning sector. Together with ORTEM, we ensure that our equipment is tested under real conditions and we can concretely determine user needs about the equipment. We field test the first prototypes of our designed equipment under real conditions for a minimum of 6 months. Within the scope of the field test, we check our equipment weekly and monthly at variable frequency intervals and obtain the developments we want to observe in detail with the full scope. ORTEM's presence provides unique support in terms of design inputs during the product development phase, and is very effective in gaining both time and new perspectives in analyzing the structural effects on the products to be designed.<\/p>\t\t\t\t\t\t\t\t<\/div>\n\t\t\t\t<\/div>\n\t\t\t\t<\/div>\n\t\t\t\t\t<\/div>\n\t\t\t\t<\/div>\n\t\t<div class=\"elementor-element elementor-element-d89a046 e-flex e-con-boxed wd-section-disabled e-con e-parent\" data-id=\"d89a046\" data-element_type=\"container\" data-e-type=\"container\" id=\"guclu-satis-sonrasi-destek\">\n\t\t\t\t\t<div class=\"e-con-inner\">\n\t\t\t\t<div class=\"elementor-element elementor-element-675dd50 elementor-widget elementor-widget-menu-anchor\" data-id=\"675dd50\" data-element_type=\"widget\" data-e-type=\"widget\" data-widget_type=\"menu-anchor.default\">\n\t\t\t\t<div class=\"elementor-widget-container\">\n\t\t\t\t\t\t\t<div class=\"elementor-menu-anchor\" id=\"guclu-satis\"><\/div>\n\t\t\t\t\t\t<\/div>\n\t\t\t\t<\/div>\n\t\t\t\t<div class=\"elementor-element elementor-element-3ce0499 elementor-widget elementor-widget-heading\" data-id=\"3ce0499\" data-element_type=\"widget\" data-e-type=\"widget\" data-widget_type=\"heading.default\">\n\t\t\t\t<div class=\"elementor-widget-container\">\n\t\t\t\t\t<h2 class=\"elementor-heading-title elementor-size-default\">Strong After Sales Support<\/h2>\t\t\t\t<\/div>\n\t\t\t\t<\/div>\n\t\t\t\t<div class=\"elementor-element elementor-element-5c713bf elementor-widget elementor-widget-image\" data-id=\"5c713bf\" data-element_type=\"widget\" data-e-type=\"widget\" data-widget_type=\"image.default\">\n\t\t\t\t<div class=\"elementor-widget-container\">\n\t\t\t\t\t\t\t\t\t\t\t\t\t\t\t<img loading=\"lazy\" decoding=\"async\" width=\"1300\" height=\"612\" src=\"https:\/\/www.orakcimakina.com\/wp-content\/themes\/woodmart\/images\/lazy.png\" class=\"attachment-large size-large wp-image-16071 wd-lazy-load wd-lazy-none\" alt=\"\" srcset=\"\" sizes=\"(max-width: 1300px) 100vw, 1300px\" data-wood-src=\"https:\/\/www.orakcimakina.com\/wp-content\/uploads\/2024\/01\/Guclu-Satis-Sonrasi-Destek-1.png-1300x612.webp\" data-srcset=\"https:\/\/www.orakcimakina.com\/wp-content\/uploads\/2024\/01\/Guclu-Satis-Sonrasi-Destek-1.png-1300x612.webp 1300w, https:\/\/www.orakcimakina.com\/wp-content\/uploads\/2024\/01\/Guclu-Satis-Sonrasi-Destek-1.png-400x188.webp 400w, https:\/\/www.orakcimakina.com\/wp-content\/uploads\/2024\/01\/Guclu-Satis-Sonrasi-Destek-1.png-768x361.webp 768w, https:\/\/www.orakcimakina.com\/wp-content\/uploads\/2024\/01\/Guclu-Satis-Sonrasi-Destek-1.png-1536x723.webp 1536w, https:\/\/www.orakcimakina.com\/wp-content\/uploads\/2024\/01\/Guclu-Satis-Sonrasi-Destek-1.png.webp 1672w\" title=\"\">\t\t\t\t\t\t\t\t\t\t\t\t\t\t\t<\/div>\n\t\t\t\t<\/div>\n\t\t\t\t\t<\/div>\n\t\t\t\t<\/div>\n\t\t<div class=\"elementor-element elementor-element-94322a7 e-flex e-con-boxed wd-section-disabled e-con e-parent\" data-id=\"94322a7\" data-element_type=\"container\" data-e-type=\"container\">\n\t\t\t\t\t<div class=\"e-con-inner\">\n\t\t<div class=\"elementor-element elementor-element-0c33712 e-con-full e-flex wd-section-disabled e-con e-child\" data-id=\"0c33712\" data-element_type=\"container\" data-e-type=\"container\">\n\t\t\t\t<div class=\"elementor-element elementor-element-95d0b61 elementor-widget elementor-widget-heading\" data-id=\"95d0b61\" data-element_type=\"widget\" data-e-type=\"widget\" data-widget_type=\"heading.default\">\n\t\t\t\t<div class=\"elementor-widget-container\">\n\t\t\t\t\t<div class=\"elementor-heading-title elementor-size-default\">\"There for you in any situation you need.\"<\/div>\t\t\t\t<\/div>\n\t\t\t\t<\/div>\n\t\t\t\t<\/div>\n\t\t<div class=\"elementor-element elementor-element-32eb995 e-con-full e-flex wd-section-disabled e-con e-child\" data-id=\"32eb995\" data-element_type=\"container\" data-e-type=\"container\">\n\t\t\t\t<div class=\"elementor-element elementor-element-3555cb2 color-scheme-inherit text-left elementor-widget elementor-widget-text-editor\" data-id=\"3555cb2\" data-element_type=\"widget\" data-e-type=\"widget\" data-widget_type=\"text-editor.default\">\n\t\t\t\t<div class=\"elementor-widget-container\">\n\t\t\t\t\t\t\t\t\t<p>We provide remote or on-site support, service and training services to the personnel of our customers and\/or end-users in every subject they may need such as use, maintenance, troubleshooting, troubleshooting, equipment installation, spare parts supply. Our ability to immediately intervene in possible problems, remote access to electronic circuits, fast spare parts supply and delivery are the primary reasons for the long-term cooperation we have established with our customers.<\/p>\t\t\t\t\t\t\t\t<\/div>\n\t\t\t\t<\/div>\n\t\t\t\t<\/div>\n\t\t\t\t\t<\/div>\n\t\t\t\t<\/div>\n\t\t<div class=\"elementor-element elementor-element-d59025a e-flex e-con-boxed wd-section-disabled e-con e-parent\" data-id=\"d59025a\" data-element_type=\"container\" data-e-type=\"container\" id=\"kullanici-dostu-cozumler\">\n\t\t\t\t\t<div class=\"e-con-inner\">\n\t\t\t\t<div class=\"elementor-element elementor-element-3ff1fcb elementor-widget elementor-widget-menu-anchor\" data-id=\"3ff1fcb\" data-element_type=\"widget\" data-e-type=\"widget\" data-widget_type=\"menu-anchor.default\">\n\t\t\t\t<div class=\"elementor-widget-container\">\n\t\t\t\t\t\t\t<div class=\"elementor-menu-anchor\" id=\"kullanici-dostu-cozumler\"><\/div>\n\t\t\t\t\t\t<\/div>\n\t\t\t\t<\/div>\n\t\t\t\t<div class=\"elementor-element elementor-element-5a88de8 elementor-widget elementor-widget-heading\" data-id=\"5a88de8\" data-element_type=\"widget\" data-e-type=\"widget\" data-widget_type=\"heading.default\">\n\t\t\t\t<div class=\"elementor-widget-container\">\n\t\t\t\t\t<h2 class=\"elementor-heading-title elementor-size-default\">User Friendly Solutions\n<\/h2>\t\t\t\t<\/div>\n\t\t\t\t<\/div>\n\t\t\t\t\t<\/div>\n\t\t\t\t<\/div>\n\t\t<div class=\"elementor-element elementor-element-3bdfe95 e-flex e-con-boxed wd-section-disabled e-con e-parent\" data-id=\"3bdfe95\" data-element_type=\"container\" data-e-type=\"container\">\n\t\t\t\t\t<div class=\"e-con-inner\">\n\t\t\t\t<div class=\"elementor-element elementor-element-46bb5b4 elementor-widget elementor-widget-image\" data-id=\"46bb5b4\" data-element_type=\"widget\" data-e-type=\"widget\" data-widget_type=\"image.default\">\n\t\t\t\t<div class=\"elementor-widget-container\">\n\t\t\t\t\t\t\t\t\t\t\t\t\t\t\t<img loading=\"lazy\" decoding=\"async\" width=\"1300\" height=\"612\" src=\"https:\/\/www.orakcimakina.com\/wp-content\/themes\/woodmart\/images\/lazy.png\" class=\"attachment-large size-large wp-image-16072 wd-lazy-load wd-lazy-none\" alt=\"\" srcset=\"\" sizes=\"(max-width: 1300px) 100vw, 1300px\" data-wood-src=\"https:\/\/www.orakcimakina.com\/wp-content\/uploads\/2024\/01\/Kullanici-Dostu-Cozumler-1.png-1300x612.webp\" data-srcset=\"https:\/\/www.orakcimakina.com\/wp-content\/uploads\/2024\/01\/Kullanici-Dostu-Cozumler-1.png-1300x612.webp 1300w, https:\/\/www.orakcimakina.com\/wp-content\/uploads\/2024\/01\/Kullanici-Dostu-Cozumler-1.png-400x188.webp 400w, https:\/\/www.orakcimakina.com\/wp-content\/uploads\/2024\/01\/Kullanici-Dostu-Cozumler-1.png-768x361.webp 768w, https:\/\/www.orakcimakina.com\/wp-content\/uploads\/2024\/01\/Kullanici-Dostu-Cozumler-1.png-1536x723.webp 1536w, https:\/\/www.orakcimakina.com\/wp-content\/uploads\/2024\/01\/Kullanici-Dostu-Cozumler-1.png.webp 1672w\" title=\"\">\t\t\t\t\t\t\t\t\t\t\t\t\t\t\t<\/div>\n\t\t\t\t<\/div>\n\t\t\t\t\t<\/div>\n\t\t\t\t<\/div>\n\t\t<div class=\"elementor-element elementor-element-6955f0b e-flex e-con-boxed wd-section-disabled e-con e-parent\" data-id=\"6955f0b\" data-element_type=\"container\" data-e-type=\"container\">\n\t\t\t\t\t<div class=\"e-con-inner\">\n\t\t<div class=\"elementor-element elementor-element-20fdd1e e-con-full e-flex wd-section-disabled e-con e-child\" data-id=\"20fdd1e\" data-element_type=\"container\" data-e-type=\"container\">\n\t\t\t\t<div class=\"elementor-element elementor-element-59027c2 elementor-widget elementor-widget-heading\" data-id=\"59027c2\" data-element_type=\"widget\" data-e-type=\"widget\" data-widget_type=\"heading.default\">\n\t\t\t\t<div class=\"elementor-widget-container\">\n\t\t\t\t\t<div class=\"elementor-heading-title elementor-size-default\">\"Products that are safe, affordable and easy to use.\"<\/div>\t\t\t\t<\/div>\n\t\t\t\t<\/div>\n\t\t\t\t<\/div>\n\t\t<div class=\"elementor-element elementor-element-7d1eac0 e-con-full e-flex wd-section-disabled e-con e-child\" data-id=\"7d1eac0\" data-element_type=\"container\" data-e-type=\"container\">\n\t\t\t\t<div class=\"elementor-element elementor-element-8ac39d5 color-scheme-inherit text-left elementor-widget elementor-widget-text-editor\" data-id=\"8ac39d5\" data-element_type=\"widget\" data-e-type=\"widget\" data-widget_type=\"text-editor.default\">\n\t\t\t\t<div class=\"elementor-widget-container\">\n\t\t\t\t\t\t\t\t\t<p>Our products are user-friendly, we produce and develop designs that meet the safety standards of world norms on occupational safety and prioritize ease of use. We also offer optional solutions suitable for the local environmental conditions and working styles of the markets we serve. Ease of maintenance and low maintenance and usage costs are among our design priorities.<\/p>\t\t\t\t\t\t\t\t<\/div>\n\t\t\t\t<\/div>\n\t\t\t\t<\/div>\n\t\t\t\t\t<\/div>\n\t\t\t\t<\/div>\n\t\t\t\t<\/div>","protected":false},"excerpt":{"rendered":"<p>Neden Orak\u00e7\u0131? Neden Orak\u00e7\u0131 Makina? Cevap; Esnek Tasar\u0131m ve \u00dcretim Yetene\u011fi \u201c\u0130htiyac\u0131n\u0131z olan \u00fcr\u00fcnleri birlikte tasarlayal\u0131m.\u201d Standart \u00fcr\u00fcnlerimizin yan\u0131 s\u0131ra,<\/p>","protected":false},"author":3,"featured_media":0,"parent":0,"menu_order":0,"comment_status":"closed","ping_status":"closed","template":"elementor_header_footer","meta":{"footnotes":""},"class_list":["post-16064","page","type-page","status-publish","hentry"],"_links":{"self":[{"href":"https:\/\/www.orakcimakina.com\/en\/wp-json\/wp\/v2\/pages\/16064","targetHints":{"allow":["GET"]}}],"collection":[{"href":"https:\/\/www.orakcimakina.com\/en\/wp-json\/wp\/v2\/pages"}],"about":[{"href":"https:\/\/www.orakcimakina.com\/en\/wp-json\/wp\/v2\/types\/page"}],"author":[{"embeddable":true,"href":"https:\/\/www.orakcimakina.com\/en\/wp-json\/wp\/v2\/users\/3"}],"replies":[{"embeddable":true,"href":"https:\/\/www.orakcimakina.com\/en\/wp-json\/wp\/v2\/comments?post=16064"}],"version-history":[{"count":0,"href":"https:\/\/www.orakcimakina.com\/en\/wp-json\/wp\/v2\/pages\/16064\/revisions"}],"wp:attachment":[{"href":"https:\/\/www.orakcimakina.com\/en\/wp-json\/wp\/v2\/media?parent=16064"}],"curies":[{"name":"wp","href":"https:\/\/api.w.org\/{rel}","templated":true}]}}