{"id":15806,"date":"2024-01-04T15:39:03","date_gmt":"2024-01-04T12:39:03","guid":{"rendered":"https:\/\/www.orakcimakina.com\/?page_id=15806"},"modified":"2024-01-04T15:43:25","modified_gmt":"2024-01-04T12:43:25","slug":"job-internship-application","status":"publish","type":"page","link":"https:\/\/www.orakcimakina.com\/en\/is-staj-basvurusu\/","title":{"rendered":"\u0130\u015f &#038; Staj Ba\u015fvurusu"},"content":{"rendered":"<div data-elementor-type=\"wp-page\" data-elementor-id=\"15806\" class=\"elementor elementor-15806\">\n\t\t\t\t<div class=\"elementor-element elementor-element-b960a7e e-flex e-con-boxed wd-section-disabled e-con e-parent\" data-id=\"b960a7e\" data-element_type=\"container\" data-e-type=\"container\">\n\t\t\t\t\t<div class=\"e-con-inner\">\n\t\t\t\t<div class=\"elementor-element elementor-element-b5e5d74 elementor-widget elementor-widget-heading\" data-id=\"b5e5d74\" data-element_type=\"widget\" data-e-type=\"widget\" data-widget_type=\"heading.default\">\n\t\t\t\t<div class=\"elementor-widget-container\">\n\t\t\t\t\t<h2 class=\"elementor-heading-title elementor-size-default\">Our aim<\/h2>\t\t\t\t<\/div>\n\t\t\t\t<\/div>\n\t\t\t\t<div class=\"elementor-element elementor-element-cb1456d color-scheme-inherit text-left elementor-widget elementor-widget-text-editor\" data-id=\"cb1456d\" data-element_type=\"widget\" data-e-type=\"widget\" data-widget_type=\"text-editor.default\">\n\t\t\t\t<div class=\"elementor-widget-container\">\n\t\t\t\t\t\t\t\t\t<p>Our corporate culture is shaped on employees' establishing fair, reliable and sincere relationships, while the principle of honesty is accepted as our most fundamental value in employees' relationship with the organization.<\/p>\t\t\t\t\t\t\t\t<\/div>\n\t\t\t\t<\/div>\n\t\t\t\t<div class=\"elementor-element elementor-element-fd5dee5 elementor-widget elementor-widget-heading\" data-id=\"fd5dee5\" data-element_type=\"widget\" data-e-type=\"widget\" data-widget_type=\"heading.default\">\n\t\t\t\t<div class=\"elementor-widget-container\">\n\t\t\t\t\t<h2 class=\"elementor-heading-title elementor-size-default\">Our Targets<\/h2>\t\t\t\t<\/div>\n\t\t\t\t<\/div>\n\t\t\t\t<div class=\"elementor-element elementor-element-e53efa0 color-scheme-inherit text-left elementor-widget elementor-widget-text-editor\" data-id=\"e53efa0\" data-element_type=\"widget\" data-e-type=\"widget\" data-widget_type=\"text-editor.default\">\n\t\t\t\t<div class=\"elementor-widget-container\">\n\t\t\t\t\t\t\t\t\t<p>To employ a competent and qualified workforce that makes a difference,<\/p><p>To ensure the personal development of existing employees by improving their skills and abilities,<\/p><p>Creating a transparent and reliable communication environment by supporting teamwork and team awareness,<\/p><p>To integrate new developments into the company culture with the principle of continuous development,<\/p><p>To create a preferred working environment by measuring the satisfaction levels of our employees and implementing practices aimed at employee motivation for this purpose,<\/p><p>To initiate innovative practices with a solution and result-oriented approach in human resources management.<\/p>\t\t\t\t\t\t\t\t<\/div>\n\t\t\t\t<\/div>\n\t\t\t\t<div class=\"elementor-element elementor-element-9e375a8 elementor-widget elementor-widget-heading\" data-id=\"9e375a8\" data-element_type=\"widget\" data-e-type=\"widget\" data-widget_type=\"heading.default\">\n\t\t\t\t<div class=\"elementor-widget-container\">\n\t\t\t\t\t<h2 class=\"elementor-heading-title elementor-size-default\">Recruitment and Career at Orak\u00e7\u0131<\/h2>\t\t\t\t<\/div>\n\t\t\t\t<\/div>\n\t\t\t\t<div class=\"elementor-element elementor-element-577c034 color-scheme-inherit text-left elementor-widget elementor-widget-text-editor\" data-id=\"577c034\" data-element_type=\"widget\" data-e-type=\"widget\" data-widget_type=\"text-editor.default\">\n\t\t\t\t<div class=\"elementor-widget-container\">\n\t\t\t\t\t\t\t\t\t<p><strong>Recruitment Process<\/strong><\/p><p>We carry out our recruitment process with the strategy of 'the right person for the right job'.<\/p><p>Competency Based Interview Techniques are used to assess the knowledge and skills of the candidates during the interviews. Interviews are also supported by different measurement and evaluation tools in line with the needs.<\/p><p>All or some of the following assessment tools are applied in accordance with the requirements of the position:<\/p><p>- Competency Based Interview<\/p><p>- Personality Inventory<\/p><p>- Foreign Language Placement Test<\/p><p>- Visual Aptitude Test<\/p><p><strong>Career Management<\/strong><br \/>In line with the Company's vision, strategic goals and the human resources development policies implemented, offering new career opportunities within our organization to our employees who demonstrate successful performance is among our primary goals.<\/p><p>In the process initiated with human resources planning, the identification of critical positions, backup, rotation, internal and cross promotion alternatives form the basis of our career planning policy.<\/p><p><strong>Education\/Development<\/strong><br \/>Orak\u00e7\u0131 considers development activities as an important investment in people.<\/p><p>Orak\u00e7\u0131 conducts needs analyses and designs training processes within the framework of annual plans in order to increase the technical knowledge and skills of employees and to improve their behavioral and managerial competencies.<\/p>\t\t\t\t\t\t\t\t<\/div>\n\t\t\t\t<\/div>\n\t\t\t\t\t<\/div>\n\t\t\t\t<\/div>\n\t\t<div class=\"elementor-element elementor-element-be8e939 e-flex e-con-boxed wd-section-disabled e-con e-parent\" data-id=\"be8e939\" data-element_type=\"container\" data-e-type=\"container\">\n\t\t\t\t\t<div class=\"e-con-inner\">\n\t\t\t\t<div class=\"elementor-element elementor-element-11a2447 elementor-widget elementor-widget-wd_button\" data-id=\"11a2447\" data-element_type=\"widget\" data-e-type=\"widget\" data-widget_type=\"wd_button.default\">\n\t\t\t\t<div class=\"elementor-widget-container\">\n\t\t\t\t\t\t\t<div class=\"wd-button-wrapper text-center\" >\n\t\t\t<a class=\"btn btn-style-bordered btn-style-rectangle btn-size-default btn-color-custom btn-icon-pos-right\" href=\"https:\/\/www.kariyer.net\/firma-profil\/orakci-sirketler-grubu-14942-5419\" target=\"_blank\" rel=\"noopener\">\n\t\t\t\t<span class=\"wd-btn-text\" data-elementor-setting-key=\"text\">\n\t\t\t\t\tAvailable Positions\t\t\t\t<\/span>\n\n\t\t\t\t\t\t\t<\/a>\n\t\t<\/div>\n\t\t\t\t\t\t<\/div>\n\t\t\t\t<\/div>\n\t\t\t\t<div class=\"elementor-element elementor-element-74f52ae elementor-widget elementor-widget-wd_button\" data-id=\"74f52ae\" data-element_type=\"widget\" data-e-type=\"widget\" data-widget_type=\"wd_button.default\">\n\t\t\t\t<div class=\"elementor-widget-container\">\n\t\t\t\t\t\t\t<div class=\"wd-button-wrapper text-center\" >\n\t\t\t<a class=\"btn btn-style-bordered btn-style-rectangle btn-size-default btn-color-custom btn-icon-pos-right\" href=\"https:\/\/www.linkedin.com\/company\/orakci-sirketler-grubu\/\" target=\"_blank\" rel=\"noopener\">\n\t\t\t\t<span class=\"wd-btn-text\" data-elementor-setting-key=\"text\">\n\t\t\t\t\tLinkedin\t\t\t\t<\/span>\n\n\t\t\t\t\t\t\t<\/a>\n\t\t<\/div>\n\t\t\t\t\t\t<\/div>\n\t\t\t\t<\/div>\n\t\t\t\t\t<\/div>\n\t\t\t\t<\/div>\n\t\t\t\t<\/div>","protected":false},"excerpt":{"rendered":"<p>Amac\u0131m\u0131z Kurum k\u00fclt\u00fcr\u00fcm\u00fcz; \u00e7al\u0131\u015fanlar\u0131n adil, g\u00fcvenilir ve samimi ili\u015fkiler kurmas\u0131 \u00fczerinde \u015fekillendirilirken, d\u00fcr\u00fcstl\u00fck ilkesi \u00e7al\u0131\u015fanlar\u0131n kurumla olan ili\u015fkisinde en temel<\/p>","protected":false},"author":3,"featured_media":0,"parent":0,"menu_order":0,"comment_status":"closed","ping_status":"closed","template":"elementor_header_footer","meta":{"footnotes":""},"class_list":["post-15806","page","type-page","status-publish","hentry"],"_links":{"self":[{"href":"https:\/\/www.orakcimakina.com\/en\/wp-json\/wp\/v2\/pages\/15806","targetHints":{"allow":["GET"]}}],"collection":[{"href":"https:\/\/www.orakcimakina.com\/en\/wp-json\/wp\/v2\/pages"}],"about":[{"href":"https:\/\/www.orakcimakina.com\/en\/wp-json\/wp\/v2\/types\/page"}],"author":[{"embeddable":true,"href":"https:\/\/www.orakcimakina.com\/en\/wp-json\/wp\/v2\/users\/3"}],"replies":[{"embeddable":true,"href":"https:\/\/www.orakcimakina.com\/en\/wp-json\/wp\/v2\/comments?post=15806"}],"version-history":[{"count":0,"href":"https:\/\/www.orakcimakina.com\/en\/wp-json\/wp\/v2\/pages\/15806\/revisions"}],"wp:attachment":[{"href":"https:\/\/www.orakcimakina.com\/en\/wp-json\/wp\/v2\/media?parent=15806"}],"curies":[{"name":"wp","href":"https:\/\/api.w.org\/{rel}","templated":true}]}}