{"id":15776,"date":"2024-01-04T14:54:39","date_gmt":"2024-01-04T11:54:39","guid":{"rendered":"https:\/\/www.orakcimakina.com\/?page_id=15776"},"modified":"2025-05-27T09:27:52","modified_gmt":"2025-05-27T06:27:52","slug":"orakci-sirketler-grubu","status":"publish","type":"page","link":"https:\/\/www.orakcimakina.com\/en\/orakci-sirketler-grubu\/","title":{"rendered":"ORAK\u00c7I GRUP"},"content":{"rendered":"<div data-elementor-type=\"wp-page\" data-elementor-id=\"15776\" class=\"elementor elementor-15776\">\n\t\t\t\t<div class=\"elementor-element elementor-element-3b00842 e-con-full wd-section-stretch-content e-flex e-con e-parent\" data-id=\"3b00842\" data-element_type=\"container\" data-e-type=\"container\" data-settings=\"{&quot;background_background&quot;:&quot;classic&quot;}\">\n\t\t\t\t<div class=\"elementor-element elementor-element-43f7dac elementor-widget elementor-widget-heading\" data-id=\"43f7dac\" data-element_type=\"widget\" data-e-type=\"widget\" data-widget_type=\"heading.default\">\n\t\t\t\t<div class=\"elementor-widget-container\">\n\t\t\t\t\t<h1 class=\"elementor-heading-title elementor-size-default\">Orak\u00e7\u0131 Group<\/h1>\t\t\t\t<\/div>\n\t\t\t\t<\/div>\n\t\t\t\t<\/div>\n\t\t<div class=\"elementor-element elementor-element-f8b6e64 e-flex e-con-boxed wd-section-disabled e-con e-parent\" data-id=\"f8b6e64\" data-element_type=\"container\" data-e-type=\"container\">\n\t\t\t\t\t<div class=\"e-con-inner\">\n\t\t<div class=\"elementor-element elementor-element-581509c e-con-full e-flex wd-section-disabled e-con e-child\" data-id=\"581509c\" data-element_type=\"container\" data-e-type=\"container\">\n\t\t\t\t<div class=\"elementor-element elementor-element-44c03a3 elementor-widget elementor-widget-heading\" data-id=\"44c03a3\" data-element_type=\"widget\" data-e-type=\"widget\" data-widget_type=\"heading.default\">\n\t\t\t\t<div class=\"elementor-widget-container\">\n\t\t\t\t\t<div class=\"elementor-heading-title elementor-size-default\">In our 46-year journey, we continue to carry out our activities in line with the goal of \"stable and sustainable growth\".<\/div>\t\t\t\t<\/div>\n\t\t\t\t<\/div>\n\t\t\t\t<\/div>\n\t\t<div class=\"elementor-element elementor-element-c54bf4c e-con-full e-flex wd-section-disabled e-con e-child\" data-id=\"c54bf4c\" data-element_type=\"container\" data-e-type=\"container\">\n\t\t\t\t<div class=\"elementor-element elementor-element-cee03db color-scheme-inherit text-left elementor-widget elementor-widget-text-editor\" data-id=\"cee03db\" data-element_type=\"widget\" data-e-type=\"widget\" data-widget_type=\"text-editor.default\">\n\t\t\t\t<div class=\"elementor-widget-container\">\n\t\t\t\t\t\t\t\t\t<p>Started in 1978, Orak\u00e7\u0131 Group operates in the service, machinery, automotive and construction sectors. Today, Orak\u00e7\u0131 Group, which is a business partner of many municipalities and companies and offers privileged services to its customers, is built on the traditional and solid foundations of a family business.<\/p><p>The Group currently operates in more than 20 different locations with approximately 1,000 employees, offering a variety of high quality services and products to customers all over Turkey and the world. The Orak\u00e7\u0131 Group has achieved its steady rise for 46 years by working hard without compromising its principles.<\/p>\t\t\t\t\t\t\t\t<\/div>\n\t\t\t\t<\/div>\n\t\t\t\t<\/div>\n\t\t\t\t\t<\/div>\n\t\t\t\t<\/div>\n\t\t<div class=\"elementor-element elementor-element-9104d30 orakci-grup e-flex e-con-boxed wd-section-disabled e-con e-parent\" data-id=\"9104d30\" data-element_type=\"container\" data-e-type=\"container\">\n\t\t\t\t\t<div class=\"e-con-inner\">\n\t\t<div class=\"elementor-element elementor-element-05415da e-flex e-con-boxed wd-section-disabled e-con e-child\" data-id=\"05415da\" data-element_type=\"container\" data-e-type=\"container\">\n\t\t\t\t\t<div class=\"e-con-inner\">\n\t\t<div class=\"elementor-element elementor-element-7127e86 e-flex e-con-boxed wd-section-disabled e-con e-child\" data-id=\"7127e86\" data-element_type=\"container\" data-e-type=\"container\" data-settings=\"{&quot;background_background&quot;:&quot;classic&quot;}\">\n\t\t\t\t\t<div class=\"e-con-inner\">\n\t\t\t\t<div class=\"elementor-element elementor-element-d08f56f elementor-widget elementor-widget-wd_image_or_svg\" data-id=\"d08f56f\" data-element_type=\"widget\" data-e-type=\"widget\" data-widget_type=\"wd_image_or_svg.default\">\n\t\t\t\t<div class=\"elementor-widget-container\">\n\t\t\t\t\t\n\t\t<div class=\"wd-image text-left\">\n\t\t\t\t\t\t\t\t<img decoding=\"async\" width=\"129\" height=\"129\" src=\"https:\/\/www.orakcimakina.com\/wp-content\/themes\/woodmart\/images\/lazy.png\" class=\"attachment-full size-full wd-lazy-load wd-lazy-none\" alt=\"\" data-wood-src=\"https:\/\/www.orakcimakina.com\/wp-content\/uploads\/2024\/01\/Vector-Smart-Object.png.webp\" srcset=\"\" title=\"\">\t\t\t\t\t<\/div>\n\n\t\t\t\t\t\t<\/div>\n\t\t\t\t<\/div>\n\t\t\t\t<div class=\"elementor-element elementor-element-f2e2704 elementor-widget elementor-widget-heading\" data-id=\"f2e2704\" data-element_type=\"widget\" data-e-type=\"widget\" data-widget_type=\"heading.default\">\n\t\t\t\t<div class=\"elementor-widget-container\">\n\t\t\t\t\t<div class=\"elementor-heading-title elementor-size-default\">SERVICE<\/div>\t\t\t\t<\/div>\n\t\t\t\t<\/div>\n\t\t\t\t\t<\/div>\n\t\t\t\t<\/div>\n\t\t<div class=\"elementor-element elementor-element-3ef2fc1 e-flex e-con-boxed wd-section-disabled e-con e-child\" data-id=\"3ef2fc1\" data-element_type=\"container\" data-e-type=\"container\" data-settings=\"{&quot;background_background&quot;:&quot;classic&quot;}\">\n\t\t\t\t\t<div class=\"e-con-inner\">\n\t\t\t\t<div class=\"elementor-element elementor-element-6c2b016 elementor-widget elementor-widget-html\" data-id=\"6c2b016\" data-element_type=\"widget\" data-e-type=\"widget\" data-widget_type=\"html.default\">\n\t\t\t\t<div class=\"elementor-widget-container\">\n\t\t\t\t\t<ul>\n    <li>Operational Fleet Leasing \/ <a class=\"blue-link\" href=\"https:\/\/www.ortemtemizlik.com\/\" target=\"_blank\" rel=\"noopener\">Ortem Cleaning<\/a>\n    <\/li>\n    <li>\n        Foreign Trade \/ <a class=\"blue-link\" href=\"https:\/\/www.orakcimakina.com\/en\/tr\/\">Purpose<\/a>\n    <\/li>\n    <li>\n        Shopping Mall Management \/ <a class=\"blue-link\" href=\"https:\/\/www.novadaedremit.com\/\" target=\"_blank\" rel=\"noopener\">Nova Edremit<\/a>\n    <\/li>\n<\/ul>\t\t\t\t<\/div>\n\t\t\t\t<\/div>\n\t\t\t\t\t<\/div>\n\t\t\t\t<\/div>\n\t\t<div class=\"elementor-element elementor-element-29c8806 e-flex e-con-boxed wd-section-disabled e-con e-child\" data-id=\"29c8806\" data-element_type=\"container\" data-e-type=\"container\" data-settings=\"{&quot;background_background&quot;:&quot;classic&quot;}\">\n\t\t\t\t\t<div class=\"e-con-inner\">\n\t\t\t\t<div class=\"elementor-element elementor-element-40042ee elementor-widget elementor-widget-wd_image_or_svg\" data-id=\"40042ee\" data-element_type=\"widget\" data-e-type=\"widget\" data-widget_type=\"wd_image_or_svg.default\">\n\t\t\t\t<div class=\"elementor-widget-container\">\n\t\t\t\t\t\n\t\t<div class=\"wd-image text-left\">\n\t\t\t\t\t\t\t\t<img decoding=\"async\" width=\"129\" height=\"129\" src=\"https:\/\/www.orakcimakina.com\/wp-content\/themes\/woodmart\/images\/lazy.png\" class=\"attachment-full size-full wd-lazy-load wd-lazy-none\" alt=\"\" data-wood-src=\"https:\/\/www.orakcimakina.com\/wp-content\/uploads\/2024\/01\/Vector-Smart-Object-1.png.webp\" srcset=\"\" title=\"\">\t\t\t\t\t<\/div>\n\n\t\t\t\t\t\t<\/div>\n\t\t\t\t<\/div>\n\t\t\t\t<div class=\"elementor-element elementor-element-e3c3a51 elementor-widget elementor-widget-heading\" data-id=\"e3c3a51\" data-element_type=\"widget\" data-e-type=\"widget\" data-widget_type=\"heading.default\">\n\t\t\t\t<div class=\"elementor-widget-container\">\n\t\t\t\t\t<div class=\"elementor-heading-title elementor-size-default\">INDUSTRY<\/div>\t\t\t\t<\/div>\n\t\t\t\t<\/div>\n\t\t\t\t\t<\/div>\n\t\t\t\t<\/div>\n\t\t<div class=\"elementor-element elementor-element-3bbe1ad e-flex e-con-boxed wd-section-disabled e-con e-child\" data-id=\"3bbe1ad\" data-element_type=\"container\" data-e-type=\"container\" data-settings=\"{&quot;background_background&quot;:&quot;classic&quot;}\">\n\t\t\t\t\t<div class=\"e-con-inner\">\n\t\t\t\t<div class=\"elementor-element elementor-element-bda13ef elementor-widget elementor-widget-html\" data-id=\"bda13ef\" data-element_type=\"widget\" data-e-type=\"widget\" data-widget_type=\"html.default\">\n\t\t\t\t<div class=\"elementor-widget-container\">\n\t\t\t\t\t<ul>\n    <li>Automotive Industry \/ <a class=\"blue-link\" href=\"https:\/\/plaskar.com\/\" target=\"_blank\" rel=\"noopener\">Plaskar<\/a>\n    <\/li>\n      <li>Plastic Mold Industry \/ <a class=\"blue-link\" href=\"https:\/\/www.ormold.com\/\" target=\"_blank\" rel=\"noopener\">Ormold<\/a>\n    <\/li>\n      <li>Machine Industry \/ <a class=\"blue-link\" href=\"https:\/\/www.orakcimakina.com\/en\/tr\/\">After Sales Service - Orakci Machine<\/a>\n    <\/li>\n<\/ul>\t\t\t\t<\/div>\n\t\t\t\t<\/div>\n\t\t\t\t\t<\/div>\n\t\t\t\t<\/div>\n\t\t<div class=\"elementor-element elementor-element-a7b3052 e-flex e-con-boxed wd-section-disabled e-con e-child\" data-id=\"a7b3052\" data-element_type=\"container\" data-e-type=\"container\" data-settings=\"{&quot;background_background&quot;:&quot;classic&quot;}\">\n\t\t\t\t\t<div class=\"e-con-inner\">\n\t\t\t\t<div class=\"elementor-element elementor-element-bf439e1 elementor-widget elementor-widget-wd_image_or_svg\" data-id=\"bf439e1\" data-element_type=\"widget\" data-e-type=\"widget\" data-widget_type=\"wd_image_or_svg.default\">\n\t\t\t\t<div class=\"elementor-widget-container\">\n\t\t\t\t\t\n\t\t<div class=\"wd-image text-left\">\n\t\t\t\t\t\t\t\t<img decoding=\"async\" width=\"129\" height=\"129\" src=\"https:\/\/www.orakcimakina.com\/wp-content\/themes\/woodmart\/images\/lazy.png\" class=\"attachment-full size-full wd-lazy-load wd-lazy-none\" alt=\"\" data-wood-src=\"https:\/\/www.orakcimakina.com\/wp-content\/uploads\/2024\/01\/Vector-Smart-Object-2.png.webp\" srcset=\"\" title=\"\">\t\t\t\t\t<\/div>\n\n\t\t\t\t\t\t<\/div>\n\t\t\t\t<\/div>\n\t\t\t\t<div class=\"elementor-element elementor-element-9b09830 elementor-widget elementor-widget-heading\" data-id=\"9b09830\" data-element_type=\"widget\" data-e-type=\"widget\" data-widget_type=\"heading.default\">\n\t\t\t\t<div class=\"elementor-widget-container\">\n\t\t\t\t\t<div class=\"elementor-heading-title elementor-size-default\">CONSTRUCTION<\/div>\t\t\t\t<\/div>\n\t\t\t\t<\/div>\n\t\t\t\t\t<\/div>\n\t\t\t\t<\/div>\n\t\t<div class=\"elementor-element elementor-element-92a3284 e-flex e-con-boxed wd-section-disabled e-con e-child\" data-id=\"92a3284\" data-element_type=\"container\" data-e-type=\"container\" data-settings=\"{&quot;background_background&quot;:&quot;classic&quot;}\">\n\t\t\t\t\t<div class=\"e-con-inner\">\n\t\t\t\t<div class=\"elementor-element elementor-element-c8c48ce elementor-widget elementor-widget-html\" data-id=\"c8c48ce\" data-element_type=\"widget\" data-e-type=\"widget\" data-widget_type=\"html.default\">\n\t\t\t\t<div class=\"elementor-widget-container\">\n\t\t\t\t\t<ul>\n    <li>Construction and Contracting \/ <a class=\"blue-link\" href=\"https:\/\/orakciyapi.com\/\" target=\"_blank\" rel=\"noopener\">Orakci Construction<\/a>\n    <\/li>\n<\/ul>\t\t\t\t<\/div>\n\t\t\t\t<\/div>\n\t\t\t\t\t<\/div>\n\t\t\t\t<\/div>\n\t\t\t\t\t<\/div>\n\t\t\t\t<\/div>\n\t\t\t\t\t<\/div>\n\t\t\t\t<\/div>\n\t\t\t\t<\/div>","protected":false},"excerpt":{"rendered":"<p>Orak\u00e7\u0131 Grubu 46 y\u0131ll\u0131k yolculu\u011fumuzda faaliyetlerimizi \u201cistikrarl\u0131 ve s\u00fcrd\u00fcr\u00fclebilir b\u00fcy\u00fcme\u201d hedefi \u00e7er\u00e7evesinde y\u00fcr\u00fctmeye devam ediyoruz. 1978 y\u0131l\u0131nda ticari hayat\u0131na ba\u015flayan<\/p>","protected":false},"author":3,"featured_media":0,"parent":0,"menu_order":0,"comment_status":"closed","ping_status":"closed","template":"elementor_header_footer","meta":{"footnotes":""},"class_list":["post-15776","page","type-page","status-publish","hentry"],"_links":{"self":[{"href":"https:\/\/www.orakcimakina.com\/en\/wp-json\/wp\/v2\/pages\/15776","targetHints":{"allow":["GET"]}}],"collection":[{"href":"https:\/\/www.orakcimakina.com\/en\/wp-json\/wp\/v2\/pages"}],"about":[{"href":"https:\/\/www.orakcimakina.com\/en\/wp-json\/wp\/v2\/types\/page"}],"author":[{"embeddable":true,"href":"https:\/\/www.orakcimakina.com\/en\/wp-json\/wp\/v2\/users\/3"}],"replies":[{"embeddable":true,"href":"https:\/\/www.orakcimakina.com\/en\/wp-json\/wp\/v2\/comments?post=15776"}],"version-history":[{"count":0,"href":"https:\/\/www.orakcimakina.com\/en\/wp-json\/wp\/v2\/pages\/15776\/revisions"}],"wp:attachment":[{"href":"https:\/\/www.orakcimakina.com\/en\/wp-json\/wp\/v2\/media?parent=15776"}],"curies":[{"name":"wp","href":"https:\/\/api.w.org\/{rel}","templated":true}]}}