{"id":17697,"date":"2024-11-14T14:47:42","date_gmt":"2024-11-14T11:47:42","guid":{"rendered":"https:\/\/www.orakcimakina.com\/?page_id=17697"},"modified":"2025-05-23T18:22:39","modified_gmt":"2025-05-23T15:22:39","slug":"yenilikci-urunler","status":"publish","type":"page","link":"https:\/\/www.orakcimakina.com\/de\/yenilikci-urunler\/","title":{"rendered":"Innovative Solutions"},"content":{"rendered":"<div data-elementor-type=\"wp-page\" data-elementor-id=\"17697\" class=\"elementor elementor-17697\">\n\t\t\t\t<div class=\"elementor-element elementor-element-1691d79 wd-section-stretch e-flex e-con-boxed e-con e-parent\" data-id=\"1691d79\" data-element_type=\"container\" data-e-type=\"container\" data-settings=\"{&quot;background_background&quot;:&quot;classic&quot;}\">\n\t\t\t\t\t<div class=\"e-con-inner\">\n\t\t\t\t<div class=\"elementor-element elementor-element-4ce8dcd elementor-widget elementor-widget-image\" data-id=\"4ce8dcd\" data-element_type=\"widget\" data-e-type=\"widget\" data-widget_type=\"image.default\">\n\t\t\t\t<div class=\"elementor-widget-container\">\n\t\t\t\t\t\t\t\t\t\t\t\t\t\t\t<img decoding=\"async\" width=\"151\" height=\"81\" src=\"https:\/\/www.orakcimakina.com\/wp-content\/themes\/woodmart\/images\/lazy.png\" class=\"attachment-full size-full wp-image-17761 wd-lazy-load wd-lazy-none\" alt=\"\" srcset=\"\" sizes=\"(max-width: 151px) 100vw, 151px\" data-wood-src=\"https:\/\/www.orakcimakina.com\/wp-content\/uploads\/2024\/12\/Icon-1.png\" data-srcset=\"https:\/\/www.orakcimakina.com\/wp-content\/uploads\/2024\/12\/Icon-1.png.webp 151w, https:\/\/www.orakcimakina.com\/wp-content\/uploads\/2024\/12\/Icon-1-18x10.png.webp 18w\" title=\"\">\t\t\t\t\t\t\t\t\t\t\t\t\t\t\t<\/div>\n\t\t\t\t<\/div>\n\t\t\t\t<div class=\"elementor-element elementor-element-c3745f3 elementor-widget elementor-widget-heading\" data-id=\"c3745f3\" data-element_type=\"widget\" data-e-type=\"widget\" data-widget_type=\"heading.default\">\n\t\t\t\t<div class=\"elementor-widget-container\">\n\t\t\t\t\t<h1 class=\"elementor-heading-title elementor-size-default\"><a>Anasayfa<\/a> \u00bb <a>\u00dcr\u00fcnler<\/a> \u00bb Innovative Solutions<\/h1>\t\t\t\t<\/div>\n\t\t\t\t<\/div>\n\t\t\t\t\t<\/div>\n\t\t\t\t<\/div>\n\t\t<div class=\"elementor-element elementor-element-6bb8eae e-con-full wd-section-stretch-content e-flex e-con e-parent\" data-id=\"6bb8eae\" data-element_type=\"container\" data-e-type=\"container\" data-settings=\"{&quot;background_background&quot;:&quot;classic&quot;}\">\n\t\t\t\t<div class=\"elementor-element elementor-element-a931e9f elementor-widget elementor-widget-heading\" data-id=\"a931e9f\" data-element_type=\"widget\" data-e-type=\"widget\" data-widget_type=\"heading.default\">\n\t\t\t\t<div class=\"elementor-widget-container\">\n\t\t\t\t\t<h1 class=\"elementor-heading-title elementor-size-default\">Yeni Nesil <br>At\u0131k Y\u00f6netim Ekipmanlar\u0131<\/h1>\t\t\t\t<\/div>\n\t\t\t\t<\/div>\n\t\t\t\t<\/div>\n\t\t<div class=\"elementor-element elementor-element-5521aa5 e-flex e-con-boxed wd-section-disabled e-con e-parent\" data-id=\"5521aa5\" data-element_type=\"container\" data-e-type=\"container\">\n\t\t\t\t\t<div class=\"e-con-inner\">\n\t\t<div class=\"elementor-element elementor-element-af021be e-con-full e-flex wd-section-disabled e-con e-child\" data-id=\"af021be\" data-element_type=\"container\" data-e-type=\"container\">\n\t\t\t\t<div class=\"elementor-element elementor-element-300b2b9 elementor-widget elementor-widget-heading\" data-id=\"300b2b9\" data-element_type=\"widget\" data-e-type=\"widget\" data-widget_type=\"heading.default\">\n\t\t\t\t<div class=\"elementor-widget-container\">\n\t\t\t\t\t<div class=\"elementor-heading-title elementor-size-default\">To the needs in the sector <br>innovative solutions.<\/div>\t\t\t\t<\/div>\n\t\t\t\t<\/div>\n\t\t\t\t<\/div>\n\t\t<div class=\"elementor-element elementor-element-8d8ef82 e-con-full e-flex wd-section-disabled e-con e-child\" data-id=\"8d8ef82\" data-element_type=\"container\" data-e-type=\"container\">\n\t\t\t\t<div class=\"elementor-element elementor-element-eabf26a color-scheme-inherit text-left elementor-widget elementor-widget-text-editor\" data-id=\"eabf26a\" data-element_type=\"widget\" data-e-type=\"widget\" data-widget_type=\"text-editor.default\">\n\t\t\t\t<div class=\"elementor-widget-container\">\n\t\t\t\t\t\t\t\t\t<p>Orak\u00e7\u0131 Makina makes a difference with the products it develops with the vision of providing innovative solutions to the needs of the sector. Our products, designed with the principles of high technology, durability and efficiency, are designed to make your business processes more efficient and sustainable.<\/p>\t\t\t\t\t\t\t\t<\/div>\n\t\t\t\t<\/div>\n\t\t\t\t<\/div>\n\t\t\t\t\t<\/div>\n\t\t\t\t<\/div>\n\t\t<div class=\"elementor-element elementor-element-0712616 wd-section-stretch e-flex e-con-boxed e-con e-parent\" data-id=\"0712616\" data-element_type=\"container\" data-e-type=\"container\" data-settings=\"{&quot;background_background&quot;:&quot;classic&quot;}\">\n\t\t\t\t\t<div class=\"e-con-inner\">\n\t\t<div class=\"elementor-element elementor-element-4f20d9a e-con-full e-flex wd-section-disabled e-con e-child\" data-id=\"4f20d9a\" data-element_type=\"container\" data-e-type=\"container\" data-settings=\"{&quot;background_background&quot;:&quot;classic&quot;}\">\n\t\t\t\t<div class=\"elementor-element elementor-element-fb7e79d elementor-widget elementor-widget-image\" data-id=\"fb7e79d\" data-element_type=\"widget\" data-e-type=\"widget\" data-widget_type=\"image.default\">\n\t\t\t\t<div class=\"elementor-widget-container\">\n\t\t\t\t\t\t\t\t\t\t\t\t\t\t\t<img fetchpriority=\"high\" decoding=\"async\" width=\"2400\" height=\"927\" src=\"https:\/\/www.orakcimakina.com\/wp-content\/themes\/woodmart\/images\/lazy.png\" class=\"attachment-full size-full wp-image-17508 wd-lazy-load wd-lazy-none\" alt=\"\" srcset=\"\" sizes=\"(max-width: 2400px) 100vw, 2400px\" data-wood-src=\"https:\/\/www.orakcimakina.com\/wp-content\/uploads\/2024\/05\/odb_cover.jpg\" data-srcset=\"https:\/\/www.orakcimakina.com\/wp-content\/uploads\/2024\/05\/odb_cover.jpg.webp 2400w, https:\/\/www.orakcimakina.com\/wp-content\/uploads\/2024\/05\/odb_cover-400x155.jpg.webp 400w, https:\/\/www.orakcimakina.com\/wp-content\/uploads\/2024\/05\/odb_cover-1300x502.jpg.webp 1300w, https:\/\/www.orakcimakina.com\/wp-content\/uploads\/2024\/05\/odb_cover-768x297.jpg.webp 768w, https:\/\/www.orakcimakina.com\/wp-content\/uploads\/2024\/05\/odb_cover-1536x593.jpg.webp 1536w, https:\/\/www.orakcimakina.com\/wp-content\/uploads\/2024\/05\/odb_cover-2048x791.jpg.webp 2048w, https:\/\/www.orakcimakina.com\/wp-content\/uploads\/2024\/05\/odb_cover-18x7.jpg.webp 18w\" title=\"\">\t\t\t\t\t\t\t\t\t\t\t\t\t\t\t<\/div>\n\t\t\t\t<\/div>\n\t\t\t\t<div class=\"elementor-element elementor-element-fdaf589 elementor-widget elementor-widget-heading\" data-id=\"fdaf589\" data-element_type=\"widget\" data-e-type=\"widget\" data-widget_type=\"heading.default\">\n\t\t\t\t<div class=\"elementor-widget-container\">\n\t\t\t\t\t<div class=\"elementor-heading-title elementor-size-default\">ODB<\/div>\t\t\t\t<\/div>\n\t\t\t\t<\/div>\n\t\t\t\t<div class=\"elementor-element elementor-element-d0934ba elementor-widget elementor-widget-wd_button\" data-id=\"d0934ba\" data-element_type=\"widget\" data-e-type=\"widget\" data-widget_type=\"wd_button.default\">\n\t\t\t\t<div class=\"elementor-widget-container\">\n\t\t\t\t\t\t\t<div class=\"wd-button-wrapper text-\" >\n\t\t\t<a class=\"btn btn-style-bordered btn-style-rectangle btn-size-default btn-color-white btn-full-width btn-icon-pos-right\"  href=\"https:\/\/www.orakcimakina.com\/de\/yenilikci-urunler\/odb\/\">\n\t\t\t\t<span class=\"wd-btn-text\" data-elementor-setting-key=\"text\">\n\t\t\t\t\tke\u015ffet\t\t\t\t<\/span>\n\n\t\t\t\t\t\t\t<\/a>\n\t\t<\/div>\n\t\t\t\t\t\t<\/div>\n\t\t\t\t<\/div>\n\t\t\t\t<\/div>\n\t\t<div class=\"elementor-element elementor-element-0209819 e-con-full e-flex wd-section-disabled e-con e-child\" data-id=\"0209819\" data-element_type=\"container\" data-e-type=\"container\" data-settings=\"{&quot;background_background&quot;:&quot;classic&quot;}\">\n\t\t\t\t<div class=\"elementor-element elementor-element-ef79565 elementor-widget elementor-widget-image\" data-id=\"ef79565\" data-element_type=\"widget\" data-e-type=\"widget\" data-widget_type=\"image.default\">\n\t\t\t\t<div class=\"elementor-widget-container\">\n\t\t\t\t\t\t\t\t\t\t\t\t\t\t\t<img decoding=\"async\" width=\"2400\" height=\"927\" src=\"https:\/\/www.orakcimakina.com\/wp-content\/themes\/woodmart\/images\/lazy.png\" class=\"attachment-full size-full wp-image-17515 wd-lazy-load wd-lazy-none\" alt=\"\" srcset=\"\" sizes=\"(max-width: 2400px) 100vw, 2400px\" data-wood-src=\"https:\/\/www.orakcimakina.com\/wp-content\/uploads\/2024\/05\/odc_cover.jpg\" data-srcset=\"https:\/\/www.orakcimakina.com\/wp-content\/uploads\/2024\/05\/odc_cover.jpg.webp 2400w, https:\/\/www.orakcimakina.com\/wp-content\/uploads\/2024\/05\/odc_cover-400x155.jpg.webp 400w, https:\/\/www.orakcimakina.com\/wp-content\/uploads\/2024\/05\/odc_cover-1300x502.jpg.webp 1300w, https:\/\/www.orakcimakina.com\/wp-content\/uploads\/2024\/05\/odc_cover-768x297.jpg.webp 768w, https:\/\/www.orakcimakina.com\/wp-content\/uploads\/2024\/05\/odc_cover-1536x593.jpg.webp 1536w, https:\/\/www.orakcimakina.com\/wp-content\/uploads\/2024\/05\/odc_cover-2048x791.jpg.webp 2048w, https:\/\/www.orakcimakina.com\/wp-content\/uploads\/2024\/05\/odc_cover-18x7.jpg.webp 18w\" title=\"\">\t\t\t\t\t\t\t\t\t\t\t\t\t\t\t<\/div>\n\t\t\t\t<\/div>\n\t\t\t\t<div class=\"elementor-element elementor-element-baf6b4a elementor-widget elementor-widget-heading\" data-id=\"baf6b4a\" data-element_type=\"widget\" data-e-type=\"widget\" data-widget_type=\"heading.default\">\n\t\t\t\t<div class=\"elementor-widget-container\">\n\t\t\t\t\t<div class=\"elementor-heading-title elementor-size-default\">ODC<\/div>\t\t\t\t<\/div>\n\t\t\t\t<\/div>\n\t\t\t\t<div class=\"elementor-element elementor-element-2a7b58f elementor-widget elementor-widget-wd_button\" data-id=\"2a7b58f\" data-element_type=\"widget\" data-e-type=\"widget\" data-widget_type=\"wd_button.default\">\n\t\t\t\t<div class=\"elementor-widget-container\">\n\t\t\t\t\t\t\t<div class=\"wd-button-wrapper text-\" >\n\t\t\t<a class=\"btn btn-style-bordered btn-style-rectangle btn-size-default btn-color-white btn-full-width btn-icon-pos-right\"  href=\"https:\/\/www.orakcimakina.com\/de\/odc\/\">\n\t\t\t\t<span class=\"wd-btn-text\" data-elementor-setting-key=\"text\">\n\t\t\t\t\tke\u015ffet\t\t\t\t<\/span>\n\n\t\t\t\t\t\t\t<\/a>\n\t\t<\/div>\n\t\t\t\t\t\t<\/div>\n\t\t\t\t<\/div>\n\t\t\t\t<\/div>\n\t\t<div class=\"elementor-element elementor-element-c1160d8 e-con-full e-flex wd-section-disabled e-con e-child\" data-id=\"c1160d8\" data-element_type=\"container\" data-e-type=\"container\" data-settings=\"{&quot;background_background&quot;:&quot;classic&quot;}\">\n\t\t\t\t<div class=\"elementor-element elementor-element-d1b39bf elementor-widget elementor-widget-image\" data-id=\"d1b39bf\" data-element_type=\"widget\" data-e-type=\"widget\" data-widget_type=\"image.default\">\n\t\t\t\t<div class=\"elementor-widget-container\">\n\t\t\t\t\t\t\t\t\t\t\t\t\t\t\t<img loading=\"lazy\" decoding=\"async\" width=\"2400\" height=\"927\" src=\"https:\/\/www.orakcimakina.com\/wp-content\/themes\/woodmart\/images\/lazy.png\" class=\"attachment-full size-full wp-image-17497 wd-lazy-load wd-lazy-none\" alt=\"\" srcset=\"\" sizes=\"(max-width: 2400px) 100vw, 2400px\" data-wood-src=\"https:\/\/www.orakcimakina.com\/wp-content\/uploads\/2024\/05\/obl_cover-1.jpg\" data-srcset=\"https:\/\/www.orakcimakina.com\/wp-content\/uploads\/2024\/05\/obl_cover-1.jpg.webp 2400w, https:\/\/www.orakcimakina.com\/wp-content\/uploads\/2024\/05\/obl_cover-1-400x155.jpg.webp 400w, https:\/\/www.orakcimakina.com\/wp-content\/uploads\/2024\/05\/obl_cover-1-1300x502.jpg.webp 1300w, https:\/\/www.orakcimakina.com\/wp-content\/uploads\/2024\/05\/obl_cover-1-768x297.jpg.webp 768w, https:\/\/www.orakcimakina.com\/wp-content\/uploads\/2024\/05\/obl_cover-1-1536x593.jpg.webp 1536w, https:\/\/www.orakcimakina.com\/wp-content\/uploads\/2024\/05\/obl_cover-1-2048x791.jpg.webp 2048w, https:\/\/www.orakcimakina.com\/wp-content\/uploads\/2024\/05\/obl_cover-1-18x7.jpg.webp 18w\" title=\"\">\t\t\t\t\t\t\t\t\t\t\t\t\t\t\t<\/div>\n\t\t\t\t<\/div>\n\t\t\t\t<div class=\"elementor-element elementor-element-1ea1601 elementor-widget elementor-widget-heading\" data-id=\"1ea1601\" data-element_type=\"widget\" data-e-type=\"widget\" data-widget_type=\"heading.default\">\n\t\t\t\t<div class=\"elementor-widget-container\">\n\t\t\t\t\t<div class=\"elementor-heading-title elementor-size-default\">OBL<\/div>\t\t\t\t<\/div>\n\t\t\t\t<\/div>\n\t\t\t\t<div class=\"elementor-element elementor-element-19d89fa elementor-widget elementor-widget-wd_button\" data-id=\"19d89fa\" data-element_type=\"widget\" data-e-type=\"widget\" data-widget_type=\"wd_button.default\">\n\t\t\t\t<div class=\"elementor-widget-container\">\n\t\t\t\t\t\t\t<div class=\"wd-button-wrapper text-\" >\n\t\t\t<a class=\"btn btn-style-bordered btn-style-rectangle btn-size-default btn-color-white btn-full-width btn-icon-pos-right\"  href=\"https:\/\/www.orakcimakina.com\/de\/yenilikci-urunler\/obl\/\">\n\t\t\t\t<span class=\"wd-btn-text\" data-elementor-setting-key=\"text\">\n\t\t\t\t\tke\u015ffet\t\t\t\t<\/span>\n\n\t\t\t\t\t\t\t<\/a>\n\t\t<\/div>\n\t\t\t\t\t\t<\/div>\n\t\t\t\t<\/div>\n\t\t\t\t<\/div>\n\t\t<div class=\"elementor-element elementor-element-31678b0 e-con-full e-flex wd-section-disabled e-con e-child\" data-id=\"31678b0\" data-element_type=\"container\" data-e-type=\"container\" data-settings=\"{&quot;background_background&quot;:&quot;classic&quot;}\">\n\t\t\t\t<div class=\"elementor-element elementor-element-556c822 elementor-widget elementor-widget-image\" data-id=\"556c822\" data-element_type=\"widget\" data-e-type=\"widget\" data-widget_type=\"image.default\">\n\t\t\t\t<div class=\"elementor-widget-container\">\n\t\t\t\t\t\t\t\t\t\t\t\t\t\t\t<img loading=\"lazy\" decoding=\"async\" width=\"1865\" height=\"787\" src=\"https:\/\/www.orakcimakina.com\/wp-content\/themes\/woodmart\/images\/lazy.png\" class=\"attachment-full size-full wp-image-17774 wd-lazy-load wd-lazy-none\" alt=\"\" srcset=\"\" sizes=\"(max-width: 1865px) 100vw, 1865px\" data-wood-src=\"https:\/\/www.orakcimakina.com\/wp-content\/uploads\/2024\/12\/Yenilikci_Urunler-2.png\" data-srcset=\"https:\/\/www.orakcimakina.com\/wp-content\/uploads\/2024\/12\/Yenilikci_Urunler-2.png.webp 1865w, https:\/\/www.orakcimakina.com\/wp-content\/uploads\/2024\/12\/Yenilikci_Urunler-2-400x169.png.webp 400w, https:\/\/www.orakcimakina.com\/wp-content\/uploads\/2024\/12\/Yenilikci_Urunler-2-1300x549.png.webp 1300w, https:\/\/www.orakcimakina.com\/wp-content\/uploads\/2024\/12\/Yenilikci_Urunler-2-768x324.png.webp 768w, https:\/\/www.orakcimakina.com\/wp-content\/uploads\/2024\/12\/Yenilikci_Urunler-2-1536x648.png.webp 1536w, https:\/\/www.orakcimakina.com\/wp-content\/uploads\/2024\/12\/Yenilikci_Urunler-2-18x8.png.webp 18w\" title=\"\">\t\t\t\t\t\t\t\t\t\t\t\t\t\t\t<\/div>\n\t\t\t\t<\/div>\n\t\t\t\t<div class=\"elementor-element elementor-element-1cc0d8f elementor-widget elementor-widget-heading\" data-id=\"1cc0d8f\" data-element_type=\"widget\" data-e-type=\"widget\" data-widget_type=\"heading.default\">\n\t\t\t\t<div class=\"elementor-widget-container\">\n\t\t\t\t\t<div class=\"elementor-heading-title elementor-size-default\">EPTO<\/div>\t\t\t\t<\/div>\n\t\t\t\t<\/div>\n\t\t\t\t<div class=\"elementor-element elementor-element-2bd4fcc elementor-widget elementor-widget-wd_button\" data-id=\"2bd4fcc\" data-element_type=\"widget\" data-e-type=\"widget\" data-widget_type=\"wd_button.default\">\n\t\t\t\t<div class=\"elementor-widget-container\">\n\t\t\t\t\t\t\t<div class=\"wd-button-wrapper text-\" >\n\t\t\t<a class=\"btn btn-style-bordered btn-style-rectangle btn-size-default btn-color-white btn-full-width btn-icon-pos-right\"  href=\"https:\/\/www.orakcimakina.com\/de\/epto\/\">\n\t\t\t\t<span class=\"wd-btn-text\" data-elementor-setting-key=\"text\">\n\t\t\t\t\tke\u015ffet\t\t\t\t<\/span>\n\n\t\t\t\t\t\t\t<\/a>\n\t\t<\/div>\n\t\t\t\t\t\t<\/div>\n\t\t\t\t<\/div>\n\t\t\t\t<\/div>\n\t\t\t\t\t<\/div>\n\t\t\t\t<\/div>\n\t\t\t\t<\/div>","protected":false},"excerpt":{"rendered":"<p>Anasayfa \u00bb \u00dcr\u00fcnler \u00bb Yenilik\u00e7i \u00dcr\u00fcnler Yeni Nesil At\u0131k Y\u00f6netim Ekipmanlar\u0131 Sekt\u00f6rdeki ihtiya\u00e7lara yenilik\u00e7i \u00e7\u00f6z\u00fcmler. Orak\u00e7\u0131 Makina, sekt\u00f6rdeki ihtiya\u00e7lara yenilik\u00e7i<\/p>","protected":false},"author":5,"featured_media":0,"parent":0,"menu_order":0,"comment_status":"closed","ping_status":"closed","template":"elementor_header_footer","meta":{"footnotes":""},"class_list":["post-17697","page","type-page","status-publish","hentry"],"_links":{"self":[{"href":"https:\/\/www.orakcimakina.com\/de\/wp-json\/wp\/v2\/pages\/17697","targetHints":{"allow":["GET"]}}],"collection":[{"href":"https:\/\/www.orakcimakina.com\/de\/wp-json\/wp\/v2\/pages"}],"about":[{"href":"https:\/\/www.orakcimakina.com\/de\/wp-json\/wp\/v2\/types\/page"}],"author":[{"embeddable":true,"href":"https:\/\/www.orakcimakina.com\/de\/wp-json\/wp\/v2\/users\/5"}],"replies":[{"embeddable":true,"href":"https:\/\/www.orakcimakina.com\/de\/wp-json\/wp\/v2\/comments?post=17697"}],"version-history":[{"count":0,"href":"https:\/\/www.orakcimakina.com\/de\/wp-json\/wp\/v2\/pages\/17697\/revisions"}],"wp:attachment":[{"href":"https:\/\/www.orakcimakina.com\/de\/wp-json\/wp\/v2\/media?parent=17697"}],"curies":[{"name":"wp","href":"https:\/\/api.w.org\/{rel}","templated":true}]}}