{"id":17447,"date":"2024-05-10T17:35:02","date_gmt":"2024-05-10T14:35:02","guid":{"rendered":"https:\/\/www.orakcimakina.com\/?page_id=17447"},"modified":"2025-05-26T20:04:50","modified_gmt":"2025-05-26T17:04:50","slug":"odc-damper-tip","status":"publish","type":"page","link":"https:\/\/www.orakcimakina.com\/de\/odc-damper-tip\/","title":{"rendered":"ODC"},"content":{"rendered":"<div data-elementor-type=\"wp-page\" data-elementor-id=\"17447\" class=\"elementor elementor-17447\">\n\t\t\t\t<div class=\"elementor-element elementor-element-6d89c81 wd-section-stretch e-flex e-con-boxed e-con e-parent\" data-id=\"6d89c81\" data-element_type=\"container\" data-e-type=\"container\" data-settings=\"{&quot;background_background&quot;:&quot;classic&quot;}\">\n\t\t\t\t\t<div class=\"e-con-inner\">\n\t\t\t\t<div class=\"elementor-element elementor-element-208e0a5 elementor-widget elementor-widget-image\" data-id=\"208e0a5\" data-element_type=\"widget\" data-e-type=\"widget\" data-widget_type=\"image.default\">\n\t\t\t\t<div class=\"elementor-widget-container\">\n\t\t\t\t\t\t\t\t\t\t\t\t\t\t\t<img decoding=\"async\" width=\"123\" height=\"67\" src=\"https:\/\/www.orakcimakina.com\/wp-content\/themes\/woodmart\/images\/lazy.png\" class=\"attachment-full size-full wp-image-15954 wd-lazy-load wd-lazy-none\" alt=\"\" data-wood-src=\"https:\/\/www.orakcimakina.com\/wp-content\/uploads\/2024\/01\/MINI-DAMPER-COP-KASALARI.png.webp\" srcset=\"\" title=\"\">\t\t\t\t\t\t\t\t\t\t\t\t\t\t\t<\/div>\n\t\t\t\t<\/div>\n\t\t\t\t<div class=\"elementor-element elementor-element-64ff13a elementor-widget elementor-widget-heading\" data-id=\"64ff13a\" data-element_type=\"widget\" data-e-type=\"widget\" data-widget_type=\"heading.default\">\n\t\t\t\t<div class=\"elementor-widget-container\">\n\t\t\t\t\t<h1 class=\"elementor-heading-title elementor-size-default\"><a href=\"https:\/\/www.orakcimakina.com\/de\/yenilikci-urunler\/\">Yenilik\u00e7i \u00dcr\u00fcnler \u00bb  ODC<\/a><\/h1>\t\t\t\t<\/div>\n\t\t\t\t<\/div>\n\t\t\t\t\t<\/div>\n\t\t\t\t<\/div>\n\t\t<div class=\"elementor-element elementor-element-b86dc8e e-con-full wd-section-stretch-content e-flex e-con e-parent\" data-id=\"b86dc8e\" data-element_type=\"container\" data-e-type=\"container\" data-settings=\"{&quot;background_background&quot;:&quot;classic&quot;}\">\n\t\t\t\t<div class=\"elementor-element elementor-element-549a708 elementor-widget elementor-widget-heading\" data-id=\"549a708\" data-element_type=\"widget\" data-e-type=\"widget\" data-widget_type=\"heading.default\">\n\t\t\t\t<div class=\"elementor-widget-container\">\n\t\t\t\t\t<h1 class=\"elementor-heading-title elementor-size-default\">ODC<br>Damper Tip \u00c7\u00f6p Kasas\u0131<\/h1>\t\t\t\t<\/div>\n\t\t\t\t<\/div>\n\t\t\t\t<\/div>\n\t\t<div class=\"elementor-element elementor-element-a7f9193 e-flex e-con-boxed wd-section-disabled e-con e-parent\" data-id=\"a7f9193\" data-element_type=\"container\" data-e-type=\"container\">\n\t\t\t\t\t<div class=\"e-con-inner\">\n\t\t<div class=\"elementor-element elementor-element-01196ee e-con-full e-flex wd-section-disabled e-con e-child\" data-id=\"01196ee\" data-element_type=\"container\" data-e-type=\"container\">\n\t\t\t\t<div class=\"elementor-element elementor-element-6139bf6 color-scheme-inherit text-left elementor-widget elementor-widget-text-editor\" data-id=\"6139bf6\" data-element_type=\"widget\" data-e-type=\"widget\" data-widget_type=\"text-editor.default\">\n\t\t\t\t<div class=\"elementor-widget-container\">\n\t\t\t\t\t\t\t\t\t<p>Damper tip \u00e7\u00f6p kasalar\u0131; d\u00f6n\u00fc\u015f\u00fcn zor oldu\u011fu dar b\u00f6lgelerde h\u0131zl\u0131 hareket etme imk\u00e2n\u0131 sunar.<\/p><p>ORV serisi hidrolik s\u0131k\u0131\u015ft\u0131rmal\u0131 \u00e7\u00f6p ekipman\u0131na aktar\u0131m \u00f6zelli\u011fi sayesinde \u00e7\u00f6p bo\u015falt\u0131m sahas\u0131na gitmeden<\/p><p>bo\u015falt\u0131m yaparak b\u00f6lgedeki \u00e7al\u0131\u015fma verimlili\u011fini maksimum seviyeye \u00e7\u0131kar\u0131r. Kabin i\u00e7i kumanda ile ara\u00e7tan<\/p><p>inmeden, pratik, h\u0131zl\u0131 ve g\u00fcvenli aktar\u0131m imk\u00e2n\u0131 sa\u011flar.<\/p><p>\u00c7\u00f6p ekipmanlar\u0131n\u0131n g\u00f6rev yapamad\u0131\u011f\u0131 dar sokaklarda ya da insan yo\u011funlu\u011funun fazla oldu\u011fu kent<\/p><p>merkezlerinde evsel at\u0131klar\u0131n toplanmas\u0131, sevk ve idaresi i\u00e7in \u00e7\u00f6p kamyonundan daha ergonomik hareket<\/p><p>kabiliyeti sa\u011flayan at\u0131k toplama ekipman\u0131d\u0131r.<\/p><p>Kent merkezlerinde s\u0131zd\u0131rmazl\u0131\u011f\u0131n maksimum seviyede olmas\u0131 istenmekte ve tek par\u00e7al\u0131 g\u00f6vdesi ile minimum<\/p><p>s\u0131zd\u0131rmazl\u0131k \u00f6zelli\u011fini kar\u015f\u0131lamaktad\u0131r.<\/p><p>Daha az yer kaplayan d\u00fc\u015f\u00fck tonajlardaki kamyonlarda kullan\u0131labilecek hidrolik s\u0131k\u0131\u015ft\u0131rmal\u0131 \u00e7\u00f6p toplama<\/p><p>ekipman\u0131d\u0131r.<\/p><p>K\u0131zak b\u0131\u00e7ak sistemi ile e\u015flenik olarak \u00e7al\u0131\u015fabilen i\u00e7 k\u00fcrek yap\u0131s\u0131 birka\u00e7 ekipman\u0131m\u0131zda bulunmaktad\u0131r. At\u0131klar<\/p><p>birbirine uyumlu \u00e7al\u0131\u015fan k\u0131zak b\u0131\u00e7ak, i\u00e7 k\u00fcrek sistemi ile s\u0131k\u0131\u015ft\u0131r\u0131lmaktad\u0131r.<\/p><p>Ekipmanda bo\u015faltma sisteminin i\u00e7 k\u00fcrek ile yap\u0131lmamas\u0131ndan kaynakl\u0131 a\u011f\u0131rl\u0131k miktar\u0131 azalacakt\u0131r. Bu sayede<\/p><p>kamyon stat\u00fcs\u00fcnde olan ara\u00e7larla de\u011fil kamyonet stat\u00fcs\u00fcnde olan ara\u00e7larla ekipman ta\u015f\u0131mas\u0131 sa\u011flanacakt\u0131r.<\/p>\t\t\t\t\t\t\t\t<\/div>\n\t\t\t\t<\/div>\n\t\t\t\t<\/div>\n\t\t\t\t\t<\/div>\n\t\t\t\t<\/div>\n\t\t<div class=\"elementor-element elementor-element-b9c5793 wd-section-stretch e-flex e-con-boxed e-con e-parent\" data-id=\"b9c5793\" data-element_type=\"container\" data-e-type=\"container\" data-settings=\"{&quot;background_background&quot;:&quot;classic&quot;}\">\n\t\t\t\t\t<div class=\"e-con-inner\">\n\t\t\t\t<div class=\"elementor-element elementor-element-51ef105 elementor-widget elementor-widget-wd_image_or_svg\" data-id=\"51ef105\" data-element_type=\"widget\" data-e-type=\"widget\" data-widget_type=\"wd_image_or_svg.default\">\n\t\t\t\t<div class=\"elementor-widget-container\">\n\t\t\t\t\t\n\t\t<div class=\"wd-image text-left\">\n\t\t\t\t\t\t\t\t<img decoding=\"async\" width=\"52\" height=\"61\" src=\"https:\/\/www.orakcimakina.com\/wp-content\/themes\/woodmart\/images\/lazy.png\" class=\"attachment-52x61 size-52x61 wd-lazy-load wd-lazy-none\" alt=\"\" srcset=\"\" sizes=\"(max-width: 52px) 100vw, 52px\" data-wood-src=\"https:\/\/www.orakcimakina.com\/wp-content\/uploads\/2024\/01\/Vector-Smart-Object-3.png-52x61.webp\" data-srcset=\"https:\/\/www.orakcimakina.com\/wp-content\/uploads\/2024\/01\/Vector-Smart-Object-3.png-52x61.webp 52w, https:\/\/www.orakcimakina.com\/wp-content\/uploads\/2024\/01\/Vector-Smart-Object-3.png.webp 91w\" title=\"\">\t\t\t\t\t<\/div>\n\n\t\t\t\t\t\t<\/div>\n\t\t\t\t<\/div>\n\t\t\t\t<div class=\"elementor-element elementor-element-25a5fd2 elementor-widget elementor-widget-heading\" data-id=\"25a5fd2\" data-element_type=\"widget\" data-e-type=\"widget\" data-widget_type=\"heading.default\">\n\t\t\t\t<div class=\"elementor-widget-container\">\n\t\t\t\t\t<h2 class=\"elementor-heading-title elementor-size-default\">\nStandart \u00d6zellikler<\/h2>\t\t\t\t<\/div>\n\t\t\t\t<\/div>\n\t\t\t\t\t<\/div>\n\t\t\t\t<\/div>\n\t\t<div class=\"elementor-element elementor-element-8f94ed8 e-flex e-con-boxed wd-section-disabled e-con e-parent\" data-id=\"8f94ed8\" data-element_type=\"container\" data-e-type=\"container\">\n\t\t\t\t\t<div class=\"e-con-inner\">\n\t\t\t\t<div class=\"elementor-element elementor-element-682fdaa color-scheme-inherit text-left elementor-widget elementor-widget-text-editor\" data-id=\"682fdaa\" data-element_type=\"widget\" data-e-type=\"widget\" data-widget_type=\"text-editor.default\">\n\t\t\t\t<div class=\"elementor-widget-container\">\n\t\t\t\t\t\t\t\t\t<p>Kasa hacmi; 3 m\u00b3 \u2013 10 m\u00b3<\/p><p>ORV Serisine aktar\u0131m yapma \u00f6zelli\u011fi<\/p><p>88\u00b0 bo\u015faltma a\u00e7\u0131s\u0131<\/p><p>12\/ 24 V \u00e7al\u0131\u015fma voltaj\u0131<\/p><p>EN 840 Standartlar\u0131na uyumlu konteyner aparat\u0131<\/p><p>Hidromekanik veya Butonlu Kontrol<\/p><p>Elle y\u00fcklemeye uygunluk (Kasa Yan Kapak)<\/p><p>D\u00f6ner Tip Sinyal Lambas\u0131<\/p><p>EN 840 standartlar\u0131na uygun Kubbe kapakl\u0131 konteynerler i\u00e7in kapak a\u00e7ma tasar\u0131m\u0131<\/p><p>Devrilmeyi \u00f6nleyen hidrolik ayak sistemi<\/p>\t\t\t\t\t\t\t\t<\/div>\n\t\t\t\t<\/div>\n\t\t\t\t\t<\/div>\n\t\t\t\t<\/div>\n\t\t<div class=\"elementor-element elementor-element-84c22d7 wd-section-stretch e-flex e-con-boxed e-con e-parent\" data-id=\"84c22d7\" data-element_type=\"container\" data-e-type=\"container\" data-settings=\"{&quot;background_background&quot;:&quot;classic&quot;}\">\n\t\t\t\t\t<div class=\"e-con-inner\">\n\t\t\t\t<div class=\"elementor-element elementor-element-136c418 elementor-widget elementor-widget-wd_image_or_svg\" data-id=\"136c418\" data-element_type=\"widget\" data-e-type=\"widget\" data-widget_type=\"wd_image_or_svg.default\">\n\t\t\t\t<div class=\"elementor-widget-container\">\n\t\t\t\t\t\n\t\t<div class=\"wd-image text-left\">\n\t\t\t\t\t\t\t\t<img decoding=\"async\" width=\"52\" height=\"61\" src=\"https:\/\/www.orakcimakina.com\/wp-content\/themes\/woodmart\/images\/lazy.png\" class=\"attachment-52x61 size-52x61 wd-lazy-load wd-lazy-none\" alt=\"\" data-wood-src=\"https:\/\/www.orakcimakina.com\/wp-content\/uploads\/2024\/01\/Vector-Smart-Object-1-1.png-52x61.webp\" srcset=\"\" title=\"\">\t\t\t\t\t<\/div>\n\n\t\t\t\t\t\t<\/div>\n\t\t\t\t<\/div>\n\t\t\t\t<div class=\"elementor-element elementor-element-047b4b2 elementor-widget elementor-widget-heading\" data-id=\"047b4b2\" data-element_type=\"widget\" data-e-type=\"widget\" data-widget_type=\"heading.default\">\n\t\t\t\t<div class=\"elementor-widget-container\">\n\t\t\t\t\t<h2 class=\"elementor-heading-title elementor-size-default\">Opsiyonel \u00d6zellikler<\/h2>\t\t\t\t<\/div>\n\t\t\t\t<\/div>\n\t\t\t\t\t<\/div>\n\t\t\t\t<\/div>\n\t\t<div class=\"elementor-element elementor-element-f65f147 e-flex e-con-boxed wd-section-disabled e-con e-parent\" data-id=\"f65f147\" data-element_type=\"container\" data-e-type=\"container\">\n\t\t\t\t\t<div class=\"e-con-inner\">\n\t\t\t\t<div class=\"elementor-element elementor-element-7323735 color-scheme-inherit text-left elementor-widget elementor-widget-text-editor\" data-id=\"7323735\" data-element_type=\"widget\" data-e-type=\"widget\" data-widget_type=\"text-editor.default\">\n\t\t\t\t<div class=\"elementor-widget-container\">\n\t\t\t\t\t\t\t\t\t<p>Kamera Sistemi<\/p><p>Kabin \u0130\u00e7i Butonlu Kontrol Sistemi<\/p><p>4\u2019\u2019 yada 7\u2019\u2019 ekranl\u0131 ECU kontroll\u00fc kabin i\u00e7i sistem<\/p><p>4\u2019\u2019 yada 7\u2019\u2019 ekranl\u0131 PLC kontroll\u00fc kabin i\u00e7i sistem<\/p><p>Basamak Sistemi<\/p><p>\u00c7ift Taraf buton sistemi<\/p><p>A\u011f\u0131rl\u0131k Tart\u0131m\u0131<\/p><p>Joystick ile oransal kullan\u0131m<\/p>\t\t\t\t\t\t\t\t<\/div>\n\t\t\t\t<\/div>\n\t\t\t\t\t<\/div>\n\t\t\t\t<\/div>\n\t\t<div class=\"elementor-element elementor-element-12ca27e wd-section-stretch e-flex e-con-boxed e-con e-parent\" data-id=\"12ca27e\" data-element_type=\"container\" data-e-type=\"container\" data-settings=\"{&quot;background_background&quot;:&quot;classic&quot;}\">\n\t\t\t\t\t<div class=\"e-con-inner\">\n\t\t\t\t<div class=\"elementor-element elementor-element-97f030f elementor-widget elementor-widget-wd_image_or_svg\" data-id=\"97f030f\" data-element_type=\"widget\" data-e-type=\"widget\" data-widget_type=\"wd_image_or_svg.default\">\n\t\t\t\t<div class=\"elementor-widget-container\">\n\t\t\t\t\t\n\t\t<div class=\"wd-image text-left\">\n\t\t\t\t\t\t\t\t<img decoding=\"async\" width=\"52\" height=\"61\" src=\"https:\/\/www.orakcimakina.com\/wp-content\/themes\/woodmart\/images\/lazy.png\" class=\"attachment-52x61 size-52x61 wd-lazy-load wd-lazy-none\" alt=\"\" data-wood-src=\"https:\/\/www.orakcimakina.com\/wp-content\/uploads\/2024\/01\/Vector-Smart-Object-1-1.png-52x61.webp\" srcset=\"\" title=\"\">\t\t\t\t\t<\/div>\n\n\t\t\t\t\t\t<\/div>\n\t\t\t\t<\/div>\n\t\t\t\t<div class=\"elementor-element elementor-element-8d3cf01 elementor-widget elementor-widget-heading\" data-id=\"8d3cf01\" data-element_type=\"widget\" data-e-type=\"widget\" data-widget_type=\"heading.default\">\n\t\t\t\t<div class=\"elementor-widget-container\">\n\t\t\t\t\t<h2 class=\"elementor-heading-title elementor-size-default\"><a href=\"https:\/\/www.orakcimakina.com\/wp-content\/uploads\/2024\/05\/ODC.pdf\">Teknik Bro\u015f\u00fcr\u00fc \u0130ncele\n<\/a><\/h2>\t\t\t\t<\/div>\n\t\t\t\t<\/div>\n\t\t\t\t\t<\/div>\n\t\t\t\t<\/div>\n\t\t<div class=\"elementor-element elementor-element-dcc91b8 e-flex e-con-boxed wd-section-disabled e-con e-parent\" data-id=\"dcc91b8\" data-element_type=\"container\" data-e-type=\"container\">\n\t\t\t\t\t<div class=\"e-con-inner\">\n\t\t\t\t\t<\/div>\n\t\t\t\t<\/div>\n\t\t\t\t<\/div>","protected":false},"excerpt":{"rendered":"<p>Yenilik\u00e7i \u00dcr\u00fcnler \u00bb ODC ODCDamper Tip \u00c7\u00f6p Kasas\u0131 Damper tip \u00e7\u00f6p kasalar\u0131; d\u00f6n\u00fc\u015f\u00fcn zor oldu\u011fu dar b\u00f6lgelerde h\u0131zl\u0131 hareket etme<\/p>","protected":false},"author":5,"featured_media":0,"parent":0,"menu_order":0,"comment_status":"closed","ping_status":"closed","template":"elementor_header_footer","meta":{"footnotes":""},"class_list":["post-17447","page","type-page","status-publish","hentry"],"_links":{"self":[{"href":"https:\/\/www.orakcimakina.com\/de\/wp-json\/wp\/v2\/pages\/17447","targetHints":{"allow":["GET"]}}],"collection":[{"href":"https:\/\/www.orakcimakina.com\/de\/wp-json\/wp\/v2\/pages"}],"about":[{"href":"https:\/\/www.orakcimakina.com\/de\/wp-json\/wp\/v2\/types\/page"}],"author":[{"embeddable":true,"href":"https:\/\/www.orakcimakina.com\/de\/wp-json\/wp\/v2\/users\/5"}],"replies":[{"embeddable":true,"href":"https:\/\/www.orakcimakina.com\/de\/wp-json\/wp\/v2\/comments?post=17447"}],"version-history":[{"count":0,"href":"https:\/\/www.orakcimakina.com\/de\/wp-json\/wp\/v2\/pages\/17447\/revisions"}],"wp:attachment":[{"href":"https:\/\/www.orakcimakina.com\/de\/wp-json\/wp\/v2\/media?parent=17447"}],"curies":[{"name":"wp","href":"https:\/\/api.w.org\/{rel}","templated":true}]}}