{"id":16613,"date":"2024-03-06T16:41:50","date_gmt":"2024-03-06T13:41:50","guid":{"rendered":"https:\/\/www.orakcimakina.com\/?page_id=16613"},"modified":"2024-03-06T17:01:54","modified_gmt":"2024-03-06T14:01:54","slug":"kisisel-verilerin-korunmasi","status":"publish","type":"page","link":"https:\/\/www.orakcimakina.com\/de\/kisisel-verilerin-korunmasi\/","title":{"rendered":"Ki\u015fisel Verilerin Korunmas\u0131"},"content":{"rendered":"<div data-elementor-type=\"wp-page\" data-elementor-id=\"16613\" class=\"elementor elementor-16613\">\n\t\t\t\t<div class=\"elementor-element elementor-element-ddbb523 wd-section-stretch e-flex e-con-boxed e-con e-parent\" data-id=\"ddbb523\" data-element_type=\"container\" data-e-type=\"container\">\n\t\t\t\t\t<div class=\"e-con-inner\">\n\t\t\t\t<div class=\"elementor-element elementor-element-d972e63 elementor-widget elementor-widget-image\" data-id=\"d972e63\" data-element_type=\"widget\" data-e-type=\"widget\" data-widget_type=\"image.default\">\n\t\t\t\t<div class=\"elementor-widget-container\">\n\t\t\t\t\t\t\t\t\t\t\t\t\t\t\t<img fetchpriority=\"high\" decoding=\"async\" width=\"2560\" height=\"1075\" src=\"https:\/\/www.orakcimakina.com\/wp-content\/themes\/woodmart\/images\/lazy.png\" class=\"attachment-full size-full wp-image-16615 wd-lazy-load wd-lazy-none\" alt=\"\" srcset=\"\" sizes=\"(max-width: 2560px) 100vw, 2560px\" data-wood-src=\"https:\/\/www.orakcimakina.com\/wp-content\/uploads\/2024\/03\/Genel_OR-scaled-1.jpg\" data-srcset=\"https:\/\/www.orakcimakina.com\/wp-content\/uploads\/2024\/03\/Genel_OR-scaled-1.jpg.webp 2560w, https:\/\/www.orakcimakina.com\/wp-content\/uploads\/2024\/03\/Genel_OR-scaled-1-400x168.jpg.webp 400w, https:\/\/www.orakcimakina.com\/wp-content\/uploads\/2024\/03\/Genel_OR-scaled-1-1300x546.jpg.webp 1300w, https:\/\/www.orakcimakina.com\/wp-content\/uploads\/2024\/03\/Genel_OR-scaled-1-768x323.jpg.webp 768w, https:\/\/www.orakcimakina.com\/wp-content\/uploads\/2024\/03\/Genel_OR-scaled-1-1536x645.jpg.webp 1536w, https:\/\/www.orakcimakina.com\/wp-content\/uploads\/2024\/03\/Genel_OR-scaled-1-2048x860.jpg.webp 2048w\" title=\"\">\t\t\t\t\t\t\t\t\t\t\t\t\t\t\t<\/div>\n\t\t\t\t<\/div>\n\t\t\t\t\t<\/div>\n\t\t\t\t<\/div>\n\t\t<div class=\"elementor-element elementor-element-9f8fd6e e-flex e-con-boxed wd-section-disabled e-con e-parent\" data-id=\"9f8fd6e\" data-element_type=\"container\" data-e-type=\"container\">\n\t\t\t\t\t<div class=\"e-con-inner\">\n\t\t\t\t<div class=\"elementor-element elementor-element-4ee6a54 color-scheme-inherit text-left elementor-widget elementor-widget-text-editor\" data-id=\"4ee6a54\" data-element_type=\"widget\" data-e-type=\"widget\" data-widget_type=\"text-editor.default\">\n\t\t\t\t<div class=\"elementor-widget-container\">\n\t\t\t\t\t\t\t\t\t<p>Orak\u00e7\u0131 \u015eirketler Grubu olarak ki\u015fisel verilerinizin g\u00fcvenli\u011fi hususuna azami hassasiyet g\u00f6stermekteyiz. Bu bilin\u00e7le, Orak\u00e7\u0131 \u015eirketler Grubu olarak, Orak\u00e7\u0131 \u015eirketler Grubu ile ili\u015fkili t\u00fcm \u015fah\u0131slara ait her t\u00fcrl\u00fc ki\u015fisel verilerin 6698 say\u0131l\u0131 Ki\u015fisel Verilerin Korunmas\u0131 Kanunu (\u201cKVK Kanunu\u201d)\u2019na uygun olarak i\u015flenerek, muhafaza edilmesine b\u00fcy\u00fck \u00f6nem atfetmekteyiz. Bu sorumlulu\u011fumuzun tam idraki ile KVK Kanunu kapsam\u0131nda tan\u0131ml\u0131 \u201cVeri Sorumlusu\u201d s\u0131fat\u0131yla, ki\u015fisel verilerinizi a\u015fa\u011f\u0131da izah edildi\u011fi surette ve mevzuat taraf\u0131ndan emredilen s\u0131n\u0131rlar \u00e7er\u00e7evesinde i\u015flemekteyiz.<\/p>\t\t\t\t\t\t\t\t<\/div>\n\t\t\t\t<\/div>\n\t\t\t\t\t<\/div>\n\t\t\t\t<\/div>\n\t\t<div class=\"elementor-element elementor-element-f571288 e-flex e-con-boxed wd-section-disabled e-con e-parent\" data-id=\"f571288\" data-element_type=\"container\" data-e-type=\"container\">\n\t\t\t\t\t<div class=\"e-con-inner\">\n\t\t\t\t<div class=\"elementor-element elementor-element-e104214 elementor-widget elementor-widget-heading\" data-id=\"e104214\" data-element_type=\"widget\" data-e-type=\"widget\" data-widget_type=\"heading.default\">\n\t\t\t\t<div class=\"elementor-widget-container\">\n\t\t\t\t\t<h2 class=\"elementor-heading-title elementor-size-default\"><a href=\"https:\/\/www.orakcimakina.com\/wp-content\/uploads\/2024\/03\/KVK-Basvuru-Formu.pdf\" target=\"_blank\" rel=\"nofollow\">KVK Ba\u015fvuru Formu<\/a><\/h2>\t\t\t\t<\/div>\n\t\t\t\t<\/div>\n\t\t\t\t<div class=\"elementor-element elementor-element-99cf188 elementor-widget elementor-widget-heading\" data-id=\"99cf188\" data-element_type=\"widget\" data-e-type=\"widget\" data-widget_type=\"heading.default\">\n\t\t\t\t<div class=\"elementor-widget-container\">\n\t\t\t\t\t<h2 class=\"elementor-heading-title elementor-size-default\"><a href=\"https:\/\/www.orakcimakina.com\/wp-content\/uploads\/2024\/03\/Orakci-Makina-Imalat-Ithalat-Ihracat-Sanayi-Ve-Ticaret-Anonim-Sirketi-Aydinlatma-Metni.pdf\" target=\"_blank\" rel=\"nofollow\">Orak\u00e7\u0131 Makina Ayd\u0131nlatma Metni<\/a><\/h2>\t\t\t\t<\/div>\n\t\t\t\t<\/div>\n\t\t\t\t<div class=\"elementor-element elementor-element-2eeff12 elementor-widget elementor-widget-heading\" data-id=\"2eeff12\" data-element_type=\"widget\" data-e-type=\"widget\" data-widget_type=\"heading.default\">\n\t\t\t\t<div class=\"elementor-widget-container\">\n\t\t\t\t\t<h2 class=\"elementor-heading-title elementor-size-default\"><a href=\"https:\/\/www.orakcimakina.com\/wp-content\/uploads\/2024\/03\/Orakci-Makina-Imalat-Ithalat-Ihracat-Sanayi-Ve-Ticaret-Anonim-Sirketi-KVKK-Politikasi.pdf\" target=\"_blank\" rel=\"nofollow\">Orak\u00e7\u0131 Makina KVK Politikas\u0131<\/a><\/h2>\t\t\t\t<\/div>\n\t\t\t\t<\/div>\n\t\t\t\t\t<\/div>\n\t\t\t\t<\/div>\n\t\t\t\t<\/div>","protected":false},"excerpt":{"rendered":"<p>Orak\u00e7\u0131 \u015eirketler Grubu olarak ki\u015fisel verilerinizin g\u00fcvenli\u011fi hususuna azami hassasiyet g\u00f6stermekteyiz. Bu bilin\u00e7le, Orak\u00e7\u0131 \u015eirketler Grubu olarak, Orak\u00e7\u0131 \u015eirketler Grubu<\/p>","protected":false},"author":3,"featured_media":0,"parent":0,"menu_order":0,"comment_status":"closed","ping_status":"closed","template":"elementor_header_footer","meta":{"footnotes":""},"class_list":["post-16613","page","type-page","status-publish","hentry"],"_links":{"self":[{"href":"https:\/\/www.orakcimakina.com\/de\/wp-json\/wp\/v2\/pages\/16613","targetHints":{"allow":["GET"]}}],"collection":[{"href":"https:\/\/www.orakcimakina.com\/de\/wp-json\/wp\/v2\/pages"}],"about":[{"href":"https:\/\/www.orakcimakina.com\/de\/wp-json\/wp\/v2\/types\/page"}],"author":[{"embeddable":true,"href":"https:\/\/www.orakcimakina.com\/de\/wp-json\/wp\/v2\/users\/3"}],"replies":[{"embeddable":true,"href":"https:\/\/www.orakcimakina.com\/de\/wp-json\/wp\/v2\/comments?post=16613"}],"version-history":[{"count":0,"href":"https:\/\/www.orakcimakina.com\/de\/wp-json\/wp\/v2\/pages\/16613\/revisions"}],"wp:attachment":[{"href":"https:\/\/www.orakcimakina.com\/de\/wp-json\/wp\/v2\/media?parent=16613"}],"curies":[{"name":"wp","href":"https:\/\/api.w.org\/{rel}","templated":true}]}}