{"id":16021,"date":"2024-01-04T18:19:11","date_gmt":"2024-01-04T15:19:11","guid":{"rendered":"https:\/\/www.orakcimakina.com\/?page_id=16021"},"modified":"2025-05-27T09:23:00","modified_gmt":"2025-05-27T06:23:00","slug":"okg-vincli-oto-kurtarici","status":"publish","type":"page","link":"https:\/\/www.orakcimakina.com\/de\/oto-kurtaricilar\/okg-vincli-oto-kurtarici\/","title":{"rendered":"OKG Vin\u00e7li Oto Kurtar\u0131c\u0131"},"content":{"rendered":"<div data-elementor-type=\"wp-page\" data-elementor-id=\"16021\" class=\"elementor elementor-16021\">\n\t\t\t\t<div class=\"elementor-element elementor-element-6d89c81 wd-section-stretch e-flex e-con-boxed e-con e-parent\" data-id=\"6d89c81\" data-element_type=\"container\" data-e-type=\"container\" data-settings=\"{&quot;background_background&quot;:&quot;classic&quot;}\">\n\t\t\t\t\t<div class=\"e-con-inner\">\n\t\t\t\t<div class=\"elementor-element elementor-element-208e0a5 elementor-widget elementor-widget-image\" data-id=\"208e0a5\" data-element_type=\"widget\" data-e-type=\"widget\" data-widget_type=\"image.default\">\n\t\t\t\t<div class=\"elementor-widget-container\">\n\t\t\t\t\t\t\t\t\t\t\t\t\t\t\t<img decoding=\"async\" width=\"146\" height=\"89\" src=\"https:\/\/www.orakcimakina.com\/wp-content\/themes\/woodmart\/images\/lazy.png\" class=\"attachment-full size-full wp-image-16014 wd-lazy-load wd-lazy-none\" alt=\"\" data-wood-src=\"https:\/\/www.orakcimakina.com\/wp-content\/uploads\/2024\/01\/OTO-KURTARICILAR.png.webp\" srcset=\"\" title=\"\">\t\t\t\t\t\t\t\t\t\t\t\t\t\t\t<\/div>\n\t\t\t\t<\/div>\n\t\t\t\t<div class=\"elementor-element elementor-element-64ff13a elementor-widget elementor-widget-heading\" data-id=\"64ff13a\" data-element_type=\"widget\" data-e-type=\"widget\" data-widget_type=\"heading.default\">\n\t\t\t\t<div class=\"elementor-widget-container\">\n\t\t\t\t\t<h1 class=\"elementor-heading-title elementor-size-default\"><a href=\"https:\/\/www.orakcimakina.com\/de\/oto-kurtaricilar\/\">Oto Kurtar\u0131c\u0131lar \u00bb OKG Vin\u00e7li Oto Kurtar\u0131c\u0131<\/a><\/h1>\t\t\t\t<\/div>\n\t\t\t\t<\/div>\n\t\t\t\t\t<\/div>\n\t\t\t\t<\/div>\n\t\t<div class=\"elementor-element elementor-element-b86dc8e e-con-full wd-section-stretch-content e-flex e-con e-parent\" data-id=\"b86dc8e\" data-element_type=\"container\" data-e-type=\"container\" data-settings=\"{&quot;background_background&quot;:&quot;classic&quot;}\">\n\t\t\t\t<div class=\"elementor-element elementor-element-549a708 elementor-widget elementor-widget-heading\" data-id=\"549a708\" data-element_type=\"widget\" data-e-type=\"widget\" data-widget_type=\"heading.default\">\n\t\t\t\t<div class=\"elementor-widget-container\">\n\t\t\t\t\t<h1 class=\"elementor-heading-title elementor-size-default\">OKG Vin\u00e7li<br>\n<span style=\"font-size: 20px,\"> Oto Kurtar\u0131c\u0131<\/span><\/h1>\t\t\t\t<\/div>\n\t\t\t\t<\/div>\n\t\t\t\t<\/div>\n\t\t<div class=\"elementor-element elementor-element-a7f9193 e-flex e-con-boxed wd-section-disabled e-con e-parent\" data-id=\"a7f9193\" data-element_type=\"container\" data-e-type=\"container\">\n\t\t\t\t\t<div class=\"e-con-inner\">\n\t\t<div class=\"elementor-element elementor-element-01196ee e-con-full e-flex wd-section-disabled e-con e-child\" data-id=\"01196ee\" data-element_type=\"container\" data-e-type=\"container\">\n\t\t\t\t<div class=\"elementor-element elementor-element-6139bf6 color-scheme-inherit text-left elementor-widget elementor-widget-text-editor\" data-id=\"6139bf6\" data-element_type=\"widget\" data-e-type=\"widget\" data-widget_type=\"text-editor.default\">\n\t\t\t\t<div class=\"elementor-widget-container\">\n\t\t\t\t\t\t\t\t\t<p>OKG serisi ara\u00e7 kurtar\u0131c\u0131lar; kabin arkas\u0131na yerle\u015ftirilmi\u015f mobil vincin yard\u0131m\u0131yla ara\u00e7lar\u0131 kald\u0131r\u0131p, arkada bulunan platform \u00fczerine indirerek ta\u015f\u0131ma g\u00f6revini yerine getirir.<\/p>\t\t\t\t\t\t\t\t<\/div>\n\t\t\t\t<\/div>\n\t\t\t\t<\/div>\n\t\t\t\t\t<\/div>\n\t\t\t\t<\/div>\n\t\t<div class=\"elementor-element elementor-element-7c82d9c e-flex e-con-boxed wd-section-disabled e-con e-parent\" data-id=\"7c82d9c\" data-element_type=\"container\" data-e-type=\"container\">\n\t\t\t\t\t<div class=\"e-con-inner\">\n\t\t\t\t<div class=\"elementor-element elementor-element-79aa6b0 elementor-widget elementor-widget-video\" data-id=\"79aa6b0\" data-element_type=\"widget\" data-e-type=\"widget\" data-settings=\"{&quot;youtube_url&quot;:&quot;https:\\\/\\\/www.youtube.com\\\/watch?v=7ZsyTFdMj54&quot;,&quot;video_type&quot;:&quot;youtube&quot;,&quot;controls&quot;:&quot;yes&quot;}\" data-widget_type=\"video.default\">\n\t\t\t\t<div class=\"elementor-widget-container\">\n\t\t\t\t\t\t\t<div class=\"elementor-wrapper elementor-open-inline\">\n\t\t\t<div class=\"elementor-video\"><\/div>\t\t<\/div>\n\t\t\t\t\t\t<\/div>\n\t\t\t\t<\/div>\n\t\t\t\t\t<\/div>\n\t\t\t\t<\/div>\n\t\t<div class=\"elementor-element elementor-element-34ffd78 e-flex e-con-boxed wd-section-disabled e-con e-parent\" data-id=\"34ffd78\" data-element_type=\"container\" data-e-type=\"container\">\n\t\t\t\t\t<div class=\"e-con-inner\">\n\t\t\t\t<div class=\"elementor-element elementor-element-1249396 color-scheme-inherit text-left elementor-widget elementor-widget-text-editor\" data-id=\"1249396\" data-element_type=\"widget\" data-e-type=\"widget\" data-widget_type=\"text-editor.default\">\n\t\t\t\t<div class=\"elementor-widget-container\">\n\t\t\t\t\t\t\t\t\t<div class=\"fusion-text fusion-text-2\"><p>Vincin ucuna tak\u0131lan H tipi aparat vas\u0131tas\u0131yla lastiklerinden kald\u0131r\u0131lan ara\u00e7 platform \u00fczerine konulur ve transferi ger\u00e7ekle\u015ftirilir. Ayr\u0131ca arka tarafa eklenen g\u00f6zl\u00fc sistemle fazladan bir ara\u00e7 daha kendi arka tekerlekleri \u00fczerinde y\u00fcr\u00fct\u00fclerek transfer edilebilir. Bu sayede ayn\u0131 anda iki ara\u00e7 transferi sa\u011flanabilir.<\/p><\/div>\t\t\t\t\t\t\t\t<\/div>\n\t\t\t\t<\/div>\n\t\t\t\t\t<\/div>\n\t\t\t\t<\/div>\n\t\t<div class=\"elementor-element elementor-element-94d570c e-flex e-con-boxed wd-section-disabled e-con e-parent\" data-id=\"94d570c\" data-element_type=\"container\" data-e-type=\"container\">\n\t\t\t\t\t<div class=\"e-con-inner\">\n\t\t\t\t<div class=\"elementor-element elementor-element-c8fd2cf elementor-arrows-position-inside elementor-pagination-position-outside elementor-widget elementor-widget-image-carousel\" data-id=\"c8fd2cf\" data-element_type=\"widget\" data-e-type=\"widget\" data-settings=\"{&quot;slides_to_show&quot;:&quot;1&quot;,&quot;navigation&quot;:&quot;both&quot;,&quot;autoplay&quot;:&quot;yes&quot;,&quot;pause_on_hover&quot;:&quot;yes&quot;,&quot;pause_on_interaction&quot;:&quot;yes&quot;,&quot;autoplay_speed&quot;:5000,&quot;infinite&quot;:&quot;yes&quot;,&quot;effect&quot;:&quot;slide&quot;,&quot;speed&quot;:500}\" data-widget_type=\"image-carousel.default\">\n\t\t\t\t<div class=\"elementor-widget-container\">\n\t\t\t\t\t\t\t<div class=\"elementor-image-carousel-wrapper swiper\" role=\"region\" aria-roledescription=\"carousel\" aria-label=\"Bild Karussell\" dir=\"ltr\">\n\t\t\t<div class=\"elementor-image-carousel swiper-wrapper\" aria-live=\"off\">\n\t\t\t\t\t\t\t\t<div class=\"swiper-slide\" role=\"group\" aria-roledescription=\"slide\" aria-label=\"1 von 2\" data-no-translation-aria-label=\"\"><figure class=\"swiper-slide-inner\"><img decoding=\"async\" class=\"swiper-slide-image\" src=\"https:\/\/www.orakcimakina.com\/wp-content\/uploads\/2024\/01\/Layer-25-1.png.webp\" alt=\"Layer-25-1.png\" title=\"\"><\/figure><\/div><div class=\"swiper-slide\" role=\"group\" aria-roledescription=\"slide\" aria-label=\"2 von 2\" data-no-translation-aria-label=\"\"><figure class=\"swiper-slide-inner\"><img decoding=\"async\" class=\"swiper-slide-image\" src=\"https:\/\/www.orakcimakina.com\/wp-content\/uploads\/2024\/01\/Layer-24-2.png.webp\" alt=\"Layer-24-2.png\" title=\"\"><\/figure><\/div>\t\t\t<\/div>\n\t\t\t\t\t\t\t\t\t\t\t\t<div class=\"elementor-swiper-button elementor-swiper-button-prev\" role=\"button\" tabindex=\"0\">\n\t\t\t\t\t\t<svg aria-hidden=\"true\" class=\"e-font-icon-svg e-eicon-chevron-left\" viewbox=\"0 0 1000 1000\" xmlns=\"http:\/\/www.w3.org\/2000\/svg\"><path d=\"M646 125C629 125 613 133 604 142L308 442C296 454 292 471 292 487 292 504 296 521 308 533L604 854C617 867 629 875 646 875 663 875 679 871 692 858 704 846 713 829 713 812 713 796 708 779 692 767L438 487 692 225C700 217 708 204 708 187 708 171 704 154 692 142 675 129 663 125 646 125Z\"><\/path><\/svg>\t\t\t\t\t<\/div>\n\t\t\t\t\t<div class=\"elementor-swiper-button elementor-swiper-button-next\" role=\"button\" tabindex=\"0\">\n\t\t\t\t\t\t<svg aria-hidden=\"true\" class=\"e-font-icon-svg e-eicon-chevron-right\" viewbox=\"0 0 1000 1000\" xmlns=\"http:\/\/www.w3.org\/2000\/svg\"><path d=\"M696 533C708 521 713 504 713 487 713 471 708 454 696 446L400 146C388 133 375 125 354 125 338 125 325 129 313 142 300 154 292 171 292 187 292 204 296 221 308 233L563 492 304 771C292 783 288 800 288 817 288 833 296 850 308 863 321 871 338 875 354 875 371 875 388 867 400 854L696 533Z\"><\/path><\/svg>\t\t\t\t\t<\/div>\n\t\t\t\t\n\t\t\t\t\t\t\t\t\t<div class=\"swiper-pagination\"><\/div>\n\t\t\t\t\t\t\t\t\t<\/div>\n\t\t\t\t\t\t<\/div>\n\t\t\t\t<\/div>\n\t\t\t\t\t<\/div>\n\t\t\t\t<\/div>\n\t\t<div class=\"elementor-element elementor-element-b9c5793 wd-section-stretch e-flex e-con-boxed e-con e-parent\" data-id=\"b9c5793\" data-element_type=\"container\" data-e-type=\"container\" data-settings=\"{&quot;background_background&quot;:&quot;classic&quot;}\">\n\t\t\t\t\t<div class=\"e-con-inner\">\n\t\t\t\t<div class=\"elementor-element elementor-element-51ef105 elementor-widget elementor-widget-wd_image_or_svg\" data-id=\"51ef105\" data-element_type=\"widget\" data-e-type=\"widget\" data-widget_type=\"wd_image_or_svg.default\">\n\t\t\t\t<div class=\"elementor-widget-container\">\n\t\t\t\t\t\n\t\t<div class=\"wd-image text-left\">\n\t\t\t\t\t\t\t\t<img decoding=\"async\" width=\"52\" height=\"61\" src=\"https:\/\/www.orakcimakina.com\/wp-content\/themes\/woodmart\/images\/lazy.png\" class=\"attachment-52x61 size-52x61 wd-lazy-load wd-lazy-none\" alt=\"\" srcset=\"\" sizes=\"(max-width: 52px) 100vw, 52px\" data-wood-src=\"https:\/\/www.orakcimakina.com\/wp-content\/uploads\/2024\/01\/Vector-Smart-Object-3.png-52x61.webp\" data-srcset=\"https:\/\/www.orakcimakina.com\/wp-content\/uploads\/2024\/01\/Vector-Smart-Object-3.png-52x61.webp 52w, https:\/\/www.orakcimakina.com\/wp-content\/uploads\/2024\/01\/Vector-Smart-Object-3.png.webp 91w\" title=\"\">\t\t\t\t\t<\/div>\n\n\t\t\t\t\t\t<\/div>\n\t\t\t\t<\/div>\n\t\t\t\t<div class=\"elementor-element elementor-element-25a5fd2 elementor-widget elementor-widget-heading\" data-id=\"25a5fd2\" data-element_type=\"widget\" data-e-type=\"widget\" data-widget_type=\"heading.default\">\n\t\t\t\t<div class=\"elementor-widget-container\">\n\t\t\t\t\t<h2 class=\"elementor-heading-title elementor-size-default\">\nStandart \u00d6zellikler<\/h2>\t\t\t\t<\/div>\n\t\t\t\t<\/div>\n\t\t\t\t\t<\/div>\n\t\t\t\t<\/div>\n\t\t<div class=\"elementor-element elementor-element-8f94ed8 e-flex e-con-boxed wd-section-disabled e-con e-parent\" data-id=\"8f94ed8\" data-element_type=\"container\" data-e-type=\"container\">\n\t\t\t\t\t<div class=\"e-con-inner\">\n\t\t\t\t<div class=\"elementor-element elementor-element-682fdaa color-scheme-inherit text-left elementor-widget elementor-widget-text-editor\" data-id=\"682fdaa\" data-element_type=\"widget\" data-e-type=\"widget\" data-widget_type=\"text-editor.default\">\n\t\t\t\t<div class=\"elementor-widget-container\">\n\t\t\t\t\t\t\t\t\t<p>\u2022 Maksimum 2.500 kg kald\u0131rma kapasitesi<br \/>\u2022 +75\u00b0\/-15\u00b0 bom \u00e7al\u0131\u015fma a\u00e7\u0131s\u0131<br \/>\u2022 300 bar azami \u00e7al\u0131\u015fma bas\u0131nc\u0131<br \/>\u2022 Arac\u0131 kald\u0131rmaya yarayan hidromekanik kontroll\u00fc H tipi aparat<br \/>\u2022 Arac\u0131n iki taraf\u0131ndan da g\u00fcvenli kullan\u0131m imkan\u0131<br \/>\u2022 Emniyetli denge ayaklar\u0131<br \/>\u2022 EN 12999 standartlar\u0131na uygun imalat standart\u0131<br \/>\u2022 Gece \u00e7al\u0131\u015fma lambas\u0131<br \/>\u2022 Manuel ayarlanabilen tekerlek tutucular\u0131<br \/>\u2022 Ta\u015f\u0131y\u0131c\u0131 ara\u00e7 \u015fase \u00f6l\u00e7\u00fclerine uygun ta\u015f\u0131ma platformu<br \/>\u2022 Hidrolik silindirler \u00fczerinde emniyet valfleri<br \/>\u2022 G\u00fc\u00e7l\u00fc \u015fase ve ta\u015f\u0131ma platformu dizayn\u0131<br \/>\u2022 Ekipman \u00fczerinde gece \u00e7al\u0131\u015fmalar\u0131na i\u00e7in projekt\u00f6r ve uyar\u0131 ama\u00e7l\u0131 led \u00e7akar lamba<br \/>\u2022 Ta\u015f\u0131ma platformu \u00fczerinde lastik tutucu yataklar\u0131 ve 4 adet ergonomik lastik tutucu<br \/>\u2022 Trafik kurallar\u0131na uygun uyar\u0131 ikaz \u0131\u015f\u0131klar\u0131 ve etiketleri<br \/>\u2022 Kolay monte edilebilir kompakt dizayn<\/p>\t\t\t\t\t\t\t\t<\/div>\n\t\t\t\t<\/div>\n\t\t\t\t\t<\/div>\n\t\t\t\t<\/div>\n\t\t<div class=\"elementor-element elementor-element-84c22d7 wd-section-stretch e-flex e-con-boxed e-con e-parent\" data-id=\"84c22d7\" data-element_type=\"container\" data-e-type=\"container\" data-settings=\"{&quot;background_background&quot;:&quot;classic&quot;}\">\n\t\t\t\t\t<div class=\"e-con-inner\">\n\t\t\t\t<div class=\"elementor-element elementor-element-136c418 elementor-widget elementor-widget-wd_image_or_svg\" data-id=\"136c418\" data-element_type=\"widget\" data-e-type=\"widget\" data-widget_type=\"wd_image_or_svg.default\">\n\t\t\t\t<div class=\"elementor-widget-container\">\n\t\t\t\t\t\n\t\t<div class=\"wd-image text-left\">\n\t\t\t\t\t\t\t\t<img decoding=\"async\" width=\"52\" height=\"61\" src=\"https:\/\/www.orakcimakina.com\/wp-content\/themes\/woodmart\/images\/lazy.png\" class=\"attachment-52x61 size-52x61 wd-lazy-load wd-lazy-none\" alt=\"\" data-wood-src=\"https:\/\/www.orakcimakina.com\/wp-content\/uploads\/2024\/01\/Vector-Smart-Object-1-1.png-52x61.webp\" srcset=\"\" title=\"\">\t\t\t\t\t<\/div>\n\n\t\t\t\t\t\t<\/div>\n\t\t\t\t<\/div>\n\t\t\t\t<div class=\"elementor-element elementor-element-047b4b2 elementor-widget elementor-widget-heading\" data-id=\"047b4b2\" data-element_type=\"widget\" data-e-type=\"widget\" data-widget_type=\"heading.default\">\n\t\t\t\t<div class=\"elementor-widget-container\">\n\t\t\t\t\t<h2 class=\"elementor-heading-title elementor-size-default\">Opsiyonel \u00d6zellikler<\/h2>\t\t\t\t<\/div>\n\t\t\t\t<\/div>\n\t\t\t\t\t<\/div>\n\t\t\t\t<\/div>\n\t\t<div class=\"elementor-element elementor-element-f65f147 e-flex e-con-boxed wd-section-disabled e-con e-parent\" data-id=\"f65f147\" data-element_type=\"container\" data-e-type=\"container\">\n\t\t\t\t\t<div class=\"e-con-inner\">\n\t\t\t\t<div class=\"elementor-element elementor-element-7323735 color-scheme-inherit text-left elementor-widget elementor-widget-text-editor\" data-id=\"7323735\" data-element_type=\"widget\" data-e-type=\"widget\" data-widget_type=\"text-editor.default\">\n\t\t\t\t<div class=\"elementor-widget-container\">\n\t\t\t\t\t\t\t\t\t<p><br \/>\u2022 Arkadan arac\u0131 \u00e7ekmeye yarayan g\u00f6zl\u00fck sistemi<br \/>\u2022 D\u00f6ner lamba ve megafon sistemi<br \/>\u2022 Yang\u0131n s\u00f6nd\u00fcr\u00fcc\u00fc kutusu<\/p>\t\t\t\t\t\t\t\t<\/div>\n\t\t\t\t<\/div>\n\t\t\t\t\t<\/div>\n\t\t\t\t<\/div>\n\t\t<div class=\"elementor-element elementor-element-926089b wd-section-stretch e-flex e-con-boxed e-con e-parent\" data-id=\"926089b\" data-element_type=\"container\" data-e-type=\"container\" data-settings=\"{&quot;background_background&quot;:&quot;classic&quot;}\">\n\t\t\t\t\t<div class=\"e-con-inner\">\n\t\t\t\t<div class=\"elementor-element elementor-element-d9322dc elementor-widget elementor-widget-wd_image_or_svg\" data-id=\"d9322dc\" data-element_type=\"widget\" data-e-type=\"widget\" data-widget_type=\"wd_image_or_svg.default\">\n\t\t\t\t<div class=\"elementor-widget-container\">\n\t\t\t\t\t\n\t\t<div class=\"wd-image text-left\">\n\t\t\t\t\t\t\t\t<img loading=\"lazy\" decoding=\"async\" width=\"52\" height=\"61\" src=\"https:\/\/www.orakcimakina.com\/wp-content\/themes\/woodmart\/images\/lazy.png\" class=\"attachment-52x61 size-52x61 wd-lazy-load wd-lazy-none\" alt=\"\" data-wood-src=\"https:\/\/www.orakcimakina.com\/wp-content\/uploads\/2024\/01\/Vector-Smart-Object-2-1.png-52x61.webp\" srcset=\"\" title=\"\">\t\t\t\t\t<\/div>\n\n\t\t\t\t\t\t<\/div>\n\t\t\t\t<\/div>\n\t\t<div class=\"elementor-element elementor-element-203b2cd e-flex e-con-boxed wd-section-disabled e-con e-child\" data-id=\"203b2cd\" data-element_type=\"container\" data-e-type=\"container\">\n\t\t\t\t\t<div class=\"e-con-inner\">\n\t\t\t\t<div class=\"elementor-element elementor-element-13556dd elementor-widget elementor-widget-heading\" data-id=\"13556dd\" data-element_type=\"widget\" data-e-type=\"widget\" data-widget_type=\"heading.default\">\n\t\t\t\t<div class=\"elementor-widget-container\">\n\t\t\t\t\t<h2 class=\"elementor-heading-title elementor-size-default\">Teknik Bro\u015f\u00fcr\u00fc \u0130nceleyin<\/h2>\t\t\t\t<\/div>\n\t\t\t\t<\/div>\n\t\t\t\t<div class=\"elementor-element elementor-element-394f641 elementor-widget elementor-widget-heading\" data-id=\"394f641\" data-element_type=\"widget\" data-e-type=\"widget\" data-widget_type=\"heading.default\">\n\t\t\t\t<div class=\"elementor-widget-container\">\n\t\t\t\t\t<div class=\"elementor-heading-title elementor-size-default\"><a href=\"https:\/\/www.orakcimakina.com\/wp-content\/uploads\/2024\/05\/OKG.pdf\">OKG PDF<\/a><\/div>\t\t\t\t<\/div>\n\t\t\t\t<\/div>\n\t\t\t\t\t<\/div>\n\t\t\t\t<\/div>\n\t\t\t\t\t<\/div>\n\t\t\t\t<\/div>\n\t\t\t\t<\/div>","protected":false},"excerpt":{"rendered":"<p>Oto Kurtar\u0131c\u0131lar \u00bb OKG Vin\u00e7li Oto Kurtar\u0131c\u0131 OKG Vin\u00e7li Oto Kurtar\u0131c\u0131 OKG serisi ara\u00e7 kurtar\u0131c\u0131lar; kabin arkas\u0131na yerle\u015ftirilmi\u015f mobil vincin<\/p>","protected":false},"author":3,"featured_media":0,"parent":16011,"menu_order":0,"comment_status":"closed","ping_status":"closed","template":"elementor_header_footer","meta":{"footnotes":""},"class_list":["post-16021","page","type-page","status-publish","hentry"],"_links":{"self":[{"href":"https:\/\/www.orakcimakina.com\/de\/wp-json\/wp\/v2\/pages\/16021","targetHints":{"allow":["GET"]}}],"collection":[{"href":"https:\/\/www.orakcimakina.com\/de\/wp-json\/wp\/v2\/pages"}],"about":[{"href":"https:\/\/www.orakcimakina.com\/de\/wp-json\/wp\/v2\/types\/page"}],"author":[{"embeddable":true,"href":"https:\/\/www.orakcimakina.com\/de\/wp-json\/wp\/v2\/users\/3"}],"replies":[{"embeddable":true,"href":"https:\/\/www.orakcimakina.com\/de\/wp-json\/wp\/v2\/comments?post=16021"}],"version-history":[{"count":0,"href":"https:\/\/www.orakcimakina.com\/de\/wp-json\/wp\/v2\/pages\/16021\/revisions"}],"up":[{"embeddable":true,"href":"https:\/\/www.orakcimakina.com\/de\/wp-json\/wp\/v2\/pages\/16011"}],"wp:attachment":[{"href":"https:\/\/www.orakcimakina.com\/de\/wp-json\/wp\/v2\/media?parent=16021"}],"curies":[{"name":"wp","href":"https:\/\/api.w.org\/{rel}","templated":true}]}}