{"id":15958,"date":"2024-01-04T17:52:04","date_gmt":"2024-01-04T14:52:04","guid":{"rendered":"https:\/\/www.orakcimakina.com\/?page_id=15958"},"modified":"2025-05-27T09:24:47","modified_gmt":"2025-05-27T06:24:47","slug":"yuksekte-calisma-platformlari","status":"publish","type":"page","link":"https:\/\/www.orakcimakina.com\/de\/yuksekte-calisma-platformlari\/","title":{"rendered":"Y\u00fcksekte \u00c7al\u0131\u015fma Platformlar\u0131"},"content":{"rendered":"<div data-elementor-type=\"wp-page\" data-elementor-id=\"15958\" class=\"elementor elementor-15958\">\n\t\t\t\t<div class=\"elementor-element elementor-element-6d89c81 wd-section-stretch e-flex e-con-boxed e-con e-parent\" data-id=\"6d89c81\" data-element_type=\"container\" data-e-type=\"container\" data-settings=\"{&quot;background_background&quot;:&quot;classic&quot;}\">\n\t\t\t\t\t<div class=\"e-con-inner\">\n\t\t\t\t<div class=\"elementor-element elementor-element-208e0a5 elementor-widget elementor-widget-image\" data-id=\"208e0a5\" data-element_type=\"widget\" data-e-type=\"widget\" data-widget_type=\"image.default\">\n\t\t\t\t<div class=\"elementor-widget-container\">\n\t\t\t\t\t\t\t\t\t\t\t\t\t\t\t<img decoding=\"async\" width=\"126\" height=\"91\" src=\"https:\/\/www.orakcimakina.com\/wp-content\/themes\/woodmart\/images\/lazy.png\" class=\"attachment-full size-full wp-image-15961 wd-lazy-load wd-lazy-none\" alt=\"\" data-wood-src=\"https:\/\/www.orakcimakina.com\/wp-content\/uploads\/2024\/01\/YUKSEKTE-CALISMA-PLATFORMLARI.png.webp\" srcset=\"\" title=\"\">\t\t\t\t\t\t\t\t\t\t\t\t\t\t\t<\/div>\n\t\t\t\t<\/div>\n\t\t\t\t<div class=\"elementor-element elementor-element-64ff13a elementor-widget elementor-widget-heading\" data-id=\"64ff13a\" data-element_type=\"widget\" data-e-type=\"widget\" data-widget_type=\"heading.default\">\n\t\t\t\t<div class=\"elementor-widget-container\">\n\t\t\t\t\t<h1 class=\"elementor-heading-title elementor-size-default\"><a href=\"https:\/\/www.orakcimakina.com\/de\/\">Anasayfa<\/a> \u00bb <a href=\"https:\/\/www.orakcimakina.com\/de\/urunler\/\">\u00dcr\u00fcnler<\/a> \u00bb Y\u00fcksekte \u00c7al\u0131\u015fma Platformlar\u0131<\/h1>\t\t\t\t<\/div>\n\t\t\t\t<\/div>\n\t\t\t\t\t<\/div>\n\t\t\t\t<\/div>\n\t\t<div class=\"elementor-element elementor-element-b86dc8e e-con-full wd-section-stretch-content e-flex e-con e-parent\" data-id=\"b86dc8e\" data-element_type=\"container\" data-e-type=\"container\" data-settings=\"{&quot;background_background&quot;:&quot;classic&quot;}\">\n\t\t\t\t<div class=\"elementor-element elementor-element-549a708 elementor-widget elementor-widget-heading\" data-id=\"549a708\" data-element_type=\"widget\" data-e-type=\"widget\" data-widget_type=\"heading.default\">\n\t\t\t\t<div class=\"elementor-widget-container\">\n\t\t\t\t\t<h1 class=\"elementor-heading-title elementor-size-default\">Y\u00fcksekte \u00c7al\u0131\u015fma <br>\nPlatformlar\u0131 <\/h1>\t\t\t\t<\/div>\n\t\t\t\t<\/div>\n\t\t\t\t<\/div>\n\t\t<div class=\"elementor-element elementor-element-a7f9193 e-flex e-con-boxed wd-section-disabled e-con e-parent\" data-id=\"a7f9193\" data-element_type=\"container\" data-e-type=\"container\">\n\t\t\t\t\t<div class=\"e-con-inner\">\n\t\t<div class=\"elementor-element elementor-element-a0b958f e-con-full e-flex wd-section-disabled e-con e-child\" data-id=\"a0b958f\" data-element_type=\"container\" data-e-type=\"container\">\n\t\t\t\t<div class=\"elementor-element elementor-element-d36805a elementor-widget elementor-widget-heading\" data-id=\"d36805a\" data-element_type=\"widget\" data-e-type=\"widget\" data-widget_type=\"heading.default\">\n\t\t\t\t<div class=\"elementor-widget-container\">\n\t\t\t\t\t<div class=\"elementor-heading-title elementor-size-default\">Y\u00fcksek saha \u00e7al\u0131\u015fmalar\u0131nda rahat ve g\u00fcvenli \u00e7al\u0131\u015fma i\u00e7in yard\u0131mc\u0131 teleskopik platformlar zorlu i\u015flerin ayr\u0131lmaz par\u00e7alar\u0131d\u0131rlar.<\/div>\t\t\t\t<\/div>\n\t\t\t\t<\/div>\n\t\t\t\t<\/div>\n\t\t<div class=\"elementor-element elementor-element-01196ee e-con-full e-flex wd-section-disabled e-con e-child\" data-id=\"01196ee\" data-element_type=\"container\" data-e-type=\"container\">\n\t\t\t\t<div class=\"elementor-element elementor-element-6139bf6 color-scheme-inherit text-left elementor-widget elementor-widget-text-editor\" data-id=\"6139bf6\" data-element_type=\"widget\" data-e-type=\"widget\" data-widget_type=\"text-editor.default\">\n\t\t\t\t<div class=\"elementor-widget-container\">\n\t\t\t\t\t\t\t\t\t<p>Bu platformlar, teknik olarak y\u00fck ta\u015f\u0131maya uygun de\u011fillerdir. Y\u00fcksekte; bak\u0131m, tamir, boya, elektrik i\u015fleri, cam silme, a\u011fa\u00e7 budama gibi farkl\u0131 alanlarda kullan\u0131lmaktad\u0131r.<\/p><p>D\u00f6rt adet denge aya\u011f\u0131 birbirinden ba\u011f\u0131ms\u0131z kontrol edilerek, denge g\u00f6stergesi ile y\u00fczey do\u011frusall\u0131\u011f\u0131 sa\u011flanmaktad\u0131r. Kule ve sepette birbirinden ba\u011f\u0131ms\u0131z kontrol edilebilen kontrol panelleri t\u00fcm y\u00fcksekte \u00e7al\u0131\u015fma platformlar\u0131nda yer almaktad\u0131r. Otomatik algoritmik kullan\u0131mlarda joystik ve oransal yap\u0131 sayesinde, hassas kullan\u0131m sa\u011flanabilmekte, kompozit personel ta\u015f\u0131ma sepeti ile elektrik izolasyonunda maksimum g\u00fcvenlik elde edilmektedir.<\/p>\t\t\t\t\t\t\t\t<\/div>\n\t\t\t\t<\/div>\n\t\t\t\t<\/div>\n\t\t\t\t\t<\/div>\n\t\t\t\t<\/div>\n\t\t<div class=\"elementor-element elementor-element-7492ef2 wd-section-stretch e-flex e-con-boxed e-con e-parent\" data-id=\"7492ef2\" data-element_type=\"container\" data-e-type=\"container\" data-settings=\"{&quot;background_background&quot;:&quot;classic&quot;}\">\n\t\t\t\t\t<div class=\"e-con-inner\">\n\t\t<div class=\"elementor-element elementor-element-23bfdf4 e-con-full e-flex wd-section-disabled e-con e-child\" data-id=\"23bfdf4\" data-element_type=\"container\" data-e-type=\"container\" data-settings=\"{&quot;background_background&quot;:&quot;classic&quot;}\">\n\t\t\t\t<div class=\"elementor-element elementor-element-27c94ce elementor-widget elementor-widget-image\" data-id=\"27c94ce\" data-element_type=\"widget\" data-e-type=\"widget\" data-widget_type=\"image.default\">\n\t\t\t\t<div class=\"elementor-widget-container\">\n\t\t\t\t\t\t\t\t\t\t\t\t\t\t\t<img fetchpriority=\"high\" decoding=\"async\" width=\"509\" height=\"319\" src=\"https:\/\/www.orakcimakina.com\/wp-content\/themes\/woodmart\/images\/lazy.png\" class=\"attachment-full size-full wp-image-15962 wd-lazy-load wd-lazy-none\" alt=\"\" srcset=\"\" sizes=\"(max-width: 509px) 100vw, 509px\" data-wood-src=\"https:\/\/www.orakcimakina.com\/wp-content\/uploads\/2024\/01\/Layer-12-2.png.webp\" data-srcset=\"https:\/\/www.orakcimakina.com\/wp-content\/uploads\/2024\/01\/Layer-12-2.png.webp 509w, https:\/\/www.orakcimakina.com\/wp-content\/uploads\/2024\/01\/Layer-12-2.png-400x251.webp 400w\" title=\"\">\t\t\t\t\t\t\t\t\t\t\t\t\t\t\t<\/div>\n\t\t\t\t<\/div>\n\t\t\t\t<div class=\"elementor-element elementor-element-820a470 elementor-widget elementor-widget-heading\" data-id=\"820a470\" data-element_type=\"widget\" data-e-type=\"widget\" data-widget_type=\"heading.default\">\n\t\t\t\t<div class=\"elementor-widget-container\">\n\t\t\t\t\t<div class=\"elementor-heading-title elementor-size-default\">OTP Teleskopik\nPlatform<\/div>\t\t\t\t<\/div>\n\t\t\t\t<\/div>\n\t\t\t\t<div class=\"elementor-element elementor-element-3616436 elementor-widget elementor-widget-wd_button\" data-id=\"3616436\" data-element_type=\"widget\" data-e-type=\"widget\" data-widget_type=\"wd_button.default\">\n\t\t\t\t<div class=\"elementor-widget-container\">\n\t\t\t\t\t\t\t<div class=\"wd-button-wrapper text-\" >\n\t\t\t<a class=\"btn btn-style-bordered btn-style-rectangle btn-size-default btn-color-white btn-full-width btn-icon-pos-right\"  href=\"https:\/\/www.orakcimakina.com\/de\/yuksekte-calisma-platformlari\/otp-teleskopik-platform\/\">\n\t\t\t\t<span class=\"wd-btn-text\" data-elementor-setting-key=\"text\">\n\t\t\t\t\tke\u015ffet\t\t\t\t<\/span>\n\n\t\t\t\t\t\t\t<\/a>\n\t\t<\/div>\n\t\t\t\t\t\t<\/div>\n\t\t\t\t<\/div>\n\t\t\t\t<\/div>\n\t\t<div class=\"elementor-element elementor-element-a4250f0 e-con-full e-flex wd-section-disabled e-con e-child\" data-id=\"a4250f0\" data-element_type=\"container\" data-e-type=\"container\" data-settings=\"{&quot;background_background&quot;:&quot;classic&quot;}\">\n\t\t\t\t<div class=\"elementor-element elementor-element-c279a46 elementor-widget elementor-widget-image\" data-id=\"c279a46\" data-element_type=\"widget\" data-e-type=\"widget\" data-widget_type=\"image.default\">\n\t\t\t\t<div class=\"elementor-widget-container\">\n\t\t\t\t\t\t\t\t\t\t\t\t\t\t\t<img decoding=\"async\" width=\"509\" height=\"319\" src=\"https:\/\/www.orakcimakina.com\/wp-content\/themes\/woodmart\/images\/lazy.png\" class=\"attachment-full size-full wp-image-15963 wd-lazy-load wd-lazy-none\" alt=\"\" srcset=\"\" sizes=\"(max-width: 509px) 100vw, 509px\" data-wood-src=\"https:\/\/www.orakcimakina.com\/wp-content\/uploads\/2024\/01\/Layer-13.png.webp\" data-srcset=\"https:\/\/www.orakcimakina.com\/wp-content\/uploads\/2024\/01\/Layer-13.png.webp 509w, https:\/\/www.orakcimakina.com\/wp-content\/uploads\/2024\/01\/Layer-13.png-400x251.webp 400w\" title=\"\">\t\t\t\t\t\t\t\t\t\t\t\t\t\t\t<\/div>\n\t\t\t\t<\/div>\n\t\t\t\t<div class=\"elementor-element elementor-element-810a11c elementor-widget elementor-widget-heading\" data-id=\"810a11c\" data-element_type=\"widget\" data-e-type=\"widget\" data-widget_type=\"heading.default\">\n\t\t\t\t<div class=\"elementor-widget-container\">\n\t\t\t\t\t<div class=\"elementor-heading-title elementor-size-default\">OKP Eklemli\nPlatform<\/div>\t\t\t\t<\/div>\n\t\t\t\t<\/div>\n\t\t\t\t<div class=\"elementor-element elementor-element-25c2e4c elementor-widget elementor-widget-wd_button\" data-id=\"25c2e4c\" data-element_type=\"widget\" data-e-type=\"widget\" data-widget_type=\"wd_button.default\">\n\t\t\t\t<div class=\"elementor-widget-container\">\n\t\t\t\t\t\t\t<div class=\"wd-button-wrapper text-\" >\n\t\t\t<a class=\"btn btn-style-bordered btn-style-rectangle btn-size-default btn-color-white btn-full-width btn-icon-pos-right\"  href=\"https:\/\/www.orakcimakina.com\/de\/yuksekte-calisma-platformlari\/okp-eklemli-platform\/\">\n\t\t\t\t<span class=\"wd-btn-text\" data-elementor-setting-key=\"text\">\n\t\t\t\t\tke\u015ffet\t\t\t\t<\/span>\n\n\t\t\t\t\t\t\t<\/a>\n\t\t<\/div>\n\t\t\t\t\t\t<\/div>\n\t\t\t\t<\/div>\n\t\t\t\t<\/div>\n\t\t\t\t\t<\/div>\n\t\t\t\t<\/div>\n\t\t\t\t<\/div>","protected":false},"excerpt":{"rendered":"<p>Anasayfa \u00bb \u00dcr\u00fcnler \u00bb Y\u00fcksekte \u00c7al\u0131\u015fma Platformlar\u0131 Y\u00fcksekte \u00c7al\u0131\u015fma Platformlar\u0131 Y\u00fcksek saha \u00e7al\u0131\u015fmalar\u0131nda rahat ve g\u00fcvenli \u00e7al\u0131\u015fma i\u00e7in yard\u0131mc\u0131 teleskopik<\/p>","protected":false},"author":3,"featured_media":0,"parent":0,"menu_order":0,"comment_status":"closed","ping_status":"closed","template":"elementor_header_footer","meta":{"footnotes":""},"class_list":["post-15958","page","type-page","status-publish","hentry"],"_links":{"self":[{"href":"https:\/\/www.orakcimakina.com\/de\/wp-json\/wp\/v2\/pages\/15958","targetHints":{"allow":["GET"]}}],"collection":[{"href":"https:\/\/www.orakcimakina.com\/de\/wp-json\/wp\/v2\/pages"}],"about":[{"href":"https:\/\/www.orakcimakina.com\/de\/wp-json\/wp\/v2\/types\/page"}],"author":[{"embeddable":true,"href":"https:\/\/www.orakcimakina.com\/de\/wp-json\/wp\/v2\/users\/3"}],"replies":[{"embeddable":true,"href":"https:\/\/www.orakcimakina.com\/de\/wp-json\/wp\/v2\/comments?post=15958"}],"version-history":[{"count":0,"href":"https:\/\/www.orakcimakina.com\/de\/wp-json\/wp\/v2\/pages\/15958\/revisions"}],"wp:attachment":[{"href":"https:\/\/www.orakcimakina.com\/de\/wp-json\/wp\/v2\/media?parent=15958"}],"curies":[{"name":"wp","href":"https:\/\/api.w.org\/{rel}","templated":true}]}}