{"id":15892,"date":"2024-01-04T17:11:39","date_gmt":"2024-01-04T14:11:39","guid":{"rendered":"https:\/\/www.orakcimakina.com\/?page_id=15892"},"modified":"2025-05-23T17:30:04","modified_gmt":"2025-05-23T14:30:04","slug":"orv-300","status":"publish","type":"page","link":"https:\/\/www.orakcimakina.com\/de\/hidrolik-sikistirmali-cop-kasalari\/orv-300\/","title":{"rendered":"ORV 300 &#8211; Hidrolik S\u0131k\u0131\u015ft\u0131rmal\u0131 \u00c7\u00f6p Kasas\u0131"},"content":{"rendered":"<div data-elementor-type=\"wp-page\" data-elementor-id=\"15892\" class=\"elementor elementor-15892\">\n\t\t\t\t<div class=\"elementor-element elementor-element-6d89c81 wd-section-stretch e-flex e-con-boxed e-con e-parent\" data-id=\"6d89c81\" data-element_type=\"container\" data-e-type=\"container\" data-settings=\"{&quot;background_background&quot;:&quot;classic&quot;}\">\n\t\t\t\t\t<div class=\"e-con-inner\">\n\t\t\t\t<div class=\"elementor-element elementor-element-208e0a5 elementor-widget elementor-widget-image\" data-id=\"208e0a5\" data-element_type=\"widget\" data-e-type=\"widget\" data-widget_type=\"image.default\">\n\t\t\t\t<div class=\"elementor-widget-container\">\n\t\t\t\t\t\t\t\t\t\t\t\t\t\t\t<img decoding=\"async\" width=\"163\" height=\"72\" src=\"https:\/\/www.orakcimakina.com\/wp-content\/themes\/woodmart\/images\/lazy.png\" class=\"attachment-full size-full wp-image-15837 wd-lazy-load wd-lazy-none\" alt=\"\" data-wood-src=\"https:\/\/www.orakcimakina.com\/wp-content\/uploads\/2024\/01\/HIDROLIK-SIKISTIRMALI-COP-KASALARI.png.webp\" srcset=\"\" title=\"\">\t\t\t\t\t\t\t\t\t\t\t\t\t\t\t<\/div>\n\t\t\t\t<\/div>\n\t\t\t\t<div class=\"elementor-element elementor-element-64ff13a elementor-widget elementor-widget-heading\" data-id=\"64ff13a\" data-element_type=\"widget\" data-e-type=\"widget\" data-widget_type=\"heading.default\">\n\t\t\t\t<div class=\"elementor-widget-container\">\n\t\t\t\t\t<h1 class=\"elementor-heading-title elementor-size-default\"><a href=\"https:\/\/www.orakcimakina.com\/de\/hidrolik-sikistirmali-cop-kasalari\/\">Hidrolik S\u0131k\u0131\u015ft\u0131rmal\u0131 \u00c7\u00f6p Kasalar\u0131 \u00bb ORV 300<\/a><\/h1>\t\t\t\t<\/div>\n\t\t\t\t<\/div>\n\t\t\t\t\t<\/div>\n\t\t\t\t<\/div>\n\t\t<div class=\"elementor-element elementor-element-b86dc8e e-con-full wd-section-stretch-content e-flex e-con e-parent\" data-id=\"b86dc8e\" data-element_type=\"container\" data-e-type=\"container\" data-settings=\"{&quot;background_background&quot;:&quot;classic&quot;}\">\n\t\t\t\t<div class=\"elementor-element elementor-element-549a708 elementor-widget__width-initial elementor-widget elementor-widget-heading\" data-id=\"549a708\" data-element_type=\"widget\" data-e-type=\"widget\" data-widget_type=\"heading.default\">\n\t\t\t\t<div class=\"elementor-widget-container\">\n\t\t\t\t\t<h1 class=\"elementor-heading-title elementor-size-default\">ORV 300<br>\nHidrolik S\u0131k\u0131\u015ft\u0131rmal\u0131 \u00c7\u00f6p Kasas\u0131<\/h1>\t\t\t\t<\/div>\n\t\t\t\t<\/div>\n\t\t\t\t<\/div>\n\t\t<div class=\"elementor-element elementor-element-a7f9193 e-flex e-con-boxed wd-section-disabled e-con e-parent\" data-id=\"a7f9193\" data-element_type=\"container\" data-e-type=\"container\">\n\t\t\t\t\t<div class=\"e-con-inner\">\n\t\t<div class=\"elementor-element elementor-element-01196ee e-con-full e-flex wd-section-disabled e-con e-child\" data-id=\"01196ee\" data-element_type=\"container\" data-e-type=\"container\">\n\t\t\t\t<div class=\"elementor-element elementor-element-6139bf6 color-scheme-inherit text-left elementor-widget elementor-widget-text-editor\" data-id=\"6139bf6\" data-element_type=\"widget\" data-e-type=\"widget\" data-widget_type=\"text-editor.default\">\n\t\t\t\t<div class=\"elementor-widget-container\">\n\t\t\t\t\t\t\t\t\t<p>ORV 300 hidrolik s\u0131k\u0131\u015ft\u0131rmal\u0131 \u00e7\u00f6p kasas\u0131; orta b\u00fcy\u00fckl\u00fckteki yedek \u015fanz\u0131man \u00e7\u0131k\u0131\u015f\u0131na (PTO) sahip ara\u00e7lar i\u00e7in dizayn edilmi\u015ftir. Bu seri i\u00e7in olmas\u0131 gereken faydal\u0131 dingil mesafesine sahip, br\u00fct ta\u015f\u0131ma a\u011f\u0131rl\u0131\u011f\u0131 12 ile 18 ton aras\u0131, 4\u00d72 veya 4\u00d74 tip ara\u00e7lara uygulama yap\u0131labilir.<\/p>\t\t\t\t\t\t\t\t<\/div>\n\t\t\t\t<\/div>\n\t\t\t\t<\/div>\n\t\t\t\t\t<\/div>\n\t\t\t\t<\/div>\n\t\t<div class=\"elementor-element elementor-element-7c82d9c e-flex e-con-boxed wd-section-disabled e-con e-parent\" data-id=\"7c82d9c\" data-element_type=\"container\" data-e-type=\"container\">\n\t\t\t\t\t<div class=\"e-con-inner\">\n\t\t\t\t<div class=\"elementor-element elementor-element-79aa6b0 elementor-widget elementor-widget-video\" data-id=\"79aa6b0\" data-element_type=\"widget\" data-e-type=\"widget\" data-settings=\"{&quot;youtube_url&quot;:&quot;https:\\\/\\\/www.youtube.com\\\/watch?v=xh4nz7uly2s&quot;,&quot;video_type&quot;:&quot;youtube&quot;,&quot;controls&quot;:&quot;yes&quot;}\" data-widget_type=\"video.default\">\n\t\t\t\t<div class=\"elementor-widget-container\">\n\t\t\t\t\t\t\t<div class=\"elementor-wrapper elementor-open-inline\">\n\t\t\t<div class=\"elementor-video\"><\/div>\t\t<\/div>\n\t\t\t\t\t\t<\/div>\n\t\t\t\t<\/div>\n\t\t\t\t\t<\/div>\n\t\t\t\t<\/div>\n\t\t<div class=\"elementor-element elementor-element-34ffd78 e-flex e-con-boxed wd-section-disabled e-con e-parent\" data-id=\"34ffd78\" data-element_type=\"container\" data-e-type=\"container\">\n\t\t\t\t\t<div class=\"e-con-inner\">\n\t\t\t\t<div class=\"elementor-element elementor-element-9d88185 color-scheme-inherit text-left elementor-widget elementor-widget-text-editor\" data-id=\"9d88185\" data-element_type=\"widget\" data-e-type=\"widget\" data-widget_type=\"text-editor.default\">\n\t\t\t\t<div class=\"elementor-widget-container\">\n\t\t\t\t\t\t\t\t\t<p>At\u0131k y\u00fckleme kapasitesi ve s\u0131k\u0131\u015ft\u0131rma oran\u0131, s\u0131k\u0131\u015ft\u0131rma yap\u0131lan \u00e7\u00f6p\u00fcn t\u00fcr\u00fcne ve ta\u015f\u0131y\u0131c\u0131 arac\u0131n teknik de\u011ferlerine g\u00f6re de\u011fi\u015fiklik g\u00f6sterebilir.<\/p>\t\t\t\t\t\t\t\t<\/div>\n\t\t\t\t<\/div>\n\t\t\t\t\t<\/div>\n\t\t\t\t<\/div>\n\t\t<div class=\"elementor-element elementor-element-94d570c e-flex e-con-boxed wd-section-disabled e-con e-parent\" data-id=\"94d570c\" data-element_type=\"container\" data-e-type=\"container\">\n\t\t\t\t\t<div class=\"e-con-inner\">\n\t\t\t\t<div class=\"elementor-element elementor-element-c8fd2cf elementor-arrows-position-inside elementor-pagination-position-outside elementor-widget elementor-widget-image-carousel\" data-id=\"c8fd2cf\" data-element_type=\"widget\" data-e-type=\"widget\" data-settings=\"{&quot;slides_to_show&quot;:&quot;1&quot;,&quot;navigation&quot;:&quot;both&quot;,&quot;autoplay&quot;:&quot;yes&quot;,&quot;pause_on_hover&quot;:&quot;yes&quot;,&quot;pause_on_interaction&quot;:&quot;yes&quot;,&quot;autoplay_speed&quot;:5000,&quot;infinite&quot;:&quot;yes&quot;,&quot;effect&quot;:&quot;slide&quot;,&quot;speed&quot;:500}\" data-widget_type=\"image-carousel.default\">\n\t\t\t\t<div class=\"elementor-widget-container\">\n\t\t\t\t\t\t\t<div class=\"elementor-image-carousel-wrapper swiper\" role=\"region\" aria-roledescription=\"carousel\" aria-label=\"Resim D\u00f6ng\u00fcs\u00fc\" dir=\"ltr\">\n\t\t\t<div class=\"elementor-image-carousel swiper-wrapper\" aria-live=\"off\">\n\t\t\t\t\t\t\t\t<div class=\"swiper-slide\" role=\"group\" aria-roledescription=\"slide\" aria-label=\"1 von 2\" data-no-translation-aria-label=\"\"><figure class=\"swiper-slide-inner\"><img decoding=\"async\" class=\"swiper-slide-image\" src=\"https:\/\/www.orakcimakina.com\/wp-content\/uploads\/2024\/01\/IMG_9546.png.webp\" alt=\"IMG_9546.png\" title=\"\"><\/figure><\/div><div class=\"swiper-slide\" role=\"group\" aria-roledescription=\"slide\" aria-label=\"2 von 2\" data-no-translation-aria-label=\"\"><figure class=\"swiper-slide-inner\"><img decoding=\"async\" class=\"swiper-slide-image\" src=\"https:\/\/www.orakcimakina.com\/wp-content\/uploads\/2024\/01\/IMG_9553.png.webp\" alt=\"IMG_9553.png\" title=\"\"><\/figure><\/div>\t\t\t<\/div>\n\t\t\t\t\t\t\t\t\t\t\t\t<div class=\"elementor-swiper-button elementor-swiper-button-prev\" role=\"button\" tabindex=\"0\">\n\t\t\t\t\t\t<svg aria-hidden=\"true\" class=\"e-font-icon-svg e-eicon-chevron-left\" viewbox=\"0 0 1000 1000\" xmlns=\"http:\/\/www.w3.org\/2000\/svg\"><path d=\"M646 125C629 125 613 133 604 142L308 442C296 454 292 471 292 487 292 504 296 521 308 533L604 854C617 867 629 875 646 875 663 875 679 871 692 858 704 846 713 829 713 812 713 796 708 779 692 767L438 487 692 225C700 217 708 204 708 187 708 171 704 154 692 142 675 129 663 125 646 125Z\"><\/path><\/svg>\t\t\t\t\t<\/div>\n\t\t\t\t\t<div class=\"elementor-swiper-button elementor-swiper-button-next\" role=\"button\" tabindex=\"0\">\n\t\t\t\t\t\t<svg aria-hidden=\"true\" class=\"e-font-icon-svg e-eicon-chevron-right\" viewbox=\"0 0 1000 1000\" xmlns=\"http:\/\/www.w3.org\/2000\/svg\"><path d=\"M696 533C708 521 713 504 713 487 713 471 708 454 696 446L400 146C388 133 375 125 354 125 338 125 325 129 313 142 300 154 292 171 292 187 292 204 296 221 308 233L563 492 304 771C292 783 288 800 288 817 288 833 296 850 308 863 321 871 338 875 354 875 371 875 388 867 400 854L696 533Z\"><\/path><\/svg>\t\t\t\t\t<\/div>\n\t\t\t\t\n\t\t\t\t\t\t\t\t\t<div class=\"swiper-pagination\"><\/div>\n\t\t\t\t\t\t\t\t\t<\/div>\n\t\t\t\t\t\t<\/div>\n\t\t\t\t<\/div>\n\t\t\t\t\t<\/div>\n\t\t\t\t<\/div>\n\t\t<div class=\"elementor-element elementor-element-b9c5793 wd-section-stretch e-flex e-con-boxed e-con e-parent\" data-id=\"b9c5793\" data-element_type=\"container\" data-e-type=\"container\" data-settings=\"{&quot;background_background&quot;:&quot;classic&quot;}\">\n\t\t\t\t\t<div class=\"e-con-inner\">\n\t\t\t\t<div class=\"elementor-element elementor-element-51ef105 elementor-widget elementor-widget-wd_image_or_svg\" data-id=\"51ef105\" data-element_type=\"widget\" data-e-type=\"widget\" data-widget_type=\"wd_image_or_svg.default\">\n\t\t\t\t<div class=\"elementor-widget-container\">\n\t\t\t\t\t\n\t\t<div class=\"wd-image text-left\">\n\t\t\t\t\t\t\t\t<img decoding=\"async\" width=\"52\" height=\"61\" src=\"https:\/\/www.orakcimakina.com\/wp-content\/themes\/woodmart\/images\/lazy.png\" class=\"attachment-52x61 size-52x61 wd-lazy-load wd-lazy-none\" alt=\"\" srcset=\"\" sizes=\"(max-width: 52px) 100vw, 52px\" data-wood-src=\"https:\/\/www.orakcimakina.com\/wp-content\/uploads\/2024\/01\/Vector-Smart-Object-3.png-52x61.webp\" data-srcset=\"https:\/\/www.orakcimakina.com\/wp-content\/uploads\/2024\/01\/Vector-Smart-Object-3.png-52x61.webp 52w, https:\/\/www.orakcimakina.com\/wp-content\/uploads\/2024\/01\/Vector-Smart-Object-3.png.webp 91w\" title=\"\">\t\t\t\t\t<\/div>\n\n\t\t\t\t\t\t<\/div>\n\t\t\t\t<\/div>\n\t\t\t\t<div class=\"elementor-element elementor-element-25a5fd2 elementor-widget elementor-widget-heading\" data-id=\"25a5fd2\" data-element_type=\"widget\" data-e-type=\"widget\" data-widget_type=\"heading.default\">\n\t\t\t\t<div class=\"elementor-widget-container\">\n\t\t\t\t\t<h2 class=\"elementor-heading-title elementor-size-default\">\nStandart \u00d6zellikler<\/h2>\t\t\t\t<\/div>\n\t\t\t\t<\/div>\n\t\t\t\t\t<\/div>\n\t\t\t\t<\/div>\n\t\t<div class=\"elementor-element elementor-element-8f94ed8 e-flex e-con-boxed wd-section-disabled e-con e-parent\" data-id=\"8f94ed8\" data-element_type=\"container\" data-e-type=\"container\">\n\t\t\t\t\t<div class=\"e-con-inner\">\n\t\t\t\t<div class=\"elementor-element elementor-element-682fdaa color-scheme-inherit text-left elementor-widget elementor-widget-text-editor\" data-id=\"682fdaa\" data-element_type=\"widget\" data-e-type=\"widget\" data-widget_type=\"text-editor.default\">\n\t\t\t\t<div class=\"elementor-widget-container\">\n\t\t\t\t\t\t\t\t\t<p><br \/>\u2022Manuel, Yar\u0131 otomatik ve Otomatik Hidrolik \u00c7al\u0131\u015fma Sistemi<br \/>\u20221:6 s\u0131k\u0131\u015ft\u0131rma oran\u0131<br \/>\u2022Kasa Hacmi; 10 m\u00b3 \u2013 16 m\u00b3<br \/>\u2022Arka Kapak Hazne Hacmi; 1 m\u00b3 \u2013 1.5 m\u00b3<br \/>\u2022Y\u00fckseltme Kapa\u011f\u0131<br \/>\u2022EN 1501 standartlar\u0131na uygun \u00fcretim<br \/>\u2022Pis su haznesi<br \/>\u2022Arka kapak \u2013 i\u00e7 k\u00fcrek aras\u0131nda emniyet sistemi<br \/>\u2022Y\u00fcksek bas\u0131n\u00e7lara dayan\u0131kl\u0131 \u2018\u2019Di\u015fli Pompa\u2019\u2019 kullan\u0131m\u0131<br \/>\u2022 Sistem \u00e7al\u0131\u015fma bas\u0131nc\u0131; 180 bar<br \/>\u2022 Bisikletlik Bariyeri<br \/>\u2022\u00c7amurluk<br \/>\u2022Personel Ta\u015f\u0131ma Basamaklar\u0131<br \/>\u202212\/ 24 V \u00e7al\u0131\u015fma voltaj\u0131<br \/>\u2022\u015eof\u00f6r Uyar\u0131 Sistemi<br \/>\u2022Stop Lambalar\u0131<br \/>\u2022Yan \u00c7akar Lamba<br \/>\u2022 Hazne Ayd\u0131nlatma (gece \u00e7al\u0131\u015fma) Lambas\u0131<br \/>\u2022D\u00f6ner Tepe Lambas\u0131<br \/>\u2022Acil Stop \/Kurtarma Butonlar\u0131<br \/>\u2022\u00d6n Tamir Kapa\u011f\u0131 Uygulamas\u0131<br \/>\u2022F\u0131r\u0131n Boya Uygulamas\u0131<br \/>\u2022Ekipman Manuel Kontrol Sistemi<br \/>\u2022Ekipman kumanda sisteminin sa\u011f veya sol tarafa montajlanabilmesi<\/p>\t\t\t\t\t\t\t\t<\/div>\n\t\t\t\t<\/div>\n\t\t\t\t\t<\/div>\n\t\t\t\t<\/div>\n\t\t<div class=\"elementor-element elementor-element-84c22d7 wd-section-stretch e-flex e-con-boxed e-con e-parent\" data-id=\"84c22d7\" data-element_type=\"container\" data-e-type=\"container\" data-settings=\"{&quot;background_background&quot;:&quot;classic&quot;}\">\n\t\t\t\t\t<div class=\"e-con-inner\">\n\t\t\t\t<div class=\"elementor-element elementor-element-136c418 elementor-widget elementor-widget-wd_image_or_svg\" data-id=\"136c418\" data-element_type=\"widget\" data-e-type=\"widget\" data-widget_type=\"wd_image_or_svg.default\">\n\t\t\t\t<div class=\"elementor-widget-container\">\n\t\t\t\t\t\n\t\t<div class=\"wd-image text-left\">\n\t\t\t\t\t\t\t\t<img decoding=\"async\" width=\"52\" height=\"61\" src=\"https:\/\/www.orakcimakina.com\/wp-content\/themes\/woodmart\/images\/lazy.png\" class=\"attachment-52x61 size-52x61 wd-lazy-load wd-lazy-none\" alt=\"\" data-wood-src=\"https:\/\/www.orakcimakina.com\/wp-content\/uploads\/2024\/01\/Vector-Smart-Object-1-1.png-52x61.webp\" srcset=\"\" title=\"\">\t\t\t\t\t<\/div>\n\n\t\t\t\t\t\t<\/div>\n\t\t\t\t<\/div>\n\t\t\t\t<div class=\"elementor-element elementor-element-047b4b2 elementor-widget elementor-widget-heading\" data-id=\"047b4b2\" data-element_type=\"widget\" data-e-type=\"widget\" data-widget_type=\"heading.default\">\n\t\t\t\t<div class=\"elementor-widget-container\">\n\t\t\t\t\t<h2 class=\"elementor-heading-title elementor-size-default\">Opsiyonel \u00d6zellikler<\/h2>\t\t\t\t<\/div>\n\t\t\t\t<\/div>\n\t\t\t\t\t<\/div>\n\t\t\t\t<\/div>\n\t\t<div class=\"elementor-element elementor-element-f65f147 e-flex e-con-boxed wd-section-disabled e-con e-parent\" data-id=\"f65f147\" data-element_type=\"container\" data-e-type=\"container\">\n\t\t\t\t\t<div class=\"e-con-inner\">\n\t\t\t\t<div class=\"elementor-element elementor-element-7323735 color-scheme-inherit text-left elementor-widget elementor-widget-text-editor\" data-id=\"7323735\" data-element_type=\"widget\" data-e-type=\"widget\" data-widget_type=\"text-editor.default\">\n\t\t\t\t<div class=\"elementor-widget-container\">\n\t\t\t\t\t\t\t\t\t<p><strong>\u2022Ekipmanda istenilen b\u00f6lgelerde sac kal\u0131nl\u0131\u011f\u0131 ve kalite de\u011fi\u015fimi<br \/>\u2022EN 1501 standartlar\u0131na uyum<br \/>\u2022Paletli, Pistonlu yada Tandem pompa se\u00e7enekleri<br \/>\u2022Basamak Emniyet Korkulu\u011fu<br \/>\u2022Yan Gabari Lambalar\u0131<br \/>\u2022Farkl\u0131 \u00f6zelliklerde pompa kullan\u0131m se\u00e7enekleri (Paletli, Pistonlu, Tandem)<br \/>\u2022Araca g\u00f6re harici pis su tank\u0131 ve paslanmaz sac se\u00e7ene\u011fi<br \/>\u2022Konteyner Aparat\u0131 Sistemi (EN840 ya da m\u00fc\u015fteri standard\u0131na g\u00f6re \u00f6zel \u00fcretim )<br \/>\u2022Konteyner Kapak A\u00e7ma \/ Dayama Sistemi<br \/>\u2022Butonla Kontrol Konteyner Aparat\u0131<br \/>\u2022Paketleme sistemi ile y\u00fckleme sisteminin ayn\u0131 anda \u00e7al\u0131\u015fma \u00f6zelli\u011fi (Tandem Pompa)<br \/>\u2022G\u00fcvenlik Sistemli Kasa Yan Bak\u0131m Kapa\u011f\u0131<br \/>\u2022Manuel Konteyner Y\u0131kama Sistemi<br \/>\u202230km\/h h\u0131z sabitleyici<br \/>\u2022Geri Buzzer Sistemi<br \/>\u2022Kamera Sistemi<br \/>\u2022Kamera Kay\u0131t Sistemi<br \/>\u2022Kabin \u0130\u00e7i Butonlu Kontrol Sistemi<br \/>\u20224\u2019\u2019 yada 7\u2019\u2019 ekranl\u0131 ECU kontroll\u00fc kabin i\u00e7i sistem<br \/>\u20224\u2019\u2019 yada 7\u2019\u2019 ekranl\u0131 PLC kontroll\u00fc kabin i\u00e7i sistem<br \/>\u2022CAN-BUS Sistemi<br \/>\u2022Ara\u00e7 \u00c7al\u0131\u015fma Zaman Sayac\u0131<br \/>\u2022PTO \u00c7al\u0131\u015fma Zaman Sayac\u0131<br \/>\u2022Ara\u00e7 devir bilgisi alma<br \/>\u2022Ara\u00e7 s\u0131cakl\u0131k bilgisi alma<br \/>\u2022Ekipman ya\u011f s\u0131cakl\u0131k bilgisi alma<br \/>\u2022Ekipman doluluk bilgisi<br \/>\u2022Kabin i\u00e7inden ekipman \u00e7al\u0131\u015fma bilgilerinin okunmas\u0131<br \/>\u2022A\u011f\u0131rl\u0131k Tart\u0131m Sistemi<br \/>\u2022\u015eof\u00f6r operat\u00f6r aras\u0131nda sesli konu\u015fma sistemi<br \/>\u2022Otomatik Ya\u011flama Sistemi<br \/>\u2022\u00dclkelere g\u00f6re dil se\u00e7enekleri<br \/>\u2022 Yang\u0131n S\u00f6nd\u00fcr\u00fcc\u00fc Kutusu<\/strong><\/p>\t\t\t\t\t\t\t\t<\/div>\n\t\t\t\t<\/div>\n\t\t\t\t\t<\/div>\n\t\t\t\t<\/div>\n\t\t<div class=\"elementor-element elementor-element-8a854b6 wd-section-stretch e-flex e-con-boxed e-con e-parent\" data-id=\"8a854b6\" data-element_type=\"container\" data-e-type=\"container\" data-settings=\"{&quot;background_background&quot;:&quot;classic&quot;}\">\n\t\t\t\t\t<div class=\"e-con-inner\">\n\t\t\t\t<div class=\"elementor-element elementor-element-66f66bb elementor-widget elementor-widget-wd_image_or_svg\" data-id=\"66f66bb\" data-element_type=\"widget\" data-e-type=\"widget\" data-widget_type=\"wd_image_or_svg.default\">\n\t\t\t\t<div class=\"elementor-widget-container\">\n\t\t\t\t\t\n\t\t<div class=\"wd-image text-left\">\n\t\t\t\t\t\t\t\t<img loading=\"lazy\" decoding=\"async\" width=\"52\" height=\"61\" src=\"https:\/\/www.orakcimakina.com\/wp-content\/themes\/woodmart\/images\/lazy.png\" class=\"attachment-52x61 size-52x61 wd-lazy-load wd-lazy-none\" alt=\"\" data-wood-src=\"https:\/\/www.orakcimakina.com\/wp-content\/uploads\/2024\/01\/Vector-Smart-Object-2-1.png-52x61.webp\" srcset=\"\" title=\"\">\t\t\t\t\t<\/div>\n\n\t\t\t\t\t\t<\/div>\n\t\t\t\t<\/div>\n\t\t<div class=\"elementor-element elementor-element-a48dece e-flex e-con-boxed wd-section-disabled e-con e-child\" data-id=\"a48dece\" data-element_type=\"container\" data-e-type=\"container\">\n\t\t\t\t\t<div class=\"e-con-inner\">\n\t\t\t\t<div class=\"elementor-element elementor-element-f2e5211 elementor-widget elementor-widget-heading\" data-id=\"f2e5211\" data-element_type=\"widget\" data-e-type=\"widget\" data-widget_type=\"heading.default\">\n\t\t\t\t<div class=\"elementor-widget-container\">\n\t\t\t\t\t<h2 class=\"elementor-heading-title elementor-size-default\">Teknik Bro\u015f\u00fcr\u00fc \u0130nceleyin<\/h2>\t\t\t\t<\/div>\n\t\t\t\t<\/div>\n\t\t\t\t<div class=\"elementor-element elementor-element-fb4d57b elementor-widget elementor-widget-heading\" data-id=\"fb4d57b\" data-element_type=\"widget\" data-e-type=\"widget\" data-widget_type=\"heading.default\">\n\t\t\t\t<div class=\"elementor-widget-container\">\n\t\t\t\t\t<div class=\"elementor-heading-title elementor-size-default\"><a href=\"https:\/\/www.orakcimakina.com\/wp-content\/uploads\/2024\/05\/Orv300.pdf\">ORV 300 Serisi PDF<\/a><\/div>\t\t\t\t<\/div>\n\t\t\t\t<\/div>\n\t\t\t\t\t<\/div>\n\t\t\t\t<\/div>\n\t\t\t\t\t<\/div>\n\t\t\t\t<\/div>\n\t\t\t\t<\/div>","protected":false},"excerpt":{"rendered":"<p>Hidrolik S\u0131k\u0131\u015ft\u0131rmal\u0131 \u00c7\u00f6p Kasalar\u0131 \u00bb ORV 300 ORV 300 Hidrolik S\u0131k\u0131\u015ft\u0131rmal\u0131 \u00c7\u00f6p Kasas\u0131 ORV 300 hidrolik s\u0131k\u0131\u015ft\u0131rmal\u0131 \u00e7\u00f6p kasas\u0131; orta<\/p>","protected":false},"author":3,"featured_media":0,"parent":15835,"menu_order":0,"comment_status":"closed","ping_status":"closed","template":"elementor_header_footer","meta":{"footnotes":""},"class_list":["post-15892","page","type-page","status-publish","hentry"],"_links":{"self":[{"href":"https:\/\/www.orakcimakina.com\/de\/wp-json\/wp\/v2\/pages\/15892","targetHints":{"allow":["GET"]}}],"collection":[{"href":"https:\/\/www.orakcimakina.com\/de\/wp-json\/wp\/v2\/pages"}],"about":[{"href":"https:\/\/www.orakcimakina.com\/de\/wp-json\/wp\/v2\/types\/page"}],"author":[{"embeddable":true,"href":"https:\/\/www.orakcimakina.com\/de\/wp-json\/wp\/v2\/users\/3"}],"replies":[{"embeddable":true,"href":"https:\/\/www.orakcimakina.com\/de\/wp-json\/wp\/v2\/comments?post=15892"}],"version-history":[{"count":0,"href":"https:\/\/www.orakcimakina.com\/de\/wp-json\/wp\/v2\/pages\/15892\/revisions"}],"up":[{"embeddable":true,"href":"https:\/\/www.orakcimakina.com\/de\/wp-json\/wp\/v2\/pages\/15835"}],"wp:attachment":[{"href":"https:\/\/www.orakcimakina.com\/de\/wp-json\/wp\/v2\/media?parent=15892"}],"curies":[{"name":"wp","href":"https:\/\/api.w.org\/{rel}","templated":true}]}}