{"id":15798,"date":"2024-01-04T15:33:19","date_gmt":"2024-01-04T12:33:19","guid":{"rendered":"https:\/\/www.orakcimakina.com\/?page_id=15798"},"modified":"2025-05-27T09:27:56","modified_gmt":"2025-05-27T06:27:56","slug":"politika-kultur","status":"publish","type":"page","link":"https:\/\/www.orakcimakina.com\/de\/politika-kultur\/","title":{"rendered":"Politika &#038; K\u00fclt\u00fcr"},"content":{"rendered":"<div data-elementor-type=\"wp-page\" data-elementor-id=\"15798\" class=\"elementor elementor-15798\">\n\t\t\t\t<div class=\"elementor-element elementor-element-3b00842 e-con-full wd-section-stretch-content e-flex e-con e-parent\" data-id=\"3b00842\" data-element_type=\"container\" data-e-type=\"container\" data-settings=\"{&quot;background_background&quot;:&quot;classic&quot;}\">\n\t\t\t\t<div class=\"elementor-element elementor-element-43f7dac elementor-widget elementor-widget-heading\" data-id=\"43f7dac\" data-element_type=\"widget\" data-e-type=\"widget\" data-widget_type=\"heading.default\">\n\t\t\t\t<div class=\"elementor-widget-container\">\n\t\t\t\t\t<h1 class=\"elementor-heading-title elementor-size-default\"><b>\u0130nsan<\/b><br>\nKaynaklar\u0131<\/h1>\t\t\t\t<\/div>\n\t\t\t\t<\/div>\n\t\t\t\t<\/div>\n\t\t<div class=\"elementor-element elementor-element-f8b6e64 e-flex e-con-boxed wd-section-disabled e-con e-parent\" data-id=\"f8b6e64\" data-element_type=\"container\" data-e-type=\"container\">\n\t\t\t\t\t<div class=\"e-con-inner\">\n\t\t<div class=\"elementor-element elementor-element-581509c e-con-full e-flex wd-section-disabled e-con e-child\" data-id=\"581509c\" data-element_type=\"container\" data-e-type=\"container\">\n\t\t\t\t<div class=\"elementor-element elementor-element-44c03a3 elementor-widget elementor-widget-heading\" data-id=\"44c03a3\" data-element_type=\"widget\" data-e-type=\"widget\" data-widget_type=\"heading.default\">\n\t\t\t\t<div class=\"elementor-widget-container\">\n\t\t\t\t\t<div class=\"elementor-heading-title elementor-size-default\">\u0130lk g\u00fcnden g\u00fcn\u00fcm\u00fcze kadar \u015firketimizde \u00e7al\u0131\u015fan her bir bireyin bu ailenin bir \u00fcyesi olarak yolumuza yerle\u015ftirdi\u011fi her bir ta\u015f\u0131n ne kadar de\u011ferli oldu\u011funu hi\u00e7 unutmad\u0131k.<\/div>\t\t\t\t<\/div>\n\t\t\t\t<\/div>\n\t\t\t\t<\/div>\n\t\t<div class=\"elementor-element elementor-element-c54bf4c e-con-full e-flex wd-section-disabled e-con e-child\" data-id=\"c54bf4c\" data-element_type=\"container\" data-e-type=\"container\">\n\t\t\t\t<div class=\"elementor-element elementor-element-cee03db color-scheme-inherit text-left elementor-widget elementor-widget-text-editor\" data-id=\"cee03db\" data-element_type=\"widget\" data-e-type=\"widget\" data-widget_type=\"text-editor.default\">\n\t\t\t\t<div class=\"elementor-widget-container\">\n\t\t\t\t\t\t\t\t\t<p>Bug\u00fcnlerde ailemiz b\u00fcy\u00fcd\u00fc. D\u00f6rt ana sekt\u00f6rde y\u00fczlerce \u00e7al\u0131\u015fan\u0131m\u0131z ve sa\u011flam bir alt yap\u0131 ile yolumuza devam ediyoruz. Koydu\u011fumuz hedefleri teker teker ger\u00e7ekle\u015ftirip \u00f6n\u00fcm\u00fcze yenilerini kat\u0131yoruz. S\u00fcrekli \u00f6\u011frenen ve kendini yenileyen bir sistem olu\u015fturduk ve bunun de\u011ferinin fark\u0131nday\u0131z.<\/p><p>Bu ailenin bir \u00fcyesi olan ve hep birlikte belirledi\u011fimiz hedeflerimize ula\u015fmak i\u00e7in i\u00e7tenlikle \u00e7al\u0131\u015fan i\u015f arkada\u015flar\u0131ma ve t\u00fcm payda\u015flar\u0131m\u0131za sonsuz te\u015fekk\u00fcrlerimi sunar\u0131m.\u201d<\/p>\t\t\t\t\t\t\t\t<\/div>\n\t\t\t\t<\/div>\n\t\t\t\t<div class=\"elementor-element elementor-element-5830e9b elementor-widget elementor-widget-heading\" data-id=\"5830e9b\" data-element_type=\"widget\" data-e-type=\"widget\" data-widget_type=\"heading.default\">\n\t\t\t\t<div class=\"elementor-widget-container\">\n\t\t\t\t\t<div class=\"elementor-heading-title elementor-size-default\">\u00d6zg\u00fcr Orak\u00e7\u0131<\/div>\t\t\t\t<\/div>\n\t\t\t\t<\/div>\n\t\t\t\t<div class=\"elementor-element elementor-element-627fd4c elementor-widget elementor-widget-heading\" data-id=\"627fd4c\" data-element_type=\"widget\" data-e-type=\"widget\" data-widget_type=\"heading.default\">\n\t\t\t\t<div class=\"elementor-widget-container\">\n\t\t\t\t\t<div class=\"elementor-heading-title elementor-size-default\">Y\u00f6netim Kurulu Ba\u015fkan\u0131<\/div>\t\t\t\t<\/div>\n\t\t\t\t<\/div>\n\t\t\t\t<\/div>\n\t\t\t\t\t<\/div>\n\t\t\t\t<\/div>\n\t\t<div class=\"elementor-element elementor-element-c3b98b2 e-flex e-con-boxed wd-section-disabled e-con e-parent\" data-id=\"c3b98b2\" data-element_type=\"container\" data-e-type=\"container\">\n\t\t\t\t\t<div class=\"e-con-inner\">\n\t\t\t\t<div class=\"elementor-element elementor-element-e7bfc42 elementor-widget elementor-widget-image\" data-id=\"e7bfc42\" data-element_type=\"widget\" data-e-type=\"widget\" data-widget_type=\"image.default\">\n\t\t\t\t<div class=\"elementor-widget-container\">\n\t\t\t\t\t\t\t\t\t\t\t\t\t\t\t<img fetchpriority=\"high\" decoding=\"async\" width=\"1200\" height=\"597\" src=\"https:\/\/www.orakcimakina.com\/wp-content\/themes\/woodmart\/images\/lazy.png\" class=\"attachment-full size-full wp-image-15801 wd-lazy-load wd-lazy-none\" alt=\"\" srcset=\"\" sizes=\"(max-width: 1200px) 100vw, 1200px\" data-wood-src=\"https:\/\/www.orakcimakina.com\/wp-content\/uploads\/2024\/01\/Insan-Kaynaklari-1200x597.png.webp\" data-srcset=\"https:\/\/www.orakcimakina.com\/wp-content\/uploads\/2024\/01\/Insan-Kaynaklari-1200x597.png.webp 1200w, https:\/\/www.orakcimakina.com\/wp-content\/uploads\/2024\/01\/Insan-Kaynaklari-1200x597.png-400x199.webp 400w, https:\/\/www.orakcimakina.com\/wp-content\/uploads\/2024\/01\/Insan-Kaynaklari-1200x597.png-768x382.webp 768w\" title=\"\">\t\t\t\t\t\t\t\t\t\t\t\t\t\t\t<\/div>\n\t\t\t\t<\/div>\n\t\t\t\t\t<\/div>\n\t\t\t\t<\/div>\n\t\t<div class=\"elementor-element elementor-element-528e2c5 e-flex e-con-boxed wd-section-disabled e-con e-parent\" data-id=\"528e2c5\" data-element_type=\"container\" data-e-type=\"container\">\n\t\t\t\t\t<div class=\"e-con-inner\">\n\t\t<div class=\"elementor-element elementor-element-11ba0ed e-con-full e-flex wd-section-disabled e-con e-child\" data-id=\"11ba0ed\" data-element_type=\"container\" data-e-type=\"container\">\n\t\t\t\t<div class=\"elementor-element elementor-element-f73b2f2 elementor-widget elementor-widget-heading\" data-id=\"f73b2f2\" data-element_type=\"widget\" data-e-type=\"widget\" data-widget_type=\"heading.default\">\n\t\t\t\t<div class=\"elementor-widget-container\">\n\t\t\t\t\t<div class=\"elementor-heading-title elementor-size-default\">Orak\u00e7\u0131\u2019da \u00e7al\u0131\u015fmak sadece i\u015f sahibi olmak de\u011fildir. Biz birlikte \u00f6\u011frenip, birlikte geli\u015fip, birlikte ilerlemenin heyecan\u0131 ile \u00e7al\u0131\u015f\u0131yoruz.<\/div>\t\t\t\t<\/div>\n\t\t\t\t<\/div>\n\t\t\t\t<\/div>\n\t\t<div class=\"elementor-element elementor-element-dcf5d62 e-con-full e-flex wd-section-disabled e-con e-child\" data-id=\"dcf5d62\" data-element_type=\"container\" data-e-type=\"container\">\n\t\t\t\t<div class=\"elementor-element elementor-element-5d69bab color-scheme-inherit text-left elementor-widget elementor-widget-text-editor\" data-id=\"5d69bab\" data-element_type=\"widget\" data-e-type=\"widget\" data-widget_type=\"text-editor.default\">\n\t\t\t\t<div class=\"elementor-widget-container\">\n\t\t\t\t\t\t\t\t\t<p>Kar\u015f\u0131l\u0131kl\u0131 sayg\u0131n\u0131n, dayan\u0131\u015fman\u0131n, e\u015fitli\u011fin ve \u015fefaffl\u0131\u011f\u0131n hakim oldu\u011fu bir ortam\u0131n \u00f6nemine inan\u0131yoruz. Ekonomik b\u00fcy\u00fcmenin ve geli\u015fimin yolunun, f\u0131rsat e\u015fitli\u011finin oldu\u011fu ve bilginin payla\u015f\u0131ld\u0131\u011f\u0131 i\u015f yerlerinde, geli\u015fime ve i\u015fbirli\u011fine a\u00e7\u0131k ve mutlu \u00e7al\u0131\u015fanladan ge\u00e7ti\u011fini biliyoruz.<\/p><p>Ba\u015far\u0131 yolunda en \u00f6nemli g\u00fcc\u00fcm\u00fcz \u00e7al\u0131\u015fanlar\u0131m\u0131zd\u0131r. Hedeflerimize ula\u015fmak i\u00e7in motivasyonu y\u00fcksek ve yetkin \u00e7al\u0131\u015fanlar\u0131 en \u00f6nemli de\u011fer olarak g\u00f6r\u00fcyoruz.<\/p><p>Orak\u00e7\u0131 Makina\u2019da d\u00fczenli kaynak ay\u0131rd\u0131\u011f\u0131m\u0131z ve uygulad\u0131\u011f\u0131m\u0131z e\u011fitim programlar\u0131 ve s\u00fcrekli iyile\u015ftirme \u00e7al\u0131\u015fmalar\u0131 ile ortak bir kurum k\u00fclt\u00fcr\u00fc olu\u015fturarak, \u00e7al\u0131\u015fanlar\u0131m\u0131z\u0131n i\u015f sa\u011fl\u0131\u011f\u0131 g\u00fcvenli\u011fi bilgisinin, \u00fcretim ve kalite bilincinin, ki\u015fisel ve y\u00f6netsel yetkinliklerin ve mesleki yeterliliklerinin geli\u015fimine katk\u0131 sa\u011flanmak i\u00e7in \u00e7ok \u00e7al\u0131\u015f\u0131yoruz.<\/p><p>\u0130nsan\u0131 merkeze alarak ger\u00e7ekle\u015ftirdi\u011fimiz d\u00f6n\u00fc\u015f\u00fcmle yenilik\u00e7i ve b\u00fct\u00fcnle\u015fik bir insan kaynaklar\u0131 anlay\u0131\u015f\u0131yla \u00e7al\u0131\u015fmaya ve kendimizi geli\u015ftirmeye devam edece\u011fiz.<\/p>\t\t\t\t\t\t\t\t<\/div>\n\t\t\t\t<\/div>\n\t\t\t\t<\/div>\n\t\t\t\t\t<\/div>\n\t\t\t\t<\/div>\n\t\t<div class=\"elementor-element elementor-element-15b58bc e-flex e-con-boxed wd-section-disabled e-con e-parent\" data-id=\"15b58bc\" data-element_type=\"container\" data-e-type=\"container\" data-settings=\"{&quot;background_background&quot;:&quot;classic&quot;}\">\n\t\t\t\t\t<div class=\"e-con-inner\">\n\t\t<div class=\"elementor-element elementor-element-d09161c e-flex e-con-boxed wd-section-disabled e-con e-child\" data-id=\"d09161c\" data-element_type=\"container\" data-e-type=\"container\">\n\t\t\t\t\t<div class=\"e-con-inner\">\n\t\t\t\t<div class=\"elementor-element elementor-element-79bf3a0 elementor-widget elementor-widget-image\" data-id=\"79bf3a0\" data-element_type=\"widget\" data-e-type=\"widget\" data-widget_type=\"image.default\">\n\t\t\t\t<div class=\"elementor-widget-container\">\n\t\t\t\t\t\t\t\t\t\t\t\t\t\t\t<img decoding=\"async\" width=\"135\" height=\"135\" src=\"https:\/\/www.orakcimakina.com\/wp-content\/themes\/woodmart\/images\/lazy.png\" class=\"attachment-full size-full wp-image-15802 wd-lazy-load wd-lazy-none\" alt=\"\" data-wood-src=\"https:\/\/www.orakcimakina.com\/wp-content\/uploads\/2024\/01\/Bize-Katilin.png.webp\" srcset=\"\" title=\"\">\t\t\t\t\t\t\t\t\t\t\t\t\t\t\t<\/div>\n\t\t\t\t<\/div>\n\t\t\t\t<div class=\"elementor-element elementor-element-d9d0da7 elementor-widget elementor-widget-heading\" data-id=\"d9d0da7\" data-element_type=\"widget\" data-e-type=\"widget\" data-widget_type=\"heading.default\">\n\t\t\t\t<div class=\"elementor-widget-container\">\n\t\t\t\t\t<h2 class=\"elementor-heading-title elementor-size-default\">Bize Kat\u0131l\u0131n\n<\/h2>\t\t\t\t<\/div>\n\t\t\t\t<\/div>\n\t\t\t\t\t<\/div>\n\t\t\t\t<\/div>\n\t\t<div class=\"elementor-element elementor-element-12ece08 e-flex e-con-boxed wd-section-disabled e-con e-child\" data-id=\"12ece08\" data-element_type=\"container\" data-e-type=\"container\">\n\t\t\t\t\t<div class=\"e-con-inner\">\n\t\t\t\t<div class=\"elementor-element elementor-element-0a66e1c elementor-widget elementor-widget-wd_button\" data-id=\"0a66e1c\" data-element_type=\"widget\" data-e-type=\"widget\" data-widget_type=\"wd_button.default\">\n\t\t\t\t<div class=\"elementor-widget-container\">\n\t\t\t\t\t\t\t<div class=\"wd-button-wrapper text-center\" >\n\t\t\t<a class=\"btn btn-style-bordered btn-style-rectangle btn-size-default btn-color-white btn-icon-pos-right\"  href=\"https:\/\/www.orakcimakina.com\/de\/is-staj-basvurusu\/\">\n\t\t\t\t<span class=\"wd-btn-text\" data-elementor-setting-key=\"text\">\n\t\t\t\t\t\u0130\u015f &amp; Staj Ba\u015fvurusu\t\t\t\t<\/span>\n\n\t\t\t\t\t\t\t<\/a>\n\t\t<\/div>\n\t\t\t\t\t\t<\/div>\n\t\t\t\t<\/div>\n\t\t\t\t\t<\/div>\n\t\t\t\t<\/div>\n\t\t\t\t\t<\/div>\n\t\t\t\t<\/div>\n\t\t\t\t<\/div>","protected":false},"excerpt":{"rendered":"<p>\u0130nsan Kaynaklar\u0131 \u0130lk g\u00fcnden g\u00fcn\u00fcm\u00fcze kadar \u015firketimizde \u00e7al\u0131\u015fan her bir bireyin bu ailenin bir \u00fcyesi olarak yolumuza yerle\u015ftirdi\u011fi her bir<\/p>","protected":false},"author":3,"featured_media":0,"parent":0,"menu_order":0,"comment_status":"closed","ping_status":"closed","template":"elementor_header_footer","meta":{"footnotes":""},"class_list":["post-15798","page","type-page","status-publish","hentry"],"_links":{"self":[{"href":"https:\/\/www.orakcimakina.com\/de\/wp-json\/wp\/v2\/pages\/15798","targetHints":{"allow":["GET"]}}],"collection":[{"href":"https:\/\/www.orakcimakina.com\/de\/wp-json\/wp\/v2\/pages"}],"about":[{"href":"https:\/\/www.orakcimakina.com\/de\/wp-json\/wp\/v2\/types\/page"}],"author":[{"embeddable":true,"href":"https:\/\/www.orakcimakina.com\/de\/wp-json\/wp\/v2\/users\/3"}],"replies":[{"embeddable":true,"href":"https:\/\/www.orakcimakina.com\/de\/wp-json\/wp\/v2\/comments?post=15798"}],"version-history":[{"count":0,"href":"https:\/\/www.orakcimakina.com\/de\/wp-json\/wp\/v2\/pages\/15798\/revisions"}],"wp:attachment":[{"href":"https:\/\/www.orakcimakina.com\/de\/wp-json\/wp\/v2\/media?parent=15798"}],"curies":[{"name":"wp","href":"https:\/\/api.w.org\/{rel}","templated":true}]}}