{"id":17447,"date":"2024-05-10T17:35:02","date_gmt":"2024-05-10T14:35:02","guid":{"rendered":"https:\/\/www.orakcimakina.com\/?page_id=17447"},"modified":"2025-05-26T20:04:50","modified_gmt":"2025-05-26T17:04:50","slug":"odc-damper-tip","status":"publish","type":"page","link":"https:\/\/www.orakcimakina.com\/ar\/odc-damper-tip\/","title":{"rendered":"ODC"},"content":{"rendered":"<div data-elementor-type=\"wp-page\" data-elementor-id=\"17447\" class=\"elementor elementor-17447\">\n\t\t\t\t<div class=\"wd-negative-gap elementor-element elementor-element-6d89c81 wd-section-stretch e-flex e-con-boxed e-con e-parent\" data-id=\"6d89c81\" data-element_type=\"container\" data-e-type=\"container\" data-settings=\"{&quot;background_background&quot;:&quot;classic&quot;}\">\n\t\t\t\t\t<div class=\"e-con-inner\">\n\t\t\t\t<div class=\"elementor-element elementor-element-208e0a5 elementor-widget elementor-widget-image\" data-id=\"208e0a5\" data-element_type=\"widget\" data-e-type=\"widget\" data-widget_type=\"image.default\">\n\t\t\t\t<div class=\"elementor-widget-container\">\n\t\t\t\t\t\t\t\t\t\t\t\t\t\t\t<img decoding=\"async\" width=\"123\" height=\"67\" src=\"https:\/\/www.orakcimakina.com\/wp-content\/themes\/woodmart\/images\/lazy.png\" class=\"attachment-full size-full wp-image-15954 wd-lazy-load wd-lazy-none\" alt=\"\" data-wood-src=\"https:\/\/www.orakcimakina.com\/wp-content\/uploads\/2024\/01\/MINI-DAMPER-COP-KASALARI.png.webp\" srcset=\"\" title=\"\">\t\t\t\t\t\t\t\t\t\t\t\t\t\t\t<\/div>\n\t\t\t\t<\/div>\n\t\t\t\t<div class=\"elementor-element elementor-element-64ff13a elementor-widget elementor-widget-heading\" data-id=\"64ff13a\" data-element_type=\"widget\" data-e-type=\"widget\" data-widget_type=\"heading.default\">\n\t\t\t\t<div class=\"elementor-widget-container\">\n\t\t\t\t\t<h1 class=\"elementor-heading-title elementor-size-default\"><a href=\"https:\/\/www.orakcimakina.com\/ar\/yenilikci-urunler\/\">Yenilik\u00e7i \u00dcr\u00fcnler \u00bb  ODC<\/a><\/h1>\t\t\t\t<\/div>\n\t\t\t\t<\/div>\n\t\t\t\t\t<\/div>\n\t\t\t\t<\/div>\n\t\t<div class=\"elementor-element elementor-element-b86dc8e e-con-full wd-section-stretch-content e-flex e-con e-parent\" data-id=\"b86dc8e\" data-element_type=\"container\" data-e-type=\"container\" data-settings=\"{&quot;background_background&quot;:&quot;classic&quot;}\">\n\t\t\t\t<div class=\"elementor-element elementor-element-549a708 elementor-widget elementor-widget-heading\" data-id=\"549a708\" data-element_type=\"widget\" data-e-type=\"widget\" data-widget_type=\"heading.default\">\n\t\t\t\t<div class=\"elementor-widget-container\">\n\t\t\t\t\t<h1 class=\"elementor-heading-title elementor-size-default\">ODC<br>Damper Tip \u00c7\u00f6p Kasas\u0131<\/h1>\t\t\t\t<\/div>\n\t\t\t\t<\/div>\n\t\t\t\t<\/div>\n\t\t<div class=\"wd-negative-gap elementor-element elementor-element-a7f9193 e-flex e-con-boxed wd-section-disabled e-con e-parent\" data-id=\"a7f9193\" data-element_type=\"container\" data-e-type=\"container\">\n\t\t\t\t\t<div class=\"e-con-inner\">\n\t\t<div class=\"elementor-element elementor-element-01196ee e-con-full e-flex wd-section-disabled e-con e-child\" data-id=\"01196ee\" data-element_type=\"container\" data-e-type=\"container\">\n\t\t\t\t<div class=\"elementor-element elementor-element-6139bf6 color-scheme-inherit text-left elementor-widget elementor-widget-text-editor\" data-id=\"6139bf6\" data-element_type=\"widget\" data-e-type=\"widget\" data-widget_type=\"text-editor.default\">\n\t\t\t\t<div class=\"elementor-widget-container\">\n\t\t\t\t\t\t\t\t\t<p>\u0635\u0646\u0627\u062f\u064a\u0642 \u0642\u0645\u0627\u0645\u0629 \u0645\u0646 \u0627\u0644\u0646\u0648\u0639 \u0627\u0644\u0642\u0644\u0627\u0628\u0629\u061b \u062d\u064a\u062b \u062a\u062a\u064a\u062d \u0627\u0644\u0641\u0631\u0635\u0629 \u0644\u0644\u062a\u062d\u0631\u0643 \u0628\u0633\u0631\u0639\u0629 \u0641\u064a \u0627\u0644\u0645\u0646\u0627\u0637\u0642 \u0627\u0644\u0636\u064a\u0642\u0629 \u0627\u0644\u062a\u064a \u064a\u0635\u0639\u0628 \u0641\u064a\u0647\u0627 \u0627\u0644\u062f\u0648\u0631\u0627\u0646.<\/p><p>\u0627\u0644\u062a\u062d\u0648\u064a\u0644 \u0625\u0644\u0649 \u0645\u0639\u062f\u0627\u062a \u0627\u0644\u0636\u063a\u0637 \u0627\u0644\u0647\u064a\u062f\u0631\u0648\u0644\u064a\u0643\u064a \u0644\u0644\u0646\u0641\u0627\u064a\u0627\u062a \u0645\u0646 \u0633\u0644\u0633\u0644\u0629 ORV \u062f\u0648\u0646 \u0627\u0644\u0627\u0646\u062a\u0642\u0627\u0644 \u0625\u0644\u0649 \u0645\u0648\u0642\u0639 \u0627\u0644\u0625\u063a\u0631\u0627\u0642<\/p><p>\u064a\u0632\u064a\u062f \u0645\u0646 \u0643\u0641\u0627\u0621\u0629 \u0627\u0644\u0639\u0645\u0644 \u0641\u064a \u0627\u0644\u0645\u0646\u0637\u0642\u0629 \u0639\u0646 \u0637\u0631\u064a\u0642 \u0627\u0644\u062a\u0641\u0631\u064a\u063a. \u0645\u0646 \u0627\u0644\u0633\u064a\u0627\u0631\u0629 \u0645\u0639 \u0627\u0644\u062a\u062d\u0643\u0645 \u062f\u0627\u062e\u0644 \u0627\u0644\u0643\u0627\u0628\u064a\u0646\u0629<\/p><p>\u064a\u0648\u0641\u0631 \u0646\u0642\u0644\u0627\u064b \u0639\u0645\u0644\u064a\u0627\u064b \u0648\u0633\u0631\u064a\u0639\u0627\u064b \u0648\u0622\u0645\u0646\u0627\u064b \u062f\u0648\u0646 \u0627\u0644\u062d\u0627\u062c\u0629 \u0625\u0644\u0649 \u0627\u0644\u0647\u0628\u0648\u0637.<\/p><p>\u0641\u064a \u0627\u0644\u0634\u0648\u0627\u0631\u0639 \u0627\u0644\u0636\u064a\u0642\u0629 \u062d\u064a\u062b \u0644\u0627 \u064a\u0645\u0643\u0646 \u0644\u0645\u0639\u062f\u0627\u062a \u0627\u0644\u0642\u0645\u0627\u0645\u0629 \u0627\u0644\u0639\u0645\u0644 \u0623\u0648 \u0641\u064a \u0627\u0644\u0645\u062f\u0646 \u0630\u0627\u062a \u0627\u0644\u0643\u062b\u0627\u0641\u0629 \u0627\u0644\u0633\u0643\u0627\u0646\u064a\u0629 \u0627\u0644\u0639\u0627\u0644\u064a\u0629<\/p><p>\u062d\u0631\u0643\u0629 \u0645\u0631\u064a\u062d\u0629 \u0623\u0643\u062b\u0631 \u0645\u0646 \u0634\u0627\u062d\u0646\u0629 \u0627\u0644\u0642\u0645\u0627\u0645\u0629 \u0644\u062c\u0645\u0639 \u0627\u0644\u0646\u0641\u0627\u064a\u0627\u062a \u0627\u0644\u0645\u0646\u0632\u0644\u064a\u0629 \u0648\u0627\u0644\u062a\u0639\u0627\u0645\u0644 \u0645\u0639\u0647\u0627 \u0648\u0625\u062f\u0627\u0631\u062a\u0647\u0627 \u0641\u064a \u0627\u0644\u0645\u0631\u0627\u0643\u0632<\/p><p>\u0647\u064a \u0645\u0639\u062f\u0627\u062a \u062c\u0645\u0639 \u0627\u0644\u0646\u0641\u0627\u064a\u0627\u062a \u0627\u0644\u062a\u064a \u062a\u0648\u0641\u0631 \u0627\u0644\u0642\u062f\u0631\u0629 \u0639\u0644\u0649.<\/p><p>\u0641\u064a \u0627\u0644\u0645\u0631\u0627\u0643\u0632 \u0627\u0644\u062d\u0636\u0631\u064a\u0629\u060c \u064a\u062a\u0637\u0644\u0628 \u0627\u0644\u062d\u062f \u0627\u0644\u0623\u0642\u0635\u0649 \u0645\u0646 \u0639\u062f\u0645 \u0627\u0644\u0646\u0641\u0627\u0630\u064a\u0629 \u0641\u064a \u0627\u0644\u0645\u0631\u0627\u0643\u0632 \u0627\u0644\u062d\u0636\u0631\u064a\u0629 \u0648\u0628\u0647\u064a\u0643\u0644\u0647 \u0627\u0644\u0645\u0643\u0648\u0646 \u0645\u0646 \u0642\u0637\u0639\u0629 \u0648\u0627\u062d\u062f\u0629\u060c \u0627\u0644\u062d\u062f \u0627\u0644\u0623\u062f\u0646\u0649 \u0645\u0646<\/p><p>\u064a\u0641\u064a \u0628\u062e\u0627\u0635\u064a\u0629 \u0627\u0644\u062e\u062a\u0645.<\/p><p>\u062c\u0645\u0639 \u0627\u0644\u0646\u0641\u0627\u064a\u0627\u062a \u0628\u0627\u0644\u0636\u063a\u0637 \u0627\u0644\u0647\u064a\u062f\u0631\u0648\u0644\u064a\u0643\u064a \u0627\u0644\u0630\u064a \u064a\u0645\u0643\u0646 \u0627\u0633\u062a\u062e\u062f\u0627\u0645\u0647 \u0641\u064a \u0634\u0627\u062d\u0646\u0627\u062a \u0630\u0627\u062a \u062d\u0645\u0648\u0644\u0629 \u0645\u0646\u062e\u0641\u0636\u0629 \u062a\u0634\u063a\u0644 \u0645\u0633\u0627\u062d\u0629 \u0623\u0642\u0644<\/p><p>\u0627\u0644\u0645\u0639\u062f\u0627\u062a.<\/p><p>\u064a\u062a\u0648\u0641\u0631 \u0647\u064a\u0643\u0644 \u0627\u0644\u0645\u062c\u0631\u0641\u0629 \u0627\u0644\u062f\u0627\u062e\u0644\u064a\u0629 \u0627\u0644\u0630\u064a \u064a\u0645\u0643\u0646 \u0623\u0646 \u064a\u0639\u0645\u0644 \u0645\u0639 \u0646\u0638\u0627\u0645 \u0627\u0644\u0634\u0641\u0631\u0629 \u0627\u0644\u0627\u0646\u0632\u0644\u0627\u0642\u064a\u0629 \u0641\u064a \u0639\u062f\u062f \u0642\u0644\u064a\u0644 \u0645\u0646 \u0645\u0639\u062f\u0627\u062a\u0646\u0627. \u0627\u0644\u0646\u0641\u0627\u064a\u0627\u062a<\/p><p>\u064a\u062a\u0645 \u0636\u063a\u0637 \u0634\u0641\u0631\u0629 \u0627\u0644\u0632\u0644\u0627\u062c\u0629 \u0627\u0644\u062a\u064a \u062a\u0639\u0645\u0644 \u0628\u062a\u0646\u0627\u063a\u0645 \u0645\u0639 \u0628\u0639\u0636\u0647\u0627 \u0627\u0644\u0628\u0639\u0636 \u0628\u0648\u0627\u0633\u0637\u0629 \u0646\u0638\u0627\u0645 \u0627\u0644\u0645\u062c\u062f\u0627\u0641 \u0627\u0644\u062f\u0627\u062e\u0644\u064a.<\/p><p>\u0633\u064a\u062a\u0645 \u062a\u0642\u0644\u064a\u0644 \u0645\u0642\u062f\u0627\u0631 \u0627\u0644\u0648\u0632\u0646 \u0628\u0633\u0628\u0628 \u062d\u0642\u064a\u0642\u0629 \u0623\u0646 \u0646\u0638\u0627\u0645 \u0627\u0644\u062a\u0641\u0631\u064a\u063a \u0641\u064a \u0627\u0644\u0645\u0639\u062f\u0627\u062a \u063a\u064a\u0631 \u0645\u0635\u0646\u0648\u0639 \u0645\u0646 \u0645\u062c\u0631\u0641\u0629 \u062f\u0627\u062e\u0644\u064a\u0629. \u0648\u0628\u0647\u0630\u0647 \u0627\u0644\u0637\u0631\u064a\u0642\u0629<\/p><p>\u0644\u0646 \u064a\u062a\u0645 \u0646\u0642\u0644 \u0627\u0644\u0645\u0639\u062f\u0627\u062a \u0628\u0645\u0631\u0643\u0628\u0627\u062a \u0630\u0627\u062a \u0635\u0641\u0629 \u0634\u0627\u062d\u0646\u0629 \u0628\u0644 \u0628\u0645\u0631\u0643\u0628\u0627\u062a \u0630\u0627\u062a \u0635\u0641\u0629 \u0634\u0627\u062d\u0646\u0629 \u0635\u063a\u064a\u0631\u0629.<\/p>\t\t\t\t\t\t\t\t<\/div>\n\t\t\t\t<\/div>\n\t\t\t\t<\/div>\n\t\t\t\t\t<\/div>\n\t\t\t\t<\/div>\n\t\t<div class=\"wd-negative-gap elementor-element elementor-element-b9c5793 wd-section-stretch e-flex e-con-boxed e-con e-parent\" data-id=\"b9c5793\" data-element_type=\"container\" data-e-type=\"container\" data-settings=\"{&quot;background_background&quot;:&quot;classic&quot;}\">\n\t\t\t\t\t<div class=\"e-con-inner\">\n\t\t\t\t<div class=\"elementor-element elementor-element-51ef105 elementor-widget elementor-widget-wd_image_or_svg\" data-id=\"51ef105\" data-element_type=\"widget\" data-e-type=\"widget\" data-widget_type=\"wd_image_or_svg.default\">\n\t\t\t\t<div class=\"elementor-widget-container\">\n\t\t\t\t\t\n\t\t<div class=\"wd-image text-left\">\n\t\t\t\t\t\t\t\t<img decoding=\"async\" width=\"52\" height=\"61\" src=\"https:\/\/www.orakcimakina.com\/wp-content\/themes\/woodmart\/images\/lazy.png\" class=\"attachment-52x61 size-52x61 wd-lazy-load wd-lazy-none\" alt=\"\" srcset=\"\" sizes=\"(max-width: 52px) 100vw, 52px\" data-wood-src=\"https:\/\/www.orakcimakina.com\/wp-content\/uploads\/2024\/01\/Vector-Smart-Object-3.png-52x61.webp\" data-srcset=\"https:\/\/www.orakcimakina.com\/wp-content\/uploads\/2024\/01\/Vector-Smart-Object-3.png-52x61.webp 52w, https:\/\/www.orakcimakina.com\/wp-content\/uploads\/2024\/01\/Vector-Smart-Object-3.png.webp 91w\" title=\"\">\t\t\t\t\t<\/div>\n\n\t\t\t\t\t\t<\/div>\n\t\t\t\t<\/div>\n\t\t\t\t<div class=\"elementor-element elementor-element-25a5fd2 elementor-widget elementor-widget-heading\" data-id=\"25a5fd2\" data-element_type=\"widget\" data-e-type=\"widget\" data-widget_type=\"heading.default\">\n\t\t\t\t<div class=\"elementor-widget-container\">\n\t\t\t\t\t<h2 class=\"elementor-heading-title elementor-size-default\">\n\u0627\u0644\u0645\u064a\u0632\u0627\u062a \u0627\u0644\u0642\u064a\u0627\u0633\u064a\u0629<\/h2>\t\t\t\t<\/div>\n\t\t\t\t<\/div>\n\t\t\t\t\t<\/div>\n\t\t\t\t<\/div>\n\t\t<div class=\"wd-negative-gap elementor-element elementor-element-8f94ed8 e-flex e-con-boxed wd-section-disabled e-con e-parent\" data-id=\"8f94ed8\" data-element_type=\"container\" data-e-type=\"container\">\n\t\t\t\t\t<div class=\"e-con-inner\">\n\t\t\t\t<div class=\"elementor-element elementor-element-682fdaa color-scheme-inherit text-left elementor-widget elementor-widget-text-editor\" data-id=\"682fdaa\" data-element_type=\"widget\" data-e-type=\"widget\" data-widget_type=\"text-editor.default\">\n\t\t\t\t<div class=\"elementor-widget-container\">\n\t\t\t\t\t\t\t\t\t<p>\u062d\u062c\u0645 \u0627\u0644\u0639\u0644\u0628\u0629\u061b 3 \u0645\u00b3 - 10 \u0645\u00b3<\/p><p>\u0627\u0644\u0642\u062f\u0631\u0629 \u0639\u0644\u0649 \u0627\u0644\u062a\u062d\u0648\u064a\u0644 \u0625\u0644\u0649 \u0633\u0644\u0633\u0644\u0629 ORV<\/p><p>\u0632\u0627\u0648\u064a\u0629 \u062a\u0641\u0631\u064a\u063a 88 \u062f\u0631\u062c\u0629<\/p><p>12\/\u062c\u0647\u062f \u062a\u0634\u063a\u064a\u0644 12\/ 24 \u0641\u0648\u0644\u062a<\/p><p>\u062c\u0647\u0627\u0632 \u0627\u0644\u062d\u0627\u0648\u064a\u0629 \u0627\u0644\u0645\u062a\u0648\u0627\u0641\u0642 \u0645\u0639 \u0645\u0639\u0627\u064a\u064a\u0631 EN 840<\/p><p>\u0627\u0644\u062a\u062d\u0643\u0645 \u0627\u0644\u0645\u064a\u0643\u0627\u0646\u064a\u0643\u064a \u0627\u0644\u0647\u064a\u062f\u0631\u0648\u0645\u064a\u0643\u0627\u0646\u064a\u0643\u064a \u0623\u0648 \u0627\u0644\u062a\u062d\u0643\u0645 \u0628\u0627\u0644\u0636\u063a\u0637 \u0639\u0644\u0649 \u0627\u0644\u0632\u0631<\/p><p>\u0645\u0646\u0627\u0633\u0628 \u0644\u0644\u062a\u062d\u0645\u064a\u0644 \u0627\u0644\u064a\u062f\u0648\u064a (\u063a\u0637\u0627\u0621 \u062c\u0627\u0646\u0628\u064a \u0644\u0644\u0639\u0644\u0628\u0629)<\/p><p>\u0645\u0635\u0628\u0627\u062d \u0625\u0634\u0627\u0631\u0629 \u0645\u0646 \u0627\u0644\u0646\u0648\u0639 \u0627\u0644\u062f\u0648\u0627\u0631<\/p><p>\u062a\u0635\u0645\u064a\u0645 \u0641\u062a\u062d\u0629 \u0627\u0644\u063a\u0637\u0627\u0621 \u0644\u0644\u062d\u0627\u0648\u064a\u0627\u062a \u0630\u0627\u062a \u0627\u0644\u063a\u0637\u0627\u0621 \u0627\u0644\u0645\u0642\u0628\u0628 \u0648\u0641\u0642\u064b\u0627 \u0644\u0645\u0639\u0627\u064a\u064a\u0631 EN 840<\/p><p>\u0646\u0638\u0627\u0645 \u0642\u062f\u0645 \u0647\u064a\u062f\u0631\u0648\u0644\u064a\u0643\u064a \u064a\u0645\u0646\u0639 \u0627\u0644\u0627\u0646\u0642\u0644\u0627\u0628<\/p>\t\t\t\t\t\t\t\t<\/div>\n\t\t\t\t<\/div>\n\t\t\t\t\t<\/div>\n\t\t\t\t<\/div>\n\t\t<div class=\"wd-negative-gap elementor-element elementor-element-84c22d7 wd-section-stretch e-flex e-con-boxed e-con e-parent\" data-id=\"84c22d7\" data-element_type=\"container\" data-e-type=\"container\" data-settings=\"{&quot;background_background&quot;:&quot;classic&quot;}\">\n\t\t\t\t\t<div class=\"e-con-inner\">\n\t\t\t\t<div class=\"elementor-element elementor-element-136c418 elementor-widget elementor-widget-wd_image_or_svg\" data-id=\"136c418\" data-element_type=\"widget\" data-e-type=\"widget\" data-widget_type=\"wd_image_or_svg.default\">\n\t\t\t\t<div class=\"elementor-widget-container\">\n\t\t\t\t\t\n\t\t<div class=\"wd-image text-left\">\n\t\t\t\t\t\t\t\t<img decoding=\"async\" width=\"52\" height=\"61\" src=\"https:\/\/www.orakcimakina.com\/wp-content\/themes\/woodmart\/images\/lazy.png\" class=\"attachment-52x61 size-52x61 wd-lazy-load wd-lazy-none\" alt=\"\" data-wood-src=\"https:\/\/www.orakcimakina.com\/wp-content\/uploads\/2024\/01\/Vector-Smart-Object-1-1.png-52x61.webp\" srcset=\"\" title=\"\">\t\t\t\t\t<\/div>\n\n\t\t\t\t\t\t<\/div>\n\t\t\t\t<\/div>\n\t\t\t\t<div class=\"elementor-element elementor-element-047b4b2 elementor-widget elementor-widget-heading\" data-id=\"047b4b2\" data-element_type=\"widget\" data-e-type=\"widget\" data-widget_type=\"heading.default\">\n\t\t\t\t<div class=\"elementor-widget-container\">\n\t\t\t\t\t<h2 class=\"elementor-heading-title elementor-size-default\">\u0627\u0644\u0645\u064a\u0632\u0627\u062a \u0627\u0644\u0627\u062e\u062a\u064a\u0627\u0631\u064a\u0629<\/h2>\t\t\t\t<\/div>\n\t\t\t\t<\/div>\n\t\t\t\t\t<\/div>\n\t\t\t\t<\/div>\n\t\t<div class=\"wd-negative-gap elementor-element elementor-element-f65f147 e-flex e-con-boxed wd-section-disabled e-con e-parent\" data-id=\"f65f147\" data-element_type=\"container\" data-e-type=\"container\">\n\t\t\t\t\t<div class=\"e-con-inner\">\n\t\t\t\t<div class=\"elementor-element elementor-element-7323735 color-scheme-inherit text-left elementor-widget elementor-widget-text-editor\" data-id=\"7323735\" data-element_type=\"widget\" data-e-type=\"widget\" data-widget_type=\"text-editor.default\">\n\t\t\t\t<div class=\"elementor-widget-container\">\n\t\t\t\t\t\t\t\t\t<p>\u0646\u0638\u0627\u0645 \u0627\u0644\u0643\u0627\u0645\u064a\u0631\u0627<\/p><p>\u0646\u0638\u0627\u0645 \u0627\u0644\u062a\u062d\u0643\u0645 \u0628\u0627\u0644\u0636\u063a\u0637 \u0639\u0644\u0649 \u0627\u0644\u0632\u0631 \u062f\u0627\u062e\u0644 \u0627\u0644\u0645\u0642\u0635\u0648\u0631\u0629<\/p><p>\u0646\u0638\u0627\u0645 \u064a\u062a\u0645 \u0627\u0644\u062a\u062d\u0643\u0645 \u0641\u064a\u0647 \u0628\u0648\u062d\u062f\u0629 \u0627\u0644\u062a\u062d\u0643\u0645 \u0627\u0644\u0625\u0644\u0643\u062a\u0631\u0648\u0646\u064a\u0629 \u062f\u0627\u062e\u0644 \u0627\u0644\u0645\u0642\u0635\u0648\u0631\u0629 \u0645\u0639 \u0634\u0627\u0634\u0629 \u0645\u0642\u0627\u0633 4 \u0628\u0648\u0635\u0627\u062a \u0623\u0648 7 \u0628\u0648\u0635\u0627\u062a<\/p><p>\u0646\u0638\u0627\u0645 \u0627\u0644\u062a\u062d\u0643\u0645 \u0627\u0644\u0645\u0646\u0637\u0642\u064a \u0627\u0644\u0642\u0627\u0628\u0644 \u0644\u0644\u0628\u0631\u0645\u062c\u0629 (PLC) \u062f\u0627\u062e\u0644 \u0627\u0644\u0645\u0642\u0635\u0648\u0631\u0629 \u0645\u0639 \u0634\u0627\u0634\u0629 \u0645\u0642\u0627\u0633 4 \u0628\u0648\u0635\u0627\u062a \u0623\u0648 7 \u0628\u0648\u0635\u0627\u062a<\/p><p>\u0646\u0638\u0627\u0645 \u0627\u0644\u062e\u0637\u0648\u0627\u062a<\/p><p>\u0646\u0638\u0627\u0645 \u0627\u0644\u0623\u0632\u0631\u0627\u0631 \u0627\u0644\u062c\u0627\u0646\u0628\u064a\u0629 \u0627\u0644\u0645\u0632\u062f\u0648\u062c\u0629<\/p><p>\u0627\u0644\u0648\u0632\u0646 \u0627\u0644\u0648\u0632\u0646<\/p><p>\u0627\u0644\u0627\u0633\u062a\u062e\u062f\u0627\u0645 \u0627\u0644\u062a\u0646\u0627\u0633\u0628\u064a \u0645\u0639 \u0639\u0635\u0627 \u0627\u0644\u062a\u062d\u0643\u0645<\/p>\t\t\t\t\t\t\t\t<\/div>\n\t\t\t\t<\/div>\n\t\t\t\t\t<\/div>\n\t\t\t\t<\/div>\n\t\t<div class=\"wd-negative-gap elementor-element elementor-element-12ca27e wd-section-stretch e-flex e-con-boxed e-con e-parent\" data-id=\"12ca27e\" data-element_type=\"container\" data-e-type=\"container\" data-settings=\"{&quot;background_background&quot;:&quot;classic&quot;}\">\n\t\t\t\t\t<div class=\"e-con-inner\">\n\t\t\t\t<div class=\"elementor-element elementor-element-97f030f elementor-widget elementor-widget-wd_image_or_svg\" data-id=\"97f030f\" data-element_type=\"widget\" data-e-type=\"widget\" data-widget_type=\"wd_image_or_svg.default\">\n\t\t\t\t<div class=\"elementor-widget-container\">\n\t\t\t\t\t\n\t\t<div class=\"wd-image text-left\">\n\t\t\t\t\t\t\t\t<img decoding=\"async\" width=\"52\" height=\"61\" src=\"https:\/\/www.orakcimakina.com\/wp-content\/themes\/woodmart\/images\/lazy.png\" class=\"attachment-52x61 size-52x61 wd-lazy-load wd-lazy-none\" alt=\"\" data-wood-src=\"https:\/\/www.orakcimakina.com\/wp-content\/uploads\/2024\/01\/Vector-Smart-Object-1-1.png-52x61.webp\" srcset=\"\" title=\"\">\t\t\t\t\t<\/div>\n\n\t\t\t\t\t\t<\/div>\n\t\t\t\t<\/div>\n\t\t\t\t<div class=\"elementor-element elementor-element-8d3cf01 elementor-widget elementor-widget-heading\" data-id=\"8d3cf01\" data-element_type=\"widget\" data-e-type=\"widget\" data-widget_type=\"heading.default\">\n\t\t\t\t<div class=\"elementor-widget-container\">\n\t\t\t\t\t<h2 class=\"elementor-heading-title elementor-size-default\"><a href=\"https:\/\/www.orakcimakina.com\/wp-content\/uploads\/2024\/05\/ODC.pdf\">\u0639\u0631\u0636 \u0627\u0644\u0643\u062a\u064a\u0628 \u0627\u0644\u062a\u0642\u0646\u064a\n<\/a><\/h2>\t\t\t\t<\/div>\n\t\t\t\t<\/div>\n\t\t\t\t\t<\/div>\n\t\t\t\t<\/div>\n\t\t<div class=\"wd-negative-gap elementor-element elementor-element-dcc91b8 e-flex e-con-boxed wd-section-disabled e-con e-parent\" data-id=\"dcc91b8\" data-element_type=\"container\" data-e-type=\"container\">\n\t\t\t\t\t<div class=\"e-con-inner\">\n\t\t\t\t\t<\/div>\n\t\t\t\t<\/div>\n\t\t\t\t<\/div>","protected":false},"excerpt":{"rendered":"<p>Yenilik\u00e7i \u00dcr\u00fcnler \u00bb ODC ODCDamper Tip \u00c7\u00f6p Kasas\u0131 Damper tip \u00e7\u00f6p kasalar\u0131; d\u00f6n\u00fc\u015f\u00fcn zor oldu\u011fu dar b\u00f6lgelerde h\u0131zl\u0131 hareket etme<\/p>","protected":false},"author":5,"featured_media":0,"parent":0,"menu_order":0,"comment_status":"closed","ping_status":"closed","template":"elementor_header_footer","meta":{"footnotes":""},"class_list":["post-17447","page","type-page","status-publish","hentry"],"_links":{"self":[{"href":"https:\/\/www.orakcimakina.com\/ar\/wp-json\/wp\/v2\/pages\/17447","targetHints":{"allow":["GET"]}}],"collection":[{"href":"https:\/\/www.orakcimakina.com\/ar\/wp-json\/wp\/v2\/pages"}],"about":[{"href":"https:\/\/www.orakcimakina.com\/ar\/wp-json\/wp\/v2\/types\/page"}],"author":[{"embeddable":true,"href":"https:\/\/www.orakcimakina.com\/ar\/wp-json\/wp\/v2\/users\/5"}],"replies":[{"embeddable":true,"href":"https:\/\/www.orakcimakina.com\/ar\/wp-json\/wp\/v2\/comments?post=17447"}],"version-history":[{"count":0,"href":"https:\/\/www.orakcimakina.com\/ar\/wp-json\/wp\/v2\/pages\/17447\/revisions"}],"wp:attachment":[{"href":"https:\/\/www.orakcimakina.com\/ar\/wp-json\/wp\/v2\/media?parent=17447"}],"curies":[{"name":"wp","href":"https:\/\/api.w.org\/{rel}","templated":true}]}}