{"id":16613,"date":"2024-03-06T16:41:50","date_gmt":"2024-03-06T13:41:50","guid":{"rendered":"https:\/\/www.orakcimakina.com\/?page_id=16613"},"modified":"2024-03-06T17:01:54","modified_gmt":"2024-03-06T14:01:54","slug":"%d8%ad%d9%85%d8%a7%d9%8a%d8%a9-%d8%a7%d9%84%d8%a8%d9%8a%d8%a7%d9%86%d8%a7%d8%aa-%d8%a7%d9%84%d8%b4%d8%ae%d8%b5%d9%8a%d8%a9","status":"publish","type":"page","link":"https:\/\/www.orakcimakina.com\/ar\/kisisel-verilerin-korunmasi\/","title":{"rendered":"\u062d\u0645\u0627\u064a\u0629 \u0627\u0644\u0628\u064a\u0627\u0646\u0627\u062a \u0627\u0644\u0634\u062e\u0635\u064a\u0629"},"content":{"rendered":"<div data-elementor-type=\"wp-page\" data-elementor-id=\"16613\" class=\"elementor elementor-16613\">\n\t\t\t\t<div class=\"elementor-element elementor-element-ddbb523 wd-section-stretch e-flex e-con-boxed e-con e-parent\" data-id=\"ddbb523\" data-element_type=\"container\" data-e-type=\"container\">\n\t\t\t\t\t<div class=\"e-con-inner\">\n\t\t\t\t<div class=\"elementor-element elementor-element-d972e63 elementor-widget elementor-widget-image\" data-id=\"d972e63\" data-element_type=\"widget\" data-e-type=\"widget\" data-widget_type=\"image.default\">\n\t\t\t\t<div class=\"elementor-widget-container\">\n\t\t\t\t\t\t\t\t\t\t\t\t\t\t\t<img fetchpriority=\"high\" decoding=\"async\" width=\"2560\" height=\"1075\" src=\"https:\/\/www.orakcimakina.com\/wp-content\/themes\/woodmart\/images\/lazy.png\" class=\"attachment-full size-full wp-image-16615 wd-lazy-load wd-lazy-none\" alt=\"\" srcset=\"\" sizes=\"(max-width: 2560px) 100vw, 2560px\" data-wood-src=\"https:\/\/www.orakcimakina.com\/wp-content\/uploads\/2024\/03\/Genel_OR-scaled-1.jpg\" data-srcset=\"https:\/\/www.orakcimakina.com\/wp-content\/uploads\/2024\/03\/Genel_OR-scaled-1.jpg.webp 2560w, https:\/\/www.orakcimakina.com\/wp-content\/uploads\/2024\/03\/Genel_OR-scaled-1-400x168.jpg.webp 400w, https:\/\/www.orakcimakina.com\/wp-content\/uploads\/2024\/03\/Genel_OR-scaled-1-1300x546.jpg.webp 1300w, https:\/\/www.orakcimakina.com\/wp-content\/uploads\/2024\/03\/Genel_OR-scaled-1-768x323.jpg.webp 768w, https:\/\/www.orakcimakina.com\/wp-content\/uploads\/2024\/03\/Genel_OR-scaled-1-1536x645.jpg.webp 1536w, https:\/\/www.orakcimakina.com\/wp-content\/uploads\/2024\/03\/Genel_OR-scaled-1-2048x860.jpg.webp 2048w\" title=\"\">\t\t\t\t\t\t\t\t\t\t\t\t\t\t\t<\/div>\n\t\t\t\t<\/div>\n\t\t\t\t\t<\/div>\n\t\t\t\t<\/div>\n\t\t<div class=\"elementor-element elementor-element-9f8fd6e e-flex e-con-boxed wd-section-disabled e-con e-parent\" data-id=\"9f8fd6e\" data-element_type=\"container\" data-e-type=\"container\">\n\t\t\t\t\t<div class=\"e-con-inner\">\n\t\t\t\t<div class=\"elementor-element elementor-element-4ee6a54 color-scheme-inherit text-left elementor-widget elementor-widget-text-editor\" data-id=\"4ee6a54\" data-element_type=\"widget\" data-e-type=\"widget\" data-widget_type=\"text-editor.default\">\n\t\t\t\t<div class=\"elementor-widget-container\">\n\t\t\t\t\t\t\t\t\t<p>\u0628\u0635\u0641\u062a\u0646\u0627 \u0645\u062c\u0645\u0648\u0639\u0629 \u0634\u0631\u0643\u0627\u062a Orak\u00e7\u0131\u060c \u0641\u0625\u0646\u0646\u0627 \u0646\u0638\u0647\u0631 \u0623\u0642\u0635\u0649 \u0642\u062f\u0631 \u0645\u0646 \u0627\u0644\u062d\u0633\u0627\u0633\u064a\u0629 \u062a\u062c\u0627\u0647 \u0623\u0645\u0646 \u0628\u064a\u0627\u0646\u0627\u062a\u0643 \u0627\u0644\u0634\u062e\u0635\u064a\u0629. \u0648\u0645\u0646 \u0647\u0630\u0627 \u0627\u0644\u0645\u0646\u0637\u0644\u0642\u060c \u0648\u0628\u0635\u0641\u062a\u0646\u0627 \u0645\u062c\u0645\u0648\u0639\u0629 \u0634\u0631\u0643\u0627\u062a Orak\u00e7\u0131\u060c \u0641\u0625\u0646\u0646\u0627 \u0646\u0648\u0644\u064a \u0623\u0647\u0645\u064a\u0629 \u0643\u0628\u064a\u0631\u0629 \u0644\u0645\u0639\u0627\u0644\u062c\u0629 \u0648\u062a\u062e\u0632\u064a\u0646 \u062c\u0645\u064a\u0639 \u0623\u0646\u0648\u0627\u0639 \u0627\u0644\u0628\u064a\u0627\u0646\u0627\u062a \u0627\u0644\u0634\u062e\u0635\u064a\u0629 \u0627\u0644\u062e\u0627\u0635\u0629 \u0628\u062c\u0645\u064a\u0639 \u0627\u0644\u0623\u0634\u062e\u0627\u0635 \u0627\u0644\u0645\u0631\u062a\u0628\u0637\u064a\u0646 \u0628\u0645\u062c\u0645\u0648\u0639\u0629 \u0634\u0631\u0643\u0627\u062a Orak\u00e7\u0131 \u0648\u0641\u0642\u064b\u0627 \u0644\u0642\u0627\u0646\u0648\u0646 \u062d\u0645\u0627\u064a\u0629 \u0627\u0644\u0628\u064a\u0627\u0646\u0627\u062a \u0627\u0644\u0634\u062e\u0635\u064a\u0629 \u0631\u0642\u0645 6698 (\"\u0642\u0627\u0646\u0648\u0646 \u062d\u0645\u0627\u064a\u0629 \u0627\u0644\u0628\u064a\u0627\u0646\u0627\u062a \u0627\u0644\u0634\u062e\u0635\u064a\u0629\"). \u0645\u0639 \u0627\u0644\u0625\u0639\u0645\u0627\u0644 \u0627\u0644\u0643\u0627\u0645\u0644 \u0644\u0647\u0630\u0647 \u0627\u0644\u0645\u0633\u0624\u0648\u0644\u064a\u0629\u060c \u0646\u0642\u0648\u0645 \u0628\u0645\u0639\u0627\u0644\u062c\u0629 \u0628\u064a\u0627\u0646\u0627\u062a\u0643 \u0627\u0644\u0634\u062e\u0635\u064a\u0629 \u0628\u0635\u0641\u062a\u0646\u0627 \"\u0645\u0631\u0627\u0642\u0628 \u0627\u0644\u0628\u064a\u0627\u0646\u0627\u062a\" \u0627\u0644\u0645\u064f\u0639\u0631\u064e\u0651\u0641 \u0628\u0645\u0648\u062c\u0628 \u0642\u0627\u0646\u0648\u0646 \u062d\u0645\u0627\u064a\u0629 \u0627\u0644\u0628\u064a\u0627\u0646\u0627\u062a \u0627\u0644\u0634\u062e\u0635\u064a\u0629 \u0643\u0645\u0627 \u0647\u0648 \u0645\u0648\u0636\u062d \u0623\u062f\u0646\u0627\u0647 \u0648\u0636\u0645\u0646 \u0627\u0644\u062d\u062f\u0648\u062f \u0627\u0644\u062a\u064a \u064a\u0646\u0635 \u0639\u0644\u064a\u0647\u0627 \u0627\u0644\u062a\u0634\u0631\u064a\u0639.<\/p>\t\t\t\t\t\t\t\t<\/div>\n\t\t\t\t<\/div>\n\t\t\t\t\t<\/div>\n\t\t\t\t<\/div>\n\t\t<div class=\"elementor-element elementor-element-f571288 e-flex e-con-boxed wd-section-disabled e-con e-parent\" data-id=\"f571288\" data-element_type=\"container\" data-e-type=\"container\">\n\t\t\t\t\t<div class=\"e-con-inner\">\n\t\t\t\t<div class=\"elementor-element elementor-element-e104214 elementor-widget elementor-widget-heading\" data-id=\"e104214\" data-element_type=\"widget\" data-e-type=\"widget\" data-widget_type=\"heading.default\">\n\t\t\t\t<div class=\"elementor-widget-container\">\n\t\t\t\t\t<h2 class=\"elementor-heading-title elementor-size-default\"><a href=\"https:\/\/www.orakcimakina.com\/wp-content\/uploads\/2024\/03\/KVK-Basvuru-Formu.pdf\" target=\"_blank\" rel=\"nofollow\">\u0627\u0633\u062a\u0645\u0627\u0631\u0629 \u0637\u0644\u0628 \u0627\u0644\u0627\u0644\u062a\u062d\u0627\u0642 \u0628 KVK<\/a><\/h2>\t\t\t\t<\/div>\n\t\t\t\t<\/div>\n\t\t\t\t<div class=\"elementor-element elementor-element-99cf188 elementor-widget elementor-widget-heading\" data-id=\"99cf188\" data-element_type=\"widget\" data-e-type=\"widget\" data-widget_type=\"heading.default\">\n\t\t\t\t<div class=\"elementor-widget-container\">\n\t\t\t\t\t<h2 class=\"elementor-heading-title elementor-size-default\"><a href=\"https:\/\/www.orakcimakina.com\/wp-content\/uploads\/2024\/03\/Orakci-Makina-Imalat-Ithalat-Ihracat-Sanayi-Ve-Ticaret-Anonim-Sirketi-Aydinlatma-Metni.pdf\" target=\"_blank\" rel=\"nofollow\">\u0646\u0635 \u062a\u0648\u0636\u064a\u062d \u0623\u0648\u0631\u0627\u0643\u0634\u064a \u0645\u0643\u064a\u0646\u0629 \u0646\u0635 \u0627\u0644\u062a\u0648\u0636\u064a\u062d<\/a><\/h2>\t\t\t\t<\/div>\n\t\t\t\t<\/div>\n\t\t\t\t<div class=\"elementor-element elementor-element-2eeff12 elementor-widget elementor-widget-heading\" data-id=\"2eeff12\" data-element_type=\"widget\" data-e-type=\"widget\" data-widget_type=\"heading.default\">\n\t\t\t\t<div class=\"elementor-widget-container\">\n\t\t\t\t\t<h2 class=\"elementor-heading-title elementor-size-default\"><a href=\"https:\/\/www.orakcimakina.com\/wp-content\/uploads\/2024\/03\/Orakci-Makina-Imalat-Ithalat-Ihracat-Sanayi-Ve-Ticaret-Anonim-Sirketi-KVKK-Politikasi.pdf\" target=\"_blank\" rel=\"nofollow\">\u0633\u064a\u0627\u0633\u0629 \u0623\u0648\u0631\u0627\u0643\u062c\u064a \u0645\u0627\u0643\u064a\u0646\u0627 KVK<\/a><\/h2>\t\t\t\t<\/div>\n\t\t\t\t<\/div>\n\t\t\t\t\t<\/div>\n\t\t\t\t<\/div>\n\t\t\t\t<\/div>","protected":false},"excerpt":{"rendered":"<p>Orak\u00e7\u0131 \u015eirketler Grubu olarak ki\u015fisel verilerinizin g\u00fcvenli\u011fi hususuna azami hassasiyet g\u00f6stermekteyiz. Bu bilin\u00e7le, Orak\u00e7\u0131 \u015eirketler Grubu olarak, Orak\u00e7\u0131 \u015eirketler Grubu<\/p>","protected":false},"author":3,"featured_media":0,"parent":0,"menu_order":0,"comment_status":"closed","ping_status":"closed","template":"elementor_header_footer","meta":{"footnotes":""},"class_list":["post-16613","page","type-page","status-publish","hentry"],"_links":{"self":[{"href":"https:\/\/www.orakcimakina.com\/ar\/wp-json\/wp\/v2\/pages\/16613","targetHints":{"allow":["GET"]}}],"collection":[{"href":"https:\/\/www.orakcimakina.com\/ar\/wp-json\/wp\/v2\/pages"}],"about":[{"href":"https:\/\/www.orakcimakina.com\/ar\/wp-json\/wp\/v2\/types\/page"}],"author":[{"embeddable":true,"href":"https:\/\/www.orakcimakina.com\/ar\/wp-json\/wp\/v2\/users\/3"}],"replies":[{"embeddable":true,"href":"https:\/\/www.orakcimakina.com\/ar\/wp-json\/wp\/v2\/comments?post=16613"}],"version-history":[{"count":0,"href":"https:\/\/www.orakcimakina.com\/ar\/wp-json\/wp\/v2\/pages\/16613\/revisions"}],"wp:attachment":[{"href":"https:\/\/www.orakcimakina.com\/ar\/wp-json\/wp\/v2\/media?parent=16613"}],"curies":[{"name":"wp","href":"https:\/\/api.w.org\/{rel}","templated":true}]}}