{"id":16403,"date":"2024-03-04T11:57:53","date_gmt":"2024-03-04T08:57:53","guid":{"rendered":"https:\/\/www.orakcimakina.com\/?page_id=16403"},"modified":"2026-02-24T11:40:52","modified_gmt":"2026-02-24T08:40:52","slug":"%d8%a7%d9%84%d9%85%d9%86%d8%aa%d8%ac%d8%a7%d8%aa","status":"publish","type":"page","link":"https:\/\/www.orakcimakina.com\/ar\/urunler\/","title":{"rendered":"\u0627\u0644\u0645\u0646\u062a\u062c\u0627\u062a"},"content":{"rendered":"<div data-elementor-type=\"wp-page\" data-elementor-id=\"16403\" class=\"elementor elementor-16403\">\n\t\t\t\t<div class=\"elementor-element elementor-element-529a319 wd-section-stretch e-flex e-con-boxed e-con e-parent\" data-id=\"529a319\" data-element_type=\"container\" data-e-type=\"container\" data-settings=\"{&quot;background_background&quot;:&quot;classic&quot;}\">\n\t\t\t\t\t<div class=\"e-con-inner\">\n\t\t\t\t<div class=\"elementor-element elementor-element-6fc1210 elementor-widget elementor-widget-heading\" data-id=\"6fc1210\" data-element_type=\"widget\" data-e-type=\"widget\" data-widget_type=\"heading.default\">\n\t\t\t\t<div class=\"elementor-widget-container\">\n\t\t\t\t\t<h2 class=\"elementor-heading-title elementor-size-default\"><a href=\"https:\/\/www.orakcimakina.com\/ar\/\"><a>\u0627\u0644\u0635\u0641\u062d\u0629 \u0627\u0644\u0631\u0626\u064a\u0633\u064a\u0629<\/a> \" \u0627\u0644\u0645\u0646\u062a\u062c\u0627\u062a<\/a><\/h2>\t\t\t\t<\/div>\n\t\t\t\t<\/div>\n\t\t\t\t\t<\/div>\n\t\t\t\t<\/div>\n\t\t<div class=\"elementor-element elementor-element-2733bd6 e-flex e-con-boxed wd-section-disabled e-con e-parent\" data-id=\"2733bd6\" data-element_type=\"container\" data-e-type=\"container\">\n\t\t\t\t\t<div class=\"e-con-inner\">\n\t\t\t\t<div class=\"elementor-element elementor-element-27e1e02 elementor-widget elementor-widget-heading\" data-id=\"27e1e02\" data-element_type=\"widget\" data-e-type=\"widget\" data-widget_type=\"heading.default\">\n\t\t\t\t<div class=\"elementor-widget-container\">\n\t\t\t\t\t<h2 class=\"elementor-heading-title elementor-size-default\">\u0645\u0646\u062a\u062c\u0627\u062a\u0646\u0627  <\/h2>\t\t\t\t<\/div>\n\t\t\t\t<\/div>\n\t\t<div class=\"elementor-element elementor-element-a06993a e-flex e-con-boxed wd-section-disabled e-con e-child\" data-id=\"a06993a\" data-element_type=\"container\" data-e-type=\"container\">\n\t\t\t\t\t<div class=\"e-con-inner\">\n\t\t<div class=\"elementor-element elementor-element-0f4476a e-con-full e-flex wd-section-disabled e-con e-child\" data-id=\"0f4476a\" data-element_type=\"container\" data-e-type=\"container\" data-settings=\"{&quot;background_background&quot;:&quot;classic&quot;}\">\n\t\t\t\t<div class=\"elementor-element elementor-element-ddab730 elementor-widget elementor-widget-image\" data-id=\"ddab730\" data-element_type=\"widget\" data-e-type=\"widget\" data-widget_type=\"image.default\">\n\t\t\t\t<div class=\"elementor-widget-container\">\n\t\t\t\t\t\t\t\t\t\t\t\t\t\t\t<img fetchpriority=\"high\" decoding=\"async\" width=\"1317\" height=\"907\" src=\"https:\/\/www.orakcimakina.com\/wp-content\/themes\/woodmart\/images\/lazy.png\" class=\"attachment-full size-full wp-image-15904 wd-lazy-load wd-lazy-none\" alt=\"\" srcset=\"\" sizes=\"(max-width: 1317px) 100vw, 1317px\" data-wood-src=\"https:\/\/www.orakcimakina.com\/wp-content\/uploads\/2024\/01\/IMG_9556-1-1.png.webp\" data-srcset=\"https:\/\/www.orakcimakina.com\/wp-content\/uploads\/2024\/01\/IMG_9556-1-1.png.webp 1317w, https:\/\/www.orakcimakina.com\/wp-content\/uploads\/2024\/01\/IMG_9556-1-1.png-400x275.webp 400w, https:\/\/www.orakcimakina.com\/wp-content\/uploads\/2024\/01\/IMG_9556-1-1.png-1162x800.webp 1162w, https:\/\/www.orakcimakina.com\/wp-content\/uploads\/2024\/01\/IMG_9556-1-1.png-768x529.webp 768w\" title=\"\">\t\t\t\t\t\t\t\t\t\t\t\t\t\t\t<\/div>\n\t\t\t\t<\/div>\n\t\t\t\t<div class=\"elementor-element elementor-element-b3b884e elementor-widget elementor-widget-heading\" data-id=\"b3b884e\" data-element_type=\"widget\" data-e-type=\"widget\" data-widget_type=\"heading.default\">\n\t\t\t\t<div class=\"elementor-widget-container\">\n\t\t\t\t\t<div class=\"elementor-heading-title elementor-size-default\">\u0635\u0646\u0627\u062f\u064a\u0642 \u0627\u0644\u0642\u0645\u0627\u0645\u0629 \u0630\u0627\u062a \u0627\u0644\u0636\u063a\u0637 \u0627\u0644\u0647\u064a\u062f\u0631\u0648\u0644\u064a\u0643\u064a<\/div>\t\t\t\t<\/div>\n\t\t\t\t<\/div>\n\t\t\t\t<div class=\"elementor-element elementor-element-d4caf69 elementor-widget elementor-widget-wd_button\" data-id=\"d4caf69\" data-element_type=\"widget\" data-e-type=\"widget\" data-widget_type=\"wd_button.default\">\n\t\t\t\t<div class=\"elementor-widget-container\">\n\t\t\t\t\t\t\t<div class=\"wd-button-wrapper text-center\" >\n\t\t\t<a class=\"btn btn-style-bordered btn-style-rectangle btn-size-large btn-scheme-light btn-scheme-hover-inherit btn-icon-pos-right\"  href=\"https:\/\/www.orakcimakina.com\/ar\/%d8%b5%d9%86%d8%a7%d8%af%d9%8a%d9%82-%d8%a7%d9%84%d9%82%d9%85%d8%a7%d9%85%d8%a9-%d8%a7%d9%84%d9%87%d9%8a%d8%af%d8%b1%d9%88%d9%84%d9%8a%d9%83%d9%8a%d8%a9-%d8%a7%d9%84%d8%af%d9%88%d8%a7%d8%b1%d8%a9\/\">\n\t\t\t\t<span class=\"wd-btn-text\" data-elementor-setting-key=\"text\">\n\t\t\t\t\t\u0627\u0644\u0627\u0643\u062a\u0634\u0627\u0641\t\t\t\t<\/span>\n\n\t\t\t\t\t\t\t<\/a>\n\t\t<\/div>\n\t\t\t\t\t\t<\/div>\n\t\t\t\t<\/div>\n\t\t\t\t<\/div>\n\t\t<div class=\"elementor-element elementor-element-e92a2e4 e-con-full e-flex wd-section-disabled e-con e-child\" data-id=\"e92a2e4\" data-element_type=\"container\" data-e-type=\"container\" data-settings=\"{&quot;background_background&quot;:&quot;classic&quot;}\">\n\t\t\t\t<div class=\"elementor-element elementor-element-3b4c656 elementor-widget elementor-widget-image\" data-id=\"3b4c656\" data-element_type=\"widget\" data-e-type=\"widget\" data-widget_type=\"image.default\">\n\t\t\t\t<div class=\"elementor-widget-container\">\n\t\t\t\t\t\t\t\t\t\t\t\t\t\t\t<img decoding=\"async\" width=\"1317\" height=\"907\" src=\"https:\/\/www.orakcimakina.com\/wp-content\/themes\/woodmart\/images\/lazy.png\" class=\"attachment-full size-full wp-image-16407 wd-lazy-load wd-lazy-none\" alt=\"\" srcset=\"\" sizes=\"(max-width: 1317px) 100vw, 1317px\" data-wood-src=\"https:\/\/www.orakcimakina.com\/wp-content\/uploads\/2024\/03\/Layer-24-1.png\" data-srcset=\"https:\/\/www.orakcimakina.com\/wp-content\/uploads\/2024\/03\/Layer-24-1.png.webp 1317w, https:\/\/www.orakcimakina.com\/wp-content\/uploads\/2024\/03\/Layer-24-1-400x275.png.webp 400w, https:\/\/www.orakcimakina.com\/wp-content\/uploads\/2024\/03\/Layer-24-1-1162x800.png.webp 1162w, https:\/\/www.orakcimakina.com\/wp-content\/uploads\/2024\/03\/Layer-24-1-768x529.png.webp 768w\" title=\"\">\t\t\t\t\t\t\t\t\t\t\t\t\t\t\t<\/div>\n\t\t\t\t<\/div>\n\t\t\t\t<div class=\"elementor-element elementor-element-2d29b9f elementor-widget elementor-widget-heading\" data-id=\"2d29b9f\" data-element_type=\"widget\" data-e-type=\"widget\" data-widget_type=\"heading.default\">\n\t\t\t\t<div class=\"elementor-widget-container\">\n\t\t\t\t\t<div class=\"elementor-heading-title elementor-size-default\">\u0642\u0637\u0639\u0629 \u0648\u0627\u062d\u062f\u0629 <br>\n\u0627\u0644\u0636\u0627\u063a\u0637\u0627\u062a<\/div>\t\t\t\t<\/div>\n\t\t\t\t<\/div>\n\t\t\t\t<div class=\"elementor-element elementor-element-0839790 elementor-widget elementor-widget-wd_button\" data-id=\"0839790\" data-element_type=\"widget\" data-e-type=\"widget\" data-widget_type=\"wd_button.default\">\n\t\t\t\t<div class=\"elementor-widget-container\">\n\t\t\t\t\t\t\t<div class=\"wd-button-wrapper text-center\" >\n\t\t\t<a class=\"btn btn-style-bordered btn-style-rectangle btn-size-large btn-scheme-light btn-scheme-hover-inherit btn-icon-pos-right\"  href=\"https:\/\/www.orakcimakina.com\/ar\/%d8%b6%d8%a7%d8%ba%d8%b7%d8%a7%d8%aa-%d8%a3%d8%ad%d8%a7%d8%af%d9%8a%d8%a9-%d8%a7%d9%84%d9%83%d8%aa%d9%84%d8%a9\/\">\n\t\t\t\t<span class=\"wd-btn-text\" data-elementor-setting-key=\"text\">\n\t\t\t\t\t\u0627\u0644\u0627\u0643\u062a\u0634\u0627\u0641\t\t\t\t<\/span>\n\n\t\t\t\t\t\t\t<\/a>\n\t\t<\/div>\n\t\t\t\t\t\t<\/div>\n\t\t\t\t<\/div>\n\t\t\t\t<\/div>\n\t\t<div class=\"elementor-element elementor-element-c5c4a59 e-con-full e-flex wd-section-disabled e-con e-child\" data-id=\"c5c4a59\" data-element_type=\"container\" data-e-type=\"container\" data-settings=\"{&quot;background_background&quot;:&quot;classic&quot;}\">\n\t\t\t\t<div class=\"elementor-element elementor-element-13a0ab4 elementor-widget elementor-widget-image\" data-id=\"13a0ab4\" data-element_type=\"widget\" data-e-type=\"widget\" data-widget_type=\"image.default\">\n\t\t\t\t<div class=\"elementor-widget-container\">\n\t\t\t\t\t\t\t\t\t\t\t\t\t\t\t<img decoding=\"async\" width=\"1317\" height=\"907\" src=\"https:\/\/www.orakcimakina.com\/wp-content\/themes\/woodmart\/images\/lazy.png\" class=\"attachment-full size-full wp-image-16408 wd-lazy-load wd-lazy-none\" alt=\"\" srcset=\"\" sizes=\"(max-width: 1317px) 100vw, 1317px\" data-wood-src=\"https:\/\/www.orakcimakina.com\/wp-content\/uploads\/2024\/03\/Layer-8-2.png\" data-srcset=\"https:\/\/www.orakcimakina.com\/wp-content\/uploads\/2024\/03\/Layer-8-2.png.webp 1317w, https:\/\/www.orakcimakina.com\/wp-content\/uploads\/2024\/03\/Layer-8-2-400x275.png.webp 400w, https:\/\/www.orakcimakina.com\/wp-content\/uploads\/2024\/03\/Layer-8-2-1162x800.png.webp 1162w, https:\/\/www.orakcimakina.com\/wp-content\/uploads\/2024\/03\/Layer-8-2-768x529.png.webp 768w\" title=\"\">\t\t\t\t\t\t\t\t\t\t\t\t\t\t\t<\/div>\n\t\t\t\t<\/div>\n\t\t\t\t<div class=\"elementor-element elementor-element-0c4131b elementor-widget elementor-widget-heading\" data-id=\"0c4131b\" data-element_type=\"widget\" data-e-type=\"widget\" data-widget_type=\"heading.default\">\n\t\t\t\t<div class=\"elementor-widget-container\">\n\t\t\t\t\t<div class=\"elementor-heading-title elementor-size-default\">\u0645\u062e\u0645\u062f \u0635\u063a\u064a\u0631 <br> \n\u0635\u0646\u0627\u062f\u064a\u0642 \u0627\u0644\u0642\u0645\u0627\u0645\u0629<\/div>\t\t\t\t<\/div>\n\t\t\t\t<\/div>\n\t\t\t\t<div class=\"elementor-element elementor-element-1d32e0f elementor-widget elementor-widget-wd_button\" data-id=\"1d32e0f\" data-element_type=\"widget\" data-e-type=\"widget\" data-widget_type=\"wd_button.default\">\n\t\t\t\t<div class=\"elementor-widget-container\">\n\t\t\t\t\t\t\t<div class=\"wd-button-wrapper text-center\" >\n\t\t\t<a class=\"btn btn-style-bordered btn-style-rectangle btn-size-large btn-scheme-light btn-scheme-hover-inherit btn-icon-pos-right\"  href=\"https:\/\/www.orakcimakina.com\/ar\/%d8%a7%d9%84%d9%85%d8%ab%d8%a8%d8%b7-%d8%a7%d9%84%d8%b5%d8%ba%d9%8a%d8%b1-%d8%a3%d9%88%d9%85%d8%af-%d9%85%d9%8a%d9%86%d9%8a\/\">\n\t\t\t\t<span class=\"wd-btn-text\" data-elementor-setting-key=\"text\">\n\t\t\t\t\t\u0627\u0644\u0627\u0643\u062a\u0634\u0627\u0641\t\t\t\t<\/span>\n\n\t\t\t\t\t\t\t<\/a>\n\t\t<\/div>\n\t\t\t\t\t\t<\/div>\n\t\t\t\t<\/div>\n\t\t\t\t<\/div>\n\t\t\t\t\t<\/div>\n\t\t\t\t<\/div>\n\t\t<div class=\"elementor-element elementor-element-2ddb2aa e-flex e-con-boxed wd-section-disabled e-con e-child\" data-id=\"2ddb2aa\" data-element_type=\"container\" data-e-type=\"container\">\n\t\t\t\t\t<div class=\"e-con-inner\">\n\t\t<div class=\"elementor-element elementor-element-128dbc1 e-con-full e-flex wd-section-disabled e-con e-child\" data-id=\"128dbc1\" data-element_type=\"container\" data-e-type=\"container\" data-settings=\"{&quot;background_background&quot;:&quot;classic&quot;}\">\n\t\t\t\t<div class=\"elementor-element elementor-element-a4e2233 elementor-widget elementor-widget-image\" data-id=\"a4e2233\" data-element_type=\"widget\" data-e-type=\"widget\" data-widget_type=\"image.default\">\n\t\t\t\t<div class=\"elementor-widget-container\">\n\t\t\t\t\t\t\t\t\t\t\t\t\t\t\t<img loading=\"lazy\" decoding=\"async\" width=\"1317\" height=\"907\" src=\"https:\/\/www.orakcimakina.com\/wp-content\/themes\/woodmart\/images\/lazy.png\" class=\"attachment-full size-full wp-image-16409 wd-lazy-load wd-lazy-none\" alt=\"\" srcset=\"\" sizes=\"(max-width: 1317px) 100vw, 1317px\" data-wood-src=\"https:\/\/www.orakcimakina.com\/wp-content\/uploads\/2024\/03\/DSC_0050.png\" data-srcset=\"https:\/\/www.orakcimakina.com\/wp-content\/uploads\/2024\/03\/DSC_0050.png 1317w, https:\/\/www.orakcimakina.com\/wp-content\/uploads\/2024\/03\/DSC_0050-400x275.png.webp 400w, https:\/\/www.orakcimakina.com\/wp-content\/uploads\/2024\/03\/DSC_0050-1162x800.png.webp 1162w, https:\/\/www.orakcimakina.com\/wp-content\/uploads\/2024\/03\/DSC_0050-768x529.png.webp 768w\" title=\"\">\t\t\t\t\t\t\t\t\t\t\t\t\t\t\t<\/div>\n\t\t\t\t<\/div>\n\t\t\t\t<div class=\"elementor-element elementor-element-44fec1e elementor-widget elementor-widget-heading\" data-id=\"44fec1e\" data-element_type=\"widget\" data-e-type=\"widget\" data-widget_type=\"heading.default\">\n\t\t\t\t<div class=\"elementor-widget-container\">\n\t\t\t\t\t<div class=\"elementor-heading-title elementor-size-default\">\u0627\u0644\u0644\u0648\u0627\u062f\u0631<\/div>\t\t\t\t<\/div>\n\t\t\t\t<\/div>\n\t\t\t\t<div class=\"elementor-element elementor-element-c7b6964 elementor-widget elementor-widget-wd_button\" data-id=\"c7b6964\" data-element_type=\"widget\" data-e-type=\"widget\" data-widget_type=\"wd_button.default\">\n\t\t\t\t<div class=\"elementor-widget-container\">\n\t\t\t\t\t\t\t<div class=\"wd-button-wrapper text-center\" >\n\t\t\t<a class=\"btn btn-style-bordered btn-style-rectangle btn-size-large btn-scheme-light btn-scheme-hover-inherit btn-icon-pos-right\"  href=\"https:\/\/www.orakcimakina.com\/ar\/%d8%a7%d9%84%d9%85%d8%b7%d9%88%d8%b1%d9%88%d9%86\/\">\n\t\t\t\t<span class=\"wd-btn-text\" data-elementor-setting-key=\"text\">\n\t\t\t\t\t\u0627\u0644\u0627\u0643\u062a\u0634\u0627\u0641\t\t\t\t<\/span>\n\n\t\t\t\t\t\t\t<\/a>\n\t\t<\/div>\n\t\t\t\t\t\t<\/div>\n\t\t\t\t<\/div>\n\t\t\t\t<\/div>\n\t\t<div class=\"elementor-element elementor-element-a1b74a4 e-con-full e-flex wd-section-disabled e-con e-child\" data-id=\"a1b74a4\" data-element_type=\"container\" data-e-type=\"container\" data-settings=\"{&quot;background_background&quot;:&quot;classic&quot;}\">\n\t\t\t\t<div class=\"elementor-element elementor-element-695bd61 elementor-widget elementor-widget-image\" data-id=\"695bd61\" data-element_type=\"widget\" data-e-type=\"widget\" data-widget_type=\"image.default\">\n\t\t\t\t<div class=\"elementor-widget-container\">\n\t\t\t\t\t\t\t\t\t\t\t\t\t\t\t<img loading=\"lazy\" decoding=\"async\" width=\"1317\" height=\"907\" src=\"https:\/\/www.orakcimakina.com\/wp-content\/themes\/woodmart\/images\/lazy.png\" class=\"attachment-full size-full wp-image-16298 wd-lazy-load wd-lazy-none\" alt=\"\" srcset=\"\" sizes=\"(max-width: 1317px) 100vw, 1317px\" data-wood-src=\"https:\/\/www.orakcimakina.com\/wp-content\/uploads\/2024\/03\/IMG_3037.png\" data-srcset=\"https:\/\/www.orakcimakina.com\/wp-content\/uploads\/2024\/03\/IMG_3037.png.webp 1317w, https:\/\/www.orakcimakina.com\/wp-content\/uploads\/2024\/03\/IMG_3037-400x275.png.webp 400w, https:\/\/www.orakcimakina.com\/wp-content\/uploads\/2024\/03\/IMG_3037-1162x800.png.webp 1162w, https:\/\/www.orakcimakina.com\/wp-content\/uploads\/2024\/03\/IMG_3037-768x529.png.webp 768w\" title=\"\">\t\t\t\t\t\t\t\t\t\t\t\t\t\t\t<\/div>\n\t\t\t\t<\/div>\n\t\t\t\t<div class=\"elementor-element elementor-element-fdc66a6 elementor-widget elementor-widget-heading\" data-id=\"fdc66a6\" data-element_type=\"widget\" data-e-type=\"widget\" data-widget_type=\"heading.default\">\n\t\t\t\t<div class=\"elementor-widget-container\">\n\t\t\t\t\t<div class=\"elementor-heading-title elementor-size-default\">\u0643\u0646\u0627\u0633\u0648 \u0627\u0644\u0637\u0631\u0642<\/div>\t\t\t\t<\/div>\n\t\t\t\t<\/div>\n\t\t\t\t<div class=\"elementor-element elementor-element-2d2c517 elementor-widget elementor-widget-wd_button\" data-id=\"2d2c517\" data-element_type=\"widget\" data-e-type=\"widget\" data-widget_type=\"wd_button.default\">\n\t\t\t\t<div class=\"elementor-widget-container\">\n\t\t\t\t\t\t\t<div class=\"wd-button-wrapper text-center\" >\n\t\t\t<a class=\"btn btn-style-bordered btn-style-rectangle btn-size-large btn-scheme-light btn-scheme-hover-inherit btn-icon-pos-right\"  href=\"https:\/\/www.orakcimakina.com\/ar\/%d9%83%d9%88%d8%a7%d8%a8%d8%ad-%d8%a7%d9%84%d8%b7%d8%b1%d9%82\/\">\n\t\t\t\t<span class=\"wd-btn-text\" data-elementor-setting-key=\"text\">\n\t\t\t\t\t\u0627\u0644\u0627\u0643\u062a\u0634\u0627\u0641\t\t\t\t<\/span>\n\n\t\t\t\t\t\t\t<\/a>\n\t\t<\/div>\n\t\t\t\t\t\t<\/div>\n\t\t\t\t<\/div>\n\t\t\t\t<\/div>\n\t\t<div class=\"elementor-element elementor-element-0b7175b e-con-full e-flex wd-section-disabled e-con e-child\" data-id=\"0b7175b\" data-element_type=\"container\" data-e-type=\"container\" data-settings=\"{&quot;background_background&quot;:&quot;classic&quot;}\">\n\t\t\t\t<div class=\"elementor-element elementor-element-584762f elementor-widget elementor-widget-image\" data-id=\"584762f\" data-element_type=\"widget\" data-e-type=\"widget\" data-widget_type=\"image.default\">\n\t\t\t\t<div class=\"elementor-widget-container\">\n\t\t\t\t\t\t\t\t\t\t\t\t\t\t\t<img loading=\"lazy\" decoding=\"async\" width=\"1317\" height=\"907\" src=\"https:\/\/www.orakcimakina.com\/wp-content\/themes\/woodmart\/images\/lazy.png\" class=\"attachment-full size-full wp-image-16015 wd-lazy-load wd-lazy-none\" alt=\"\" srcset=\"\" sizes=\"(max-width: 1317px) 100vw, 1317px\" data-wood-src=\"https:\/\/www.orakcimakina.com\/wp-content\/uploads\/2024\/01\/Layer-24-2.png\" data-srcset=\"https:\/\/www.orakcimakina.com\/wp-content\/uploads\/2024\/01\/Layer-24-2.png.webp 1317w, https:\/\/www.orakcimakina.com\/wp-content\/uploads\/2024\/01\/Layer-24-2-400x275.png.webp 400w, https:\/\/www.orakcimakina.com\/wp-content\/uploads\/2024\/01\/Layer-24-2-1162x800.png.webp 1162w, https:\/\/www.orakcimakina.com\/wp-content\/uploads\/2024\/01\/Layer-24-2-768x529.png.webp 768w\" title=\"\">\t\t\t\t\t\t\t\t\t\t\t\t\t\t\t<\/div>\n\t\t\t\t<\/div>\n\t\t\t\t<div class=\"elementor-element elementor-element-3c5a90d elementor-widget elementor-widget-heading\" data-id=\"3c5a90d\" data-element_type=\"widget\" data-e-type=\"widget\" data-widget_type=\"heading.default\">\n\t\t\t\t<div class=\"elementor-widget-container\">\n\t\t\t\t\t<div class=\"elementor-heading-title elementor-size-default\">\u0645\u0646\u0642\u0630\u0648 \u0627\u0644\u0633\u064a\u0627\u0631\u0627\u062a<\/div>\t\t\t\t<\/div>\n\t\t\t\t<\/div>\n\t\t\t\t<div class=\"elementor-element elementor-element-9d6c21f elementor-widget elementor-widget-wd_button\" data-id=\"9d6c21f\" data-element_type=\"widget\" data-e-type=\"widget\" data-widget_type=\"wd_button.default\">\n\t\t\t\t<div class=\"elementor-widget-container\">\n\t\t\t\t\t\t\t<div class=\"wd-button-wrapper text-center\" >\n\t\t\t<a class=\"btn btn-style-bordered btn-style-rectangle btn-size-large btn-scheme-light btn-scheme-hover-inherit btn-icon-pos-right\"  href=\"https:\/\/www.orakcimakina.com\/ar\/%d8%a7%d9%84%d9%85%d9%86%d9%82%d8%b0%d9%8a%d9%86-%d8%a7%d9%84%d8%a2%d9%84%d9%8a%d9%8a%d9%86\/\">\n\t\t\t\t<span class=\"wd-btn-text\" data-elementor-setting-key=\"text\">\n\t\t\t\t\t\u0627\u0644\u0627\u0643\u062a\u0634\u0627\u0641\t\t\t\t<\/span>\n\n\t\t\t\t\t\t\t<\/a>\n\t\t<\/div>\n\t\t\t\t\t\t<\/div>\n\t\t\t\t<\/div>\n\t\t\t\t<\/div>\n\t\t\t\t\t<\/div>\n\t\t\t\t<\/div>\n\t\t<div class=\"elementor-element elementor-element-6fee48f e-flex e-con-boxed wd-section-disabled e-con e-child\" data-id=\"6fee48f\" data-element_type=\"container\" data-e-type=\"container\">\n\t\t\t\t\t<div class=\"e-con-inner\">\n\t\t<div class=\"elementor-element elementor-element-6781769 e-con-full e-flex wd-section-disabled e-con e-child\" data-id=\"6781769\" data-element_type=\"container\" data-e-type=\"container\" data-settings=\"{&quot;background_background&quot;:&quot;classic&quot;}\">\n\t\t\t\t<div class=\"elementor-element elementor-element-d118d5b elementor-widget elementor-widget-image\" data-id=\"d118d5b\" data-element_type=\"widget\" data-e-type=\"widget\" data-widget_type=\"image.default\">\n\t\t\t\t<div class=\"elementor-widget-container\">\n\t\t\t\t\t\t\t\t\t\t\t\t\t\t\t<img loading=\"lazy\" decoding=\"async\" width=\"1317\" height=\"907\" src=\"https:\/\/www.orakcimakina.com\/wp-content\/themes\/woodmart\/images\/lazy.png\" class=\"attachment-full size-full wp-image-16410 wd-lazy-load wd-lazy-none\" alt=\"\" srcset=\"\" sizes=\"(max-width: 1317px) 100vw, 1317px\" data-wood-src=\"https:\/\/www.orakcimakina.com\/wp-content\/uploads\/2024\/03\/Layer-13-1.png\" data-srcset=\"https:\/\/www.orakcimakina.com\/wp-content\/uploads\/2024\/03\/Layer-13-1.png.webp 1317w, https:\/\/www.orakcimakina.com\/wp-content\/uploads\/2024\/03\/Layer-13-1-400x275.png.webp 400w, https:\/\/www.orakcimakina.com\/wp-content\/uploads\/2024\/03\/Layer-13-1-1162x800.png.webp 1162w, https:\/\/www.orakcimakina.com\/wp-content\/uploads\/2024\/03\/Layer-13-1-768x529.png.webp 768w\" title=\"\">\t\t\t\t\t\t\t\t\t\t\t\t\t\t\t<\/div>\n\t\t\t\t<\/div>\n\t\t\t\t<div class=\"elementor-element elementor-element-eaa9a4b elementor-widget elementor-widget-heading\" data-id=\"eaa9a4b\" data-element_type=\"widget\" data-e-type=\"widget\" data-widget_type=\"heading.default\">\n\t\t\t\t<div class=\"elementor-widget-container\">\n\t\t\t\t\t<div class=\"elementor-heading-title elementor-size-default\">\u0627\u0644\u0639\u0645\u0644 \u0641\u064a \u0627\u0644\u0645\u0631\u062a\u0641\u0639\u0627\u062a <br>\n\u0627\u0644\u0645\u0646\u0635\u0627\u062a<\/div>\t\t\t\t<\/div>\n\t\t\t\t<\/div>\n\t\t\t\t<div class=\"elementor-element elementor-element-9b47d14 elementor-widget elementor-widget-wd_button\" data-id=\"9b47d14\" data-element_type=\"widget\" data-e-type=\"widget\" data-widget_type=\"wd_button.default\">\n\t\t\t\t<div class=\"elementor-widget-container\">\n\t\t\t\t\t\t\t<div class=\"wd-button-wrapper text-center\" >\n\t\t\t<a class=\"btn btn-style-bordered btn-style-rectangle btn-size-large btn-scheme-light btn-scheme-hover-inherit btn-icon-pos-right\"  href=\"https:\/\/www.orakcimakina.com\/ar\/%d9%85%d9%86%d8%b5%d8%a7%d8%aa-%d8%a7%d9%84%d8%b9%d9%85%d9%84-%d9%84%d9%84%d8%b9%d9%85%d9%84-%d9%81%d9%8a-%d8%a7%d9%84%d8%a3%d9%85%d8%a7%d9%83%d9%86-%d8%a7%d9%84%d9%85%d8%b1%d8%aa%d9%81%d8%b9%d8%a9\/\">\n\t\t\t\t<span class=\"wd-btn-text\" data-elementor-setting-key=\"text\">\n\t\t\t\t\t\u0627\u0644\u0627\u0643\u062a\u0634\u0627\u0641\t\t\t\t<\/span>\n\n\t\t\t\t\t\t\t<\/a>\n\t\t<\/div>\n\t\t\t\t\t\t<\/div>\n\t\t\t\t<\/div>\n\t\t\t\t<\/div>\n\t\t<div class=\"elementor-element elementor-element-9d22820 e-con-full e-flex wd-section-disabled e-con e-child\" data-id=\"9d22820\" data-element_type=\"container\" data-e-type=\"container\" data-settings=\"{&quot;background_background&quot;:&quot;classic&quot;}\">\n\t\t\t\t<div class=\"elementor-element elementor-element-132197d elementor-widget elementor-widget-image\" data-id=\"132197d\" data-element_type=\"widget\" data-e-type=\"widget\" data-widget_type=\"image.default\">\n\t\t\t\t<div class=\"elementor-widget-container\">\n\t\t\t\t\t\t\t\t\t\t\t\t\t\t\t<img loading=\"lazy\" decoding=\"async\" width=\"1317\" height=\"907\" src=\"https:\/\/www.orakcimakina.com\/wp-content\/themes\/woodmart\/images\/lazy.png\" class=\"attachment-full size-full wp-image-17791 wd-lazy-load wd-lazy-none\" alt=\"\" srcset=\"\" sizes=\"(max-width: 1317px) 100vw, 1317px\" data-wood-src=\"https:\/\/www.orakcimakina.com\/wp-content\/uploads\/2024\/12\/E-PTO-min.jpg\" data-srcset=\"https:\/\/www.orakcimakina.com\/wp-content\/uploads\/2024\/12\/E-PTO-min.jpg.webp 1317w, https:\/\/www.orakcimakina.com\/wp-content\/uploads\/2024\/12\/E-PTO-min-400x275.jpg.webp 400w, https:\/\/www.orakcimakina.com\/wp-content\/uploads\/2024\/12\/E-PTO-min-1162x800.jpg.webp 1162w, https:\/\/www.orakcimakina.com\/wp-content\/uploads\/2024\/12\/E-PTO-min-768x529.jpg.webp 768w, https:\/\/www.orakcimakina.com\/wp-content\/uploads\/2024\/12\/E-PTO-min-18x12.jpg.webp 18w\" title=\"\">\t\t\t\t\t\t\t\t\t\t\t\t\t\t\t<\/div>\n\t\t\t\t<\/div>\n\t\t\t\t<div class=\"elementor-element elementor-element-15e6b53 elementor-widget elementor-widget-heading\" data-id=\"15e6b53\" data-element_type=\"widget\" data-e-type=\"widget\" data-widget_type=\"heading.default\">\n\t\t\t\t<div class=\"elementor-widget-container\">\n\t\t\t\t\t<div class=\"elementor-heading-title elementor-size-default\"><p>Innovative Solutions <span><\/span><\/p><\/div>\t\t\t\t<\/div>\n\t\t\t\t<\/div>\n\t\t\t\t<div class=\"elementor-element elementor-element-73c6e6e elementor-widget elementor-widget-wd_button\" data-id=\"73c6e6e\" data-element_type=\"widget\" data-e-type=\"widget\" data-widget_type=\"wd_button.default\">\n\t\t\t\t<div class=\"elementor-widget-container\">\n\t\t\t\t\t\t\t<div class=\"wd-button-wrapper text-center\" >\n\t\t\t<a class=\"btn btn-style-bordered btn-style-rectangle btn-size-large btn-scheme-light btn-scheme-hover-inherit btn-icon-pos-right\"  href=\"https:\/\/www.orakcimakina.com\/ar\/yenilikci-urunler\/\">\n\t\t\t\t<span class=\"wd-btn-text\" data-elementor-setting-key=\"text\">\n\t\t\t\t\t\u0627\u0644\u0627\u0643\u062a\u0634\u0627\u0641\t\t\t\t<\/span>\n\n\t\t\t\t\t\t\t<\/a>\n\t\t<\/div>\n\t\t\t\t\t\t<\/div>\n\t\t\t\t<\/div>\n\t\t\t\t<\/div>\n\t\t\t\t\t<\/div>\n\t\t\t\t<\/div>\n\t\t\t\t\t<\/div>\n\t\t\t\t<\/div>\n\t\t\t\t<\/div>","protected":false},"excerpt":{"rendered":"<p>Anasayfa \u00bb \u00dcr\u00fcnler \u00dcR\u00dcNLER\u0130M\u0130Z Hidrolik S\u0131k\u0131\u015ft\u0131rmal\u0131 \u00c7\u00f6p Kasalar\u0131 KE\u015eFET Monoblok Kompakt\u00f6rler KE\u015eFET Mini Damper \u00c7\u00f6p Kasalar\u0131 KE\u015eFET Y\u00fckleyiciler KE\u015eFET Yol<\/p>","protected":false},"author":3,"featured_media":0,"parent":0,"menu_order":0,"comment_status":"closed","ping_status":"closed","template":"elementor_header_footer","meta":{"footnotes":""},"class_list":["post-16403","page","type-page","status-publish","hentry"],"_links":{"self":[{"href":"https:\/\/www.orakcimakina.com\/ar\/wp-json\/wp\/v2\/pages\/16403","targetHints":{"allow":["GET"]}}],"collection":[{"href":"https:\/\/www.orakcimakina.com\/ar\/wp-json\/wp\/v2\/pages"}],"about":[{"href":"https:\/\/www.orakcimakina.com\/ar\/wp-json\/wp\/v2\/types\/page"}],"author":[{"embeddable":true,"href":"https:\/\/www.orakcimakina.com\/ar\/wp-json\/wp\/v2\/users\/3"}],"replies":[{"embeddable":true,"href":"https:\/\/www.orakcimakina.com\/ar\/wp-json\/wp\/v2\/comments?post=16403"}],"version-history":[{"count":7,"href":"https:\/\/www.orakcimakina.com\/ar\/wp-json\/wp\/v2\/pages\/16403\/revisions"}],"predecessor-version":[{"id":18205,"href":"https:\/\/www.orakcimakina.com\/ar\/wp-json\/wp\/v2\/pages\/16403\/revisions\/18205"}],"wp:attachment":[{"href":"https:\/\/www.orakcimakina.com\/ar\/wp-json\/wp\/v2\/media?parent=16403"}],"curies":[{"name":"wp","href":"https:\/\/api.w.org\/{rel}","templated":true}]}}