{"id":16002,"date":"2024-01-04T18:10:34","date_gmt":"2024-01-04T15:10:34","guid":{"rendered":"https:\/\/www.orakcimakina.com\/?page_id=16002"},"modified":"2025-05-26T23:07:39","modified_gmt":"2025-05-26T20:07:39","slug":"%d9%84%d9%88%d8%af%d8%b1-%d8%a3%d9%88%d9%87%d9%84-%d8%a3%d8%ad%d8%a7%d8%af%d9%8a-%d8%a7%d9%84%d8%b0%d8%b1%d8%a7%d8%b9","status":"publish","type":"page","link":"https:\/\/www.orakcimakina.com\/ar\/yukleyiciler\/ohl-tek-kollu-yukleyici\/","title":{"rendered":"\u0645\u0627\u0643\u064a\u0646\u0629 \u0627\u0644\u062a\u062d\u0645\u064a\u0644 \u0628\u0630\u0631\u0627\u0639 \u0648\u0627\u062d\u062f\u0629 OHL"},"content":{"rendered":"<div data-elementor-type=\"wp-page\" data-elementor-id=\"16002\" class=\"elementor elementor-16002\">\n\t\t\t\t<div class=\"elementor-element elementor-element-6d89c81 wd-section-stretch e-flex e-con-boxed e-con e-parent\" data-id=\"6d89c81\" data-element_type=\"container\" data-e-type=\"container\" data-settings=\"{&quot;background_background&quot;:&quot;classic&quot;}\">\n\t\t\t\t\t<div class=\"e-con-inner\">\n\t\t\t\t<div class=\"elementor-element elementor-element-208e0a5 elementor-widget elementor-widget-image\" data-id=\"208e0a5\" data-element_type=\"widget\" data-e-type=\"widget\" data-widget_type=\"image.default\">\n\t\t\t\t<div class=\"elementor-widget-container\">\n\t\t\t\t\t\t\t\t\t\t\t\t\t\t\t<img decoding=\"async\" width=\"140\" height=\"81\" src=\"https:\/\/www.orakcimakina.com\/wp-content\/themes\/woodmart\/images\/lazy.png\" class=\"attachment-full size-full wp-image-15986 wd-lazy-load wd-lazy-none\" alt=\"\" data-wood-src=\"https:\/\/www.orakcimakina.com\/wp-content\/uploads\/2024\/01\/YUKLEYICILER.png.webp\" srcset=\"\" title=\"\">\t\t\t\t\t\t\t\t\t\t\t\t\t\t\t<\/div>\n\t\t\t\t<\/div>\n\t\t\t\t<div class=\"elementor-element elementor-element-64ff13a elementor-widget elementor-widget-heading\" data-id=\"64ff13a\" data-element_type=\"widget\" data-e-type=\"widget\" data-widget_type=\"heading.default\">\n\t\t\t\t<div class=\"elementor-widget-container\">\n\t\t\t\t\t<h1 class=\"elementor-heading-title elementor-size-default\"><a href=\"https:\/\/www.orakcimakina.com\/ar\/%d8%a7%d9%84%d9%85%d8%b7%d9%88%d8%b1%d9%88%d9%86\/\">\u0644\u0648\u0627\u062f\u0631 \" \u0644\u0648\u062f\u0631 \u0628\u0630\u0631\u0627\u0639 \u0648\u0627\u062d\u062f OHL<\/a><\/h1>\t\t\t\t<\/div>\n\t\t\t\t<\/div>\n\t\t\t\t\t<\/div>\n\t\t\t\t<\/div>\n\t\t<div class=\"elementor-element elementor-element-b86dc8e e-con-full wd-section-stretch-content e-flex e-con e-parent\" data-id=\"b86dc8e\" data-element_type=\"container\" data-e-type=\"container\" data-settings=\"{&quot;background_background&quot;:&quot;classic&quot;}\">\n\t\t\t\t<div class=\"elementor-element elementor-element-549a708 elementor-widget elementor-widget-heading\" data-id=\"549a708\" data-element_type=\"widget\" data-e-type=\"widget\" data-widget_type=\"heading.default\">\n\t\t\t\t<div class=\"elementor-widget-container\">\n\t\t\t\t\t<h1 class=\"elementor-heading-title elementor-size-default\">\u0630\u0631\u0627\u0639 \u0648\u0627\u062d\u062f\u0629 OHL <br>\n<span style=\"font-size: 20px,\">\u0627\u0644\u0644\u0648\u062f\u0631<\/span><\/h1>\t\t\t\t<\/div>\n\t\t\t\t<\/div>\n\t\t\t\t<\/div>\n\t\t<div class=\"elementor-element elementor-element-a7f9193 e-flex e-con-boxed wd-section-disabled e-con e-parent\" data-id=\"a7f9193\" data-element_type=\"container\" data-e-type=\"container\">\n\t\t\t\t\t<div class=\"e-con-inner\">\n\t\t<div class=\"elementor-element elementor-element-01196ee e-con-full e-flex wd-section-disabled e-con e-child\" data-id=\"01196ee\" data-element_type=\"container\" data-e-type=\"container\">\n\t\t\t\t<div class=\"elementor-element elementor-element-6139bf6 color-scheme-inherit text-left elementor-widget elementor-widget-text-editor\" data-id=\"6139bf6\" data-element_type=\"widget\" data-e-type=\"widget\" data-widget_type=\"text-editor.default\">\n\t\t\t\t<div class=\"elementor-widget-container\">\n\t\t\t\t\t\t\t\t\t<p>\u0631\u0627\u0641\u0639\u0629 \u062e\u0637\u0627\u0641\u064a\u0629 \u0645\u0646 \u0633\u0644\u0633\u0644\u0629 OHL\u060c \u0648\u0627\u0644\u062a\u064a \u0635\u0645\u0645\u0646\u0627\u0647\u0627 \u0644\u0644\u0634\u0631\u0643\u0627\u062a \u0627\u0644\u0639\u0627\u0645\u0644\u0629 \u0641\u064a \u0642\u0637\u0627\u0639 \u062c\u0645\u0639 \u0627\u0644\u0646\u0641\u0627\u064a\u0627\u062a \u0627\u0644\u0645\u0646\u0632\u0644\u064a\u0629 \u0648\u0627\u0644\u0635\u0646\u0627\u0639\u064a\u0629 \u0648\u0646\u0642\u0644 \u0627\u0644\u0645\u0648\u0627\u062f \u0627\u0644\u0635\u0644\u0628\u0629 \u0627\u0644\u0645\u062e\u062a\u0644\u0641\u0629\u061b \u0648\u0647\u064a \u0645\u062a\u0648\u0641\u0631\u0629 \u0644\u0644\u0639\u0645\u0644\u0627\u0621 \u0628\u062e\u064a\u0627\u0631\u0627\u062a \u0645\u062e\u062a\u0644\u0641\u0629 \u0644\u0642\u062f\u0631\u0627\u062a \u0627\u0644\u0631\u0641\u0639 \u0628\u0627\u0644\u062d\u0645\u0648\u0644\u0629.<\/p>\t\t\t\t\t\t\t\t<\/div>\n\t\t\t\t<\/div>\n\t\t\t\t<div class=\"elementor-element elementor-element-5bd038c elementor-widget elementor-widget-video\" data-id=\"5bd038c\" data-element_type=\"widget\" data-e-type=\"widget\" data-settings=\"{&quot;youtube_url&quot;:&quot;https:\\\/\\\/www.youtube.com\\\/watch?v=YDzkPhXLzFs&quot;,&quot;video_type&quot;:&quot;youtube&quot;,&quot;controls&quot;:&quot;yes&quot;}\" data-widget_type=\"video.default\">\n\t\t\t\t<div class=\"elementor-widget-container\">\n\t\t\t\t\t\t\t<div class=\"elementor-wrapper elementor-open-inline\">\n\t\t\t<div class=\"elementor-video\"><\/div>\t\t<\/div>\n\t\t\t\t\t\t<\/div>\n\t\t\t\t<\/div>\n\t\t\t\t<div class=\"elementor-element elementor-element-2e251a5 color-scheme-inherit text-left elementor-widget elementor-widget-text-editor\" data-id=\"2e251a5\" data-element_type=\"widget\" data-e-type=\"widget\" data-widget_type=\"text-editor.default\">\n\t\t\t\t<div class=\"elementor-widget-container\">\n\t\t\t\t\t\t\t\t\t<p>\u0643\u0645\u0627 \u0623\u0646 \u0646\u0648\u0639 \u0627\u0644\u0646\u0641\u0627\u064a\u0627\u062a \u0623\u0648 \u0627\u0644\u0645\u0648\u0627\u062f \u0627\u0644\u0635\u0644\u0628\u0629 \u0627\u0644\u0645\u062e\u062a\u0644\u0641\u0629 \u0627\u0644\u0645\u0631\u0627\u062f \u0646\u0642\u0644\u0647\u0627 \u0644\u0647 \u0623\u0647\u0645\u064a\u0629 \u0643\u0628\u064a\u0631\u0629 \u0639\u0646\u062f \u0627\u062e\u062a\u064a\u0627\u0631 \u0627\u0644\u0645\u0631\u0643\u0628\u0629. \u0644\u0642\u062f \u062a\u0645 \u062a\u0635\u0645\u064a\u0645 \u0627\u0644\u0645\u0646\u062a\u062c\u0627\u062a \u0627\u0644\u062a\u064a \u064a\u0645\u0643\u0646\u0647\u0627 \u062d\u0645\u0644 \u062d\u0645\u0648\u0644\u0627\u062a \u0645\u062e\u062a\u0644\u0641\u0629 \u0648\u0623\u0646\u0648\u0627\u0639 \u0645\u062e\u062a\u0644\u0641\u0629 \u0645\u0646 \u0627\u0644\u062d\u0627\u0648\u064a\u0627\u062a \u0648\u0627\u0644\u0645\u0639\u062f\u0627\u062a \u0628\u063a\u0631\u0636 \u0625\u0631\u0636\u0627\u0621 \u0627\u0644\u0639\u0645\u0644\u0627\u0621 \u0648\u062a\u0648\u0633\u064a\u0639 \u0646\u0637\u0627\u0642 \u0627\u0644\u0627\u0633\u062a\u062e\u062f\u0627\u0645. \u0648\u0628\u0641\u0636\u0644 \u0631\u0623\u0633 \u0627\u0644\u062e\u0637\u0627\u0641 \u0627\u0644\u0642\u0627\u0628\u0644 \u0644\u0644\u062a\u0628\u062f\u064a\u0644\u060c \u0641\u0625\u0646\u0647\u0627 \u062a\u0633\u0627\u0647\u0645 \u0628\u0634\u0643\u0644 \u0643\u0628\u064a\u0631 \u0641\u064a \u062a\u0642\u0644\u064a\u0644 \u0627\u0644\u062a\u0643\u0644\u0641\u0629 \u0628\u0627\u0644\u0646\u0633\u0628\u0629 \u0644\u0644\u0645\u0642\u0627\u0648\u0644\u064a\u0646 \u0648\u0627\u0644\u0628\u0644\u062f\u064a\u0627\u062a \u0648\u0627\u0644\u0634\u0631\u0643\u0627\u062a \u0627\u0644\u0623\u062e\u0631\u0649 \u0645\u0646 \u062e\u0644\u0627\u0644 \u062a\u0642\u0644\u064a\u0644 \u0627\u062d\u062a\u064a\u0627\u062c\u0627\u062a \u0627\u0644\u0623\u0633\u0637\u0648\u0644.<\/p><p>\u0627\u0644\u0645\u0648\u0627\u062f \u0627\u0644\u0645\u0633\u062a\u062e\u062f\u0645\u0629 \u0641\u064a \u0647\u0630\u0647 \u0627\u0644\u0645\u0646\u062a\u062c\u0627\u062a \u0647\u064a \u0645\u0648\u0627\u062f \u0645\u062a\u064a\u0646\u0629 \u062a\u0645 \u0627\u062e\u062a\u064a\u0627\u0631\u0647\u0627 \u0628\u0639\u062f \u0625\u062c\u0631\u0627\u0621 \u062a\u062d\u0644\u064a\u0644\u0627\u062a \u062e\u0627\u0635\u0629.<\/p><p>\u064a\u062a\u0645 \u062a\u0636\u0645\u064a\u0646 \u0627\u0644\u0639\u062f\u064a\u062f \u0645\u0646 \u0627\u0644\u0625\u0636\u0627\u0641\u0627\u062a \u0644\u062a\u0633\u0647\u064a\u0644 \u0627\u0633\u062a\u062e\u062f\u0627\u0645 \u0627\u0644\u0645\u0634\u063a\u0644 \u0641\u064a \u0627\u0644\u0623\u062c\u0647\u0632\u0629 \u0627\u0644\u0625\u0644\u0643\u062a\u0631\u0648\u0646\u064a\u0629 \u0627\u0644\u0642\u0627\u0628\u0644\u0629 \u0644\u0644\u0628\u0631\u0645\u062c\u0629 \u0641\u064a \u0627\u0644\u062f\u0645\u0627\u063a (ECU) \u0639\u0644\u0649 \u0627\u0644\u0645\u0639\u062f\u0627\u062a \u0648\u064a\u0645\u0643\u0646 \u0625\u0636\u0627\u0641\u0629 \u0645\u064a\u0632\u0627\u062a \u0625\u0636\u0627\u0641\u064a\u0629 \u062d\u0633\u0628 \u0637\u0644\u0628 \u0627\u0644\u0639\u0645\u064a\u0644. (\u0634\u0627\u0634\u0629 \u062a\u0639\u0645\u0644 \u0628\u0627\u0644\u0644\u0645\u0633\u060c \u0648\u0646\u0638\u0627\u0645 \u0627\u0644\u062a\u062d\u0643\u0645 \u0639\u0646 \u0628\u064f\u0639\u062f\u060c \u0648\u0645\u0627 \u0625\u0644\u0649 \u0630\u0644\u0643) \u064a\u0645\u0643\u0646 \u0644\u0633\u0627\u0626\u0642\u064a \u0627\u0644\u0634\u0627\u062d\u0646\u0627\u062a \u0625\u0643\u0645\u0627\u0644 \u0639\u0645\u0644\u064a\u0629 \u0627\u0644\u0627\u0633\u062a\u0644\u0627\u0645 \u0623\u0648 \u0627\u0644\u0625\u0646\u0632\u0627\u0644 \u0628\u0623\u0645\u0627\u0646 \u0648\u0633\u0647\u0648\u0644\u0629 \u0645\u0646 \u062f\u0627\u062e\u0644 \u0645\u0642\u0635\u0648\u0631\u0629 \u0627\u0644\u0634\u0627\u062d\u0646\u0627\u062a.<\/p>\t\t\t\t\t\t\t\t<\/div>\n\t\t\t\t<\/div>\n\t\t\t\t<\/div>\n\t\t\t\t\t<\/div>\n\t\t\t\t<\/div>\n\t\t<div class=\"elementor-element elementor-element-94d570c e-flex e-con-boxed wd-section-disabled e-con e-parent\" data-id=\"94d570c\" data-element_type=\"container\" data-e-type=\"container\">\n\t\t\t\t\t<div class=\"e-con-inner\">\n\t\t\t\t<div class=\"elementor-element elementor-element-c8fd2cf elementor-arrows-position-inside elementor-pagination-position-outside elementor-widget elementor-widget-image-carousel\" data-id=\"c8fd2cf\" data-element_type=\"widget\" data-e-type=\"widget\" data-settings=\"{&quot;slides_to_show&quot;:&quot;1&quot;,&quot;navigation&quot;:&quot;both&quot;,&quot;autoplay&quot;:&quot;yes&quot;,&quot;pause_on_hover&quot;:&quot;yes&quot;,&quot;pause_on_interaction&quot;:&quot;yes&quot;,&quot;autoplay_speed&quot;:5000,&quot;infinite&quot;:&quot;yes&quot;,&quot;effect&quot;:&quot;slide&quot;,&quot;speed&quot;:500}\" data-widget_type=\"image-carousel.default\">\n\t\t\t\t<div class=\"elementor-widget-container\">\n\t\t\t\t\t\t\t<div class=\"elementor-image-carousel-wrapper swiper\" role=\"region\" aria-roledescription=\"carousel\" aria-label=\"\u0639\u0627\u0631\u0636 \u0627\u0644\u0635\u0648\u0631\" dir=\"ltr\">\n\t\t\t<div class=\"elementor-image-carousel swiper-wrapper\" aria-live=\"off\">\n\t\t\t\t\t\t\t\t<div class=\"swiper-slide\" role=\"group\" aria-roledescription=\"slide\" aria-label=\"1 \u0645\u0646 2\" data-no-translation-aria-label=\"\"><figure class=\"swiper-slide-inner\"><img decoding=\"async\" class=\"swiper-slide-image\" src=\"https:\/\/www.orakcimakina.com\/wp-content\/uploads\/2024\/01\/IMG_0405.png.webp\" alt=\"IMG_0405.png\" title=\"\"><\/figure><\/div><div class=\"swiper-slide\" role=\"group\" aria-roledescription=\"slide\" aria-label=\"2 \u0645\u0646 2\" data-no-translation-aria-label=\"\"><figure class=\"swiper-slide-inner\"><img decoding=\"async\" class=\"swiper-slide-image\" src=\"https:\/\/www.orakcimakina.com\/wp-content\/uploads\/2024\/01\/IMG_0513.png.webp\" alt=\"IMG_0513.png\" title=\"\"><\/figure><\/div>\t\t\t<\/div>\n\t\t\t\t\t\t\t\t\t\t\t\t<div class=\"elementor-swiper-button elementor-swiper-button-prev\" role=\"button\" tabindex=\"0\">\n\t\t\t\t\t\t<svg aria-hidden=\"true\" class=\"e-font-icon-svg e-eicon-chevron-left\" viewbox=\"0 0 1000 1000\" xmlns=\"http:\/\/www.w3.org\/2000\/svg\"><path d=\"M646 125C629 125 613 133 604 142L308 442C296 454 292 471 292 487 292 504 296 521 308 533L604 854C617 867 629 875 646 875 663 875 679 871 692 858 704 846 713 829 713 812 713 796 708 779 692 767L438 487 692 225C700 217 708 204 708 187 708 171 704 154 692 142 675 129 663 125 646 125Z\"><\/path><\/svg>\t\t\t\t\t<\/div>\n\t\t\t\t\t<div class=\"elementor-swiper-button elementor-swiper-button-next\" role=\"button\" tabindex=\"0\">\n\t\t\t\t\t\t<svg aria-hidden=\"true\" class=\"e-font-icon-svg e-eicon-chevron-right\" viewbox=\"0 0 1000 1000\" xmlns=\"http:\/\/www.w3.org\/2000\/svg\"><path d=\"M696 533C708 521 713 504 713 487 713 471 708 454 696 446L400 146C388 133 375 125 354 125 338 125 325 129 313 142 300 154 292 171 292 187 292 204 296 221 308 233L563 492 304 771C292 783 288 800 288 817 288 833 296 850 308 863 321 871 338 875 354 875 371 875 388 867 400 854L696 533Z\"><\/path><\/svg>\t\t\t\t\t<\/div>\n\t\t\t\t\n\t\t\t\t\t\t\t\t\t<div class=\"swiper-pagination\"><\/div>\n\t\t\t\t\t\t\t\t\t<\/div>\n\t\t\t\t\t\t<\/div>\n\t\t\t\t<\/div>\n\t\t\t\t\t<\/div>\n\t\t\t\t<\/div>\n\t\t<div class=\"elementor-element elementor-element-b9c5793 wd-section-stretch e-flex e-con-boxed e-con e-parent\" data-id=\"b9c5793\" data-element_type=\"container\" data-e-type=\"container\" data-settings=\"{&quot;background_background&quot;:&quot;classic&quot;}\">\n\t\t\t\t\t<div class=\"e-con-inner\">\n\t\t\t\t<div class=\"elementor-element elementor-element-51ef105 elementor-widget elementor-widget-wd_image_or_svg\" data-id=\"51ef105\" data-element_type=\"widget\" data-e-type=\"widget\" data-widget_type=\"wd_image_or_svg.default\">\n\t\t\t\t<div class=\"elementor-widget-container\">\n\t\t\t\t\t\n\t\t<div class=\"wd-image text-left\">\n\t\t\t\t\t\t\t\t<img decoding=\"async\" width=\"52\" height=\"61\" src=\"https:\/\/www.orakcimakina.com\/wp-content\/themes\/woodmart\/images\/lazy.png\" class=\"attachment-52x61 size-52x61 wd-lazy-load wd-lazy-none\" alt=\"\" srcset=\"\" sizes=\"(max-width: 52px) 100vw, 52px\" data-wood-src=\"https:\/\/www.orakcimakina.com\/wp-content\/uploads\/2024\/01\/Vector-Smart-Object-3.png-52x61.webp\" data-srcset=\"https:\/\/www.orakcimakina.com\/wp-content\/uploads\/2024\/01\/Vector-Smart-Object-3.png-52x61.webp 52w, https:\/\/www.orakcimakina.com\/wp-content\/uploads\/2024\/01\/Vector-Smart-Object-3.png.webp 91w\" title=\"\">\t\t\t\t\t<\/div>\n\n\t\t\t\t\t\t<\/div>\n\t\t\t\t<\/div>\n\t\t\t\t<div class=\"elementor-element elementor-element-25a5fd2 elementor-widget elementor-widget-heading\" data-id=\"25a5fd2\" data-element_type=\"widget\" data-e-type=\"widget\" data-widget_type=\"heading.default\">\n\t\t\t\t<div class=\"elementor-widget-container\">\n\t\t\t\t\t<h2 class=\"elementor-heading-title elementor-size-default\">\n\u0627\u0644\u0645\u064a\u0632\u0627\u062a \u0627\u0644\u0642\u064a\u0627\u0633\u064a\u0629<\/h2>\t\t\t\t<\/div>\n\t\t\t\t<\/div>\n\t\t\t\t\t<\/div>\n\t\t\t\t<\/div>\n\t\t<div class=\"elementor-element elementor-element-8f94ed8 e-flex e-con-boxed wd-section-disabled e-con e-parent\" data-id=\"8f94ed8\" data-element_type=\"container\" data-e-type=\"container\">\n\t\t\t\t\t<div class=\"e-con-inner\">\n\t\t\t\t<div class=\"elementor-element elementor-element-682fdaa color-scheme-inherit text-left elementor-widget elementor-widget-text-editor\" data-id=\"682fdaa\" data-element_type=\"widget\" data-e-type=\"widget\" data-widget_type=\"text-editor.default\">\n\t\t\t\t<div class=\"elementor-widget-container\">\n\t\t\t\t\t\t\t\t\t<p><br \/>\u0627\u0644\u0633\u0639\u0629 6 \u062a - 26 \u062a - 26 \u062a<br \/>\u0648\u0641\u0642\u064b\u0627 \u0644\u0644\u0645\u0639\u064a\u0627\u0631 -DIN 30722<br \/>-12 \u0641\u0648\u0644\u062a - 24 \u0641\u0648\u0644\u062a \u0645\u062a\u0648\u0627\u0641\u0642 \u0645\u0639 \u062c\u0647\u062f \u0627\u0644\u062a\u0634\u063a\u064a\u0644<br \/>-\u0646\u0638\u0627\u0645 \u0642\u0641\u0644 \u0627\u0644\u062d\u0627\u0648\u064a\u0629 \u0627\u0644\u0630\u064a \u064a\u0648\u0641\u0631 \u0633\u0644\u0627\u0645\u0629 \u0627\u0644\u0646\u0642\u0644 \u0623\u062b\u0646\u0627\u0621 \u0627\u0644\u0633\u0641\u0631<br \/>-\u0646\u0638\u0627\u0645 \u0623\u0645\u0627\u0646 \u0627\u0644\u0633\u0641\u0631 \u0628\u0630\u0631\u0627\u0639 \u0627\u0644\u0631\u0627\u0641\u0639\u0629 \u0627\u0644\u062a\u0644\u0633\u0643\u0648\u0628\u064a<br \/>-\u0635\u0645\u0627\u0645 \u0627\u0644\u0627\u062d\u062a\u0641\u0627\u0638 \u0628\u0627\u0644\u062d\u0645\u0648\u0644\u0629 \u0639\u0644\u0649 \u0627\u0644\u0645\u0643\u0627\u0628\u0633 \u0636\u062f \u0627\u0646\u0641\u062c\u0627\u0631 \u0627\u0644\u062e\u0631\u0637\u0648\u0645<br \/>-\u0645\u062b\u0628\u062a \u062e\u0644\u0641\u064a<br \/>-\u062a\u0637\u0628\u064a\u0642 \u0637\u0644\u0627\u0621 \u0627\u0644\u0641\u0631\u0646<br \/>-\u0623\u0630\u0631\u0639 \u0645\u0635\u0646\u0648\u0639\u0629 \u0645\u0646 \u0635\u0641\u0627\u0626\u062d \u0645\u0639\u062f\u0646\u064a\u0629 \u0639\u0627\u0644\u064a\u0629 \u0627\u0644\u0642\u0648\u0629<br \/>-\u0645\u0635\u0628\u0627\u062d \u0627\u0644\u0639\u0645\u0644<br \/>-\u0646\u0638\u0627\u0645 \u0627\u0644\u062a\u062d\u0643\u0645 \u0627\u0644\u064a\u062f\u0648\u064a \u0641\u064a \u0627\u0644\u0645\u0639\u062f\u0627\u062a<\/p>\t\t\t\t\t\t\t\t<\/div>\n\t\t\t\t<\/div>\n\t\t\t\t\t<\/div>\n\t\t\t\t<\/div>\n\t\t<div class=\"elementor-element elementor-element-84c22d7 wd-section-stretch e-flex e-con-boxed e-con e-parent\" data-id=\"84c22d7\" data-element_type=\"container\" data-e-type=\"container\" data-settings=\"{&quot;background_background&quot;:&quot;classic&quot;}\">\n\t\t\t\t\t<div class=\"e-con-inner\">\n\t\t\t\t<div class=\"elementor-element elementor-element-136c418 elementor-widget elementor-widget-wd_image_or_svg\" data-id=\"136c418\" data-element_type=\"widget\" data-e-type=\"widget\" data-widget_type=\"wd_image_or_svg.default\">\n\t\t\t\t<div class=\"elementor-widget-container\">\n\t\t\t\t\t\n\t\t<div class=\"wd-image text-left\">\n\t\t\t\t\t\t\t\t<img decoding=\"async\" width=\"52\" height=\"61\" src=\"https:\/\/www.orakcimakina.com\/wp-content\/themes\/woodmart\/images\/lazy.png\" class=\"attachment-52x61 size-52x61 wd-lazy-load wd-lazy-none\" alt=\"\" data-wood-src=\"https:\/\/www.orakcimakina.com\/wp-content\/uploads\/2024\/01\/Vector-Smart-Object-1-1.png-52x61.webp\" srcset=\"\" title=\"\">\t\t\t\t\t<\/div>\n\n\t\t\t\t\t\t<\/div>\n\t\t\t\t<\/div>\n\t\t\t\t<div class=\"elementor-element elementor-element-047b4b2 elementor-widget elementor-widget-heading\" data-id=\"047b4b2\" data-element_type=\"widget\" data-e-type=\"widget\" data-widget_type=\"heading.default\">\n\t\t\t\t<div class=\"elementor-widget-container\">\n\t\t\t\t\t<h2 class=\"elementor-heading-title elementor-size-default\">\u0627\u0644\u0645\u064a\u0632\u0627\u062a \u0627\u0644\u0627\u062e\u062a\u064a\u0627\u0631\u064a\u0629<\/h2>\t\t\t\t<\/div>\n\t\t\t\t<\/div>\n\t\t\t\t\t<\/div>\n\t\t\t\t<\/div>\n\t\t<div class=\"elementor-element elementor-element-f65f147 e-flex e-con-boxed wd-section-disabled e-con e-parent\" data-id=\"f65f147\" data-element_type=\"container\" data-e-type=\"container\">\n\t\t\t\t\t<div class=\"e-con-inner\">\n\t\t\t\t<div class=\"elementor-element elementor-element-7323735 color-scheme-inherit text-left elementor-widget elementor-widget-text-editor\" data-id=\"7323735\" data-element_type=\"widget\" data-e-type=\"widget\" data-widget_type=\"text-editor.default\">\n\t\t\t\t<div class=\"elementor-widget-container\">\n\t\t\t\t\t\t\t\t\t<p><br \/>- \u0633\u0645\u0643 \u0627\u0644\u0648\u0631\u0642\u0629 \u0648\u062a\u063a\u064a\u0631 \u0627\u0644\u062c\u0648\u062f\u0629 \u0641\u064a \u0627\u0644\u0645\u0646\u0627\u0637\u0642 \u0627\u0644\u0645\u0631\u063a\u0648\u0628\u0629 \u0645\u0646 \u0627\u0644\u0645\u0639\u062f\u0627\u062a<br \/>-\u0646\u0638\u0627\u0645 \u0627\u0644\u062a\u062d\u0643\u0645 \u0639\u0646 \u0628\u0639\u062f<br \/>-\u0646\u0638\u0627\u0645 \u0642\u0641\u0644 \u0627\u0644\u062d\u0627\u0648\u064a\u0629 \u0627\u0644\u0647\u064a\u062f\u0631\u0648\u0644\u064a\u0643\u064a<br \/>-\u0645\u0635\u0628\u0627\u062d \u0627\u0644\u0635\u0631\u0627\u062e<br \/>-\u0645\u0635\u0627\u0628\u064a\u062d \u0627\u0644\u062e\u0644\u0648\u0635 \u0627\u0644\u062c\u0627\u0646\u0628\u064a\u0629<br \/>-\u0646\u0638\u0627\u0645 \u0627\u0644\u062a\u062d\u0630\u064a\u0631 \u0627\u0644\u0635\u0648\u062a\u064a<br \/>-\u0646\u0638\u0627\u0645 \u0627\u0644\u0643\u0627\u0645\u064a\u0631\u0627<br \/>-\u0646\u0638\u0627\u0645 \u0627\u0644\u062a\u0633\u062c\u064a\u0644 \u0628\u0627\u0644\u0643\u0627\u0645\u064a\u0631\u0627<br \/>\u0646\u0638\u0627\u0645 \u0627\u0644\u062a\u062d\u0643\u0645 \u0628\u0636\u063a\u0637\u0629 \u0632\u0631 \u062f\u0627\u062e\u0644 \u0627\u0644\u0645\u0642\u0635\u0648\u0631\u0629<br \/>\u0646\u0638\u0627\u0645 \u064a\u062a\u0645 \u0627\u0644\u062a\u062d\u0643\u0645 \u0641\u064a\u0647 \u0628\u0648\u062d\u062f\u0629 \u0627\u0644\u062a\u062d\u0643\u0645 \u0627\u0644\u0625\u0644\u0643\u062a\u0631\u0648\u0646\u064a\u0629 \u062f\u0627\u062e\u0644 \u0627\u0644\u0645\u0642\u0635\u0648\u0631\u0629 \u0645\u0639 \u0634\u0627\u0634\u0629 \u0645\u0642\u0627\u0633 4 \u0628\u0648\u0635\u0627\u062a \u0623\u0648 7 \u0628\u0648\u0635\u0627\u062a<br \/>\u0646\u0638\u0627\u0645 \u0627\u0644\u062a\u062d\u0643\u0645 \u0627\u0644\u0645\u0646\u0637\u0642\u064a \u0627\u0644\u0642\u0627\u0628\u0644 \u0644\u0644\u0628\u0631\u0645\u062c\u0629 \u0627\u0644\u0642\u0627\u0628\u0644\u0629 \u0644\u0644\u0628\u0631\u0645\u062c\u0629 (PLC) \u062f\u0627\u062e\u0644 \u0627\u0644\u0645\u0642\u0635\u0648\u0631\u0629 \u0645\u0639 \u0634\u0627\u0634\u0629 \u0645\u0642\u0627\u0633 4 \u0623\u0648 7 \u0628\u0648\u0635\u0627\u062a<br \/>-\u0646\u0638\u0627\u0645 CAN-BUS<br \/>-\u0639\u062f\u0627\u062f \u0648\u0642\u062a \u062a\u0634\u063a\u064a\u0644 \u0627\u0644\u0633\u064a\u0627\u0631\u0629<br \/>\u0639\u062f\u0627\u062f \u0648\u0642\u062a \u062a\u0634\u063a\u064a\u0644 -PTO<br \/>-\u0627\u0633\u062a\u0642\u0628\u0627\u0644 \u0645\u0639\u0644\u0648\u0645\u0627\u062a \u0646\u0642\u0644 \u0627\u0644\u0645\u0631\u0643\u0628\u0627\u062a<br \/>-\u062a\u0644\u0642\u064a \u0645\u0639\u0644\u0648\u0645\u0627\u062a \u062f\u0631\u062c\u0629 \u062d\u0631\u0627\u0631\u0629 \u0627\u0644\u0633\u064a\u0627\u0631\u0629<br \/>-\u0627\u0633\u062a\u0631\u062c\u0627\u0639 \u0628\u064a\u0627\u0646\u0627\u062a \u062f\u0631\u062c\u0629 \u062d\u0631\u0627\u0631\u0629 \u0632\u064a\u062a \u0627\u0644\u0645\u0639\u062f\u0627\u062a<br \/>-\u0642\u0631\u0627\u0621\u0629 \u0645\u0639\u0644\u0648\u0645\u0627\u062a \u062a\u0634\u063a\u064a\u0644 \u0627\u0644\u0645\u0639\u062f\u0627\u062a \u0645\u0646 \u062f\u0627\u062e\u0644 \u0627\u0644\u0645\u0642\u0635\u0648\u0631\u0629<br \/>-\u0646\u0638\u0627\u0645 \u0627\u0644\u0648\u0632\u0646<br \/>-\u062e\u064a\u0627\u0631\u0627\u062a \u0627\u0644\u0644\u063a\u0629 \u062d\u0633\u0628 \u0627\u0644\u0628\u0644\u062f<br \/>- \u0635\u0646\u062f\u0648\u0642 \u0645\u0637\u0641\u0623\u0629 \u0627\u0644\u062d\u0631\u064a\u0642<\/p>\t\t\t\t\t\t\t\t<\/div>\n\t\t\t\t<\/div>\n\t\t\t\t\t<\/div>\n\t\t\t\t<\/div>\n\t\t<div class=\"elementor-element elementor-element-e4c29c3 wd-section-stretch e-flex e-con-boxed e-con e-parent\" data-id=\"e4c29c3\" data-element_type=\"container\" data-e-type=\"container\" data-settings=\"{&quot;background_background&quot;:&quot;classic&quot;}\">\n\t\t\t\t\t<div class=\"e-con-inner\">\n\t\t\t\t<div class=\"elementor-element elementor-element-0b32481 elementor-widget elementor-widget-wd_image_or_svg\" data-id=\"0b32481\" data-element_type=\"widget\" data-e-type=\"widget\" data-widget_type=\"wd_image_or_svg.default\">\n\t\t\t\t<div class=\"elementor-widget-container\">\n\t\t\t\t\t\n\t\t<div class=\"wd-image text-left\">\n\t\t\t\t\t\t\t\t<img loading=\"lazy\" decoding=\"async\" width=\"52\" height=\"61\" src=\"https:\/\/www.orakcimakina.com\/wp-content\/themes\/woodmart\/images\/lazy.png\" class=\"attachment-52x61 size-52x61 wd-lazy-load wd-lazy-none\" alt=\"\" data-wood-src=\"https:\/\/www.orakcimakina.com\/wp-content\/uploads\/2024\/01\/Vector-Smart-Object-2-1.png-52x61.webp\" srcset=\"\" title=\"\">\t\t\t\t\t<\/div>\n\n\t\t\t\t\t\t<\/div>\n\t\t\t\t<\/div>\n\t\t<div class=\"elementor-element elementor-element-f378fc3 e-flex e-con-boxed wd-section-disabled e-con e-child\" data-id=\"f378fc3\" data-element_type=\"container\" data-e-type=\"container\">\n\t\t\t\t\t<div class=\"e-con-inner\">\n\t\t\t\t<div class=\"elementor-element elementor-element-d2f9885 elementor-widget elementor-widget-heading\" data-id=\"d2f9885\" data-element_type=\"widget\" data-e-type=\"widget\" data-widget_type=\"heading.default\">\n\t\t\t\t<div class=\"elementor-widget-container\">\n\t\t\t\t\t<h2 class=\"elementor-heading-title elementor-size-default\">\u0639\u0631\u0636 \u0627\u0644\u0643\u062a\u064a\u0628 \u0627\u0644\u062a\u0642\u0646\u064a<\/h2>\t\t\t\t<\/div>\n\t\t\t\t<\/div>\n\t\t\t\t<div class=\"elementor-element elementor-element-246bec0 elementor-widget elementor-widget-heading\" data-id=\"246bec0\" data-element_type=\"widget\" data-e-type=\"widget\" data-widget_type=\"heading.default\">\n\t\t\t\t<div class=\"elementor-widget-container\">\n\t\t\t\t\t<div class=\"elementor-heading-title elementor-size-default\"><a href=\"https:\/\/www.orakcimakina.com\/wp-content\/uploads\/2024\/05\/OHL-1.pdf\">\u0645\u0627\u0643\u064a\u0646\u0629 \u0627\u0644\u062a\u062d\u0645\u064a\u0644 \u0628\u0630\u0631\u0627\u0639 \u0648\u0627\u062d\u062f OHL PDF<\/a><\/div>\t\t\t\t<\/div>\n\t\t\t\t<\/div>\n\t\t\t\t\t<\/div>\n\t\t\t\t<\/div>\n\t\t\t\t\t<\/div>\n\t\t\t\t<\/div>\n\t\t\t\t<\/div>","protected":false},"excerpt":{"rendered":"<p>Y\u00fckleyiciler \u00bb OHL Tek Kollu Y\u00fckleyici OHL Tek Kollu Y\u00fckleyici Evsel ve end\u00fcstriyel at\u0131k toplama, \u00e7e\u015fitli kat\u0131 malzemelerin aktar\u0131m\u0131 sekt\u00f6r\u00fcnde<\/p>","protected":false},"author":3,"featured_media":0,"parent":15984,"menu_order":0,"comment_status":"closed","ping_status":"closed","template":"elementor_header_footer","meta":{"footnotes":""},"class_list":["post-16002","page","type-page","status-publish","hentry"],"_links":{"self":[{"href":"https:\/\/www.orakcimakina.com\/ar\/wp-json\/wp\/v2\/pages\/16002","targetHints":{"allow":["GET"]}}],"collection":[{"href":"https:\/\/www.orakcimakina.com\/ar\/wp-json\/wp\/v2\/pages"}],"about":[{"href":"https:\/\/www.orakcimakina.com\/ar\/wp-json\/wp\/v2\/types\/page"}],"author":[{"embeddable":true,"href":"https:\/\/www.orakcimakina.com\/ar\/wp-json\/wp\/v2\/users\/3"}],"replies":[{"embeddable":true,"href":"https:\/\/www.orakcimakina.com\/ar\/wp-json\/wp\/v2\/comments?post=16002"}],"version-history":[{"count":0,"href":"https:\/\/www.orakcimakina.com\/ar\/wp-json\/wp\/v2\/pages\/16002\/revisions"}],"up":[{"embeddable":true,"href":"https:\/\/www.orakcimakina.com\/ar\/wp-json\/wp\/v2\/pages\/15984"}],"wp:attachment":[{"href":"https:\/\/www.orakcimakina.com\/ar\/wp-json\/wp\/v2\/media?parent=16002"}],"curies":[{"name":"wp","href":"https:\/\/api.w.org\/{rel}","templated":true}]}}