{"id":15958,"date":"2024-01-04T17:52:04","date_gmt":"2024-01-04T14:52:04","guid":{"rendered":"https:\/\/www.orakcimakina.com\/?page_id=15958"},"modified":"2025-05-27T09:24:47","modified_gmt":"2025-05-27T06:24:47","slug":"%d9%85%d9%86%d8%b5%d8%a7%d8%aa-%d8%a7%d9%84%d8%b9%d9%85%d9%84-%d9%84%d9%84%d8%b9%d9%85%d9%84-%d9%81%d9%8a-%d8%a7%d9%84%d8%a3%d9%85%d8%a7%d9%83%d9%86-%d8%a7%d9%84%d9%85%d8%b1%d8%aa%d9%81%d8%b9%d8%a9","status":"publish","type":"page","link":"https:\/\/www.orakcimakina.com\/ar\/yuksekte-calisma-platformlari\/","title":{"rendered":"\u0645\u0646\u0635\u0627\u062a \u0627\u0644\u0639\u0645\u0644 \u0639\u0644\u0649 \u0627\u0631\u062a\u0641\u0627\u0639\u0627\u062a \u0639\u0627\u0644\u064a\u0629"},"content":{"rendered":"<div data-elementor-type=\"wp-page\" data-elementor-id=\"15958\" class=\"elementor elementor-15958\">\n\t\t\t\t<div class=\"elementor-element elementor-element-6d89c81 wd-section-stretch e-flex e-con-boxed e-con e-parent\" data-id=\"6d89c81\" data-element_type=\"container\" data-e-type=\"container\" data-settings=\"{&quot;background_background&quot;:&quot;classic&quot;}\">\n\t\t\t\t\t<div class=\"e-con-inner\">\n\t\t\t\t<div class=\"elementor-element elementor-element-208e0a5 elementor-widget elementor-widget-image\" data-id=\"208e0a5\" data-element_type=\"widget\" data-e-type=\"widget\" data-widget_type=\"image.default\">\n\t\t\t\t<div class=\"elementor-widget-container\">\n\t\t\t\t\t\t\t\t\t\t\t\t\t\t\t<img decoding=\"async\" width=\"126\" height=\"91\" src=\"https:\/\/www.orakcimakina.com\/wp-content\/themes\/woodmart\/images\/lazy.png\" class=\"attachment-full size-full wp-image-15961 wd-lazy-load wd-lazy-none\" alt=\"\" data-wood-src=\"https:\/\/www.orakcimakina.com\/wp-content\/uploads\/2024\/01\/YUKSEKTE-CALISMA-PLATFORMLARI.png.webp\" srcset=\"\" title=\"\">\t\t\t\t\t\t\t\t\t\t\t\t\t\t\t<\/div>\n\t\t\t\t<\/div>\n\t\t\t\t<div class=\"elementor-element elementor-element-64ff13a elementor-widget elementor-widget-heading\" data-id=\"64ff13a\" data-element_type=\"widget\" data-e-type=\"widget\" data-widget_type=\"heading.default\">\n\t\t\t\t<div class=\"elementor-widget-container\">\n\t\t\t\t\t<h1 class=\"elementor-heading-title elementor-size-default\"><a href=\"https:\/\/www.orakcimakina.com\/ar\/\">\u0627\u0644\u0635\u0641\u062d\u0629 \u0627\u0644\u0631\u0626\u064a\u0633\u064a\u0629<\/a> \u00bb <a href=\"https:\/\/www.orakcimakina.com\/ar\/%d8%a7%d9%84%d9%85%d9%86%d8%aa%d8%ac%d8%a7%d8%aa\/\">\u0627\u0644\u0645\u0646\u062a\u062c\u0627\u062a<\/a> \" \u0645\u0646\u0635\u0627\u062a \u0627\u0644\u0639\u0645\u0644 \u0639\u0644\u0649 \u0627\u0631\u062a\u0641\u0627\u0639\u0627\u062a \u0639\u0627\u0644\u064a\u0629<\/h1>\t\t\t\t<\/div>\n\t\t\t\t<\/div>\n\t\t\t\t\t<\/div>\n\t\t\t\t<\/div>\n\t\t<div class=\"elementor-element elementor-element-b86dc8e e-con-full wd-section-stretch-content e-flex e-con e-parent\" data-id=\"b86dc8e\" data-element_type=\"container\" data-e-type=\"container\" data-settings=\"{&quot;background_background&quot;:&quot;classic&quot;}\">\n\t\t\t\t<div class=\"elementor-element elementor-element-549a708 elementor-widget elementor-widget-heading\" data-id=\"549a708\" data-element_type=\"widget\" data-e-type=\"widget\" data-widget_type=\"heading.default\">\n\t\t\t\t<div class=\"elementor-widget-container\">\n\t\t\t\t\t<h1 class=\"elementor-heading-title elementor-size-default\">\u0627\u0644\u0639\u0645\u0644 \u0641\u064a \u0627\u0644\u0645\u0631\u062a\u0641\u0639\u0627\u062a <br>\n\u0627\u0644\u0645\u0646\u0635\u0627\u062a <\/h1>\t\t\t\t<\/div>\n\t\t\t\t<\/div>\n\t\t\t\t<\/div>\n\t\t<div class=\"elementor-element elementor-element-a7f9193 e-flex e-con-boxed wd-section-disabled e-con e-parent\" data-id=\"a7f9193\" data-element_type=\"container\" data-e-type=\"container\">\n\t\t\t\t\t<div class=\"e-con-inner\">\n\t\t<div class=\"elementor-element elementor-element-a0b958f e-con-full e-flex wd-section-disabled e-con e-child\" data-id=\"a0b958f\" data-element_type=\"container\" data-e-type=\"container\">\n\t\t\t\t<div class=\"elementor-element elementor-element-d36805a elementor-widget elementor-widget-heading\" data-id=\"d36805a\" data-element_type=\"widget\" data-e-type=\"widget\" data-widget_type=\"heading.default\">\n\t\t\t\t<div class=\"elementor-widget-container\">\n\t\t\t\t\t<div class=\"elementor-heading-title elementor-size-default\">\u062a\u064f\u0639\u062f \u0627\u0644\u0645\u0646\u0635\u0627\u062a \u0627\u0644\u062a\u0644\u0633\u0643\u0648\u0628\u064a\u0629 \u0627\u0644\u0645\u0633\u0627\u0639\u062f\u0629 \u0644\u0644\u0639\u0645\u0644 \u0627\u0644\u0645\u0631\u064a\u062d \u0648\u0627\u0644\u0622\u0645\u0646 \u0641\u064a \u0627\u0644\u0639\u0645\u0644\u064a\u0627\u062a \u0627\u0644\u0645\u064a\u062f\u0627\u0646\u064a\u0629 \u0627\u0644\u0639\u0627\u0644\u064a\u0629 \u062c\u0632\u0621\u064b\u0627 \u0644\u0627 \u064a\u062a\u062c\u0632\u0623 \u0645\u0646 \u0627\u0644\u0648\u0638\u0627\u0626\u0641 \u0627\u0644\u0635\u0639\u0628\u0629.<\/div>\t\t\t\t<\/div>\n\t\t\t\t<\/div>\n\t\t\t\t<\/div>\n\t\t<div class=\"elementor-element elementor-element-01196ee e-con-full e-flex wd-section-disabled e-con e-child\" data-id=\"01196ee\" data-element_type=\"container\" data-e-type=\"container\">\n\t\t\t\t<div class=\"elementor-element elementor-element-6139bf6 color-scheme-inherit text-left elementor-widget elementor-widget-text-editor\" data-id=\"6139bf6\" data-element_type=\"widget\" data-e-type=\"widget\" data-widget_type=\"text-editor.default\">\n\t\t\t\t<div class=\"elementor-widget-container\">\n\t\t\t\t\t\t\t\t\t<p>\u0647\u0630\u0647 \u0627\u0644\u0645\u0646\u0635\u0627\u062a \u063a\u064a\u0631 \u0645\u0646\u0627\u0633\u0628\u0629 \u0645\u0646 \u0627\u0644\u0646\u0627\u062d\u064a\u0629 \u0627\u0644\u0641\u0646\u064a\u0629 \u0644\u062d\u0645\u0644 \u0627\u0644\u0623\u062d\u0645\u0627\u0644. \u0641\u064a \u0627\u0644\u0627\u0631\u062a\u0641\u0627\u0639\u061b \u062a\u064f\u0633\u062a\u062e\u062f\u0645 \u0641\u064a \u0645\u062c\u0627\u0644\u0627\u062a \u0645\u062e\u062a\u0644\u0641\u0629 \u0645\u062b\u0644 \u0627\u0644\u0635\u064a\u0627\u0646\u0629 \u0648\u0627\u0644\u0625\u0635\u0644\u0627\u062d \u0648\u0627\u0644\u0637\u0644\u0627\u0621 \u0648\u0627\u0644\u0623\u0639\u0645\u0627\u0644 \u0627\u0644\u0643\u0647\u0631\u0628\u0627\u0626\u064a\u0629 \u0648\u0645\u0633\u062d \u0627\u0644\u0632\u062c\u0627\u062c \u0648\u062a\u0642\u0644\u064a\u0645 \u0627\u0644\u0623\u0634\u062c\u0627\u0631.<\/p><p>\u064a\u062a\u0645 \u0627\u0644\u062a\u062d\u0643\u0645 \u0641\u064a \u0623\u0631\u0628\u0639\u0629 \u0623\u0630\u0631\u0639 \u0639\u0644\u0648\u064a\u0629 \u0628\u0634\u0643\u0644 \u0645\u0633\u062a\u0642\u0644 \u0639\u0646 \u0628\u0639\u0636\u0647\u0627 \u0627\u0644\u0628\u0639\u0636 \u0648\u064a\u062a\u0645 \u0636\u0645\u0627\u0646 \u062e\u0637\u064a\u0629 \u0627\u0644\u0633\u0637\u062d \u0628\u0627\u0633\u062a\u062e\u062f\u0627\u0645 \u0645\u0624\u0634\u0631 \u0627\u0644\u062a\u0648\u0627\u0632\u0646. \u062a\u0648\u062c\u062f \u0644\u0648\u062d\u0627\u062a \u0627\u0644\u062a\u062d\u0643\u0645 \u0627\u0644\u062a\u064a \u064a\u0645\u0643\u0646 \u0627\u0644\u062a\u062d\u0643\u0645 \u0641\u064a\u0647\u0627 \u0628\u0634\u0643\u0644 \u0645\u0633\u062a\u0642\u0644 \u0639\u0646 \u0628\u0639\u0636\u0647\u0627 \u0627\u0644\u0628\u0639\u0636 \u0641\u064a \u0627\u0644\u0628\u0631\u062c \u0648\u0627\u0644\u0633\u0644\u0629 \u0639\u0644\u0649 \u062c\u0645\u064a\u0639 \u0645\u0646\u0635\u0627\u062a \u0627\u0644\u0639\u0645\u0644 \u0641\u064a \u0627\u0644\u0627\u0631\u062a\u0641\u0627\u0639. \u0648\u0628\u0641\u0636\u0644 \u0639\u0635\u0627 \u0627\u0644\u062a\u062d\u0643\u0645 \u0648\u0627\u0644\u0647\u064a\u0643\u0644 \u0627\u0644\u062a\u0646\u0627\u0633\u0628\u064a \u0641\u064a \u0627\u0644\u0627\u0633\u062a\u062e\u062f\u0627\u0645 \u0627\u0644\u062e\u0648\u0627\u0631\u0632\u0645\u064a \u0627\u0644\u0623\u0648\u062a\u0648\u0645\u0627\u062a\u064a\u0643\u064a \u064a\u0645\u0643\u0646 \u062a\u0648\u0641\u064a\u0631 \u0627\u0633\u062a\u062e\u062f\u0627\u0645 \u062f\u0642\u064a\u0642\u060c \u0643\u0645\u0627 \u064a\u062a\u0645 \u062a\u062d\u0642\u064a\u0642 \u0623\u0642\u0635\u0649 \u062f\u0631\u062c\u0627\u062a \u0627\u0644\u0623\u0645\u0627\u0646 \u0641\u064a \u0627\u0644\u0639\u0632\u0644 \u0627\u0644\u0643\u0647\u0631\u0628\u0627\u0626\u064a \u0645\u0639 \u0633\u0644\u0629 \u0646\u0642\u0644 \u0627\u0644\u0623\u0641\u0631\u0627\u062f \u0627\u0644\u0645\u0631\u0643\u0628\u0629.<\/p>\t\t\t\t\t\t\t\t<\/div>\n\t\t\t\t<\/div>\n\t\t\t\t<\/div>\n\t\t\t\t\t<\/div>\n\t\t\t\t<\/div>\n\t\t<div class=\"elementor-element elementor-element-7492ef2 wd-section-stretch e-flex e-con-boxed e-con e-parent\" data-id=\"7492ef2\" data-element_type=\"container\" data-e-type=\"container\" data-settings=\"{&quot;background_background&quot;:&quot;classic&quot;}\">\n\t\t\t\t\t<div class=\"e-con-inner\">\n\t\t<div class=\"elementor-element elementor-element-23bfdf4 e-con-full e-flex wd-section-disabled e-con e-child\" data-id=\"23bfdf4\" data-element_type=\"container\" data-e-type=\"container\" data-settings=\"{&quot;background_background&quot;:&quot;classic&quot;}\">\n\t\t\t\t<div class=\"elementor-element elementor-element-27c94ce elementor-widget elementor-widget-image\" data-id=\"27c94ce\" data-element_type=\"widget\" data-e-type=\"widget\" data-widget_type=\"image.default\">\n\t\t\t\t<div class=\"elementor-widget-container\">\n\t\t\t\t\t\t\t\t\t\t\t\t\t\t\t<img fetchpriority=\"high\" decoding=\"async\" width=\"509\" height=\"319\" src=\"https:\/\/www.orakcimakina.com\/wp-content\/themes\/woodmart\/images\/lazy.png\" class=\"attachment-full size-full wp-image-15962 wd-lazy-load wd-lazy-none\" alt=\"\" srcset=\"\" sizes=\"(max-width: 509px) 100vw, 509px\" data-wood-src=\"https:\/\/www.orakcimakina.com\/wp-content\/uploads\/2024\/01\/Layer-12-2.png.webp\" data-srcset=\"https:\/\/www.orakcimakina.com\/wp-content\/uploads\/2024\/01\/Layer-12-2.png.webp 509w, https:\/\/www.orakcimakina.com\/wp-content\/uploads\/2024\/01\/Layer-12-2.png-400x251.webp 400w\" title=\"\">\t\t\t\t\t\t\t\t\t\t\t\t\t\t\t<\/div>\n\t\t\t\t<\/div>\n\t\t\t\t<div class=\"elementor-element elementor-element-820a470 elementor-widget elementor-widget-heading\" data-id=\"820a470\" data-element_type=\"widget\" data-e-type=\"widget\" data-widget_type=\"heading.default\">\n\t\t\t\t<div class=\"elementor-widget-container\">\n\t\t\t\t\t<div class=\"elementor-heading-title elementor-size-default\">OTP \u062a\u0644\u0633\u0643\u0648\u0628\u064a\n\u0627\u0644\u0645\u0646\u0635\u0629<\/div>\t\t\t\t<\/div>\n\t\t\t\t<\/div>\n\t\t\t\t<div class=\"elementor-element elementor-element-3616436 elementor-widget elementor-widget-wd_button\" data-id=\"3616436\" data-element_type=\"widget\" data-e-type=\"widget\" data-widget_type=\"wd_button.default\">\n\t\t\t\t<div class=\"elementor-widget-container\">\n\t\t\t\t\t\t\t<div class=\"wd-button-wrapper text-\" >\n\t\t\t<a class=\"btn btn-style-bordered btn-style-rectangle btn-size-default btn-color-white btn-full-width btn-icon-pos-right\"  href=\"https:\/\/www.orakcimakina.com\/ar\/%d9%85%d9%86%d8%b5%d8%a7%d8%aa-%d8%a7%d9%84%d8%b9%d9%85%d9%84-%d9%84%d9%84%d8%b9%d9%85%d9%84-%d9%81%d9%8a-%d8%a7%d9%84%d8%a3%d9%85%d8%a7%d9%83%d9%86-%d8%a7%d9%84%d9%85%d8%b1%d8%aa%d9%81%d8%b9%d8%a9\/%d8%a7%d9%84%d9%85%d9%86%d8%b5%d8%a9-%d8%a7%d9%84%d8%aa%d9%84%d8%b3%d9%83%d9%88%d8%a8%d9%8a%d8%a9-otp\/\">\n\t\t\t\t<span class=\"wd-btn-text\" data-elementor-setting-key=\"text\">\n\t\t\t\t\t\u0627\u0643\u062a\u0634\u0641\t\t\t\t<\/span>\n\n\t\t\t\t\t\t\t<\/a>\n\t\t<\/div>\n\t\t\t\t\t\t<\/div>\n\t\t\t\t<\/div>\n\t\t\t\t<\/div>\n\t\t<div class=\"elementor-element elementor-element-a4250f0 e-con-full e-flex wd-section-disabled e-con e-child\" data-id=\"a4250f0\" data-element_type=\"container\" data-e-type=\"container\" data-settings=\"{&quot;background_background&quot;:&quot;classic&quot;}\">\n\t\t\t\t<div class=\"elementor-element elementor-element-c279a46 elementor-widget elementor-widget-image\" data-id=\"c279a46\" data-element_type=\"widget\" data-e-type=\"widget\" data-widget_type=\"image.default\">\n\t\t\t\t<div class=\"elementor-widget-container\">\n\t\t\t\t\t\t\t\t\t\t\t\t\t\t\t<img decoding=\"async\" width=\"509\" height=\"319\" src=\"https:\/\/www.orakcimakina.com\/wp-content\/themes\/woodmart\/images\/lazy.png\" class=\"attachment-full size-full wp-image-15963 wd-lazy-load wd-lazy-none\" alt=\"\" srcset=\"\" sizes=\"(max-width: 509px) 100vw, 509px\" data-wood-src=\"https:\/\/www.orakcimakina.com\/wp-content\/uploads\/2024\/01\/Layer-13.png.webp\" data-srcset=\"https:\/\/www.orakcimakina.com\/wp-content\/uploads\/2024\/01\/Layer-13.png.webp 509w, https:\/\/www.orakcimakina.com\/wp-content\/uploads\/2024\/01\/Layer-13.png-400x251.webp 400w\" title=\"\">\t\t\t\t\t\t\t\t\t\t\t\t\t\t\t<\/div>\n\t\t\t\t<\/div>\n\t\t\t\t<div class=\"elementor-element elementor-element-810a11c elementor-widget elementor-widget-heading\" data-id=\"810a11c\" data-element_type=\"widget\" data-e-type=\"widget\" data-widget_type=\"heading.default\">\n\t\t\t\t<div class=\"elementor-widget-container\">\n\t\t\t\t\t<div class=\"elementor-heading-title elementor-size-default\">\u0623\u0648\u0643\u064a\u0628 \u0627\u0644\u0645\u0641\u0635\u0644\u064a\u0629\n\u0627\u0644\u0645\u0646\u0635\u0629<\/div>\t\t\t\t<\/div>\n\t\t\t\t<\/div>\n\t\t\t\t<div class=\"elementor-element elementor-element-25c2e4c elementor-widget elementor-widget-wd_button\" data-id=\"25c2e4c\" data-element_type=\"widget\" data-e-type=\"widget\" data-widget_type=\"wd_button.default\">\n\t\t\t\t<div class=\"elementor-widget-container\">\n\t\t\t\t\t\t\t<div class=\"wd-button-wrapper text-\" >\n\t\t\t<a class=\"btn btn-style-bordered btn-style-rectangle btn-size-default btn-color-white btn-full-width btn-icon-pos-right\"  href=\"https:\/\/www.orakcimakina.com\/ar\/%d9%85%d9%86%d8%b5%d8%a7%d8%aa-%d8%a7%d9%84%d8%b9%d9%85%d9%84-%d9%84%d9%84%d8%b9%d9%85%d9%84-%d9%81%d9%8a-%d8%a7%d9%84%d8%a3%d9%85%d8%a7%d9%83%d9%86-%d8%a7%d9%84%d9%85%d8%b1%d8%aa%d9%81%d8%b9%d8%a9\/%d8%a7%d9%84%d9%85%d9%86%d8%b5%d8%a9-%d8%a7%d9%84%d9%85%d9%81%d8%b5%d9%84%d9%8a%d8%a9-okp\/\">\n\t\t\t\t<span class=\"wd-btn-text\" data-elementor-setting-key=\"text\">\n\t\t\t\t\t\u0627\u0643\u062a\u0634\u0641\t\t\t\t<\/span>\n\n\t\t\t\t\t\t\t<\/a>\n\t\t<\/div>\n\t\t\t\t\t\t<\/div>\n\t\t\t\t<\/div>\n\t\t\t\t<\/div>\n\t\t\t\t\t<\/div>\n\t\t\t\t<\/div>\n\t\t\t\t<\/div>","protected":false},"excerpt":{"rendered":"<p>Anasayfa \u00bb \u00dcr\u00fcnler \u00bb Y\u00fcksekte \u00c7al\u0131\u015fma Platformlar\u0131 Y\u00fcksekte \u00c7al\u0131\u015fma Platformlar\u0131 Y\u00fcksek saha \u00e7al\u0131\u015fmalar\u0131nda rahat ve g\u00fcvenli \u00e7al\u0131\u015fma i\u00e7in yard\u0131mc\u0131 teleskopik<\/p>","protected":false},"author":3,"featured_media":0,"parent":0,"menu_order":0,"comment_status":"closed","ping_status":"closed","template":"elementor_header_footer","meta":{"footnotes":""},"class_list":["post-15958","page","type-page","status-publish","hentry"],"_links":{"self":[{"href":"https:\/\/www.orakcimakina.com\/ar\/wp-json\/wp\/v2\/pages\/15958","targetHints":{"allow":["GET"]}}],"collection":[{"href":"https:\/\/www.orakcimakina.com\/ar\/wp-json\/wp\/v2\/pages"}],"about":[{"href":"https:\/\/www.orakcimakina.com\/ar\/wp-json\/wp\/v2\/types\/page"}],"author":[{"embeddable":true,"href":"https:\/\/www.orakcimakina.com\/ar\/wp-json\/wp\/v2\/users\/3"}],"replies":[{"embeddable":true,"href":"https:\/\/www.orakcimakina.com\/ar\/wp-json\/wp\/v2\/comments?post=15958"}],"version-history":[{"count":0,"href":"https:\/\/www.orakcimakina.com\/ar\/wp-json\/wp\/v2\/pages\/15958\/revisions"}],"wp:attachment":[{"href":"https:\/\/www.orakcimakina.com\/ar\/wp-json\/wp\/v2\/media?parent=15958"}],"curies":[{"name":"wp","href":"https:\/\/api.w.org\/{rel}","templated":true}]}}