{"id":15942,"date":"2024-01-04T17:43:40","date_gmt":"2024-01-04T14:43:40","guid":{"rendered":"https:\/\/www.orakcimakina.com\/?page_id=15942"},"modified":"2025-05-23T17:51:24","modified_gmt":"2025-05-23T14:51:24","slug":"%d8%a7%d9%84%d8%b6%d8%a7%d8%ba%d8%b7%d8%a9-%d8%a7%d9%84%d9%83%d9%87%d8%b1%d8%a8%d8%a7%d8%a6%d9%8a%d8%a9-%d8%a7%d9%84%d8%a3%d8%ad%d8%a7%d8%af%d9%8a%d8%a9-%d8%a7%d9%84%d9%83%d8%aa%d9%84%d8%a9-%d8%a7","status":"publish","type":"page","link":"https:\/\/www.orakcimakina.com\/ar\/monoblok-kompaktorler\/omp-portatif-elektrikli-monoblok-kompaktor\/","title":{"rendered":"\u0627\u0644\u0636\u0627\u063a\u0637\u0629 \u0627\u0644\u0643\u0647\u0631\u0628\u0627\u0626\u064a\u0629 \u0627\u0644\u0623\u062d\u0627\u062f\u064a\u0629 \u0627\u0644\u0643\u062a\u0644\u0629 \u0627\u0644\u0643\u0647\u0631\u0628\u0627\u0626\u064a\u0629 \u0627\u0644\u0645\u062d\u0645\u0648\u0644\u0629 OMP"},"content":{"rendered":"<div data-elementor-type=\"wp-page\" data-elementor-id=\"15942\" class=\"elementor elementor-15942\">\n\t\t\t\t<div class=\"elementor-element elementor-element-6d89c81 wd-section-stretch e-flex e-con-boxed e-con e-parent\" data-id=\"6d89c81\" data-element_type=\"container\" data-e-type=\"container\" data-settings=\"{&quot;background_background&quot;:&quot;classic&quot;}\">\n\t\t\t\t\t<div class=\"e-con-inner\">\n\t\t\t\t<div class=\"elementor-element elementor-element-208e0a5 elementor-widget elementor-widget-image\" data-id=\"208e0a5\" data-element_type=\"widget\" data-e-type=\"widget\" data-widget_type=\"image.default\">\n\t\t\t\t<div class=\"elementor-widget-container\">\n\t\t\t\t\t\t\t\t\t\t\t\t\t\t\t<img decoding=\"async\" width=\"136\" height=\"87\" src=\"https:\/\/www.orakcimakina.com\/wp-content\/themes\/woodmart\/images\/lazy.png\" class=\"attachment-full size-full wp-image-15944 wd-lazy-load wd-lazy-none\" alt=\"\" data-wood-src=\"https:\/\/www.orakcimakina.com\/wp-content\/uploads\/2024\/01\/MONOBLOK-KOMPAKTORLER.png.webp\" srcset=\"\" title=\"\">\t\t\t\t\t\t\t\t\t\t\t\t\t\t\t<\/div>\n\t\t\t\t<\/div>\n\t\t\t\t<div class=\"elementor-element elementor-element-64ff13a elementor-widget elementor-widget-heading\" data-id=\"64ff13a\" data-element_type=\"widget\" data-e-type=\"widget\" data-widget_type=\"heading.default\">\n\t\t\t\t<div class=\"elementor-widget-container\">\n\t\t\t\t\t<h1 class=\"elementor-heading-title elementor-size-default\"><a href=\"https:\/\/www.orakcimakina.com\/ar\/%d8%b6%d8%a7%d8%ba%d8%b7%d8%a7%d8%aa-%d8%a3%d8%ad%d8%a7%d8%af%d9%8a%d8%a9-%d8%a7%d9%84%d9%83%d8%aa%d9%84%d8%a9\/\">\u0627\u0644\u0636\u0627\u063a\u0637\u0627\u062a \u0623\u062d\u0627\u062f\u064a\u0629 \u0627\u0644\u0643\u062a\u0644\u0629 \" \u0627\u0644\u0636\u0627\u063a\u0637\u0629 \u0627\u0644\u0643\u0647\u0631\u0628\u0627\u0626\u064a\u0629 \u0627\u0644\u0645\u062d\u0645\u0648\u0644\u0629 \u0623\u062d\u0627\u062f\u064a\u0629 \u0627\u0644\u0643\u062a\u0644\u0629 OMP<\/a><\/h1>\t\t\t\t<\/div>\n\t\t\t\t<\/div>\n\t\t\t\t\t<\/div>\n\t\t\t\t<\/div>\n\t\t<div class=\"elementor-element elementor-element-b86dc8e e-con-full wd-section-stretch-content e-flex e-con e-parent\" data-id=\"b86dc8e\" data-element_type=\"container\" data-e-type=\"container\" data-settings=\"{&quot;background_background&quot;:&quot;classic&quot;}\">\n\t\t\t\t<div class=\"elementor-element elementor-element-549a708 elementor-widget elementor-widget-heading\" data-id=\"549a708\" data-element_type=\"widget\" data-e-type=\"widget\" data-widget_type=\"heading.default\">\n\t\t\t\t<div class=\"elementor-widget-container\">\n\t\t\t\t\t<h1 class=\"elementor-heading-title elementor-size-default\"> OMP \u0627\u0644\u0643\u0647\u0631\u0628\u0627\u0626\u064a\u0629 \u0627\u0644\u0645\u062d\u0645\u0648\u0644\u0629 OMP <br>\n<span style=\"font-size: 20px,\">\u0636\u0627\u063a\u0637\u0629 \u0623\u062d\u0627\u062f\u064a\u0629 \u0627\u0644\u0643\u062a\u0644\u0629 <\/span><\/h1>\t\t\t\t<\/div>\n\t\t\t\t<\/div>\n\t\t\t\t<\/div>\n\t\t<div class=\"elementor-element elementor-element-a7f9193 e-flex e-con-boxed wd-section-disabled e-con e-parent\" data-id=\"a7f9193\" data-element_type=\"container\" data-e-type=\"container\">\n\t\t\t\t\t<div class=\"e-con-inner\">\n\t\t<div class=\"elementor-element elementor-element-01196ee e-con-full e-flex wd-section-disabled e-con e-child\" data-id=\"01196ee\" data-element_type=\"container\" data-e-type=\"container\">\n\t\t\t\t<div class=\"elementor-element elementor-element-6139bf6 color-scheme-inherit text-left elementor-widget elementor-widget-text-editor\" data-id=\"6139bf6\" data-element_type=\"widget\" data-e-type=\"widget\" data-widget_type=\"text-editor.default\">\n\t\t\t\t<div class=\"elementor-widget-container\">\n\t\t\t\t\t\t\t\t\t<p>\u0627\u0644\u0636\u0627\u063a\u0637\u0629 \u0627\u0644\u0643\u0647\u0631\u0628\u0627\u0626\u064a\u0629 \u0627\u0644\u0645\u062d\u0645\u0648\u0644\u0629 \u0623\u062d\u0627\u062f\u064a\u0629 \u0627\u0644\u0643\u062a\u0644\u0629 (OMP) \u0633\u0647\u0644\u0629 \u0627\u0644\u0627\u0633\u062a\u062e\u062f\u0627\u0645 \u0648\u0627\u0644\u062a\u0643\u0646\u0648\u0644\u0648\u062c\u064a\u0629. \u064a\u062d\u062a\u0648\u064a \u0647\u0630\u0627 \u0627\u0644\u0645\u0646\u062a\u062c \u0639\u0644\u0649 \u0647\u064a\u0643\u0644 \u0645\u0632\u0648\u062f \u0628\u062c\u0632\u0621 \u062e\u0644\u0641\u064a \u0645\u0631\u062a\u0641\u0639 \u0648\u0622\u0644\u064a\u0629 \u0636\u063a\u0637 \u0642\u0627\u0628\u0644\u0629 \u0644\u0644\u0641\u0635\u0644 \u0645\u062a\u0635\u0644\u0629 \u0628\u0647\u0630\u0627 \u0627\u0644\u0647\u064a\u0643\u0644 \u0644\u062a\u0648\u0641\u064a\u0631 \u0627\u0644\u062a\u0641\u0631\u064a\u063a \u0644\u0645\u062e\u062a\u0644\u0641 \u0627\u0644\u0645\u0631\u0643\u0628\u0627\u062a \u0630\u0627\u062a \u0627\u0644\u0647\u064a\u0643\u0644 \u0623\u062d\u0627\u062f\u064a \u0627\u0644\u0643\u062a\u0644\u0629.<\/p>\t\t\t\t\t\t\t\t<\/div>\n\t\t\t\t<\/div>\n\t\t\t\t<div class=\"elementor-element elementor-element-cb375aa elementor-widget elementor-widget-video\" data-id=\"cb375aa\" data-element_type=\"widget\" data-e-type=\"widget\" data-settings=\"{&quot;youtube_url&quot;:&quot;https:\\\/\\\/www.youtube.com\\\/watch?v=lK5C-LrzpOc&quot;,&quot;video_type&quot;:&quot;youtube&quot;,&quot;controls&quot;:&quot;yes&quot;}\" data-widget_type=\"video.default\">\n\t\t\t\t<div class=\"elementor-widget-container\">\n\t\t\t\t\t\t\t<div class=\"elementor-wrapper elementor-open-inline\">\n\t\t\t<div class=\"elementor-video\"><\/div>\t\t<\/div>\n\t\t\t\t\t\t<\/div>\n\t\t\t\t<\/div>\n\t\t\t\t<div class=\"elementor-element elementor-element-4609624 color-scheme-inherit text-left elementor-widget elementor-widget-text-editor\" data-id=\"4609624\" data-element_type=\"widget\" data-e-type=\"widget\" data-widget_type=\"text-editor.default\">\n\t\t\t\t<div class=\"elementor-widget-container\">\n\t\t\t\t\t\t\t\t\t<p>\u0648\u0647\u064a \u0645\u0632\u0648\u062f\u0629 \u0628\u062c\u0647\u0627\u0632 \u062d\u0627\u0648\u064a\u0629 \u064a\u0633\u0645\u062d \u0628\u062a\u0641\u0631\u064a\u063a \u0623\u0646\u0648\u0627\u0639 \u0645\u062e\u062a\u0644\u0641\u0629 \u0645\u0646 \u0627\u0644\u062d\u0627\u0648\u064a\u0627\u062a \u0641\u064a \u0627\u0644\u0647\u064a\u0643\u0644 \u0645\u0646 \u0627\u0644\u0623\u0639\u0644\u0649\u060c \u0648\u063a\u0637\u0627\u0621 \u0642\u0627\u0628\u0644 \u0644\u0644\u0641\u062a\u062d \u0644\u062a\u0633\u0647\u064a\u0644 \u0627\u0644\u062a\u062d\u0645\u064a\u0644 \u0627\u0644\u064a\u062f\u0648\u064a\u060c \u0648\u0645\u062c\u0631\u0641\u0629 \u062f\u0627\u062e\u0644\u064a\u0629 \u062a\u0633\u0645\u062d \u0628\u062a\u0641\u0631\u064a\u063a \u0627\u0644\u0642\u0645\u0627\u0645\u0629 \u0645\u0646 \u0627\u0644\u0647\u064a\u0643\u0644\u060c \u0648\u0645\u062d\u0631\u0643 \u0643\u0647\u0631\u0628\u0627\u0626\u064a 380 \u0641\u0648\u0644\u062a \u064a\u0642\u0648\u0645 \u0628\u062a\u0634\u063a\u064a\u0644 \u0627\u0644\u0646\u0638\u0627\u0645 \u0628\u0623\u0643\u0645\u0644\u0647. \u064a\u0645\u0643\u0646 \u0627\u0633\u062a\u062e\u062f\u0627\u0645 \u0647\u0630\u0647 \u0627\u0644\u0645\u0639\u062f\u0627\u062a \u0633\u0648\u0627\u0621 \u0643\u0627\u0646\u062a \u062b\u0627\u0628\u062a\u0629 \u0623\u0648 \u0639\u0644\u0649 \u0627\u0644\u0645\u0631\u0643\u0628\u0629.<\/p>\t\t\t\t\t\t\t\t<\/div>\n\t\t\t\t<\/div>\n\t\t\t\t<div class=\"elementor-element elementor-element-97ad473 elementor-arrows-position-inside elementor-pagination-position-outside elementor-widget elementor-widget-image-carousel\" data-id=\"97ad473\" data-element_type=\"widget\" data-e-type=\"widget\" data-settings=\"{&quot;slides_to_show&quot;:&quot;1&quot;,&quot;navigation&quot;:&quot;both&quot;,&quot;autoplay&quot;:&quot;yes&quot;,&quot;pause_on_hover&quot;:&quot;yes&quot;,&quot;pause_on_interaction&quot;:&quot;yes&quot;,&quot;autoplay_speed&quot;:5000,&quot;infinite&quot;:&quot;yes&quot;,&quot;effect&quot;:&quot;slide&quot;,&quot;speed&quot;:500}\" data-widget_type=\"image-carousel.default\">\n\t\t\t\t<div class=\"elementor-widget-container\">\n\t\t\t\t\t\t\t<div class=\"elementor-image-carousel-wrapper swiper\" role=\"region\" aria-roledescription=\"carousel\" aria-label=\"\u0639\u0627\u0631\u0636 \u0627\u0644\u0635\u0648\u0631\" dir=\"ltr\">\n\t\t\t<div class=\"elementor-image-carousel swiper-wrapper\" aria-live=\"off\">\n\t\t\t\t\t\t\t\t<div class=\"swiper-slide\" role=\"group\" aria-roledescription=\"slide\" aria-label=\"1 \u0645\u0646 2\" data-no-translation-aria-label=\"\"><figure class=\"swiper-slide-inner\"><img decoding=\"async\" class=\"swiper-slide-image\" src=\"https:\/\/www.orakcimakina.com\/wp-content\/uploads\/2024\/01\/IMG_0499.png.webp\" alt=\"IMG_0499.png\" title=\"\"><\/figure><\/div><div class=\"swiper-slide\" role=\"group\" aria-roledescription=\"slide\" aria-label=\"2 \u0645\u0646 2\" data-no-translation-aria-label=\"\"><figure class=\"swiper-slide-inner\"><img decoding=\"async\" class=\"swiper-slide-image\" src=\"https:\/\/www.orakcimakina.com\/wp-content\/uploads\/2024\/01\/IMG_0449.png.webp\" alt=\"IMG_0449.png\" title=\"\"><\/figure><\/div>\t\t\t<\/div>\n\t\t\t\t\t\t\t\t\t\t\t\t<div class=\"elementor-swiper-button elementor-swiper-button-prev\" role=\"button\" tabindex=\"0\">\n\t\t\t\t\t\t<svg aria-hidden=\"true\" class=\"e-font-icon-svg e-eicon-chevron-left\" viewbox=\"0 0 1000 1000\" xmlns=\"http:\/\/www.w3.org\/2000\/svg\"><path d=\"M646 125C629 125 613 133 604 142L308 442C296 454 292 471 292 487 292 504 296 521 308 533L604 854C617 867 629 875 646 875 663 875 679 871 692 858 704 846 713 829 713 812 713 796 708 779 692 767L438 487 692 225C700 217 708 204 708 187 708 171 704 154 692 142 675 129 663 125 646 125Z\"><\/path><\/svg>\t\t\t\t\t<\/div>\n\t\t\t\t\t<div class=\"elementor-swiper-button elementor-swiper-button-next\" role=\"button\" tabindex=\"0\">\n\t\t\t\t\t\t<svg aria-hidden=\"true\" class=\"e-font-icon-svg e-eicon-chevron-right\" viewbox=\"0 0 1000 1000\" xmlns=\"http:\/\/www.w3.org\/2000\/svg\"><path d=\"M696 533C708 521 713 504 713 487 713 471 708 454 696 446L400 146C388 133 375 125 354 125 338 125 325 129 313 142 300 154 292 171 292 187 292 204 296 221 308 233L563 492 304 771C292 783 288 800 288 817 288 833 296 850 308 863 321 871 338 875 354 875 371 875 388 867 400 854L696 533Z\"><\/path><\/svg>\t\t\t\t\t<\/div>\n\t\t\t\t\n\t\t\t\t\t\t\t\t\t<div class=\"swiper-pagination\"><\/div>\n\t\t\t\t\t\t\t\t\t<\/div>\n\t\t\t\t\t\t<\/div>\n\t\t\t\t<\/div>\n\t\t\t\t<\/div>\n\t\t\t\t\t<\/div>\n\t\t\t\t<\/div>\n\t\t<div class=\"elementor-element elementor-element-b9c5793 wd-section-stretch e-flex e-con-boxed e-con e-parent\" data-id=\"b9c5793\" data-element_type=\"container\" data-e-type=\"container\" data-settings=\"{&quot;background_background&quot;:&quot;classic&quot;}\">\n\t\t\t\t\t<div class=\"e-con-inner\">\n\t\t\t\t<div class=\"elementor-element elementor-element-51ef105 elementor-widget elementor-widget-wd_image_or_svg\" data-id=\"51ef105\" data-element_type=\"widget\" data-e-type=\"widget\" data-widget_type=\"wd_image_or_svg.default\">\n\t\t\t\t<div class=\"elementor-widget-container\">\n\t\t\t\t\t\n\t\t<div class=\"wd-image text-left\">\n\t\t\t\t\t\t\t\t<img decoding=\"async\" width=\"52\" height=\"61\" src=\"https:\/\/www.orakcimakina.com\/wp-content\/themes\/woodmart\/images\/lazy.png\" class=\"attachment-52x61 size-52x61 wd-lazy-load wd-lazy-none\" alt=\"\" srcset=\"\" sizes=\"(max-width: 52px) 100vw, 52px\" data-wood-src=\"https:\/\/www.orakcimakina.com\/wp-content\/uploads\/2024\/01\/Vector-Smart-Object-3.png-52x61.webp\" data-srcset=\"https:\/\/www.orakcimakina.com\/wp-content\/uploads\/2024\/01\/Vector-Smart-Object-3.png-52x61.webp 52w, https:\/\/www.orakcimakina.com\/wp-content\/uploads\/2024\/01\/Vector-Smart-Object-3.png.webp 91w\" title=\"\">\t\t\t\t\t<\/div>\n\n\t\t\t\t\t\t<\/div>\n\t\t\t\t<\/div>\n\t\t\t\t<div class=\"elementor-element elementor-element-25a5fd2 elementor-widget elementor-widget-heading\" data-id=\"25a5fd2\" data-element_type=\"widget\" data-e-type=\"widget\" data-widget_type=\"heading.default\">\n\t\t\t\t<div class=\"elementor-widget-container\">\n\t\t\t\t\t<h2 class=\"elementor-heading-title elementor-size-default\">\n\u0627\u0644\u0645\u064a\u0632\u0627\u062a \u0627\u0644\u0642\u064a\u0627\u0633\u064a\u0629<\/h2>\t\t\t\t<\/div>\n\t\t\t\t<\/div>\n\t\t\t\t\t<\/div>\n\t\t\t\t<\/div>\n\t\t<div class=\"elementor-element elementor-element-8f94ed8 e-flex e-con-boxed wd-section-disabled e-con e-parent\" data-id=\"8f94ed8\" data-element_type=\"container\" data-e-type=\"container\">\n\t\t\t\t\t<div class=\"e-con-inner\">\n\t\t\t\t<div class=\"elementor-element elementor-element-682fdaa color-scheme-inherit text-left elementor-widget elementor-widget-text-editor\" data-id=\"682fdaa\" data-element_type=\"widget\" data-e-type=\"widget\" data-widget_type=\"text-editor.default\">\n\t\t\t\t<div class=\"elementor-widget-container\">\n\t\t\t\t\t\t\t\t\t<p>- \u0627\u0644\u0642\u062f\u0631\u0629 \u0639\u0644\u0649 \u0627\u0644\u062a\u062d\u0648\u064a\u0644 \u0625\u0644\u0649 \u0633\u0644\u0633\u0644\u0629 ORV 300 \u0648400<br \/>- \u062d\u062c\u0645 \u0627\u0644\u0639\u0644\u0628\u0629\u061b 5 \u0645\u00b3 - 12 \u0645\u00b3<br \/>-135\u00b0 \u0632\u0627\u0648\u064a\u0629 \u0627\u0644\u062a\u062d\u0645\u064a\u0644 -135 \u062f\u0631\u062c\u0629<br \/>- \u062c\u0647\u0627\u0632 \u0631\u0641\u0639 \u0627\u0644\u062d\u0627\u0648\u064a\u0627\u062a \u0648\u0641\u0642\u064b\u0627 \u0644\u0645\u0639\u0627\u064a\u064a\u0631 EN 840 (\u0645\u0646\u0627\u0633\u0628 \u0644\u0631\u0641\u0639 \u0627\u0644\u062d\u0627\u0648\u064a\u0627\u062a \u0645\u0646 \u0627\u0644\u0646\u0648\u0639 \u0627\u0644\u0628\u0644\u0627\u0633\u062a\u064a\u0643\u064a \u0648\u0627\u0644\u0645\u0639\u062f\u0646\u064a \u0633\u0639\u0629 120\u060c 240\u060c 360\u060c 400\u060c 440\u060c 640\u060c 660\u060c 770\u060c 800\u060c 1.100 \u0644\u062a\u0631)<br \/>- \u0627\u0644\u0642\u062f\u0631\u0629 \u0639\u0644\u0649 \u0627\u0644\u0639\u0645\u0644 \u0645\u0639 \u0645\u0646\u0638\u0645\u0629 \u0627\u0644\u0646\u0642\u0644 \u0627\u0644\u0639\u0627\u0645 \u0639\u0644\u0649 \u0627\u0644\u0645\u0631\u0643\u0628\u0629<br \/>- \u062c\u0647\u062f \u0627\u0644\u062a\u0634\u063a\u064a\u0644 220-380 \u0641\u0648\u0644\u062a \u062a\u064a\u0627\u0631 \u0645\u062a\u0631\u062f\u062f 220-380 \u0641\u0648\u0644\u062a \u0645\u0642\u0628\u0633 \u062a\u062d\u062a \u0627\u0644\u0645\u0628\u0646\u0649<br \/>- \u0627\u0644\u062d\u062f \u0627\u0644\u0623\u062f\u0646\u0649 \u0644\u0627\u0631\u062a\u0641\u0627\u0639 \u062a\u062d\u0645\u064a\u0644 \u0627\u0644\u0642\u0645\u0627\u0645\u0629 1,400 \u0645\u0645<br \/>- \u0646\u0633\u0628\u0629 \u0627\u0644\u0636\u063a\u0637 1:3: 1:3<br \/>- \u0627\u0644\u062a\u062d\u0643\u0645 \u0628\u0627\u0644\u0636\u063a\u0637 \u0639\u0644\u0649 \u0627\u0644\u0632\u0631 (\u062f\u0648\u0631\u0629 \u0627\u0644\u0636\u063a\u0637 \u0627\u0644\u062a\u0644\u0642\u0627\u0626\u064a) + \u0627\u0644\u062a\u062d\u0643\u0645 \u0627\u0644\u0647\u064a\u062f\u0631\u0648\u0645\u064a\u0643\u0627\u0646\u064a\u0643\u064a<br \/>- \u0632\u0631 \u0625\u064a\u0642\u0627\u0641 \u0627\u0644\u0637\u0648\u0627\u0631\u0626 \u0641\u064a \u062d\u0627\u0644\u0629 \u0627\u0644\u062e\u0637\u0631 (\u0627\u0644\u062a\u062d\u0643\u0645 \u0628\u0627\u0644\u0636\u063a\u0637 \u0639\u0644\u0649 \u0627\u0644\u0632\u0631)<br \/>- \u0645\u0635\u0628\u0627\u062d \u0625\u0634\u0627\u0631\u0629 \u0645\u0646 \u0627\u0644\u0646\u0648\u0639 \u0627\u0644\u062f\u0648\u0627\u0631<br \/>- \u062c\u0633\u0645 \u0645\u062d\u0643\u0645 \u0627\u0644\u0625\u063a\u0644\u0627\u0642<br \/>- \u062a\u0635\u0631\u064a\u0641 \u0627\u0644\u0645\u064a\u0627\u0647 \u0627\u0644\u0645\u0633\u062a\u0639\u0645\u0644\u0629 \u0639\u0646 \u0637\u0631\u064a\u0642 \u0635\u0645\u0627\u0645<br \/>- \u062a\u0637\u0628\u064a\u0642 \u0637\u0644\u0627\u0621 \u0627\u0644\u0641\u0631\u0646<br \/>- \u0648\u0641\u0642\u064b\u0627 \u0644\u0645\u0639\u0627\u064a\u064a\u0631 EN 1501-1<br \/>- \u0645\u0646\u0627\u0633\u0628 \u0644\u0644\u062a\u062d\u0645\u064a\u0644 \u0627\u0644\u064a\u062f\u0648\u064a<br \/>- \u062e\u064a\u0627\u0631\u0627\u062a \u0627\u0644\u062a\u0634\u063a\u064a\u0644 \u0627\u0644\u064a\u062f\u0648\u064a \u0648\u0627\u0644\u0643\u0647\u0631\u0628\u0627\u0626\u064a<br \/>- \u0627\u0644\u0642\u0636\u0627\u0621 \u0639\u0644\u0649 \u0645\u0634\u0643\u0644\u0629 \u062a\u0631\u0627\u0643\u0645 \u0645\u064a\u0627\u0647 \u0627\u0644\u0623\u0645\u0637\u0627\u0631 \u0645\u0639 \u0627\u0644\u0633\u0642\u0641 \u0627\u0644\u0628\u064a\u0636\u0627\u0648\u064a<br \/>- \u0647\u064a\u0643\u0644 \u0645\u062a\u064a\u0646 \u0628\u062c\u062f\u0627\u0631 \u062c\u0627\u0646\u0628\u064a \u0628\u064a\u0636\u0627\u0648\u064a<br \/>- \u0634\u0641\u0631\u0629 \u0645\u0642\u0648\u0627\u0629<br \/>- \u0635\u0646\u062f\u0648\u0642 \u062a\u062d\u0643\u0645 \u0645\u062d\u0645\u0648\u0644 \u0642\u0627\u0628\u0644 \u0644\u0644\u062a\u0645\u062f\u064a\u062f<\/p>\t\t\t\t\t\t\t\t<\/div>\n\t\t\t\t<\/div>\n\t\t\t\t\t<\/div>\n\t\t\t\t<\/div>\n\t\t<div class=\"elementor-element elementor-element-84c22d7 wd-section-stretch e-flex e-con-boxed e-con e-parent\" data-id=\"84c22d7\" data-element_type=\"container\" data-e-type=\"container\" data-settings=\"{&quot;background_background&quot;:&quot;classic&quot;}\">\n\t\t\t\t\t<div class=\"e-con-inner\">\n\t\t\t\t<div class=\"elementor-element elementor-element-136c418 elementor-widget elementor-widget-wd_image_or_svg\" data-id=\"136c418\" data-element_type=\"widget\" data-e-type=\"widget\" data-widget_type=\"wd_image_or_svg.default\">\n\t\t\t\t<div class=\"elementor-widget-container\">\n\t\t\t\t\t\n\t\t<div class=\"wd-image text-left\">\n\t\t\t\t\t\t\t\t<img decoding=\"async\" width=\"52\" height=\"61\" src=\"https:\/\/www.orakcimakina.com\/wp-content\/themes\/woodmart\/images\/lazy.png\" class=\"attachment-52x61 size-52x61 wd-lazy-load wd-lazy-none\" alt=\"\" data-wood-src=\"https:\/\/www.orakcimakina.com\/wp-content\/uploads\/2024\/01\/Vector-Smart-Object-1-1.png-52x61.webp\" srcset=\"\" title=\"\">\t\t\t\t\t<\/div>\n\n\t\t\t\t\t\t<\/div>\n\t\t\t\t<\/div>\n\t\t\t\t<div class=\"elementor-element elementor-element-047b4b2 elementor-widget elementor-widget-heading\" data-id=\"047b4b2\" data-element_type=\"widget\" data-e-type=\"widget\" data-widget_type=\"heading.default\">\n\t\t\t\t<div class=\"elementor-widget-container\">\n\t\t\t\t\t<h2 class=\"elementor-heading-title elementor-size-default\">\u0627\u0644\u0645\u064a\u0632\u0627\u062a \u0627\u0644\u0627\u062e\u062a\u064a\u0627\u0631\u064a\u0629<\/h2>\t\t\t\t<\/div>\n\t\t\t\t<\/div>\n\t\t\t\t\t<\/div>\n\t\t\t\t<\/div>\n\t\t<div class=\"elementor-element elementor-element-f65f147 e-flex e-con-boxed wd-section-disabled e-con e-parent\" data-id=\"f65f147\" data-element_type=\"container\" data-e-type=\"container\">\n\t\t\t\t\t<div class=\"e-con-inner\">\n\t\t\t\t<div class=\"elementor-element elementor-element-7323735 color-scheme-inherit text-left elementor-widget elementor-widget-text-editor\" data-id=\"7323735\" data-element_type=\"widget\" data-e-type=\"widget\" data-widget_type=\"text-editor.default\">\n\t\t\t\t<div class=\"elementor-widget-container\">\n\t\t\t\t\t\t\t\t\t<p>- \u062e\u0632\u0627\u0646 \u0645\u064a\u0627\u0647 \u0627\u0644\u0635\u0631\u0641 \u0627\u0644\u0635\u062d\u064a \u062a\u062d\u062a \u0627\u0644\u062c\u0633\u0645<br \/>- \u063a\u0637\u0627\u0621 \u0639\u0644\u0648\u064a \u0647\u064a\u062f\u0631\u0648\u0644\u064a\u0643\u064a<br \/>- \u0645\u0635\u0627\u0628\u064a\u062d \u062c\u0628\u0627\u0631\u064a \u062c\u0627\u0646\u0628\u064a\u0629<br \/>- \u0646\u0638\u0627\u0645 \u0627\u0644\u062a\u062d\u0630\u064a\u0631 \u0627\u0644\u0645\u0633\u0645\u0648\u0639<br \/>- \u0646\u0638\u0627\u0645 \u0642\u064a\u0627\u0633 \u0627\u0644\u0648\u0632\u0646 \u0628\u0627\u0644\u0648\u0632\u0646<br \/>- \u0635\u0646\u062f\u0648\u0642 \u0645\u0637\u0641\u0623\u0629 \u0627\u0644\u062d\u0631\u064a\u0642<br \/>- \u0645\u0635\u0628\u0627\u062d \u0627\u0644\u0639\u0645\u0644 \u0627\u0644\u0644\u064a\u0644\u064a<\/p>\t\t\t\t\t\t\t\t<\/div>\n\t\t\t\t<\/div>\n\t\t\t\t\t<\/div>\n\t\t\t\t<\/div>\n\t\t<div class=\"elementor-element elementor-element-6880d9e wd-section-stretch e-flex e-con-boxed e-con e-parent\" data-id=\"6880d9e\" data-element_type=\"container\" data-e-type=\"container\" data-settings=\"{&quot;background_background&quot;:&quot;classic&quot;}\">\n\t\t\t\t\t<div class=\"e-con-inner\">\n\t\t\t\t<div class=\"elementor-element elementor-element-efc920e elementor-widget elementor-widget-wd_image_or_svg\" data-id=\"efc920e\" data-element_type=\"widget\" data-e-type=\"widget\" data-widget_type=\"wd_image_or_svg.default\">\n\t\t\t\t<div class=\"elementor-widget-container\">\n\t\t\t\t\t\n\t\t<div class=\"wd-image text-left\">\n\t\t\t\t\t\t\t\t<img loading=\"lazy\" decoding=\"async\" width=\"52\" height=\"61\" src=\"https:\/\/www.orakcimakina.com\/wp-content\/themes\/woodmart\/images\/lazy.png\" class=\"attachment-52x61 size-52x61 wd-lazy-load wd-lazy-none\" alt=\"\" data-wood-src=\"https:\/\/www.orakcimakina.com\/wp-content\/uploads\/2024\/01\/Vector-Smart-Object-2-1.png-52x61.webp\" srcset=\"\" title=\"\">\t\t\t\t\t<\/div>\n\n\t\t\t\t\t\t<\/div>\n\t\t\t\t<\/div>\n\t\t<div class=\"elementor-element elementor-element-1bc8453 e-flex e-con-boxed wd-section-disabled e-con e-child\" data-id=\"1bc8453\" data-element_type=\"container\" data-e-type=\"container\">\n\t\t\t\t\t<div class=\"e-con-inner\">\n\t\t\t\t<div class=\"elementor-element elementor-element-83a46ce elementor-widget elementor-widget-heading\" data-id=\"83a46ce\" data-element_type=\"widget\" data-e-type=\"widget\" data-widget_type=\"heading.default\">\n\t\t\t\t<div class=\"elementor-widget-container\">\n\t\t\t\t\t<h2 class=\"elementor-heading-title elementor-size-default\">\u0639\u0631\u0636 \u0627\u0644\u0643\u062a\u064a\u0628 \u0627\u0644\u062a\u0642\u0646\u064a<\/h2>\t\t\t\t<\/div>\n\t\t\t\t<\/div>\n\t\t\t\t<div class=\"elementor-element elementor-element-ea7d94e elementor-widget elementor-widget-heading\" data-id=\"ea7d94e\" data-element_type=\"widget\" data-e-type=\"widget\" data-widget_type=\"heading.default\">\n\t\t\t\t<div class=\"elementor-widget-container\">\n\t\t\t\t\t<div class=\"elementor-heading-title elementor-size-default\"><a href=\"https:\/\/www.orakcimakina.com\/wp-content\/uploads\/2024\/05\/OMP-EN.pdf\">\u0627\u0644\u0636\u0627\u063a\u0637\u0629 \u0627\u0644\u0643\u0647\u0631\u0628\u0627\u0626\u064a\u0629 \u0627\u0644\u0623\u062d\u0627\u062f\u064a\u0629 \u0627\u0644\u0643\u062a\u0644\u0629 \u0627\u0644\u0643\u0647\u0631\u0628\u0627\u0626\u064a\u0629 \u0627\u0644\u0645\u062d\u0645\u0648\u0644\u0629 OMP PDF<\/a><\/div>\t\t\t\t<\/div>\n\t\t\t\t<\/div>\n\t\t\t\t\t<\/div>\n\t\t\t\t<\/div>\n\t\t\t\t\t<\/div>\n\t\t\t\t<\/div>\n\t\t\t\t<\/div>","protected":false},"excerpt":{"rendered":"<p>Monoblok Kompakt\u00f6rler \u00bb OMP Portatif Elektrikli Monoblok Kompakt\u00f6r OMP Portatif Elektrikli Monoblok Kompakt\u00f6r Portatif Elektrikli Monoblok Kompakt\u00f6r (OMP); kolay kullan\u0131\u015fl\u0131<\/p>","protected":false},"author":3,"featured_media":0,"parent":15918,"menu_order":0,"comment_status":"closed","ping_status":"closed","template":"elementor_header_footer","meta":{"footnotes":""},"class_list":["post-15942","page","type-page","status-publish","hentry"],"_links":{"self":[{"href":"https:\/\/www.orakcimakina.com\/ar\/wp-json\/wp\/v2\/pages\/15942","targetHints":{"allow":["GET"]}}],"collection":[{"href":"https:\/\/www.orakcimakina.com\/ar\/wp-json\/wp\/v2\/pages"}],"about":[{"href":"https:\/\/www.orakcimakina.com\/ar\/wp-json\/wp\/v2\/types\/page"}],"author":[{"embeddable":true,"href":"https:\/\/www.orakcimakina.com\/ar\/wp-json\/wp\/v2\/users\/3"}],"replies":[{"embeddable":true,"href":"https:\/\/www.orakcimakina.com\/ar\/wp-json\/wp\/v2\/comments?post=15942"}],"version-history":[{"count":0,"href":"https:\/\/www.orakcimakina.com\/ar\/wp-json\/wp\/v2\/pages\/15942\/revisions"}],"up":[{"embeddable":true,"href":"https:\/\/www.orakcimakina.com\/ar\/wp-json\/wp\/v2\/pages\/15918"}],"wp:attachment":[{"href":"https:\/\/www.orakcimakina.com\/ar\/wp-json\/wp\/v2\/media?parent=15942"}],"curies":[{"name":"wp","href":"https:\/\/api.w.org\/{rel}","templated":true}]}}