{"id":15918,"date":"2024-01-04T17:29:36","date_gmt":"2024-01-04T14:29:36","guid":{"rendered":"https:\/\/www.orakcimakina.com\/?page_id=15918"},"modified":"2025-05-27T09:30:58","modified_gmt":"2025-05-27T06:30:58","slug":"%d8%b6%d8%a7%d8%ba%d8%b7%d8%a7%d8%aa-%d8%a3%d8%ad%d8%a7%d8%af%d9%8a%d8%a9-%d8%a7%d9%84%d9%83%d8%aa%d9%84%d8%a9","status":"publish","type":"page","link":"https:\/\/www.orakcimakina.com\/ar\/monoblok-kompaktorler\/","title":{"rendered":"\u0636\u0627\u063a\u0637\u0627\u062a \u0623\u062d\u0627\u062f\u064a\u0629 \u0627\u0644\u0643\u062a\u0644\u0629"},"content":{"rendered":"<div data-elementor-type=\"wp-page\" data-elementor-id=\"15918\" class=\"elementor elementor-15918\">\n\t\t\t\t<div class=\"elementor-element elementor-element-6d89c81 wd-section-stretch e-flex e-con-boxed e-con e-parent\" data-id=\"6d89c81\" data-element_type=\"container\" data-e-type=\"container\" data-settings=\"{&quot;background_background&quot;:&quot;classic&quot;}\">\n\t\t\t\t\t<div class=\"e-con-inner\">\n\t\t\t\t<div class=\"elementor-element elementor-element-208e0a5 elementor-widget elementor-widget-image\" data-id=\"208e0a5\" data-element_type=\"widget\" data-e-type=\"widget\" data-widget_type=\"image.default\">\n\t\t\t\t<div class=\"elementor-widget-container\">\n\t\t\t\t\t\t\t\t\t\t\t\t\t\t\t<img decoding=\"async\" width=\"163\" height=\"72\" src=\"https:\/\/www.orakcimakina.com\/wp-content\/themes\/woodmart\/images\/lazy.png\" class=\"attachment-full size-full wp-image-15837 wd-lazy-load wd-lazy-none\" alt=\"\" data-wood-src=\"https:\/\/www.orakcimakina.com\/wp-content\/uploads\/2024\/01\/HIDROLIK-SIKISTIRMALI-COP-KASALARI.png.webp\" srcset=\"\" title=\"\">\t\t\t\t\t\t\t\t\t\t\t\t\t\t\t<\/div>\n\t\t\t\t<\/div>\n\t\t\t\t<div class=\"elementor-element elementor-element-64ff13a elementor-widget elementor-widget-heading\" data-id=\"64ff13a\" data-element_type=\"widget\" data-e-type=\"widget\" data-widget_type=\"heading.default\">\n\t\t\t\t<div class=\"elementor-widget-container\">\n\t\t\t\t\t<h1 class=\"elementor-heading-title elementor-size-default\"><a href=\"https:\/\/www.orakcimakina.com\/ar\/\">\u0627\u0644\u0635\u0641\u062d\u0629 \u0627\u0644\u0631\u0626\u064a\u0633\u064a\u0629<\/a> \u00bb <a href=\"https:\/\/www.orakcimakina.com\/ar\/%d8%a7%d9%84%d9%85%d9%86%d8%aa%d8%ac%d8%a7%d8%aa\/\">\u0627\u0644\u0645\u0646\u062a\u062c\u0627\u062a<\/a> \" \u0636\u0627\u063a\u0637\u0627\u062a \u0623\u062d\u0627\u062f\u064a\u0629 \u0627\u0644\u0643\u062a\u0644\u0629<\/h1>\t\t\t\t<\/div>\n\t\t\t\t<\/div>\n\t\t\t\t\t<\/div>\n\t\t\t\t<\/div>\n\t\t<div class=\"elementor-element elementor-element-b86dc8e e-con-full wd-section-stretch-content e-flex e-con e-parent\" data-id=\"b86dc8e\" data-element_type=\"container\" data-e-type=\"container\" data-settings=\"{&quot;background_background&quot;:&quot;classic&quot;}\">\n\t\t\t\t<div class=\"elementor-element elementor-element-549a708 elementor-widget elementor-widget-heading\" data-id=\"549a708\" data-element_type=\"widget\" data-e-type=\"widget\" data-widget_type=\"heading.default\">\n\t\t\t\t<div class=\"elementor-widget-container\">\n\t\t\t\t\t<h1 class=\"elementor-heading-title elementor-size-default\">\u0642\u0637\u0639\u0629 \u0648\u0627\u062d\u062f\u0629 <br>\n\u0627\u0644\u0636\u0627\u063a\u0637\u0627\u062a<\/h1>\t\t\t\t<\/div>\n\t\t\t\t<\/div>\n\t\t\t\t<\/div>\n\t\t<div class=\"elementor-element elementor-element-a7f9193 e-flex e-con-boxed wd-section-disabled e-con e-parent\" data-id=\"a7f9193\" data-element_type=\"container\" data-e-type=\"container\">\n\t\t\t\t\t<div class=\"e-con-inner\">\n\t\t<div class=\"elementor-element elementor-element-a0b958f e-con-full e-flex wd-section-disabled e-con e-child\" data-id=\"a0b958f\" data-element_type=\"container\" data-e-type=\"container\">\n\t\t\t\t<div class=\"elementor-element elementor-element-d36805a elementor-widget elementor-widget-heading\" data-id=\"d36805a\" data-element_type=\"widget\" data-e-type=\"widget\" data-widget_type=\"heading.default\">\n\t\t\t\t<div class=\"elementor-widget-container\">\n\t\t\t\t\t<div class=\"elementor-heading-title elementor-size-default\">\u0627\u0644\u0636\u0627\u063a\u0637\u0627\u062a \u0627\u0644\u0635\u063a\u064a\u0631\u0629 \u0645\u0646 \u0633\u0644\u0633\u0644\u0629 OMN\u060c \u0627\u0644\u062a\u064a \u062a\u062a\u0648\u0644\u0649 \u0645\u0647\u0645\u0629 \u0627\u0644\u0636\u063a\u0637 \u0628\u062f\u0648\u0646 \u063a\u0637\u0627\u0621 \u062e\u0644\u0641\u064a\u061b \u0641\u0647\u064a \u062a\u062a\u064a\u062d \u0627\u0644\u0646\u0642\u0644 \u0628\u0643\u0645\u064a\u0627\u062a \u0643\u0628\u064a\u0631\u0629 \u0641\u064a \u0627\u0644\u0645\u0633\u0627\u062d\u0627\u062a \u0627\u0644\u0636\u064a\u0642\u0629.<\/div>\t\t\t\t<\/div>\n\t\t\t\t<\/div>\n\t\t\t\t<\/div>\n\t\t<div class=\"elementor-element elementor-element-01196ee e-con-full e-flex wd-section-disabled e-con e-child\" data-id=\"01196ee\" data-element_type=\"container\" data-e-type=\"container\">\n\t\t\t\t<div class=\"elementor-element elementor-element-6139bf6 color-scheme-inherit text-left elementor-widget elementor-widget-text-editor\" data-id=\"6139bf6\" data-element_type=\"widget\" data-e-type=\"widget\" data-widget_type=\"text-editor.default\">\n\t\t\t\t<div class=\"elementor-widget-container\">\n\t\t\t\t\t\t\t\t\t<p>\u064a\u062a\u0645 \u0627\u0644\u062d\u0635\u0648\u0644 \u0639\u0644\u0649 \u0646\u062a\u0627\u0626\u062c \u0646\u0627\u062c\u062d\u0629 \u0641\u064a \u0646\u0642\u0644 \u0627\u0644\u0646\u0641\u0627\u064a\u0627\u062a \u0627\u0644\u0645\u0646\u0632\u0644\u064a\u0629 \u0644\u0625\u0639\u0627\u062f\u0629 \u062a\u062f\u0648\u064a\u0631\u0647\u0627 \u0628\u0643\u0645\u064a\u0627\u062a \u0643\u0628\u064a\u0631\u0629 \u0645\u0646 \u0627\u0644\u0646\u0641\u0627\u064a\u0627\u062a \u0627\u0644\u062a\u064a \u0644\u0627 \u062a\u062a\u0637\u0644\u0628 \u0627\u0644\u0643\u062b\u064a\u0631 \u0645\u0646 \u0627\u0644\u0636\u063a\u0637 \u0641\u064a \u0645\u0646\u0627\u0637\u0642 \u0627\u0644\u0628\u0627\u0632\u0627\u0631.<\/p><p>\u064a\u0645\u0643\u0646 \u062a\u0641\u0636\u064a\u0644 \u0627\u0644\u0645\u0631\u0643\u0628\u0629 \u0630\u0627\u062a \u0627\u0644\u062d\u0645\u0648\u0644\u0629 \u0627\u0644\u0623\u0635\u063a\u0631 \u0645\u0642\u0627\u0631\u0646\u0629\u064b \u0628\u0633\u0644\u0633\u0644\u0629 ORV\u060c \u0648\u0628\u0627\u0644\u062a\u0627\u0644\u064a \u062a\u062a\u0637\u0644\u0628 \u062a\u0643\u0627\u0644\u064a\u0641 \u0627\u0633\u062a\u062b\u0645\u0627\u0631 \u0623\u0648\u0644\u064a\u0629 \u0623\u0642\u0644 \u0646\u0633\u0628\u064a\u064b\u0627. \u0648\u062a\u0648\u0641\u0631 \u0627\u0644\u0642\u062f\u0631\u0629 \u0639\u0644\u0649 \u0627\u0644\u0646\u0642\u0644 \u0625\u0644\u0649 \u0633\u0644\u0633\u0644\u0629 ORV 300 \u0648400 \u062a\u0643\u0627\u0644\u064a\u0641 \u0627\u0644\u0648\u0642\u0648\u062f \u062d\u064a\u062b \u0644\u0627 \u064a\u062a\u0639\u064a\u0646 \u0639\u0644\u0649 \u0627\u0644\u0645\u0631\u0643\u0628\u0629 \u0627\u0644\u0627\u0646\u062a\u0642\u0627\u0644 \u0645\u0646 \u0648\u0625\u0644\u0649 \u0645\u0648\u0642\u0639 \u0627\u0644\u0637\u0645\u0631. \u062a\u0648\u0641\u0631 \u0627\u0644\u0622\u0644\u064a\u0629 \u0639\u0645\u0644\u064a\u0629 \u0627\u0644\u0636\u063a\u0637 \u0639\u0646 \u0637\u0631\u064a\u0642 \u0634\u0641\u0631\u0629 \u0645\u0632\u062f\u0648\u062c\u0629 \u0645\u0634\u062a\u0631\u0643\u0629 \u0648\u0627\u0644\u062a\u0641\u0631\u064a\u063a \u0639\u0646 \u0637\u0631\u064a\u0642 \u0633\u062a\u0627\u0631\u0629 \u062f\u0627\u062e\u0644\u064a\u0629. \u0628\u0641\u0636\u0644 \u062c\u0647\u0627\u0632 \u0631\u0641\u0639 \u0627\u0644\u062d\u0627\u0648\u064a\u0629\u060c \u064a\u0645\u0643\u0646 \u062a\u062d\u0645\u064a\u0644 \u0627\u0644\u062d\u0627\u0648\u064a\u0629 \u0648\u0627\u0644\u062a\u062d\u0645\u064a\u0644 \u0627\u0644\u064a\u062f\u0648\u064a \u0639\u0644\u0649 \u062d\u062f \u0633\u0648\u0627\u0621. \u062a\u062a\u0645\u064a\u0632 \u0628\u062c\u0633\u0645 \u0645\u0646\u062e\u0641\u0636 \u0627\u0644\u0648\u0632\u0646.<\/p>\t\t\t\t\t\t\t\t<\/div>\n\t\t\t\t<\/div>\n\t\t\t\t<\/div>\n\t\t\t\t\t<\/div>\n\t\t\t\t<\/div>\n\t\t<div class=\"elementor-element elementor-element-7492ef2 wd-section-stretch e-flex e-con-boxed e-con e-parent\" data-id=\"7492ef2\" data-element_type=\"container\" data-e-type=\"container\" data-settings=\"{&quot;background_background&quot;:&quot;classic&quot;}\">\n\t\t\t\t\t<div class=\"e-con-inner\">\n\t\t<div class=\"elementor-element elementor-element-23bfdf4 e-con-full e-flex wd-section-disabled e-con e-child\" data-id=\"23bfdf4\" data-element_type=\"container\" data-e-type=\"container\" data-settings=\"{&quot;background_background&quot;:&quot;classic&quot;}\">\n\t\t\t\t<div class=\"elementor-element elementor-element-27c94ce elementor-widget elementor-widget-image\" data-id=\"27c94ce\" data-element_type=\"widget\" data-e-type=\"widget\" data-widget_type=\"image.default\">\n\t\t\t\t<div class=\"elementor-widget-container\">\n\t\t\t\t\t\t\t\t\t\t\t\t\t\t\t<img fetchpriority=\"high\" decoding=\"async\" width=\"509\" height=\"319\" src=\"https:\/\/www.orakcimakina.com\/wp-content\/themes\/woodmart\/images\/lazy.png\" class=\"attachment-full size-full wp-image-15921 wd-lazy-load wd-lazy-none\" alt=\"\" srcset=\"\" sizes=\"(max-width: 509px) 100vw, 509px\" data-wood-src=\"https:\/\/www.orakcimakina.com\/wp-content\/uploads\/2024\/01\/Layer-10-1.png.webp\" data-srcset=\"https:\/\/www.orakcimakina.com\/wp-content\/uploads\/2024\/01\/Layer-10-1.png.webp 509w, https:\/\/www.orakcimakina.com\/wp-content\/uploads\/2024\/01\/Layer-10-1.png-400x251.webp 400w\" title=\"\">\t\t\t\t\t\t\t\t\t\t\t\t\t\t\t<\/div>\n\t\t\t\t<\/div>\n\t\t\t\t<div class=\"elementor-element elementor-element-820a470 elementor-widget elementor-widget-heading\" data-id=\"820a470\" data-element_type=\"widget\" data-e-type=\"widget\" data-widget_type=\"heading.default\">\n\t\t\t\t<div class=\"elementor-widget-container\">\n\t\t\t\t\t<div class=\"elementor-heading-title elementor-size-default\">\u0642\u0637\u0639\u0629 \u0648\u0627\u062d\u062f\u0629 \u0623\u062d\u0627\u062f\u064a\u0629 \u0627\u0644\u0643\u062a\u0644\u0629 OMN\n\u0627\u0644\u0636\u0627\u063a\u0637<\/div>\t\t\t\t<\/div>\n\t\t\t\t<\/div>\n\t\t\t\t<div class=\"elementor-element elementor-element-3616436 elementor-widget elementor-widget-wd_button\" data-id=\"3616436\" data-element_type=\"widget\" data-e-type=\"widget\" data-widget_type=\"wd_button.default\">\n\t\t\t\t<div class=\"elementor-widget-container\">\n\t\t\t\t\t\t\t<div class=\"wd-button-wrapper text-\" >\n\t\t\t<a class=\"btn btn-style-bordered btn-style-rectangle btn-size-default btn-color-white btn-full-width btn-icon-pos-right\"  href=\"https:\/\/www.orakcimakina.com\/ar\/%d8%b6%d8%a7%d8%ba%d8%b7%d8%a7%d8%aa-%d8%a3%d8%ad%d8%a7%d8%af%d9%8a%d8%a9-%d8%a7%d9%84%d9%83%d8%aa%d9%84%d8%a9\/%d9%83%d9%88%d9%85%d8%a8%d8%a7%d9%83%d8%aa%d9%88%d8%b1-%d8%a3%d8%ad%d8%a7%d8%af%d9%8a-%d8%a7%d9%84%d9%83%d8%aa%d9%84%d8%a9-%d8%a7%d9%84%d9%88%d8%a7%d8%ad%d8%af%d8%a9-%d9%85%d9%86-%d8%a3%d9%88%d9%85\/\">\n\t\t\t\t<span class=\"wd-btn-text\" data-elementor-setting-key=\"text\">\n\t\t\t\t\t\u0627\u0643\u062a\u0634\u0641\t\t\t\t<\/span>\n\n\t\t\t\t\t\t\t<\/a>\n\t\t<\/div>\n\t\t\t\t\t\t<\/div>\n\t\t\t\t<\/div>\n\t\t\t\t<\/div>\n\t\t<div class=\"elementor-element elementor-element-a4250f0 e-con-full e-flex wd-section-disabled e-con e-child\" data-id=\"a4250f0\" data-element_type=\"container\" data-e-type=\"container\" data-settings=\"{&quot;background_background&quot;:&quot;classic&quot;}\">\n\t\t\t\t<div class=\"elementor-element elementor-element-c279a46 elementor-widget elementor-widget-image\" data-id=\"c279a46\" data-element_type=\"widget\" data-e-type=\"widget\" data-widget_type=\"image.default\">\n\t\t\t\t<div class=\"elementor-widget-container\">\n\t\t\t\t\t\t\t\t\t\t\t\t\t\t\t<img decoding=\"async\" width=\"509\" height=\"319\" src=\"https:\/\/www.orakcimakina.com\/wp-content\/themes\/woodmart\/images\/lazy.png\" class=\"attachment-full size-full wp-image-15922 wd-lazy-load wd-lazy-none\" alt=\"\" srcset=\"\" sizes=\"(max-width: 509px) 100vw, 509px\" data-wood-src=\"https:\/\/www.orakcimakina.com\/wp-content\/uploads\/2024\/01\/Layer-12-1.png.webp\" data-srcset=\"https:\/\/www.orakcimakina.com\/wp-content\/uploads\/2024\/01\/Layer-12-1.png.webp 509w, https:\/\/www.orakcimakina.com\/wp-content\/uploads\/2024\/01\/Layer-12-1.png-400x251.webp 400w\" title=\"\">\t\t\t\t\t\t\t\t\t\t\t\t\t\t\t<\/div>\n\t\t\t\t<\/div>\n\t\t\t\t<div class=\"elementor-element elementor-element-810a11c elementor-widget elementor-widget-heading\" data-id=\"810a11c\" data-element_type=\"widget\" data-e-type=\"widget\" data-widget_type=\"heading.default\">\n\t\t\t\t<div class=\"elementor-widget-container\">\n\t\t\t\t\t<div class=\"elementor-heading-title elementor-size-default\">\u0627\u0644\u0636\u0627\u063a\u0637\u0629 \u0627\u0644\u0643\u0647\u0631\u0628\u0627\u0626\u064a\u0629 \u0627\u0644\u0645\u062d\u0645\u0648\u0644\u0629 OMP\n\u0636\u0627\u063a\u0637\u0629 \u0623\u062d\u0627\u062f\u064a\u0629 \u0627\u0644\u0643\u062a\u0644\u0629<\/div>\t\t\t\t<\/div>\n\t\t\t\t<\/div>\n\t\t\t\t<div class=\"elementor-element elementor-element-25c2e4c elementor-widget elementor-widget-wd_button\" data-id=\"25c2e4c\" data-element_type=\"widget\" data-e-type=\"widget\" data-widget_type=\"wd_button.default\">\n\t\t\t\t<div class=\"elementor-widget-container\">\n\t\t\t\t\t\t\t<div class=\"wd-button-wrapper text-\" >\n\t\t\t<a class=\"btn btn-style-bordered btn-style-rectangle btn-size-default btn-color-white btn-full-width btn-icon-pos-right\"  href=\"https:\/\/www.orakcimakina.com\/ar\/%d8%b6%d8%a7%d8%ba%d8%b7%d8%a7%d8%aa-%d8%a3%d8%ad%d8%a7%d8%af%d9%8a%d8%a9-%d8%a7%d9%84%d9%83%d8%aa%d9%84%d8%a9\/%d8%a7%d9%84%d8%b6%d8%a7%d8%ba%d8%b7%d8%a9-%d8%a7%d9%84%d9%83%d9%87%d8%b1%d8%a8%d8%a7%d8%a6%d9%8a%d8%a9-%d8%a7%d9%84%d8%a3%d8%ad%d8%a7%d8%af%d9%8a%d8%a9-%d8%a7%d9%84%d9%83%d8%aa%d9%84%d8%a9-%d8%a7\/\">\n\t\t\t\t<span class=\"wd-btn-text\" data-elementor-setting-key=\"text\">\n\t\t\t\t\t\u0627\u0643\u062a\u0634\u0641\t\t\t\t<\/span>\n\n\t\t\t\t\t\t\t<\/a>\n\t\t<\/div>\n\t\t\t\t\t\t<\/div>\n\t\t\t\t<\/div>\n\t\t\t\t<\/div>\n\t\t<div class=\"elementor-element elementor-element-0e91621 e-con-full e-flex wd-section-disabled e-con e-child\" data-id=\"0e91621\" data-element_type=\"container\" data-e-type=\"container\" data-settings=\"{&quot;background_background&quot;:&quot;classic&quot;}\">\n\t\t\t\t<div class=\"elementor-element elementor-element-f74e1db elementor-widget elementor-widget-image\" data-id=\"f74e1db\" data-element_type=\"widget\" data-e-type=\"widget\" data-widget_type=\"image.default\">\n\t\t\t\t<div class=\"elementor-widget-container\">\n\t\t\t\t\t\t\t\t\t\t\t\t\t\t\t<img loading=\"lazy\" decoding=\"async\" width=\"509\" height=\"319\" src=\"https:\/\/www.orakcimakina.com\/wp-content\/themes\/woodmart\/images\/lazy.png\" class=\"attachment-full size-full wp-image-15923 wd-lazy-load wd-lazy-none\" alt=\"\" srcset=\"\" sizes=\"(max-width: 509px) 100vw, 509px\" data-wood-src=\"https:\/\/www.orakcimakina.com\/wp-content\/uploads\/2024\/01\/Layer-11-2.png.webp\" data-srcset=\"https:\/\/www.orakcimakina.com\/wp-content\/uploads\/2024\/01\/Layer-11-2.png.webp 509w, https:\/\/www.orakcimakina.com\/wp-content\/uploads\/2024\/01\/Layer-11-2.png-400x251.webp 400w\" title=\"\">\t\t\t\t\t\t\t\t\t\t\t\t\t\t\t<\/div>\n\t\t\t\t<\/div>\n\t\t\t\t<div class=\"elementor-element elementor-element-1f3af1c elementor-widget elementor-widget-heading\" data-id=\"1f3af1c\" data-element_type=\"widget\" data-e-type=\"widget\" data-widget_type=\"heading.default\">\n\t\t\t\t<div class=\"elementor-widget-container\">\n\t\t\t\t\t<div class=\"elementor-heading-title elementor-size-default\">\u0627\u0644\u0636\u0627\u063a\u0637\u0629 \u0627\u0644\u0643\u0647\u0631\u0628\u0627\u0626\u064a\u0629 \u0627\u0644\u062b\u0627\u0628\u062a\u0629 OME\n\u0636\u0627\u063a\u0637\u0629 \u0623\u062d\u0627\u062f\u064a\u0629 \u0627\u0644\u0643\u062a\u0644\u0629<\/div>\t\t\t\t<\/div>\n\t\t\t\t<\/div>\n\t\t\t\t<div class=\"elementor-element elementor-element-052dd5d elementor-widget elementor-widget-wd_button\" data-id=\"052dd5d\" data-element_type=\"widget\" data-e-type=\"widget\" data-widget_type=\"wd_button.default\">\n\t\t\t\t<div class=\"elementor-widget-container\">\n\t\t\t\t\t\t\t<div class=\"wd-button-wrapper text-\" >\n\t\t\t<a class=\"btn btn-style-bordered btn-style-rectangle btn-size-default btn-color-white btn-full-width btn-icon-pos-right\"  href=\"https:\/\/www.orakcimakina.com\/ar\/%d8%b6%d8%a7%d8%ba%d8%b7%d8%a7%d8%aa-%d8%a3%d8%ad%d8%a7%d8%af%d9%8a%d8%a9-%d8%a7%d9%84%d9%83%d8%aa%d9%84%d8%a9\/%d8%a7%d9%84%d8%b6%d8%a7%d8%ba%d8%b7%d8%a9-%d8%a7%d9%84%d9%83%d9%87%d8%b1%d8%a8%d8%a7%d8%a6%d9%8a%d8%a9-%d8%a7%d9%84%d8%ab%d8%a7%d8%a8%d8%aa%d8%a9-%d8%a3%d8%ad%d8%a7%d8%af%d9%8a%d8%a9-%d8%a7%d9%84\/\">\n\t\t\t\t<span class=\"wd-btn-text\" data-elementor-setting-key=\"text\">\n\t\t\t\t\t\u0627\u0643\u062a\u0634\u0641\t\t\t\t<\/span>\n\n\t\t\t\t\t\t\t<\/a>\n\t\t<\/div>\n\t\t\t\t\t\t<\/div>\n\t\t\t\t<\/div>\n\t\t\t\t<\/div>\n\t\t<div class=\"elementor-element elementor-element-c98afcf e-con-full e-flex wd-section-disabled e-con e-child\" data-id=\"c98afcf\" data-element_type=\"container\" data-e-type=\"container\" data-settings=\"{&quot;background_background&quot;:&quot;classic&quot;}\">\n\t\t\t\t<div class=\"elementor-element elementor-element-4ab432d elementor-widget elementor-widget-image\" data-id=\"4ab432d\" data-element_type=\"widget\" data-e-type=\"widget\" data-widget_type=\"image.default\">\n\t\t\t\t<div class=\"elementor-widget-container\">\n\t\t\t\t\t\t\t\t\t\t\t\t\t\t\t<img decoding=\"async\" class=\"wd-lazy-load wd-lazy-none\" src=\"https:\/\/www.orakcimakina.com\/wp-content\/themes\/woodmart\/images\/lazy.png\" data-wood-src=\"https:\/\/www.orakcimakina.com\/wp-content\/uploads\/elementor\/thumbs\/opc_cover-rjm8nro7eq6wrkzjckyh53uhwch3bmu89w5k1mbpf6.jpg\" title=\"\u063a\u0644\u0627\u0641 \u0627\u0644\u0639\u0645\u0644\u064a\u0629\" alt=\"\u063a\u0644\u0627\u0641 \u0627\u0644\u0639\u0645\u0644\u064a\u0629\" loading=\"lazy\" \/>\t\t\t\t\t\t\t\t\t\t\t\t\t\t\t<\/div>\n\t\t\t\t<\/div>\n\t\t\t\t<div class=\"elementor-element elementor-element-8fac2e1 elementor-widget elementor-widget-heading\" data-id=\"8fac2e1\" data-element_type=\"widget\" data-e-type=\"widget\" data-widget_type=\"heading.default\">\n\t\t\t\t<div class=\"elementor-widget-container\">\n\t\t\t\t\t<div class=\"elementor-heading-title elementor-size-default\">OPC<\/div>\t\t\t\t<\/div>\n\t\t\t\t<\/div>\n\t\t\t\t<div class=\"elementor-element elementor-element-e44f2e4 elementor-widget elementor-widget-wd_button\" data-id=\"e44f2e4\" data-element_type=\"widget\" data-e-type=\"widget\" data-widget_type=\"wd_button.default\">\n\t\t\t\t<div class=\"elementor-widget-container\">\n\t\t\t\t\t\t\t<div class=\"wd-button-wrapper text-\" >\n\t\t\t<a class=\"btn btn-style-bordered btn-style-rectangle btn-size-default btn-color-white btn-full-width btn-icon-pos-right\"  href=\"https:\/\/www.orakcimakina.com\/ar\/opc\/\">\n\t\t\t\t<span class=\"wd-btn-text\" data-elementor-setting-key=\"text\">\n\t\t\t\t\t\u0627\u0643\u062a\u0634\u0641\t\t\t\t<\/span>\n\n\t\t\t\t\t\t\t<\/a>\n\t\t<\/div>\n\t\t\t\t\t\t<\/div>\n\t\t\t\t<\/div>\n\t\t\t\t<\/div>\n\t\t\t\t\t<\/div>\n\t\t\t\t<\/div>\n\t\t\t\t<\/div>","protected":false},"excerpt":{"rendered":"<p>Anasayfa \u00bb \u00dcr\u00fcnler \u00bb Monoblok Kompakt\u00f6rler Monoblok Kompakt\u00f6rler Arka kapak olmadan s\u0131k\u0131\u015ft\u0131rma yapma g\u00f6revini g\u00f6ren OMN serisi mini kompakt\u00f6rler; dar<\/p>","protected":false},"author":3,"featured_media":0,"parent":0,"menu_order":0,"comment_status":"closed","ping_status":"closed","template":"elementor_header_footer","meta":{"footnotes":""},"class_list":["post-15918","page","type-page","status-publish","hentry"],"_links":{"self":[{"href":"https:\/\/www.orakcimakina.com\/ar\/wp-json\/wp\/v2\/pages\/15918","targetHints":{"allow":["GET"]}}],"collection":[{"href":"https:\/\/www.orakcimakina.com\/ar\/wp-json\/wp\/v2\/pages"}],"about":[{"href":"https:\/\/www.orakcimakina.com\/ar\/wp-json\/wp\/v2\/types\/page"}],"author":[{"embeddable":true,"href":"https:\/\/www.orakcimakina.com\/ar\/wp-json\/wp\/v2\/users\/3"}],"replies":[{"embeddable":true,"href":"https:\/\/www.orakcimakina.com\/ar\/wp-json\/wp\/v2\/comments?post=15918"}],"version-history":[{"count":0,"href":"https:\/\/www.orakcimakina.com\/ar\/wp-json\/wp\/v2\/pages\/15918\/revisions"}],"wp:attachment":[{"href":"https:\/\/www.orakcimakina.com\/ar\/wp-json\/wp\/v2\/media?parent=15918"}],"curies":[{"name":"wp","href":"https:\/\/api.w.org\/{rel}","templated":true}]}}