{"id":15814,"date":"2024-01-04T15:44:33","date_gmt":"2024-01-04T12:44:33","guid":{"rendered":"https:\/\/www.orakcimakina.com\/?page_id=15814"},"modified":"2025-05-26T19:29:48","modified_gmt":"2025-05-26T16:29:48","slug":"%d8%a7%d9%84%d8%aa%d9%88%d8%a7%d8%b5%d9%84","status":"publish","type":"page","link":"https:\/\/www.orakcimakina.com\/ar\/iletisim\/","title":{"rendered":"\u0130leti\u015fim \u2502 Orak\u00e7\u0131 Makina"},"content":{"rendered":"\t\t<div data-elementor-type=\"wp-page\" data-elementor-id=\"15814\" class=\"elementor elementor-15814\">\n\t\t\t\t<div class=\"elementor-element elementor-element-3b00842 e-con-full wd-section-stretch-content e-flex e-con e-parent\" data-id=\"3b00842\" data-element_type=\"container\" data-e-type=\"container\" data-settings=\"{&quot;background_background&quot;:&quot;classic&quot;}\">\n\t\t\t\t<div class=\"elementor-element elementor-element-43f7dac elementor-widget elementor-widget-heading\" data-id=\"43f7dac\" data-element_type=\"widget\" data-e-type=\"widget\" data-widget_type=\"heading.default\">\n\t\t\t\t<div class=\"elementor-widget-container\">\n\t\t\t\t\t<h1 class=\"elementor-heading-title elementor-size-default\"><br><br>Ara\u00e7 \u00fcst\u00fc ekipman \u00e7\u00f6z\u00fcmleri i\u00e7in<br>Bize Ula\u015f\u0131n<\/h1>\t\t\t\t<\/div>\n\t\t\t\t<\/div>\n\t\t\t\t<\/div>\n\t\t<div class=\"elementor-element elementor-element-92075de e-flex e-con-boxed wd-section-disabled e-con e-parent\" data-id=\"92075de\" data-element_type=\"container\" data-e-type=\"container\">\n\t\t\t\t\t<div class=\"e-con-inner\">\n\t\t<div class=\"elementor-element elementor-element-d18b1de e-con-full e-flex wd-section-disabled e-con e-child\" data-id=\"d18b1de\" data-element_type=\"container\" data-e-type=\"container\">\n\t\t\t\t<div class=\"elementor-element elementor-element-77866f3 color-scheme-inherit text-left elementor-widget elementor-widget-text-editor\" data-id=\"77866f3\" data-element_type=\"widget\" data-e-type=\"widget\" data-widget_type=\"text-editor.default\">\n\t\t\t\t<div class=\"elementor-widget-container\">\n\t\t\t\t\t\t\t\t\t<p>FABR\u0130KA<br \/>Ovaak\u00e7a Santral Mah.<br \/>Kahraman Sokak No:52, PK: 16335<br \/>Osmangazi Bursa \/ T\u00dcRK\u0130YE<br \/>T : <a href=\"tel:902244932499\">+90 (224) 493 24 98<\/a><br \/>F : <a href=\"tel:902244932499\">+90 (224) 493 24 99<\/a><br \/>E : info@orakcimakina.com<\/p><p>SATI\u015e DEPARTMANI<br \/>Ovaak\u00e7a Santral Mah.<br \/>Kahraman Sokak No:52, PK: 16335<br \/>Osmangazi Bursa \/ T\u00dcRK\u0130YE<br \/>T : <a href=\"tel:902244932498\">+90 (224) 493 24 98<\/a><br \/>F : <a href=\"tel:902244932499\">+90 (224) 493 24 99<\/a><br \/>E : export@orakcimakina.com<\/p><p>ORAK\u00c7I \u015e\u0130RKETLER GRUBU<br \/>\u00dc\u00e7evler Mh. Tanay Cad. Esra Sokak<br \/>Orak\u00e7\u0131 \u0130\u015f Merkezi No:12, PK: 16120<br \/>Nil\u00fcfer BURSA \/ T\u00dcRK\u0130YE<br \/>T : <a href=\"tel:902244418111\">+90 (224) 441 81 11<\/a><br \/>F : <a href=\"tel:902244435256\">+90 (224) 443 52 56<\/a><br \/>E : bilgi@orakci.com<\/p>\t\t\t\t\t\t\t\t<\/div>\n\t\t\t\t<\/div>\n\t\t\t\t<\/div>\n\t\t<div class=\"elementor-element elementor-element-866fe26 e-con-full e-flex wd-section-disabled e-con e-child\" data-id=\"866fe26\" data-element_type=\"container\" data-e-type=\"container\">\n\t\t\t\t<div class=\"elementor-element elementor-element-011fb08 color-scheme-inherit text-left elementor-widget elementor-widget-text-editor\" data-id=\"011fb08\" data-element_type=\"widget\" data-e-type=\"widget\" data-widget_type=\"text-editor.default\">\n\t\t\t\t<div class=\"elementor-widget-container\">\n\t\t\t\t\t\t\t\t\t<p><strong>NASIL G\u0130DER\u0130M?<\/strong><br \/>Fabrikam\u0131z ve genel merkezimizin bulundu\u011fu g\u00fczide \u015fehrimiz Bursa, \u0130stanbul\u2019a yak\u0131nl\u0131\u011f\u0131 sayesinde muhtelif ula\u015f\u0131m ko\u015fullar\u0131na sahiptir. \u0130stanbul Havaliman\u0131\u2019ndan Yenikap\u0131\u2019ya otob\u00fcsle, oradan da Bursa G\u00fczelyal\u0131\u2019ya deniz otob\u00fcs\u00fc ile 1 saat 45 dakikada gelebilirsiniz. \u0130stanbul Havaliman\u0131\u2019ndan kalkan otob\u00fcsler ile Bursa\u2019ya 2 saat 30 dakikada gelebilirsiniz. Sabiha G\u00f6k\u00e7en Havaliman\u0131\u2019ndan kalkan otob\u00fcs ile direkt olarak Bursa\u2019ya 1 saat 30 dakikada gelebilirsiniz.<\/p>\t\t\t\t\t\t\t\t<\/div>\n\t\t\t\t<\/div>\n\t\t\t\t<div class=\"elementor-element elementor-element-5a5b3e2 elementor-widget elementor-widget-google_maps\" data-id=\"5a5b3e2\" data-element_type=\"widget\" data-e-type=\"widget\" data-widget_type=\"google_maps.default\">\n\t\t\t\t<div class=\"elementor-widget-container\">\n\t\t\t\t\t\t\t<div class=\"elementor-custom-embed\">\n\t\t\t<iframe loading=\"lazy\"\n\t\t\t\t\tsrc=\"https:\/\/maps.google.com\/maps?q=Ovaak%C3%A7a%20Santral%2C%20Kahraman%20Sk.%20No%3A52%2C%2016245%20Osmangazi%2FBursa&#038;t=m&#038;z=14&#038;output=embed&#038;iwloc=near\"\n\t\t\t\t\ttitle=\"Ovaak\u00e7a Santral, Kahraman Sk. No:52, 16245 Osmangazi\/Bursa\"\n\t\t\t\t\taria-label=\"Ovaak\u00e7a Santral, Kahraman Sk. No:52, 16245 Osmangazi\/Bursa\"\n\t\t\t><\/iframe>\n\t\t<\/div>\n\t\t\t\t\t\t<\/div>\n\t\t\t\t<\/div>\n\t\t\t\t<\/div>\n\t\t\t\t\t<\/div>\n\t\t\t\t<\/div>\n\t\t<div class=\"elementor-element elementor-element-f8b6e64 e-flex e-con-boxed wd-section-disabled e-con e-parent\" data-id=\"f8b6e64\" data-element_type=\"container\" data-e-type=\"container\">\n\t\t\t\t\t<div class=\"e-con-inner\">\n\t\t<div class=\"elementor-element elementor-element-581509c e-con-full e-flex wd-section-disabled e-con e-child\" data-id=\"581509c\" data-element_type=\"container\" data-e-type=\"container\">\n\t\t\t\t<div class=\"elementor-element elementor-element-44c03a3 elementor-widget elementor-widget-heading\" data-id=\"44c03a3\" data-element_type=\"widget\" data-e-type=\"widget\" data-widget_type=\"heading.default\">\n\t\t\t\t<div class=\"elementor-widget-container\">\n\t\t\t\t\t<div class=\"elementor-heading-title elementor-size-default\">\u0130leti\u015fim Formu<\/div>\t\t\t\t<\/div>\n\t\t\t\t<\/div>\n\t\t\t\t<\/div>\n\t\t\t\t\t<\/div>\n\t\t\t\t<\/div>\n\t\t<div class=\"elementor-element elementor-element-930fb79 iletisim-formu e-flex e-con-boxed wd-section-disabled e-con e-parent\" data-id=\"930fb79\" data-element_type=\"container\" data-e-type=\"container\">\n\t\t\t\t\t<div class=\"e-con-inner\">\n\t\t\t\t<div class=\"elementor-element elementor-element-e7ceeb9 elementor-widget elementor-widget-wpforms\" data-id=\"e7ceeb9\" data-element_type=\"widget\" data-e-type=\"widget\" data-widget_type=\"wpforms.default\">\n\t\t\t\t<div class=\"elementor-widget-container\">\n\t\t\t\t\t<div class=\"wpforms-container wpforms-container-full wpforms-render-modern\" id=\"wpforms-15820\"><form id=\"wpforms-form-15820\" class=\"wpforms-validate wpforms-form wpforms-ajax-form\" data-formid=\"15820\" method=\"post\" enctype=\"multipart\/form-data\" action=\"\/ar\/wp-json\/wp\/v2\/pages\/15814\" data-token=\"1cbff8168444307cd00cc34a82024e85\" data-token-time=\"1777566574\"><noscript class=\"wpforms-error-noscript\">Please enable JavaScript in your browser to complete this form.<\/noscript><div id=\"wpforms-error-noscript\" style=\"display: none;\">Please enable JavaScript in your browser to complete this form.<\/div><div class=\"wpforms-field-container\"><div id=\"wpforms-15820-field_2-container\" class=\"wpforms-field wpforms-field-name\" data-field-id=\"2\"><label class=\"wpforms-field-label\" for=\"wpforms-15820-field_2\">Ad\u0131 Soyad <span class=\"wpforms-required-label\" aria-hidden=\"true\">*<\/span><\/label><input type=\"text\" id=\"wpforms-15820-field_2\" class=\"wpforms-field-large wpforms-field-required\" name=\"wpforms[fields][2]\" aria-errormessage=\"wpforms-15820-field_2-error\" required><\/div><div id=\"wpforms-15820-field_5-container\" class=\"wpforms-field wpforms-field-text\" data-field-id=\"5\"><label class=\"wpforms-field-label\" for=\"wpforms-15820-field_5\">G\u00f6rev <span class=\"wpforms-required-label\" aria-hidden=\"true\">*<\/span><\/label><input type=\"text\" id=\"wpforms-15820-field_5\" class=\"wpforms-field-large wpforms-field-required\" name=\"wpforms[fields][5]\" aria-errormessage=\"wpforms-15820-field_5-error\" required><\/div><div id=\"wpforms-15820-field_7-container\" class=\"wpforms-field wpforms-field-text\" data-field-id=\"7\"><label class=\"wpforms-field-label\" for=\"wpforms-15820-field_7\">Telefon <span class=\"wpforms-required-label\" aria-hidden=\"true\">*<\/span><\/label><input type=\"text\" id=\"wpforms-15820-field_7\" class=\"wpforms-field-large wpforms-field-required\" name=\"wpforms[fields][7]\" aria-errormessage=\"wpforms-15820-field_7-error\" required><\/div><div id=\"wpforms-15820-field_1-container\" class=\"wpforms-field wpforms-field-email\" data-field-id=\"1\"><label class=\"wpforms-field-label\" for=\"wpforms-15820-field_1\">E-posta <span class=\"wpforms-required-label\" aria-hidden=\"true\">*<\/span><\/label><input type=\"email\" id=\"wpforms-15820-field_1\" class=\"wpforms-field-large wpforms-field-required\" name=\"wpforms[fields][1]\" spellcheck=\"false\" aria-errormessage=\"wpforms-15820-field_1-error\" required><\/div><div id=\"wpforms-15820-field_8-container\" class=\"wpforms-field wpforms-field-text\" data-field-id=\"8\"><label class=\"wpforms-field-label\" for=\"wpforms-15820-field_8\">Konu <span class=\"wpforms-required-label\" aria-hidden=\"true\">*<\/span><\/label><input type=\"text\" id=\"wpforms-15820-field_8\" class=\"wpforms-field-large wpforms-field-required\" name=\"wpforms[fields][8]\" aria-errormessage=\"wpforms-15820-field_8-error\" required><\/div><div id=\"wpforms-15820-field_9-container\" class=\"wpforms-field wpforms-field-textarea\" data-field-id=\"9\"><label class=\"wpforms-field-label\" for=\"wpforms-15820-field_9\">Mesaj\u0131n\u0131z <span class=\"wpforms-required-label\" aria-hidden=\"true\">*<\/span><\/label><textarea id=\"wpforms-15820-field_9\" class=\"wpforms-field-medium wpforms-field-required\" name=\"wpforms[fields][9]\" aria-errormessage=\"wpforms-15820-field_9-error\" required><\/textarea><\/div><\/div><!-- .wpforms-field-container --><div class=\"wpforms-submit-container\" ><input type=\"hidden\" name=\"wpforms[id]\" value=\"15820\"><input type=\"hidden\" name=\"page_title\" value=\"\"><input type=\"hidden\" name=\"page_url\" value=\"https:\/\/www.orakcimakina.com\/ar\/wp-json\/wp\/v2\/pages\/15814\"><input type=\"hidden\" name=\"url_referer\" value=\"\">\t\t<div id=\"cf-turnstile-wpf-568635504\"\r\n\t\tclass=\"cf-turnstile\" \t\tdata-sitekey=\"0x4AAAAAAAfLdJc-bAfGvRCh\"\r\n\t\tdata-theme=\"light\"\r\n\t\tdata-language=\"auto\"\r\n\t\tdata-size=\"\"\r\n\t\tdata-retry=\"auto\" data-retry-interval=\"1000\"\r\n\t\tdata-refresh-expired=\"auto\"\r\n\t\tdata-refresh-timeout=\"auto\"\r\n\t\tdata-action=\"wpforms-15820\"\r\n\t\tdata-callback=\"turnstileWPFCallback\"\r\n\t\t\t\tdata-appearance=\"always\"><\/div>\r\n\t\t\t<script>document.addEventListener(\"DOMContentLoaded\", function() { setTimeout(function(){ var e=document.getElementById(\"cf-turnstile-wpf-568635504\"); if(e&&!e.innerHTML.trim()){turnstile.render(e, {sitekey:\"0x4AAAAAAAfLdJc-bAfGvRCh\"});} }, 200); });<\/script>\r\n\t\t\t<br class=\"cf-turnstile-br cf-turnstile-br-wpf-568635504\">\r\n\t\t\t\t<style>#cf-turnstile-wpf-568635504 { margin-left: -15px; }<\/style>\r\n\t\t<button type=\"submit\" name=\"wpforms[submit]\" id=\"wpforms-submit-15820\" class=\"wpforms-submit\" data-alt-text=\"G\u00f6nderiliyor...\" data-submit-text=\"G\u00f6nder\" aria-live=\"assertive\" value=\"wpforms-submit\">G\u00f6nder<\/button><img decoding=\"async\" src=\"https:\/\/www.orakcimakina.com\/wp-content\/plugins\/wpforms-lite\/assets\/images\/submit-spin.svg\" class=\"wpforms-submit-spinner\" style=\"display: none;\" width=\"26\" height=\"26\" alt=\"Loading\" title=\"\"><\/div><\/form><\/div>  <!-- .wpforms-container -->\t\t\t\t<\/div>\n\t\t\t\t<\/div>\n\t\t\t\t\t<\/div>\n\t\t\t\t<\/div>\n\t\t\t\t<\/div>\n\t\t","protected":false},"excerpt":{"rendered":"<p>Ara\u00e7 \u00fcst\u00fc ekipman \u00e7\u00f6z\u00fcmleri i\u00e7inBize Ula\u015f\u0131n FABR\u0130KAOvaak\u00e7a Santral Mah.Kahraman Sokak No:52, PK: 16335Osmangazi Bursa \/ T\u00dcRK\u0130YET : +90 (224) 493<\/p>","protected":false},"author":3,"featured_media":0,"parent":0,"menu_order":0,"comment_status":"closed","ping_status":"closed","template":"elementor_header_footer","meta":{"footnotes":""},"class_list":["post-15814","page","type-page","status-publish","hentry"],"_links":{"self":[{"href":"https:\/\/www.orakcimakina.com\/ar\/wp-json\/wp\/v2\/pages\/15814","targetHints":{"allow":["GET"]}}],"collection":[{"href":"https:\/\/www.orakcimakina.com\/ar\/wp-json\/wp\/v2\/pages"}],"about":[{"href":"https:\/\/www.orakcimakina.com\/ar\/wp-json\/wp\/v2\/types\/page"}],"author":[{"embeddable":true,"href":"https:\/\/www.orakcimakina.com\/ar\/wp-json\/wp\/v2\/users\/3"}],"replies":[{"embeddable":true,"href":"https:\/\/www.orakcimakina.com\/ar\/wp-json\/wp\/v2\/comments?post=15814"}],"version-history":[{"count":0,"href":"https:\/\/www.orakcimakina.com\/ar\/wp-json\/wp\/v2\/pages\/15814\/revisions"}],"wp:attachment":[{"href":"https:\/\/www.orakcimakina.com\/ar\/wp-json\/wp\/v2\/media?parent=15814"}],"curies":[{"name":"wp","href":"https:\/\/api.w.org\/{rel}","templated":true}]}}