{"id":15798,"date":"2024-01-04T15:33:19","date_gmt":"2024-01-04T12:33:19","guid":{"rendered":"https:\/\/www.orakcimakina.com\/?page_id=15798"},"modified":"2025-05-27T09:27:56","modified_gmt":"2025-05-27T06:27:56","slug":"%d8%ab%d9%82%d8%a7%d9%81%d8%a9-%d8%a7%d9%84%d8%b3%d9%8a%d8%a7%d8%b3%d8%a9","status":"publish","type":"page","link":"https:\/\/www.orakcimakina.com\/ar\/politika-kultur\/","title":{"rendered":"Politika &#038; K\u00fclt\u00fcr"},"content":{"rendered":"<div data-elementor-type=\"wp-page\" data-elementor-id=\"15798\" class=\"elementor elementor-15798\">\n\t\t\t\t<div class=\"elementor-element elementor-element-3b00842 e-con-full wd-section-stretch-content e-flex e-con e-parent\" data-id=\"3b00842\" data-element_type=\"container\" data-e-type=\"container\" data-settings=\"{&quot;background_background&quot;:&quot;classic&quot;}\">\n\t\t\t\t<div class=\"elementor-element elementor-element-43f7dac elementor-widget elementor-widget-heading\" data-id=\"43f7dac\" data-element_type=\"widget\" data-e-type=\"widget\" data-widget_type=\"heading.default\">\n\t\t\t\t<div class=\"elementor-widget-container\">\n\t\t\t\t\t<h1 class=\"elementor-heading-title elementor-size-default\"><b>\u0627\u0644\u0625\u0646\u0633\u0627\u0646<\/b><br>\n\u0627\u0644\u0645\u0635\u0627\u062f\u0631<\/h1>\t\t\t\t<\/div>\n\t\t\t\t<\/div>\n\t\t\t\t<\/div>\n\t\t<div class=\"elementor-element elementor-element-f8b6e64 e-flex e-con-boxed wd-section-disabled e-con e-parent\" data-id=\"f8b6e64\" data-element_type=\"container\" data-e-type=\"container\">\n\t\t\t\t\t<div class=\"e-con-inner\">\n\t\t<div class=\"elementor-element elementor-element-581509c e-con-full e-flex wd-section-disabled e-con e-child\" data-id=\"581509c\" data-element_type=\"container\" data-e-type=\"container\">\n\t\t\t\t<div class=\"elementor-element elementor-element-44c03a3 elementor-widget elementor-widget-heading\" data-id=\"44c03a3\" data-element_type=\"widget\" data-e-type=\"widget\" data-widget_type=\"heading.default\">\n\t\t\t\t<div class=\"elementor-widget-container\">\n\t\t\t\t\t<div class=\"elementor-heading-title elementor-size-default\">\u0645\u0646\u0630 \u0627\u0644\u064a\u0648\u0645 \u0627\u0644\u0623\u0648\u0644 \u0648\u062d\u062a\u0649 \u064a\u0648\u0645\u0646\u0627 \u0647\u0630\u0627\u060c \u0644\u0645 \u0646\u0646\u0633\u0649 \u0623\u0628\u062f\u064b\u0627 \u0645\u062f\u0649 \u0642\u064a\u0645\u0629 \u0643\u0644 \u062d\u062c\u0631 \u0648\u0636\u0639\u0647 \u0643\u0644 \u0641\u0631\u062f \u064a\u0639\u0645\u0644 \u0641\u064a \u0634\u0631\u0643\u062a\u0646\u0627 \u0641\u064a \u0637\u0631\u064a\u0642\u0646\u0627 \u0643\u0639\u0636\u0648 \u0641\u064a \u0647\u0630\u0647 \u0627\u0644\u0639\u0627\u0626\u0644\u0629.<\/div>\t\t\t\t<\/div>\n\t\t\t\t<\/div>\n\t\t\t\t<\/div>\n\t\t<div class=\"elementor-element elementor-element-c54bf4c e-con-full e-flex wd-section-disabled e-con e-child\" data-id=\"c54bf4c\" data-element_type=\"container\" data-e-type=\"container\">\n\t\t\t\t<div class=\"elementor-element elementor-element-cee03db color-scheme-inherit text-left elementor-widget elementor-widget-text-editor\" data-id=\"cee03db\" data-element_type=\"widget\" data-e-type=\"widget\" data-widget_type=\"text-editor.default\">\n\t\t\t\t<div class=\"elementor-widget-container\">\n\t\t\t\t\t\t\t\t\t<p>\u0644\u0642\u062f \u0646\u0645\u062a \u0639\u0627\u0626\u0644\u062a\u0646\u0627 \u0647\u0630\u0647 \u0627\u0644\u0623\u064a\u0627\u0645. \u0646\u0648\u0627\u0635\u0644 \u0637\u0631\u064a\u0642\u0646\u0627 \u0645\u0639 \u0645\u0626\u0627\u062a \u0627\u0644\u0645\u0648\u0638\u0641\u064a\u0646 \u0648\u0628\u0646\u064a\u0629 \u062a\u062d\u062a\u064a\u0629 \u0642\u0648\u064a\u0629 \u0641\u064a \u0623\u0631\u0628\u0639\u0629 \u0642\u0637\u0627\u0639\u0627\u062a \u0631\u0626\u064a\u0633\u064a\u0629. \u0646\u062d\u0642\u0642 \u0627\u0644\u0623\u0647\u062f\u0627\u0641 \u0627\u0644\u062a\u064a \u0648\u0636\u0639\u0646\u0627\u0647\u0627 \u0648\u0627\u062d\u062f\u0627\u064b \u062a\u0644\u0648 \u0627\u0644\u0622\u062e\u0631 \u0648\u0646\u0636\u064a\u0641 \u0623\u0647\u062f\u0627\u0641\u0627\u064b \u062c\u062f\u064a\u062f\u0629 \u0623\u0645\u0627\u0645\u0646\u0627. \u0644\u0642\u062f \u0623\u0646\u0634\u0623\u0646\u0627 \u0646\u0638\u0627\u0645\u064b\u0627 \u064a\u062a\u0639\u0644\u0645 \u0648\u064a\u062c\u062f\u062f \u0646\u0641\u0633\u0647 \u0628\u0627\u0633\u062a\u0645\u0631\u0627\u0631 \u0648\u0646\u062d\u0646 \u0639\u0644\u0649 \u062f\u0631\u0627\u064a\u0629 \u0628\u0642\u064a\u0645\u062a\u0647.<\/p><p>\u0648\u0623\u0648\u062f \u0623\u0646 \u0623\u062a\u0642\u062f\u0645 \u0628\u0627\u0644\u0634\u0643\u0631 \u0627\u0644\u062c\u0632\u064a\u0644 \u0644\u0632\u0645\u0644\u0627\u0626\u064a \u0648\u062c\u0645\u064a\u0639 \u0627\u0644\u0645\u0633\u0627\u0647\u0645\u064a\u0646 \u0641\u064a \u0647\u0630\u0647 \u0627\u0644\u0639\u0627\u0626\u0644\u0629 \u0627\u0644\u0630\u064a\u0646 \u064a\u0639\u0645\u0644\u0648\u0646 \u0628\u0625\u062e\u0644\u0627\u0635 \u0644\u062a\u062d\u0642\u064a\u0642 \u0627\u0644\u0623\u0647\u062f\u0627\u0641 \u0627\u0644\u062a\u064a \u0648\u0636\u0639\u0646\u0627\u0647\u0627 \u0645\u0639\u0627\u064b.\"<\/p>\t\t\t\t\t\t\t\t<\/div>\n\t\t\t\t<\/div>\n\t\t\t\t<div class=\"elementor-element elementor-element-5830e9b elementor-widget elementor-widget-heading\" data-id=\"5830e9b\" data-element_type=\"widget\" data-e-type=\"widget\" data-widget_type=\"heading.default\">\n\t\t\t\t<div class=\"elementor-widget-container\">\n\t\t\t\t\t<div class=\"elementor-heading-title elementor-size-default\">\u0623\u0648\u0632\u063a\u0648\u0631 \u0623\u0648\u0631\u0627\u0643\u062c\u064a<\/div>\t\t\t\t<\/div>\n\t\t\t\t<\/div>\n\t\t\t\t<div class=\"elementor-element elementor-element-627fd4c elementor-widget elementor-widget-heading\" data-id=\"627fd4c\" data-element_type=\"widget\" data-e-type=\"widget\" data-widget_type=\"heading.default\">\n\t\t\t\t<div class=\"elementor-widget-container\">\n\t\t\t\t\t<div class=\"elementor-heading-title elementor-size-default\">\u0631\u0626\u064a\u0633 \u0645\u062c\u0644\u0633 \u0627\u0644\u0625\u062f\u0627\u0631\u0629<\/div>\t\t\t\t<\/div>\n\t\t\t\t<\/div>\n\t\t\t\t<\/div>\n\t\t\t\t\t<\/div>\n\t\t\t\t<\/div>\n\t\t<div class=\"elementor-element elementor-element-c3b98b2 e-flex e-con-boxed wd-section-disabled e-con e-parent\" data-id=\"c3b98b2\" data-element_type=\"container\" data-e-type=\"container\">\n\t\t\t\t\t<div class=\"e-con-inner\">\n\t\t\t\t<div class=\"elementor-element elementor-element-e7bfc42 elementor-widget elementor-widget-image\" data-id=\"e7bfc42\" data-element_type=\"widget\" data-e-type=\"widget\" data-widget_type=\"image.default\">\n\t\t\t\t<div class=\"elementor-widget-container\">\n\t\t\t\t\t\t\t\t\t\t\t\t\t\t\t<img fetchpriority=\"high\" decoding=\"async\" width=\"1200\" height=\"597\" src=\"https:\/\/www.orakcimakina.com\/wp-content\/themes\/woodmart\/images\/lazy.png\" class=\"attachment-full size-full wp-image-15801 wd-lazy-load wd-lazy-none\" alt=\"\" srcset=\"\" sizes=\"(max-width: 1200px) 100vw, 1200px\" data-wood-src=\"https:\/\/www.orakcimakina.com\/wp-content\/uploads\/2024\/01\/Insan-Kaynaklari-1200x597.png.webp\" data-srcset=\"https:\/\/www.orakcimakina.com\/wp-content\/uploads\/2024\/01\/Insan-Kaynaklari-1200x597.png.webp 1200w, https:\/\/www.orakcimakina.com\/wp-content\/uploads\/2024\/01\/Insan-Kaynaklari-1200x597.png-400x199.webp 400w, https:\/\/www.orakcimakina.com\/wp-content\/uploads\/2024\/01\/Insan-Kaynaklari-1200x597.png-768x382.webp 768w\" title=\"\">\t\t\t\t\t\t\t\t\t\t\t\t\t\t\t<\/div>\n\t\t\t\t<\/div>\n\t\t\t\t\t<\/div>\n\t\t\t\t<\/div>\n\t\t<div class=\"elementor-element elementor-element-528e2c5 e-flex e-con-boxed wd-section-disabled e-con e-parent\" data-id=\"528e2c5\" data-element_type=\"container\" data-e-type=\"container\">\n\t\t\t\t\t<div class=\"e-con-inner\">\n\t\t<div class=\"elementor-element elementor-element-11ba0ed e-con-full e-flex wd-section-disabled e-con e-child\" data-id=\"11ba0ed\" data-element_type=\"container\" data-e-type=\"container\">\n\t\t\t\t<div class=\"elementor-element elementor-element-f73b2f2 elementor-widget elementor-widget-heading\" data-id=\"f73b2f2\" data-element_type=\"widget\" data-e-type=\"widget\" data-widget_type=\"heading.default\">\n\t\t\t\t<div class=\"elementor-widget-container\">\n\t\t\t\t\t<div class=\"elementor-heading-title elementor-size-default\">\u0627\u0644\u0639\u0645\u0644 \u0641\u064a Orak\u00e7\u0131 \u0644\u064a\u0633 \u0645\u062c\u0631\u062f \u0648\u0638\u064a\u0641\u0629. \u0641\u0646\u062d\u0646 \u0646\u0639\u0645\u0644 \u0628\u062d\u0645\u0627\u0633\u0629 \u0627\u0644\u062a\u0639\u0644\u0651\u0645 \u0645\u0639\u0627\u064b \u0648\u0627\u0644\u062a\u0637\u0648\u0631 \u0645\u0639\u0627\u064b \u0648\u0627\u0644\u062a\u0642\u062f\u0645 \u0645\u0639\u0627\u064b.<\/div>\t\t\t\t<\/div>\n\t\t\t\t<\/div>\n\t\t\t\t<\/div>\n\t\t<div class=\"elementor-element elementor-element-dcf5d62 e-con-full e-flex wd-section-disabled e-con e-child\" data-id=\"dcf5d62\" data-element_type=\"container\" data-e-type=\"container\">\n\t\t\t\t<div class=\"elementor-element elementor-element-5d69bab color-scheme-inherit text-left elementor-widget elementor-widget-text-editor\" data-id=\"5d69bab\" data-element_type=\"widget\" data-e-type=\"widget\" data-widget_type=\"text-editor.default\">\n\t\t\t\t<div class=\"elementor-widget-container\">\n\t\t\t\t\t\t\t\t\t<p>\u0646\u062d\u0646 \u0646\u0624\u0645\u0646 \u0628\u0623\u0647\u0645\u064a\u0629 \u0648\u062c\u0648\u062f \u0628\u064a\u0626\u0629 \u064a\u0633\u0648\u062f\u0647\u0627 \u0627\u0644\u0627\u062d\u062a\u0631\u0627\u0645 \u0627\u0644\u0645\u062a\u0628\u0627\u062f\u0644 \u0648\u0627\u0644\u062a\u0636\u0627\u0645\u0646 \u0648\u0627\u0644\u0645\u0633\u0627\u0648\u0627\u0629 \u0648\u0627\u0644\u062a\u0639\u0627\u0637\u0641. \u0646\u062d\u0646 \u0646\u0639\u0644\u0645 \u0623\u0646 \u0627\u0644\u0637\u0631\u064a\u0642 \u0625\u0644\u0649 \u0627\u0644\u0646\u0645\u0648 \u0627\u0644\u0627\u0642\u062a\u0635\u0627\u062f\u064a \u0648\u0627\u0644\u062a\u0646\u0645\u064a\u0629 \u0647\u0648 \u0645\u0646 \u062e\u0644\u0627\u0644 \u0645\u0648\u0638\u0641\u064a\u0646 \u0633\u0639\u062f\u0627\u0621 \u0645\u0646\u0641\u062a\u062d\u064a\u0646 \u0639\u0644\u0649 \u0627\u0644\u062a\u0637\u0648\u0631 \u0648\u0627\u0644\u062a\u0639\u0627\u0648\u0646 \u0641\u064a \u0623\u0645\u0627\u0643\u0646 \u0627\u0644\u0639\u0645\u0644 \u062d\u064a\u062b \u062a\u062a\u0643\u0627\u0641\u0623 \u0627\u0644\u0641\u0631\u0635 \u0648\u062a\u062a\u0634\u0627\u0631\u0643 \u0627\u0644\u0645\u0639\u0631\u0641\u0629.<\/p><p>\u0623\u0647\u0645 \u0642\u0648\u0629 \u0644\u062f\u064a\u0646\u0627 \u0639\u0644\u0649 \u0637\u0631\u064a\u0642 \u0627\u0644\u0646\u062c\u0627\u062d \u0647\u064a \u0645\u0648\u0638\u0641\u064a\u0646\u0627. \u0641\u0646\u062d\u0646 \u0646\u0631\u0649 \u0623\u0646 \u0627\u0644\u0645\u0648\u0638\u0641\u064a\u0646 \u0630\u0648\u064a \u0627\u0644\u062d\u0627\u0641\u0632 \u0648\u0627\u0644\u0643\u0641\u0627\u0621\u0629 \u0627\u0644\u0639\u0627\u0644\u064a\u0629 \u0647\u0645 \u0623\u0647\u0645 \u0642\u064a\u0645\u0629 \u0644\u062a\u062d\u0642\u064a\u0642 \u0623\u0647\u062f\u0627\u0641\u0646\u0627.<\/p><p>\u0646\u0639\u0645\u0644 \u062c\u0627\u0647\u062f\u064a\u0646 \u0641\u064a \u0623\u0648\u0631\u0627\u0643\u0634\u064a \u0645\u0627\u0643\u064a\u0646\u0627 \u0639\u0644\u0649 \u0627\u0644\u0645\u0633\u0627\u0647\u0645\u0629 \u0641\u064a \u062a\u0637\u0648\u064a\u0631 \u0645\u0639\u0627\u0631\u0641 \u0645\u0648\u0638\u0641\u064a\u0646\u0627 \u0641\u064a \u0645\u062c\u0627\u0644 \u0627\u0644\u0635\u062d\u0629 \u0648\u0627\u0644\u0633\u0644\u0627\u0645\u0629 \u0627\u0644\u0645\u0647\u0646\u064a\u0629\u060c \u0648\u0627\u0644\u0648\u0639\u064a \u0628\u0627\u0644\u0625\u0646\u062a\u0627\u062c \u0648\u0627\u0644\u062c\u0648\u062f\u0629\u060c \u0648\u0627\u0644\u0643\u0641\u0627\u0621\u0627\u062a \u0627\u0644\u0634\u062e\u0635\u064a\u0629 \u0648\u0627\u0644\u0625\u062f\u0627\u0631\u064a\u0629 \u0648\u0627\u0644\u0643\u0641\u0627\u0621\u0627\u062a \u0627\u0644\u0645\u0647\u0646\u064a\u0629 \u0645\u0646 \u062e\u0644\u0627\u0644 \u062e\u0644\u0642 \u062b\u0642\u0627\u0641\u0629 \u0645\u0624\u0633\u0633\u064a\u0629 \u0645\u0634\u062a\u0631\u0643\u0629 \u0645\u0646 \u062e\u0644\u0627\u0644 \u0628\u0631\u0627\u0645\u062c \u0627\u0644\u062a\u062f\u0631\u064a\u0628 \u0648\u062f\u0631\u0627\u0633\u0627\u062a \u0627\u0644\u062a\u062d\u0633\u064a\u0646 \u0627\u0644\u0645\u0633\u062a\u0645\u0631 \u0627\u0644\u062a\u064a \u0646\u062e\u0635\u0635\u0647\u0627 \u0648\u0646\u0646\u0641\u0630\u0647\u0627 \u0628\u0627\u0646\u062a\u0638\u0627\u0645.<\/p><p>\u0633\u0646\u0648\u0627\u0635\u0644 \u0627\u0644\u0639\u0645\u0644 \u0648\u062a\u0637\u0648\u064a\u0631 \u0623\u0646\u0641\u0633\u0646\u0627 \u0645\u0646 \u062e\u0644\u0627\u0644 \u0646\u0647\u062c \u0645\u0628\u062a\u0643\u0631 \u0648\u0645\u062a\u0643\u0627\u0645\u0644 \u0644\u0644\u0645\u0648\u0627\u0631\u062f \u0627\u0644\u0628\u0634\u0631\u064a\u0629 \u0645\u0646 \u062e\u0644\u0627\u0644 \u0627\u0644\u062a\u062d\u0648\u0644 \u0627\u0644\u0630\u064a \u062d\u0642\u0642\u0646\u0627\u0647 \u0645\u0646 \u062e\u0644\u0627\u0644 \u0648\u0636\u0639 \u0627\u0644\u0623\u0641\u0631\u0627\u062f \u0641\u064a \u0627\u0644\u0645\u0631\u0643\u0632.<\/p>\t\t\t\t\t\t\t\t<\/div>\n\t\t\t\t<\/div>\n\t\t\t\t<\/div>\n\t\t\t\t\t<\/div>\n\t\t\t\t<\/div>\n\t\t<div class=\"elementor-element elementor-element-15b58bc e-flex e-con-boxed wd-section-disabled e-con e-parent\" data-id=\"15b58bc\" data-element_type=\"container\" data-e-type=\"container\" data-settings=\"{&quot;background_background&quot;:&quot;classic&quot;}\">\n\t\t\t\t\t<div class=\"e-con-inner\">\n\t\t<div class=\"elementor-element elementor-element-d09161c e-flex e-con-boxed wd-section-disabled e-con e-child\" data-id=\"d09161c\" data-element_type=\"container\" data-e-type=\"container\">\n\t\t\t\t\t<div class=\"e-con-inner\">\n\t\t\t\t<div class=\"elementor-element elementor-element-79bf3a0 elementor-widget elementor-widget-image\" data-id=\"79bf3a0\" data-element_type=\"widget\" data-e-type=\"widget\" data-widget_type=\"image.default\">\n\t\t\t\t<div class=\"elementor-widget-container\">\n\t\t\t\t\t\t\t\t\t\t\t\t\t\t\t<img decoding=\"async\" width=\"135\" height=\"135\" src=\"https:\/\/www.orakcimakina.com\/wp-content\/themes\/woodmart\/images\/lazy.png\" class=\"attachment-full size-full wp-image-15802 wd-lazy-load wd-lazy-none\" alt=\"\" data-wood-src=\"https:\/\/www.orakcimakina.com\/wp-content\/uploads\/2024\/01\/Bize-Katilin.png.webp\" srcset=\"\" title=\"\">\t\t\t\t\t\t\t\t\t\t\t\t\t\t\t<\/div>\n\t\t\t\t<\/div>\n\t\t\t\t<div class=\"elementor-element elementor-element-d9d0da7 elementor-widget elementor-widget-heading\" data-id=\"d9d0da7\" data-element_type=\"widget\" data-e-type=\"widget\" data-widget_type=\"heading.default\">\n\t\t\t\t<div class=\"elementor-widget-container\">\n\t\t\t\t\t<h2 class=\"elementor-heading-title elementor-size-default\">\u0627\u0646\u0636\u0645 \u0625\u0644\u064a\u0646\u0627\n<\/h2>\t\t\t\t<\/div>\n\t\t\t\t<\/div>\n\t\t\t\t\t<\/div>\n\t\t\t\t<\/div>\n\t\t<div class=\"elementor-element elementor-element-12ece08 e-flex e-con-boxed wd-section-disabled e-con e-child\" data-id=\"12ece08\" data-element_type=\"container\" data-e-type=\"container\">\n\t\t\t\t\t<div class=\"e-con-inner\">\n\t\t\t\t<div class=\"elementor-element elementor-element-0a66e1c elementor-widget elementor-widget-wd_button\" data-id=\"0a66e1c\" data-element_type=\"widget\" data-e-type=\"widget\" data-widget_type=\"wd_button.default\">\n\t\t\t\t<div class=\"elementor-widget-container\">\n\t\t\t\t\t\t\t<div class=\"wd-button-wrapper text-center\" >\n\t\t\t<a class=\"btn btn-style-bordered btn-style-rectangle btn-size-default btn-color-white btn-icon-pos-right\"  href=\"https:\/\/www.orakcimakina.com\/ar\/%d8%b7%d9%84%d8%a8-%d8%aa%d8%af%d8%b1%d9%8a%d8%a8-%d9%88%d8%b8%d9%8a%d9%81%d9%8a\/\">\n\t\t\t\t<span class=\"wd-btn-text\" data-elementor-setting-key=\"text\">\n\t\t\t\t\t\u0637\u0644\u0628 \u0627\u0644\u062a\u0648\u0638\u064a\u0641 \u0648\u0627\u0644\u062a\u062f\u0631\u064a\u0628 \u0627\u0644\u062f\u0627\u062e\u0644\u064a\t\t\t\t<\/span>\n\n\t\t\t\t\t\t\t<\/a>\n\t\t<\/div>\n\t\t\t\t\t\t<\/div>\n\t\t\t\t<\/div>\n\t\t\t\t\t<\/div>\n\t\t\t\t<\/div>\n\t\t\t\t\t<\/div>\n\t\t\t\t<\/div>\n\t\t\t\t<\/div>","protected":false},"excerpt":{"rendered":"<p>\u0130nsan Kaynaklar\u0131 \u0130lk g\u00fcnden g\u00fcn\u00fcm\u00fcze kadar \u015firketimizde \u00e7al\u0131\u015fan her bir bireyin bu ailenin bir \u00fcyesi olarak yolumuza yerle\u015ftirdi\u011fi her bir<\/p>","protected":false},"author":3,"featured_media":0,"parent":0,"menu_order":0,"comment_status":"closed","ping_status":"closed","template":"elementor_header_footer","meta":{"footnotes":""},"class_list":["post-15798","page","type-page","status-publish","hentry"],"_links":{"self":[{"href":"https:\/\/www.orakcimakina.com\/ar\/wp-json\/wp\/v2\/pages\/15798","targetHints":{"allow":["GET"]}}],"collection":[{"href":"https:\/\/www.orakcimakina.com\/ar\/wp-json\/wp\/v2\/pages"}],"about":[{"href":"https:\/\/www.orakcimakina.com\/ar\/wp-json\/wp\/v2\/types\/page"}],"author":[{"embeddable":true,"href":"https:\/\/www.orakcimakina.com\/ar\/wp-json\/wp\/v2\/users\/3"}],"replies":[{"embeddable":true,"href":"https:\/\/www.orakcimakina.com\/ar\/wp-json\/wp\/v2\/comments?post=15798"}],"version-history":[{"count":0,"href":"https:\/\/www.orakcimakina.com\/ar\/wp-json\/wp\/v2\/pages\/15798\/revisions"}],"wp:attachment":[{"href":"https:\/\/www.orakcimakina.com\/ar\/wp-json\/wp\/v2\/media?parent=15798"}],"curies":[{"name":"wp","href":"https:\/\/api.w.org\/{rel}","templated":true}]}}