{"id":15776,"date":"2024-01-04T14:54:39","date_gmt":"2024-01-04T11:54:39","guid":{"rendered":"https:\/\/www.orakcimakina.com\/?page_id=15776"},"modified":"2025-05-27T09:27:52","modified_gmt":"2025-05-27T06:27:52","slug":"orakci-sirketler-grubu","status":"publish","type":"page","link":"https:\/\/www.orakcimakina.com\/ar\/orakci-sirketler-grubu\/","title":{"rendered":"ORAK\u00c7I GRUP"},"content":{"rendered":"<div data-elementor-type=\"wp-page\" data-elementor-id=\"15776\" class=\"elementor elementor-15776\">\n\t\t\t\t<div class=\"elementor-element elementor-element-3b00842 e-con-full wd-section-stretch-content e-flex e-con e-parent\" data-id=\"3b00842\" data-element_type=\"container\" data-e-type=\"container\" data-settings=\"{&quot;background_background&quot;:&quot;classic&quot;}\">\n\t\t\t\t<div class=\"elementor-element elementor-element-43f7dac elementor-widget elementor-widget-heading\" data-id=\"43f7dac\" data-element_type=\"widget\" data-e-type=\"widget\" data-widget_type=\"heading.default\">\n\t\t\t\t<div class=\"elementor-widget-container\">\n\t\t\t\t\t<h1 class=\"elementor-heading-title elementor-size-default\">\u0645\u062c\u0645\u0648\u0639\u0629 \u0631\u064a\u0628\u0631<\/h1>\t\t\t\t<\/div>\n\t\t\t\t<\/div>\n\t\t\t\t<\/div>\n\t\t<div class=\"elementor-element elementor-element-f8b6e64 e-flex e-con-boxed wd-section-disabled e-con e-parent\" data-id=\"f8b6e64\" data-element_type=\"container\" data-e-type=\"container\">\n\t\t\t\t\t<div class=\"e-con-inner\">\n\t\t<div class=\"elementor-element elementor-element-581509c e-con-full e-flex wd-section-disabled e-con e-child\" data-id=\"581509c\" data-element_type=\"container\" data-e-type=\"container\">\n\t\t\t\t<div class=\"elementor-element elementor-element-44c03a3 elementor-widget elementor-widget-heading\" data-id=\"44c03a3\" data-element_type=\"widget\" data-e-type=\"widget\" data-widget_type=\"heading.default\">\n\t\t\t\t<div class=\"elementor-widget-container\">\n\t\t\t\t\t<div class=\"elementor-heading-title elementor-size-default\">\u0641\u064a \u0631\u062d\u0644\u062a\u0646\u0627 \u0627\u0644\u0645\u0645\u062a\u062f\u0629 \u0639\u0644\u0649 \u0645\u062f\u0627\u0631 46 \u0639\u0627\u0645\u064b\u0627\u060c \u0646\u0648\u0627\u0635\u0644 \u062a\u0646\u0641\u064a\u0630 \u0623\u0646\u0634\u0637\u062a\u0646\u0627 \u0641\u064a \u0625\u0637\u0627\u0631 \u0647\u062f\u0641 \"\u0627\u0644\u0646\u0645\u0648 \u0627\u0644\u0645\u0633\u062a\u0642\u0631 \u0648\u0627\u0644\u0645\u0633\u062a\u062f\u0627\u0645\".<\/div>\t\t\t\t<\/div>\n\t\t\t\t<\/div>\n\t\t\t\t<\/div>\n\t\t<div class=\"elementor-element elementor-element-c54bf4c e-con-full e-flex wd-section-disabled e-con e-child\" data-id=\"c54bf4c\" data-element_type=\"container\" data-e-type=\"container\">\n\t\t\t\t<div class=\"elementor-element elementor-element-cee03db color-scheme-inherit text-left elementor-widget elementor-widget-text-editor\" data-id=\"cee03db\" data-element_type=\"widget\" data-e-type=\"widget\" data-widget_type=\"text-editor.default\">\n\t\t\t\t<div class=\"elementor-widget-container\">\n\t\t\t\t\t\t\t\t\t<p>\u062a\u0623\u0633\u0633\u062a \u0645\u062c\u0645\u0648\u0639\u0629 \u0623\u0648\u0631\u0627\u0643\u062c\u064a \u0641\u064a \u0639\u0627\u0645 1978\u060c \u0648\u062a\u0639\u0645\u0644 \u0641\u064a \u0642\u0637\u0627\u0639\u0627\u062a \u0627\u0644\u062e\u062f\u0645\u0627\u062a \u0648\u0627\u0644\u0622\u0644\u0627\u062a \u0648\u0627\u0644\u0633\u064a\u0627\u0631\u0627\u062a \u0648\u0627\u0644\u0628\u0646\u0627\u0621. \u0648\u0627\u0644\u064a\u0648\u0645\u060c \u062a\u0633\u062a\u0646\u062f \u0645\u062c\u0645\u0648\u0639\u0629 \u0623\u0648\u0631\u0627\u0643\u062c\u064a\u060c \u0627\u0644\u062a\u064a \u062a\u064f\u0639\u062f \u0634\u0631\u064a\u0643\u0627\u064b \u062a\u062c\u0627\u0631\u064a\u0627\u064b \u0644\u0644\u0639\u062f\u064a\u062f \u0645\u0646 \u0627\u0644\u0628\u0644\u062f\u064a\u0627\u062a \u0648\u0627\u0644\u0634\u0631\u0643\u0627\u062a \u0648\u062a\u0642\u062f\u0645 \u062e\u062f\u0645\u0627\u062a \u0645\u062a\u0645\u064a\u0632\u0629 \u0644\u0639\u0645\u0644\u0627\u0626\u0647\u0627\u060c \u0625\u0644\u0649 \u0627\u0644\u0623\u0633\u0633 \u0627\u0644\u062a\u0642\u0644\u064a\u062f\u064a\u0629 \u0648\u0627\u0644\u0645\u062a\u064a\u0646\u0629 \u0644\u0644\u0634\u0631\u0643\u0627\u062a \u0627\u0644\u0639\u0627\u0626\u0644\u064a\u0629.<\/p><p>\u062a\u0642\u0648\u0645 \u0627\u0644\u0645\u062c\u0645\u0648\u0639\u0629 \u062d\u0627\u0644\u064a\u0627\u064b \u0628\u062a\u0646\u0641\u064a\u0630 \u0623\u0646\u0634\u0637\u062a\u0647\u0627 \u0641\u064a \u0623\u0643\u062b\u0631 \u0645\u0646 20 \u0645\u0648\u0642\u0639\u0627\u064b \u0645\u062e\u062a\u0644\u0641\u0627\u064b \u064a\u0639\u0645\u0644 \u0628\u0647\u0627 \u0645\u0627 \u064a\u0642\u0631\u0628 \u0645\u0646 1,000 \u0645\u0648\u0638\u0641\u060c \u0648\u062a\u0642\u062f\u0645 \u062e\u062f\u0645\u0627\u062a \u0648\u0645\u0646\u062a\u062c\u0627\u062a \u0645\u062a\u0646\u0648\u0639\u0629 \u0648\u0639\u0627\u0644\u064a\u0629 \u0627\u0644\u062c\u0648\u062f\u0629 \u0644\u0639\u0645\u0644\u0627\u0626\u0647\u0627 \u0641\u064a \u062c\u0645\u064a\u0639 \u0623\u0646\u062d\u0627\u0621 \u062a\u0631\u0643\u064a\u0627 \u0648\u0627\u0644\u0639\u0627\u0644\u0645. \u0648\u0642\u062f \u062d\u0642\u0642\u062a \u0645\u062c\u0645\u0648\u0639\u0629 \u0623\u0648\u0631\u0627\u0643\u062c\u064a \u0635\u0639\u0648\u062f\u0647\u0627 \u0627\u0644\u0645\u0637\u0631\u062f \u0639\u0644\u0649 \u0645\u062f\u0627\u0631 46 \u0639\u0627\u0645\u0627\u064b \u0645\u0646 \u062e\u0644\u0627\u0644 \u0627\u0644\u0639\u0645\u0644 \u0627\u0644\u062c\u0627\u062f \u062f\u0648\u0646 \u0627\u0644\u0645\u0633\u0627\u0633 \u0628\u0645\u0628\u0627\u062f\u0626\u0647\u0627.<\/p>\t\t\t\t\t\t\t\t<\/div>\n\t\t\t\t<\/div>\n\t\t\t\t<\/div>\n\t\t\t\t\t<\/div>\n\t\t\t\t<\/div>\n\t\t<div class=\"elementor-element elementor-element-9104d30 orakci-grup e-flex e-con-boxed wd-section-disabled e-con e-parent\" data-id=\"9104d30\" data-element_type=\"container\" data-e-type=\"container\">\n\t\t\t\t\t<div class=\"e-con-inner\">\n\t\t<div class=\"elementor-element elementor-element-05415da e-flex e-con-boxed wd-section-disabled e-con e-child\" data-id=\"05415da\" data-element_type=\"container\" data-e-type=\"container\">\n\t\t\t\t\t<div class=\"e-con-inner\">\n\t\t<div class=\"elementor-element elementor-element-7127e86 e-flex e-con-boxed wd-section-disabled e-con e-child\" data-id=\"7127e86\" data-element_type=\"container\" data-e-type=\"container\" data-settings=\"{&quot;background_background&quot;:&quot;classic&quot;}\">\n\t\t\t\t\t<div class=\"e-con-inner\">\n\t\t\t\t<div class=\"elementor-element elementor-element-d08f56f elementor-widget elementor-widget-wd_image_or_svg\" data-id=\"d08f56f\" data-element_type=\"widget\" data-e-type=\"widget\" data-widget_type=\"wd_image_or_svg.default\">\n\t\t\t\t<div class=\"elementor-widget-container\">\n\t\t\t\t\t\n\t\t<div class=\"wd-image text-left\">\n\t\t\t\t\t\t\t\t<img decoding=\"async\" width=\"129\" height=\"129\" src=\"https:\/\/www.orakcimakina.com\/wp-content\/themes\/woodmart\/images\/lazy.png\" class=\"attachment-full size-full wd-lazy-load wd-lazy-none\" alt=\"\" data-wood-src=\"https:\/\/www.orakcimakina.com\/wp-content\/uploads\/2024\/01\/Vector-Smart-Object.png.webp\" srcset=\"\" title=\"\">\t\t\t\t\t<\/div>\n\n\t\t\t\t\t\t<\/div>\n\t\t\t\t<\/div>\n\t\t\t\t<div class=\"elementor-element elementor-element-f2e2704 elementor-widget elementor-widget-heading\" data-id=\"f2e2704\" data-element_type=\"widget\" data-e-type=\"widget\" data-widget_type=\"heading.default\">\n\t\t\t\t<div class=\"elementor-widget-container\">\n\t\t\t\t\t<div class=\"elementor-heading-title elementor-size-default\">\u0627\u0644\u062e\u062f\u0645\u0629<\/div>\t\t\t\t<\/div>\n\t\t\t\t<\/div>\n\t\t\t\t\t<\/div>\n\t\t\t\t<\/div>\n\t\t<div class=\"elementor-element elementor-element-3ef2fc1 e-flex e-con-boxed wd-section-disabled e-con e-child\" data-id=\"3ef2fc1\" data-element_type=\"container\" data-e-type=\"container\" data-settings=\"{&quot;background_background&quot;:&quot;classic&quot;}\">\n\t\t\t\t\t<div class=\"e-con-inner\">\n\t\t\t\t<div class=\"elementor-element elementor-element-6c2b016 elementor-widget elementor-widget-html\" data-id=\"6c2b016\" data-element_type=\"widget\" data-e-type=\"widget\" data-widget_type=\"html.default\">\n\t\t\t\t<div class=\"elementor-widget-container\">\n\t\t\t\t\t<ul>\n    <li>\u0627\u0644\u062a\u0623\u062c\u064a\u0631 \u0627\u0644\u062a\u0634\u063a\u064a\u0644\u064a \u0644\u0644\u0623\u0633\u0637\u0648\u0644 \u0627\u0644\u062a\u0634\u063a\u064a\u0644\u064a \/ <a class=\"blue-link\" href=\"https:\/\/www.ortemtemizlik.com\/\" target=\"_blank\" rel=\"noopener\">\u0623\u0648\u0631\u062a\u064a\u0645 \u0644\u0644\u062a\u0646\u0638\u064a\u0641<\/a>\n    <\/li>\n    <li>\n        \u0627\u0644\u062a\u062c\u0627\u0631\u0629 \u0627\u0644\u062e\u0627\u0631\u062c\u064a\u0629\/\u0627\u0644\u062a\u062c\u0627\u0631\u0629 \u0627\u0644\u062e\u0627\u0631\u062c\u064a\u0629 <a class=\"blue-link\" href=\"https:\/\/www.orakcimakina.com\/ar\/tr\/\">\u0627\u0644\u063a\u0631\u0636<\/a>\n    <\/li>\n    <li>\n        \u0625\u062f\u0627\u0631\u0629 \u0645\u0631\u0627\u0643\u0632 \u0627\u0644\u062a\u0633\u0648\u0642 \/ <a class=\"blue-link\" href=\"https:\/\/www.novadaedremit.com\/\" target=\"_blank\" rel=\"noopener\">\u0646\u0648\u0641\u0627 \u0625\u062f\u0631\u064a\u0645\u064a\u062a<\/a>\n    <\/li>\n<\/ul>\t\t\t\t<\/div>\n\t\t\t\t<\/div>\n\t\t\t\t\t<\/div>\n\t\t\t\t<\/div>\n\t\t<div class=\"elementor-element elementor-element-29c8806 e-flex e-con-boxed wd-section-disabled e-con e-child\" data-id=\"29c8806\" data-element_type=\"container\" data-e-type=\"container\" data-settings=\"{&quot;background_background&quot;:&quot;classic&quot;}\">\n\t\t\t\t\t<div class=\"e-con-inner\">\n\t\t\t\t<div class=\"elementor-element elementor-element-40042ee elementor-widget elementor-widget-wd_image_or_svg\" data-id=\"40042ee\" data-element_type=\"widget\" data-e-type=\"widget\" data-widget_type=\"wd_image_or_svg.default\">\n\t\t\t\t<div class=\"elementor-widget-container\">\n\t\t\t\t\t\n\t\t<div class=\"wd-image text-left\">\n\t\t\t\t\t\t\t\t<img decoding=\"async\" width=\"129\" height=\"129\" src=\"https:\/\/www.orakcimakina.com\/wp-content\/themes\/woodmart\/images\/lazy.png\" class=\"attachment-full size-full wd-lazy-load wd-lazy-none\" alt=\"\" data-wood-src=\"https:\/\/www.orakcimakina.com\/wp-content\/uploads\/2024\/01\/Vector-Smart-Object-1.png.webp\" srcset=\"\" title=\"\">\t\t\t\t\t<\/div>\n\n\t\t\t\t\t\t<\/div>\n\t\t\t\t<\/div>\n\t\t\t\t<div class=\"elementor-element elementor-element-e3c3a51 elementor-widget elementor-widget-heading\" data-id=\"e3c3a51\" data-element_type=\"widget\" data-e-type=\"widget\" data-widget_type=\"heading.default\">\n\t\t\t\t<div class=\"elementor-widget-container\">\n\t\t\t\t\t<div class=\"elementor-heading-title elementor-size-default\">\u0627\u0644\u0635\u0646\u0627\u0639\u0629<\/div>\t\t\t\t<\/div>\n\t\t\t\t<\/div>\n\t\t\t\t\t<\/div>\n\t\t\t\t<\/div>\n\t\t<div class=\"elementor-element elementor-element-3bbe1ad e-flex e-con-boxed wd-section-disabled e-con e-child\" data-id=\"3bbe1ad\" data-element_type=\"container\" data-e-type=\"container\" data-settings=\"{&quot;background_background&quot;:&quot;classic&quot;}\">\n\t\t\t\t\t<div class=\"e-con-inner\">\n\t\t\t\t<div class=\"elementor-element elementor-element-bda13ef elementor-widget elementor-widget-html\" data-id=\"bda13ef\" data-element_type=\"widget\" data-e-type=\"widget\" data-widget_type=\"html.default\">\n\t\t\t\t<div class=\"elementor-widget-container\">\n\t\t\t\t\t<ul>\n    <li>\u0635\u0646\u0627\u0639\u0629 \u0627\u0644\u0633\u064a\u0627\u0631\u0627\u062a \/ <a class=\"blue-link\" href=\"https:\/\/plaskar.com\/\" target=\"_blank\" rel=\"noopener\">\u0628\u0644\u0627\u0633\u0643\u0627\u0631<\/a>\n    <\/li>\n      <li>\u0635\u0646\u0627\u0639\u0629 \u0627\u0644\u0642\u0648\u0627\u0644\u0628 \u0627\u0644\u0628\u0644\u0627\u0633\u062a\u064a\u0643\u064a\u0629 \/ <a class=\"blue-link\" href=\"https:\/\/www.ormold.com\/\" target=\"_blank\" rel=\"noopener\">\u0623\u0648\u0631\u0645\u0648\u0644\u062f<\/a>\n    <\/li>\n      <li>\u0635\u0646\u0627\u0639\u0629 \u0627\u0644\u0645\u0627\u0643\u064a\u0646\u0627\u062a \/ <a class=\"blue-link\" href=\"https:\/\/www.orakcimakina.com\/ar\/tr\/\">\u0645\u0627\u0643\u064a\u0646\u0629 \u0623\u0648\u0631\u0627\u0643\u062c\u064a<\/a>\n    <\/li>\n<\/ul>\t\t\t\t<\/div>\n\t\t\t\t<\/div>\n\t\t\t\t\t<\/div>\n\t\t\t\t<\/div>\n\t\t<div class=\"elementor-element elementor-element-a7b3052 e-flex e-con-boxed wd-section-disabled e-con e-child\" data-id=\"a7b3052\" data-element_type=\"container\" data-e-type=\"container\" data-settings=\"{&quot;background_background&quot;:&quot;classic&quot;}\">\n\t\t\t\t\t<div class=\"e-con-inner\">\n\t\t\t\t<div class=\"elementor-element elementor-element-bf439e1 elementor-widget elementor-widget-wd_image_or_svg\" data-id=\"bf439e1\" data-element_type=\"widget\" data-e-type=\"widget\" data-widget_type=\"wd_image_or_svg.default\">\n\t\t\t\t<div class=\"elementor-widget-container\">\n\t\t\t\t\t\n\t\t<div class=\"wd-image text-left\">\n\t\t\t\t\t\t\t\t<img decoding=\"async\" width=\"129\" height=\"129\" src=\"https:\/\/www.orakcimakina.com\/wp-content\/themes\/woodmart\/images\/lazy.png\" class=\"attachment-full size-full wd-lazy-load wd-lazy-none\" alt=\"\" data-wood-src=\"https:\/\/www.orakcimakina.com\/wp-content\/uploads\/2024\/01\/Vector-Smart-Object-2.png.webp\" srcset=\"\" title=\"\">\t\t\t\t\t<\/div>\n\n\t\t\t\t\t\t<\/div>\n\t\t\t\t<\/div>\n\t\t\t\t<div class=\"elementor-element elementor-element-9b09830 elementor-widget elementor-widget-heading\" data-id=\"9b09830\" data-element_type=\"widget\" data-e-type=\"widget\" data-widget_type=\"heading.default\">\n\t\t\t\t<div class=\"elementor-widget-container\">\n\t\t\t\t\t<div class=\"elementor-heading-title elementor-size-default\">\u0627\u0644\u0625\u0646\u0634\u0627\u0621\u0627\u062a<\/div>\t\t\t\t<\/div>\n\t\t\t\t<\/div>\n\t\t\t\t\t<\/div>\n\t\t\t\t<\/div>\n\t\t<div class=\"elementor-element elementor-element-92a3284 e-flex e-con-boxed wd-section-disabled e-con e-child\" data-id=\"92a3284\" data-element_type=\"container\" data-e-type=\"container\" data-settings=\"{&quot;background_background&quot;:&quot;classic&quot;}\">\n\t\t\t\t\t<div class=\"e-con-inner\">\n\t\t\t\t<div class=\"elementor-element elementor-element-c8c48ce elementor-widget elementor-widget-html\" data-id=\"c8c48ce\" data-element_type=\"widget\" data-e-type=\"widget\" data-widget_type=\"html.default\">\n\t\t\t\t<div class=\"elementor-widget-container\">\n\t\t\t\t\t<ul>\n    <li>\u0627\u0644\u0625\u0646\u0634\u0627\u0621\u0627\u062a \u0648\u0627\u0644\u0645\u0642\u0627\u0648\u0644\u0627\u062a \/ <a class=\"blue-link\" href=\"https:\/\/orakciyapi.com\/\" target=\"_blank\" rel=\"noopener\">\u0645\u0628\u0646\u0649 \u0623\u0648\u0631\u0627\u0643\u062c\u064a<\/a>\n    <\/li>\n<\/ul>\t\t\t\t<\/div>\n\t\t\t\t<\/div>\n\t\t\t\t\t<\/div>\n\t\t\t\t<\/div>\n\t\t\t\t\t<\/div>\n\t\t\t\t<\/div>\n\t\t\t\t\t<\/div>\n\t\t\t\t<\/div>\n\t\t\t\t<\/div>","protected":false},"excerpt":{"rendered":"<p>Orak\u00e7\u0131 Grubu 46 y\u0131ll\u0131k yolculu\u011fumuzda faaliyetlerimizi \u201cistikrarl\u0131 ve s\u00fcrd\u00fcr\u00fclebilir b\u00fcy\u00fcme\u201d hedefi \u00e7er\u00e7evesinde y\u00fcr\u00fctmeye devam ediyoruz. 1978 y\u0131l\u0131nda ticari hayat\u0131na ba\u015flayan<\/p>","protected":false},"author":3,"featured_media":0,"parent":0,"menu_order":0,"comment_status":"closed","ping_status":"closed","template":"elementor_header_footer","meta":{"footnotes":""},"class_list":["post-15776","page","type-page","status-publish","hentry"],"_links":{"self":[{"href":"https:\/\/www.orakcimakina.com\/ar\/wp-json\/wp\/v2\/pages\/15776","targetHints":{"allow":["GET"]}}],"collection":[{"href":"https:\/\/www.orakcimakina.com\/ar\/wp-json\/wp\/v2\/pages"}],"about":[{"href":"https:\/\/www.orakcimakina.com\/ar\/wp-json\/wp\/v2\/types\/page"}],"author":[{"embeddable":true,"href":"https:\/\/www.orakcimakina.com\/ar\/wp-json\/wp\/v2\/users\/3"}],"replies":[{"embeddable":true,"href":"https:\/\/www.orakcimakina.com\/ar\/wp-json\/wp\/v2\/comments?post=15776"}],"version-history":[{"count":0,"href":"https:\/\/www.orakcimakina.com\/ar\/wp-json\/wp\/v2\/pages\/15776\/revisions"}],"wp:attachment":[{"href":"https:\/\/www.orakcimakina.com\/ar\/wp-json\/wp\/v2\/media?parent=15776"}],"curies":[{"name":"wp","href":"https:\/\/api.w.org\/{rel}","templated":true}]}}